{"id":2166,"date":"2016-05-16T10:14:34","date_gmt":"2016-05-16T07:14:34","guid":{"rendered":"https:\/\/www.karaisali.bel.tr\/?page_id=2166"},"modified":"2016-06-10T11:02:33","modified_gmt":"2016-06-10T08:02:33","slug":"mayis-2016-meclis-kararlari","status":"publish","type":"page","link":"https:\/\/www.karaisali.bel.tr\/?page_id=2166","title":{"rendered":"May\u0131s 2016 Meclis Kararlar\u0131"},"content":{"rendered":"<table>\n<tbody>\n<tr>\n<td>KARAR 39<\/td>\n<\/tr>\n<tr>\n<td>G\u00fcndemde bulunan madde gere\u011fi ; Belediyemizce haz\u0131rlanan 2015 y\u0131l\u0131 Kesin Hesaplar\u0131n\u0131n  g\u00f6r\u00fc\u015f\u00fclmesine ge\u00e7ildi. \u00dcyelerden Rifat K\u00d6RO\u011eLU  s\u00f6z ald\u0131. Arkada\u015flar haz\u0131rlanan 2015 y\u0131l\u0131 kesin hesaplar\u0131n\u0131n g\u00f6r\u00fc\u015f\u00fclmek \u00fczere Belediyemiz Plan ve B\u00fct\u00e7e Komisyonu ba\u015fkanl\u0131\u011f\u0131nda  M\u00fc\u015fterek Komisyonunda g\u00f6r\u00fc\u015f\u00fclmek \u00fczere havale edilmesini teklif ediyorum dedi. Teklif oylamaya sunuldu. Yap\u0131lan oylama neticesinde teklifin kabul\u00fcne oy birli\u011fi ile karar verildi.<\/td>\n<\/tr>\n<tr>\n<td>KARAR 40<\/td>\n<\/tr>\n<tr>\n<td>G\u00fcndemde bulunan madde gere\u011fi; Belediyemiz Yaz\u0131 i\u015fleri M\u00fcd\u00fcrl\u00fc\u011f\u00fcn\u00fcn 29\/04\/2016 Tarih ve 50 Sayl\u0131 yaz\u0131lar\u0131nda; Belediyemiz norm kadrosunda bulunan  Sosyal i\u015fler m\u00fcd\u00fcrl\u00fc\u011f\u00fcn\u00fc kald\u0131r\u0131larak yerine K\u00fclt\u00fcr ve Sosyal \u0130\u015fler M\u00fcd\u00fcrl\u00fc\u011f\u00fcn\u00fcn kurulmas\u0131 ile ilgili teklifi okundu. Teklif hakk\u0131nda s\u00f6z isteyen olup olmad\u0131\u011f\u0131 soruldu. \u00dcyelerden Rifat K\u00d6RO\u011eLU s\u00f6z ald\u0131. Arkada\u015flar teklifin M\u00fcd\u00fcrl\u00fc\u011f\u00fcnden geldi\u011fi gibi kabul edilmesini teklif ediyorum. Dedi. Teklif hakk\u0131nda s\u00f6z isteyen olup, olmad\u0131\u011f\u0131 soruldu.  S\u00f6z isteyen olmay\u0131nca teklif oylamaya sunuldu. Yap\u0131lan oylamada teklifin kabul\u00fcne oy birli\u011fi ile karar verildi.\n<\/td>\n<\/tr>\n<tr>\n<td>KARAR 41<\/td>\n<\/tr>\n<tr>\n<td>G\u00fcndemde bulunan madde gere\u011fi ; Belediyemiz \u0130mar ve \u015eehircilik M\u00fcd\u00fcrl\u00fc\u011f\u00fcn\u00fcn  27\/04\/2016 tarih ve 95 say\u0131l\u0131 yaz\u0131lar\u0131nda ; 15\/03\/2016 tarihinde ask\u0131ya \u00e7\u0131kar\u0131lan ve 15\/04\/2016 tarihinde ask\u0131dan indirilen  Belediyemizce haz\u0131rlanan 1\/1000 \u00f6l\u00e7ekli uygulama imar plan\u0131na yap\u0131lan itirazlar ekli dosyada sunulmu\u015f olup, Beldeiyemiz Meclisinde g\u00f6r\u00fc\u015f\u00fclmesi ile  ilgili teklifin g\u00f6r\u00fc\u015f\u00fclmesine ge\u00e7ildi. Teklif hakk\u0131nda s\u00f6z isteyen olup, olmad\u0131\u011f\u0131 soruldu. \u00dcyelerden Rifat K\u00d6RO\u011eLU s\u00f6z ald\u0131. Arkada\u015flar teklifin \u0130mar ve \u015eehircilik komisyonu ba\u015fkanl\u0131\u011f\u0131nda m\u00fc\u015fterek komisyonda g\u00f6r\u00fc\u015f\u00fclmek \u00fczere havale edilmesini teklif ediyorum. Dedi. Teklif oylamaya sunuldu. Yap\u0131lan oylama neticesinde teklifin aynen kabul\u00fcne oy birli\u011fi ile karar verildi.\n<\/td>\n<\/tr>\n<tr>\n<td>KARAR 42<\/td>\n<\/tr>\n<tr>\n<td>G\u00fcndemde bulunan madde gere\u011fi ; Belediyemiz Mali hizmetler M\u00fcd\u00fcrl\u00fc\u011f\u00fcn\u00fcn 29\/04\/2016 tarih ve 58 say\u0131l\u0131 yaz\u0131lar\u0131nda Belediyemize ait toplant\u0131 ve d\u00fc\u011f\u00fcn salonu \u00fccretleri ile 2464 Say\u0131l\u0131 Belediye Gelirleri Kanununun ek 6. Maddesinde g\u00f6sterilen bina in\u015faat har\u00e7lar\u0131n\u0131n yeniden belirlenmesi ile ilgili telifin g\u00f6r\u00fc\u015f\u00fclmesine ge\u00e7ildi. Teklif hakk\u0131nda s\u00f6z isteyen olup, olmad\u0131\u011f\u0131 soruldu. \u00dcyelerden Rifat K\u00d6RO\u011eLU s\u00f6z ald\u0131. Arkada\u015flar teklifin Plan ve B\u00fct\u00e7e Komisyonu ba\u015fkanl\u0131\u011f\u0131nda m\u00fc\u015fterek komisyonda g\u00f6r\u00fc\u015f\u00fclmesini teklif ediyorum. Dedi. Teklif oylamaya sunuldu. Yap\u0131lan oylamada teklifin aynen kabul\u00fcne oy birli\u011fi ile karar verildi.\n<\/td>\n<\/tr>\n<tr>\n<td>KARAR 43<\/td>\n<\/tr>\n<tr>\n<td>G\u00fcndemde bulunan madde gere\u011fi; Belediyemiz Plan B\u00fct\u00e7e ve M\u00fc\u015fterek Komisyonunun 2015 Y\u0131l\u0131 Kesin Hesaplar\u0131 ile ilgili 04\/05\/2016 tarih ve 11 nolu Komisyon Raporunun g\u00f6r\u00fc\u015f\u00fcllmesine ge\u00e7ildi. Komisyon raporunda ; Belediyemiz Meclisince Plan B\u00fct\u00e7e ve M\u00fc\u015fterek Komisyonumuzda g\u00f6r\u00fc\u015f\u00fclmek \u00fczere havale edilen ; Belediyemiz Plan B\u00fct\u00e7e ve M\u00fc\u015fterek Komisyonu Belediyemizce haz\u0131rlanan 2015 y\u0131l\u0131 kesin Hesaplar\u0131n\u0131 g\u00f6r\u00fc\u015fmek \u00fczere 04\/05\/2016 tarihinde saat 11,00 \u2018da Belediyemiz Meclis Toplant\u0131 salonunda topland\u0131. 5393 sayl\u0131 Belediye Kanununun 64. maddesi  uyar\u0131nca haz\u0131rlanan Belediyemiz  2015 y\u0131l\u0131 Kesin Hesaplar\u0131 maddeler halinde tek tek okunarak yap\u0131lan inceleme neticesinde 2015 y\u0131l\u0131 b\u00fct\u00e7esinin 12.500.000,00-TL oldu\u011fu ,  12.360.000,00-TL sinin kullan\u0131ld\u0131\u011f\u0131  g\u00f6r\u00fclmekte 6360 Say\u0131l\u0131 Kanun gere\u011fi mevcut b\u00fct\u00e7enin bundan dolay\u0131 yetmeyece\u011fi g\u00f6z \u00f6n\u00fcnde tutularak Belediyemiz Meclisinin 08\/10\/2015 tarih ve 77 nolu karar\u0131 ile 3.500.000,00-TL ek b\u00fct\u00e7e yap\u0131larak 16.000.000,00-TL olarak yeniden belirlendi\u011fi  g\u00f6r\u00fclm\u00fc\u015ft\u00fcr.  2015 y\u0131l\u0131 net geliri  12.582.330,09-TL  olup, ger\u00e7ekle\u015fme oran\u0131 % 78,64 gider hesab\u0131 15.351.773,93-TL olup, ger\u00e7ekle\u015fme oran\u0131 %95,94 oldu\u011fu  ,gelirin gideri kar\u015f\u0131lama oran\u0131 % 81,96 oldu\u011fu  incelenmi\u015f olup,   Belediyemiz Meclisine sunulmas\u0131na oy birli\u011fi ile karar verildi.denilmekte olup, okunan rapor hak\u0131nda s\u00f6z isteyen olup, olmad\u0131\u011f\u0131 sorudu. S\u00f6z isteyen olmay\u0131nca oylama yap\u0131ld\u0131. Yap\u0131lan oylama neticesinde oy birli\u011fi ile kabul\u00fcne karar verildi.\n<\/td>\n<\/tr>\n<tr>\n<td>KARAR 44<\/td>\n<\/tr>\n<tr>\n<td>G\u00fcndemde bulunan madde gere\u011fi; Belediyemiz Plan B\u00fct\u00e7e ve M\u00fc\u015fterek Komisyonunun 2016 Y\u0131l\u0131 fiyat tarifelerinde d\u00fc\u011f\u00fcn ve toplant\u0131 salonu ile baz\u0131 imar har\u00e7lar\u0131n\u0131n yeniden belirlenmesi ile ilgili 04\/05\/2016 tarih ve 12 nolu Komisyon Raporunun g\u00f6r\u00fc\u015f\u00fcllmesine ge\u00e7ildi. Komisyon raporunda aynen ; Belediyemiz Meclisince Plan B\u00fct\u00e7e ve M\u00fc\u015fterek Komisyonumuzda g\u00f6r\u00fc\u015f\u00fclmek \u00fczere havale edilen ; Belediyemiz Mali hizmetler M\u00fcd\u00fcrl\u00fc\u011f\u00fcn\u00fcn 29\/04\/2016 tarih ve 58 say\u0131l\u0131 yaz\u0131lar\u0131nda Belediyemize ait toplant\u0131 ve d\u00fc\u011f\u00fcn salonu \u00fccretleri ile 2464 Say\u0131l\u0131 Belediye Gelirleri Kanununun ek 6. Maddesinde g\u00f6sterilen bina in\u015faat har\u00e7lar\u0131n\u0131n yeniden belirlenmesi ile ilgili telifin g\u00f6r\u00fc\u015f\u00fclmesine ge\u00e7ildi.  Komisyonumuzca yap\u0131lan g\u00f6r\u00fc\u015fmeler neticesinde Belediyemize ait toplant\u0131 ve d\u00fc\u011f\u00fcn salonu \u00fccretlerinin 2015 y\u0131l\u0131nda haz\u0131rlanan ve 2016 y\u0131l\u0131 fiyat tarifelerinde belirlenen \u00fccretlerin aynen kalmas\u0131na 2464 Say\u0131l\u0131 Belediye Gelirleri Kanununun ek 6. Maddesinde g\u00f6sterilen bina in\u015faat har\u00e7lar\u0131n\u0131n ise a\u015fa\u011f\u0131da  tablolar halinde \u00e7\u0131kar\u0131lan \u00fccretlerden al\u0131narak 2016 y\u0131l\u0131 fiyat tarifesine eklenmesine , komisyon raporumuzun Belediyemiz Meclisine sunulmas\u0131na oy birli\u011fi ile karar verildi<\/td>\n<\/tr>\n<tr>\n<td>KARAR 45<\/td>\n<\/tr>\n<tr>\n<td>G\u00fcndemde bulunan madde gere\u011fi; Belediyemiz \u0130mar Bay\u0131nd\u0131rl\u0131k ve M\u00fc\u015fterek Komisyonunun 05\/05\/2016 tarih ve 3 nolu komisyon raporunun g\u00f6r\u00fc\u015f\u00fclmesine ge\u00e7ildi. Komisyon raporunda aynen;   Belediyemiz \u0130mar Bay\u0131nd\u0131rl\u0131k ve M\u00fc\u015fterek Komisyonu, Belediyemiz Meclisinin 03\/05\/2016 tarih ve 41 say\u0131l\u0131 Karar\u0131 ile komisyonumuza havale edilen ; Belediyemizce yap\u0131lan 1\/1000 \u00f6l\u00e7ekli  uygulama imar plan\u0131na yap\u0131lan itiraz dilek\u00e7elerini g\u00f6r\u00fc\u015fmek \u00fczere 05\/05\/2016 tarihinde saat 08:00 da topland\u0131. Tek tek ad okunarak itiraz dilek\u00e7elerinin g\u00f6r\u00fc\u015f\u00fclmesine ge\u00e7ildi. <\/p>\n<p>Cavit NAMDAR\u2019\u0131n 27.04.2016 Tarihli Cavit Namdar\u0131n dilek\u00e7esinde belirti\u011fi 439 ada 7 parselin  planda 20 metrelik yola cephesi bulunmad\u0131\u011f\u0131ndan ve 15.03.2016-15.04.2016 tarihleri aras\u0131nda  Belediye Ba\u015fkanl\u0131\u011f\u0131m\u0131zca ask\u0131ya \u00c7\u0131kar\u0131lan 1\/ 1000 \u00d6l\u00e7ekli uygulama \u0130mar plan\u0131na  yapt\u0131\u011f\u0131 itiraz ask\u0131 s\u00fcresinden sonra yap\u0131ld\u0131\u011f\u0131ndan, dilek\u00e7eli talebinin reddine,oy birli\u011fi ile karar verilmi\u015fir.  <\/p>\n<p>Ay\u015fe K\u00d6YL\u00dc\u2019n\u00fcn 18.04.2016 Tarihli Ay\u015fe K\u00d6YL\u00dc\u2019n\u00fcn  dilek\u00e7esinde belirti\u011fi 473 ada 22 parselin  1\/1000 \u00f6l\u00e7ekli uygulama imar plan\u0131nda 20 metrelik yola cephesi bulunmad\u0131\u011f\u0131ndan ve  15.03.2016-15.04.2016 tarihleri aras\u0131nda  Belediye Ba\u015fkanl\u0131\u011f\u0131m\u0131zca ask\u0131ya \u00c7\u0131kar\u0131lan 1\/ 1000 \u00d6l\u00e7ekli uygulama imar  plan\u0131na  yapt\u0131\u011f\u0131 itiraz ask\u0131 s\u00fcresinden sonra yap\u0131ld\u0131\u011f\u0131ndan, 05.05.2016 tarihinde yap\u0131lan imar komisyonunda g\u00f6r\u00fc\u015f\u00fclerek  dilek\u00e7eli talebinin reddine,oy birli\u011fi ile karar verilmi\u015fir.  <\/p>\n<p>Babacan DURAK\u2019\u0131n 12.04.2016 Tarihli Babacan DURAK\u2019\u0131n   dilek\u00e7esinde belirtti\u011fi 25  ada 6 ve 8 parseller   planda sanayi alan\u0131 olarak i\u015flenmi\u015f olup ve  24 metrelik yola cephesi  bulundu\u011fundan ve  daha \u00f6nce al\u0131nm\u0131\u015f olan meclis karar\u0131na uygun olarak plan \u00fczerinde d\u00fczeltilerek  emsallerine g\u00f6re de\u011fi\u015ftirilip  1\/ 1000 \u00d6l\u00e7ekli uygulama imar  plan\u0131nda  2 kattan  5 kata \u00e7\u0131kar\u0131lmas\u0131  hakk\u0131nda  05.05.2016 tarihinde yap\u0131lan imar komisyonunda g\u00f6r\u00fc\u015f\u00fclerek  dilek\u00e7eli talebinin kabul\u00fcne oy birli\u011fi ile karar verilmi\u015fir.  <\/p>\n<p>\u00d6zaslanlar Tar\u0131m \u2018\u0131n 04.04.2016 Tarihli  \u00d6zaslanlar Tarim ve Orman \u00dcrn. Zirai. \u0130la\u00e7 Tur. Nak. Kut.Otom. San.ve Tic Ltd. \u015eti. dilek\u00e7esinde beliryilen Adana \u0130li Karaisal\u0131 \u0130l\u00e7esinde 15.03.2015 Tarihinde Ask\u0131ya \u00c7\u0131kar\u0131lan  1\/1000 \u00d6l\u00e7ekli  uygulama \u0130mar Plan\u0131nda  Cumhuriyet Caddesinin  yol Geni\u015fli\u011fi 24 Metreden 30 Metreye \u00c7\u0131kar\u0131lm\u0131\u015ft\u0131r Mevcut yolda Cephesi Bulunan 258 ada 17 Parselin Derinili\u011fi Azalmakta Olup yol Geni\u015fli\u011finin tekrardan 24 Metreye d\u00fc\u015f\u00fcr\u00fclmesini ve planda Belediye hizmet alan\u0131 olarak g\u00f6r\u00fclmektedir ayn\u0131 ada i\u00e7erisinde cumhuriyet caddesine cephesi olan parsellerin  ticaret+konut olarak plana i\u015flenmi\u015ftir ayr\u0131ca 258 ada 18 parselde  Belediye hizmet alan\u0131 olarak i\u015flenmi\u015f olup \u015fahs\u0131ma ait parsellerin emsallerine g\u00f6re planda de\u011fi\u015fiklik yap\u0131lmas\u0131na ili\u015fkin itiraz 1\/5000 \u00f6l\u00e7ekli naz\u0131m imar plan\u0131n\u0131n konusu oldu\u011fundan ve 1\/5000 \u00f6l\u00e7ekli naz\u0131m imar plan\u0131nda yap\u0131lacak olan revizyonla d\u00fczeltilerek tekrardan 1\/1000 \u00f6l\u00e7ekli uygulama imar plan\u0131 yap\u0131larak d\u00fczeltilmesi gerekti\u011finden 05.05.2016 tarihinde yap\u0131lan imar komisyonunda g\u00f6r\u00fc\u015f\u00fclerek dilek\u00e7eli talebinin reddine,oy birli\u011fi ile karar verilmi\u015ftir.  <\/p>\n<p>Emrah CO\u015eKUN\u2019un 04.04.2016 Tarihli Emrah CO\u015eKUN dilek\u00e7esinde belirti\u011fi 441 ada 5 parselin  1\/1000 \u00d6l\u00e7ekli uygulama \u0130mar plan\u0131nda  20 metrelik yola cephesi  bulundu\u011fundan ve  daha \u00f6nce al\u0131nm\u0131\u015f olan meclis karar\u0131na uygun olarak plan \u00fczerinde d\u00fczeltilerek  emsallerine g\u00f6re de\u011fi\u015ftirilerek  1\/ 1000 \u00d6l\u00e7ekli uygulama imar plan\u0131nda   5 kata \u00e7\u0131kar\u0131lmas\u0131 hakk\u0131nda   05.05.2016 tarihinde yap\u0131lan imar komisyonunda g\u00f6r\u00fc\u015f\u00fclerek dilek\u00e7eli talebinin kabul\u00fcne,oy birli\u011fi ile karar verilmi\u015ftir.  <\/p>\n<p>\tResul KAPLAN\u2019\u0131n 18.04.2016 Tarihli Resul KAPLAN\u2019n\u0131n  dilek\u00e7esinde belirtti\u011fi  Adana \u0130li Karaisal\u0131 \u0130l\u00e7esinde 15.03.2015 tarihinde ask\u0131ya \u00e7\u0131kar\u0131lan 1\/1000 lik uygulama imar plan\u0131nda Cumhuriyet Caddesinin yol geni\u015fli\u011fi 24 metreden  30 metreye \u00e7\u0131kar\u0131lm\u0131\u015ft\u0131r mevcut yolda uygulama g\u00f6rm\u00fc\u015f parsellerin bulunmas\u0131ndan dolay\u0131  kamula\u015ft\u0131rma  alan\u0131 artt\u0131\u011f\u0131ndan  planda \u00f6ng\u00f6r\u00fclen  yolun tekrardan 24 metreye \u00e7ekilmesini  ve 1\/1000 \u00f6l\u00e7ekli uygulama imar plan\u0131n ile 1\/5000 \u00f6l\u00e7ekli naz\u0131m imar plan\u0131 aras\u0131nda uyu\u015fumsuz olan donat\u0131 alanlar\u0131n\u0131n  1\/5000 \u00f6l\u00e7ekli naz\u0131m imar plan\u0131na uygun  hale getirilmesi, yol ye\u015fil alan ve belediye hizmet alanlar\u0131 yol terkleri ve yoldan ihdas yap\u0131lm\u0131\u015f k\u0131s\u0131mlar\u0131m   tekrardan d\u00fczeltilerek ilana \u00e7\u0131kar\u0131lmas\u0131na  ili\u015fkin itiraz 1\/5000 \u00f6l\u00e7ekli naz\u0131m imar plan\u0131n\u0131n konusu oldu\u011fundan ve 1\/5000 \u00f6l\u00e7ekli naz\u0131m imar plan\u0131nda yap\u0131lacak olan revizyonla d\u00fczeltilerek tekrardan 1\/1000 \u00f6l\u00e7ekli uygulama imar plan\u0131 yap\u0131larak d\u00fczeltilmesi gerekti\u011finden 05.05.2016 tarihinde yap\u0131lan imar komisyonunda g\u00f6r\u00fc\u015f\u00fclerek  dilek\u00e7eli talebinin reddine,oy birli\u011fi ile karar verilmi\u015ftir.  <\/p>\n<p>Mustafa Ge\u00e7io\u011flu ve M\u00fc\u015f. Vekili Avk. Fadime Ge\u00e7io\u011flu \u2018nun dilek\u00e7eli talebi okundu. Dilek\u00e7esinde ; Karaisal\u0131 \u0130l\u00e7esi Selamp\u0131nar Mahallesi 228 ada 16-17-18-19-20-21 ve 22 parsel numaral\u0131 ta\u015f\u0131nmazlar, 230 ada 4 parsel numaral\u0131 ta\u015f\u0131nmaz, 231 ada 1-2-4-5-6-7 ve 8 parsel numaral\u0131 ta\u015f\u0131nmazlar, 233 ada 10-11-12 ve 13 parsel numaral\u0131 ta\u015f\u0131nmazlar ile 234 ada 1 ve 2 parsel numaral\u0131 ta\u015f\u0131nmazlar\u0131n malikleriyiz.<br \/>\nBelediyenizce ask\u0131ya \u00e7\u0131kan 1\/1000 \u00f6l\u00e7ekli Uygulama \u0130mar Planlar\u0131nda;<br \/>\n228 ada numaral\u0131 \u0130mar adas\u0131n\u0131n, Taban Alan\u0131 Katsay\u0131s\u0131 (TASK) = 0.30, Emsal (Yo\u011funluk) = 1.50 ve Ayr\u0131k Nizam, 5 Kat Ticaret alan\u0131 olarak planland\u0131\u011f\u0131 g\u00f6r\u00fclmektedir. 228 adan\u0131n, ana Yollardan Cephesinin bulunmamas\u0131, bulvara ikinci ada olmas\u0131 sebebiyle buran\u0131n Ticaret Alan\u0131 olarak Planlanmas\u0131 taraf\u0131m\u0131z\u0131 olumsuz y\u00f6nde etkilemektedir. Bu sebeplerden dolay\u0131 228 adan\u0131n sadece Ticaret Alan\u0131 de\u011fil, Konut ve Ticaret Alan\u0131 olarak planlanmas\u0131,<br \/>\n230 ada Ayr\u0131k Nizam, 4 Kat Konut Alan\u0131 ve Resmi Kurum Alan\u0131 olarak, 231 ada Taban Alan\u0131 Katsay\u0131s\u0131 (TASK) = 0.30, Emsal (Yo\u011funluk) = 1.20 ve Ayr\u0131k Nizam, 4 Kat Konut alan\u0131 olarak, 234 ada Taban Alan\u0131 Katsay\u0131s\u0131 (TASK) = 0.30, Emsal (Yo\u011funluk) = 1.20 ve Ayr\u0131k Nizam, 4 Kat Konut alan\u0131 ve Resmi Kurum Alan\u0131 olarak ve 233 ada Ayr\u0131k Nizam, 4 Kat Konut Alan\u0131 olarak planland\u0131\u011f\u0131 g\u00f6r\u00fclmektedir.<br \/>\nS\u00f6z konusu \u0130mar adalar\u0131n\u0131n, Karaisal\u0131 \u0130l\u00e7e Merkezinde olmas\u0131, Resmi Kurum alanlar\u0131na yak\u0131nl\u0131\u011f\u0131, \u0130l\u00e7e merkezinde bulunan Konut ihtiyac\u0131n\u0131n kar\u015f\u0131lanmas\u0131 ve \u0130l\u00e7emize daha Kaliteli ve daha Ucuz Konut \u00fcretilmesi amac\u0131yla;<br \/>\n228 ada numaral\u0131 imar adas\u0131n\u0131n Emsal (Yo\u011funluk) = 1.60, Hmax=21.50 Konut ve Ticaret Alan\u0131 olarak planlanmas\u0131, 230 ada, 231 ada, 233 ada ve 234 ada numaral\u0131 \u0130mar adalar\u0131n\u0131n Emsal (Yo\u011funluk) = 1.60, Hmax=21.50 Konut Alan\u0131 olarak planlanmas\u0131 hususu ve 234 ada nolu \u0130mar adas\u0131nda bulunan parsellerimizin, Belediyenizce yap\u0131lan \u0130mar D\u00fczenlemesi neticesinde \u00fc\u00e7gen \u015feklinde parseller olu\u015fturulmas\u0131ndan dolay\u0131 parseller \u00fczerindeki tasarrufumuzun k\u0131s\u0131tlanmas\u0131 sebebiyle; 234 ada numaral\u0131 \u0130mar Adas\u0131nda bulunan parsellerimiz \u0130le 233 ada numaral\u0131 \u0130mar adas\u0131n\u0131n birle\u015ftirilmesi ve parsellerimiz \u00fczerinde tasarrufta bulunmam\u0131z\u0131 sa\u011flayacak imar parselleri haline getirilmesine ili\u015fkin itiraz 1\/5000 \u00f6l\u00e7ekli naz\u0131m imar plan\u0131n\u0131n konusu oldu\u011fundan ve 1\/5000 \u00f6l\u00e7ekli naz\u0131m imar plan\u0131nda yap\u0131lacak olan revizyonla d\u00fczeltilerek tekrardan 1\/1000 \u00f6l\u00e7ekli uygulama imar plan\u0131 yap\u0131larak d\u00fczeltilmesi gerekti\u011finden 05.05.2016 tarihinde yap\u0131lan imar komisyonunda g\u00f6r\u00fc\u015f\u00fclerek dilek\u00e7eli talebinin reddine, oy birli\u011fi ile karar verilmi\u015ftir.<br \/>\nSonu\u00e7 olarak itiraz dilek\u00e7elerine al\u0131nan kararlar yukar\u0131da a\u00e7\u0131klanm\u0131\u015f olup, Belediyemiz Meclisine sunulmas\u0131na oy birli\u011fi ile karar verildi. Denilmekte olup,  okunan komisyon raporu hakk\u0131nda s\u00f6z isteyen olup, olmad\u0131\u011f\u0131 sorudu. \u00dcyelerden Rifat K\u00d6RO\u011eLU s\u00f6z ald\u0131. Arkada\u015flar okunan komisyon raporunun komisyondan geldi\u011fi gibi kabul edilmesini teklifi ediyorum. dedi. Teklif oylamaya sunuldu. Yap\u0131lan oylama neticesinde teklifin kabul\u00fcne oy birli\u011fi ile karar verildi.\n<\/td>\n<\/tr>\n<tr>\n<td>KARAR 46<\/td>\n<\/tr>\n<tr>\n<td>G\u00fcndemde bulunan madde gere\u011fi ; Belediyemiz Mali Hizmetler M\u00fcd\u00fcrl\u00fc\u011f\u00fcn\u00fcn 13\/05\/2016 tarih ve 68 say\u0131l\u0131 yaz\u0131lar\u0131nda ; Belediyemiz sorumluluk sahas\u0131nda , K\u0131ralan Mahallesi s\u0131n\u0131rlar\u0131 i\u00e7erisinde , Varda K\u00f6pr\u00fcs\u00fc mevkiinde bulunan C tipi Mesire yerinin Karaisal\u0131 Orman \u0130\u015fletme M\u00fcd\u00fcrl\u00fc\u011f\u00fcnce 29 y\u0131ll\u0131\u011f\u0131na kiraya verilece\u011finden Belediyemiz akaryak\u0131t istasyonu i\u015fletmesinin b\u00fct\u00e7esine dahil edilmek \u00fczere s\u00f6z konusu i\u015fletmenin Belediyemizce kiralanmas\u0131 i\u00e7in her t\u00fcrl\u00fc evraklar\u0131 imzalamaya , ihalelere kat\u0131lmaya, s\u00f6zle\u015fme yapmaya ve sonu\u00e7land\u0131rmaya Belediye Ba\u015fkan\u0131m\u0131z Saadettin ASLAN\u2019a yetki verilmesi i\u00e7in Belediyemiz Meclisine havalesini arz ederim. Denilmekte olup, okunan teklif hakk\u0131nda s\u00f6z isteyen olup, olmad\u0131\u011f\u0131 soruldu. \u00dcyelerden Abdullah SAKARYA s\u00f6z ald\u0131. Yap\u0131lan Varda k\u00f6pr\u00fcs\u00fc mesire yeri 1 1-5 y\u0131ld\u0131r bo\u015f duruyor. G\u00f6n\u00fcl isterdi ki Belediye Ba\u015fkanl\u0131\u011f\u0131 olarak bu konu i\u00e7in birlikte bir isti\u015fare edilse idi. Daha iyi olurdu. Bu ihaleye bir \u00e7ok \u015firketler i\u015fletmeler girecek . Belediye olarak da bu ihaleye girmek i\u00e7in cesaret g\u00f6sterdi\u011fi i\u00e7in takdir ediyorum. Teklif i\u00e7in \u015fahs\u0131m olarak evet vermeyi d\u00fc\u015f\u00fcn\u00fcyorum. Ancak burada belli bir limit konulmam\u0131\u015f. Bu konu hakk\u0131nda da yar\u0131n belediyemizi y\u00fcksek bir fiyat vererek s\u0131k\u0131nt\u0131ya girmesi de yerinde olmaz. Dedi. Ba\u015fka s\u00f6z isteyen olup, olmad\u0131\u011f\u0131 soruldu. \u00dcyelerden Rifat K\u00d6RO\u011eLU  s\u00f6z ald\u0131. Arkada\u015flar teklifin m\u00fcd\u00fcrl\u00fc\u011f\u00fcnden geldi\u011fi gibi kabul edilmesini, kiralanmas\u0131 i\u00e7in  100.000-TL (Y\u00dcZB\u0130NT\u00dcRKL\u0130RASI) ye kadar limit konularak s\u00f6z konusu i\u015fletmenin kiralanmas\u0131n\u0131 teklif ediyorum. Dedi. Teklif hakk\u0131nda s\u00f6z isteyen olup, olmad\u0131\u011f\u0131 soruldu. S\u00f6z isteyen olmay\u0131nca teklif oylamaya sunuldu. Yap\u0131lan oylama neticesinde teklifin kabul\u00fcne oy \u00e7oklu\u011fu  ile karar verildi. <\/p>\n<\/td>\n<\/tr>\n<\/tbody>\n<\/table>\n","protected":false},"excerpt":{"rendered":"<p>KARAR 39 G\u00fcndemde bulunan madde gere\u011fi ; Belediyemizce haz\u0131rlanan 2015 y\u0131l\u0131 Kesin Hesaplar\u0131n\u0131n g\u00f6r\u00fc\u015f\u00fclmesine ge\u00e7ildi. \u00dcyelerden Rifat K\u00d6RO\u011eLU s\u00f6z ald\u0131. Arkada\u015flar haz\u0131rlanan 2015 y\u0131l\u0131 kesin hesaplar\u0131n\u0131n g\u00f6r\u00fc\u015f\u00fclmek \u00fczere Belediyemiz Plan ve B\u00fct\u00e7e Komisyonu ba\u015fkanl\u0131\u011f\u0131nda M\u00fc\u015fterek Komisyonunda g\u00f6r\u00fc\u015f\u00fclmek \u00fczere havale edilmesini teklif ediyorum dedi. Teklif oylamaya sunuldu. Yap\u0131lan oylama neticesinde teklifin kabul\u00fcne oy birli\u011fi ile karar [&hellip;]<\/p>\n","protected":false},"author":10,"featured_media":0,"parent":1499,"menu_order":201605,"comment_status":"closed","ping_status":"closed","template":"","meta":{"footnotes":""},"class_list":["post-2166","page","type-page","status-publish","hentry"],"_links":{"self":[{"href":"https:\/\/www.karaisali.bel.tr\/index.php?rest_route=\/wp\/v2\/pages\/2166","targetHints":{"allow":["GET"]}}],"collection":[{"href":"https:\/\/www.karaisali.bel.tr\/index.php?rest_route=\/wp\/v2\/pages"}],"about":[{"href":"https:\/\/www.karaisali.bel.tr\/index.php?rest_route=\/wp\/v2\/types\/page"}],"author":[{"embeddable":true,"href":"https:\/\/www.karaisali.bel.tr\/index.php?rest_route=\/wp\/v2\/users\/10"}],"replies":[{"embeddable":true,"href":"https:\/\/www.karaisali.bel.tr\/index.php?rest_route=%2Fwp%2Fv2%2Fcomments&post=2166"}],"version-history":[{"count":0,"href":"https:\/\/www.karaisali.bel.tr\/index.php?rest_route=\/wp\/v2\/pages\/2166\/revisions"}],"up":[{"embeddable":true,"href":"https:\/\/www.karaisali.bel.tr\/index.php?rest_route=\/wp\/v2\/pages\/1499"}],"wp:attachment":[{"href":"https:\/\/www.karaisali.bel.tr\/index.php?rest_route=%2Fwp%2Fv2%2Fmedia&parent=2166"}],"curies":[{"name":"wp","href":"https:\/\/api.w.org\/{rel}","templated":true}]}}