{"id":2141,"date":"2016-05-10T10:28:04","date_gmt":"2016-05-10T07:28:04","guid":{"rendered":"https:\/\/www.karaisali.bel.tr\/?page_id=2141"},"modified":"2025-12-05T14:16:38","modified_gmt":"2025-12-05T11:16:38","slug":"nikah-islemleri","status":"publish","type":"page","link":"https:\/\/www.karaisali.bel.tr\/?page_id=2141","title":{"rendered":"Nikah \u0130\u015flemleri"},"content":{"rendered":"<p><img loading=\"lazy\" decoding=\"async\" class=\"img-responsive aligncenter wp-image-2144\" src=\"https:\/\/www.karaisali.bel.tr\/wp-content\/uploads\/2016\/05\/nikah-islemleri.jpg\" alt=\"Nikah \u0130\u015flemleri\" width=\"860\" height=\"334\" srcset=\"https:\/\/www.karaisali.bel.tr\/wp-content\/uploads\/2016\/05\/nikah-islemleri.jpg 860w, https:\/\/www.karaisali.bel.tr\/wp-content\/uploads\/2016\/05\/nikah-islemleri-300x117.jpg 300w, https:\/\/www.karaisali.bel.tr\/wp-content\/uploads\/2016\/05\/nikah-islemleri-768x298.jpg 768w\" sizes=\"auto, (max-width: 860px) 100vw, 860px\" \/><\/p>\n<h3>Nikah i\u015flemleri i\u00e7in gereken evraklar;<\/h3>\n<p>1. Aile Hekiminden Evlilik \u0130\u00e7in Sa\u011fl\u0131k Raporu ( E\u015flerin ikisi de alacak )<\/p>\n<p>2. 3&#8217;er Adet Vesikal\u0131k Resim<\/p>\n<p>3. \u0130kamet Belgesi<\/p>\n<p>4. 2 Ki\u015fi Nikah \u015eahidi<\/p>\n<p>Karaisal\u0131 Belediye Ba\u015fkanl\u0131\u011f\u0131 olarak evlenecek t\u00fcm \u00e7iftlerimize mutluluklar dileriz.<\/p>\n<p>Evlendirme ile ilgili t\u00fcm sorular\u0131n\u0131z i\u00e7in:<\/p>\n<p>Mustafa \u00d6VE\u00c7 : 0322 551 3280<\/p>\n<p>&nbsp;<\/p>\n","protected":false},"excerpt":{"rendered":"<p>Nikah i\u015flemleri i\u00e7in gereken evraklar; 1. Aile Hekiminden Evlilik \u0130\u00e7in Sa\u011fl\u0131k Raporu ( E\u015flerin ikisi de alacak ) 2. 3&#8217;er Adet Vesikal\u0131k Resim 3. \u0130kamet Belgesi 4. 2 Ki\u015fi Nikah \u015eahidi Karaisal\u0131 Belediye Ba\u015fkanl\u0131\u011f\u0131 olarak evlenecek t\u00fcm \u00e7iftlerimize mutluluklar dileriz. Evlendirme ile ilgili t\u00fcm sorular\u0131n\u0131z i\u00e7in: Mustafa \u00d6VE\u00c7 : 0322 551 3280 &nbsp;<\/p>\n","protected":false},"author":10,"featured_media":0,"parent":1633,"menu_order":0,"comment_status":"closed","ping_status":"closed","template":"","meta":{"footnotes":""},"class_list":["post-2141","page","type-page","status-publish","hentry"],"_links":{"self":[{"href":"https:\/\/www.karaisali.bel.tr\/index.php?rest_route=\/wp\/v2\/pages\/2141","targetHints":{"allow":["GET"]}}],"collection":[{"href":"https:\/\/www.karaisali.bel.tr\/index.php?rest_route=\/wp\/v2\/pages"}],"about":[{"href":"https:\/\/www.karaisali.bel.tr\/index.php?rest_route=\/wp\/v2\/types\/page"}],"author":[{"embeddable":true,"href":"https:\/\/www.karaisali.bel.tr\/index.php?rest_route=\/wp\/v2\/users\/10"}],"replies":[{"embeddable":true,"href":"https:\/\/www.karaisali.bel.tr\/index.php?rest_route=%2Fwp%2Fv2%2Fcomments&post=2141"}],"version-history":[{"count":1,"href":"https:\/\/www.karaisali.bel.tr\/index.php?rest_route=\/wp\/v2\/pages\/2141\/revisions"}],"predecessor-version":[{"id":11718,"href":"https:\/\/www.karaisali.bel.tr\/index.php?rest_route=\/wp\/v2\/pages\/2141\/revisions\/11718"}],"up":[{"embeddable":true,"href":"https:\/\/www.karaisali.bel.tr\/index.php?rest_route=\/wp\/v2\/pages\/1633"}],"wp:attachment":[{"href":"https:\/\/www.karaisali.bel.tr\/index.php?rest_route=%2Fwp%2Fv2%2Fmedia&parent=2141"}],"curies":[{"name":"wp","href":"https:\/\/api.w.org\/{rel}","templated":true}]}}