{"id":2014,"date":"2016-04-18T09:31:33","date_gmt":"2016-04-18T06:31:33","guid":{"rendered":"https:\/\/www.karaisali.bel.tr\/?page_id=2014"},"modified":"2017-05-08T11:44:11","modified_gmt":"2017-05-08T08:44:11","slug":"karaisali-belediyesi-hizmet-standartlari","status":"publish","type":"page","link":"https:\/\/www.karaisali.bel.tr\/?page_id=2014","title":{"rendered":"Hizmet Standartlar\u0131m\u0131z"},"content":{"rendered":"<p><a href=\"https:\/\/www.karaisali.bel.tr\/wp-content\/uploads\/2016\/04\/hizmet-standartlari-tablosu.pdf\" target=\"_blank\">Karaisal\u0131 Belediyesi Hizmet Standartlar\u0131m\u0131z i\u00e7in buraya t\u0131klay\u0131n<\/a><\/p>\n","protected":false},"excerpt":{"rendered":"<p>Karaisal\u0131 Belediyesi Hizmet Standartlar\u0131m\u0131z i\u00e7in buraya t\u0131klay\u0131n<\/p>\n","protected":false},"author":10,"featured_media":0,"parent":0,"menu_order":0,"comment_status":"closed","ping_status":"closed","template":"","meta":{"footnotes":""},"class_list":["post-2014","page","type-page","status-publish","hentry"],"_links":{"self":[{"href":"https:\/\/www.karaisali.bel.tr\/index.php?rest_route=\/wp\/v2\/pages\/2014","targetHints":{"allow":["GET"]}}],"collection":[{"href":"https:\/\/www.karaisali.bel.tr\/index.php?rest_route=\/wp\/v2\/pages"}],"about":[{"href":"https:\/\/www.karaisali.bel.tr\/index.php?rest_route=\/wp\/v2\/types\/page"}],"author":[{"embeddable":true,"href":"https:\/\/www.karaisali.bel.tr\/index.php?rest_route=\/wp\/v2\/users\/10"}],"replies":[{"embeddable":true,"href":"https:\/\/www.karaisali.bel.tr\/index.php?rest_route=%2Fwp%2Fv2%2Fcomments&post=2014"}],"version-history":[{"count":0,"href":"https:\/\/www.karaisali.bel.tr\/index.php?rest_route=\/wp\/v2\/pages\/2014\/revisions"}],"wp:attachment":[{"href":"https:\/\/www.karaisali.bel.tr\/index.php?rest_route=%2Fwp%2Fv2%2Fmedia&parent=2014"}],"curies":[{"name":"wp","href":"https:\/\/api.w.org\/{rel}","templated":true}]}}