{"id":2010,"date":"2016-04-18T09:14:32","date_gmt":"2016-04-18T06:14:32","guid":{"rendered":"https:\/\/www.karaisali.bel.tr\/?page_id=2010"},"modified":"2016-04-18T09:16:08","modified_gmt":"2016-04-18T06:16:08","slug":"nisan-2016-meclis-kararlari","status":"publish","type":"page","link":"https:\/\/www.karaisali.bel.tr\/?page_id=2010","title":{"rendered":"Nisan 2016 Meclis Kararlar\u0131"},"content":{"rendered":"<table>\n<tbody>\n<tr>\n<td>KARAR 27<\/td>\n<\/tr>\n<tr>\n<td>G\u00fcndemde bulunan madde gere\u011fi; Belediye Meclisi  1. ve 2. Ba\u015fkanvekili se\u00e7imi i\u00e7in yap\u0131lan gizli oylama neticesinde \u00fcyelerden  16 oy kullan\u0131ld\u0131.  Oylama neticesinde 1. Ba\u015fkan Vekilli\u011fi i\u00e7in  \u0130lyas KARABULUT (9) dokuz oy , Mustafa DURAK (6) oy, 2. Ba\u015fkanvekilli\u011fi i\u00e7in  Mustafa EK\u0130C\u0130 (9) oy,  Cumali I\u015eIL (6) oy alm\u0131\u015f olup, 1 adet ge\u00e7ersiz oy kullan\u0131lm\u0131\u015ft\u0131r. Yap\u0131lan se\u00e7im sonucunda 1. Ba\u015fkanvekilli\u011fine en fazla oy alan \u0130lyas KARABULUT (9) oy, 2. Ba\u015fkanvekilli\u011fine en fazla oy alan  Mustafa EK\u0130C\u0130 (9) oy alarak se\u00e7ildiler.\n<\/td>\n<\/tr>\n<tr>\n<td>KARAR 28<\/td>\n<\/tr>\n<tr>\n<td>G\u00fcndemde bulunan madde gere\u011fi; 2 adet asil 2 adet yedek  Meclis Zab\u0131t Katibi \u00fcyeli\u011fi i\u00e7in yap\u0131lan gizli oylama neticesinde Asil \u00fcye  Hakan ARICI (8) oy, Cumali I\u015eIL (8) oy, Hasan K\u00d6YL\u00dc (8) oy, Hasbi \u00d6ZEN\u0130R (8) oy, yedek  \u00fcye olarak \u0130sa DAVARCI (7) oy, Rifat K\u00d6RO\u011eLU (7) oy, Osman KURDAK (8) oy, Durdane \u00c7OPURO\u011eLU (8) oy , alm\u0131\u015f olup, asil \u00fcyeler i\u00e7in e\u015fitlik oldu\u011fundan yeniden se\u00e7im i\u00e7in oy kullan\u0131ld\u0131. Yap\u0131lan gizli oylama sonucunda Asil \u00fcye  Hakan ARICI (8) oy, Cumali I\u015eIL (8) oy, Hasan K\u00d6YL\u00dc (8) oy, Hasbi \u00d6ZEN\u0130R (8) oy, alm\u0131\u015f olup, yine  adaylar i\u00e7in e\u015fitlik oldu\u011fundan kura \u00e7ekimine gidilmi\u015f olup yap\u0131lan kura \u00e7ekiminde Hasan K\u00d6YL\u00dc  ve Cumali I\u015eIL Asil Meclis  Katip \u00fcyeli\u011fine  se\u00e7ilmi\u015flerdir\n<\/td>\n<\/tr>\n<tr>\n<td>KARAR 29<\/td>\n<\/tr>\n<tr>\n<td>G\u00fcndemde bulunan Madde gere\u011fi ; 2 adet Enc\u00fcmen \u00dcyeli\u011fi se\u00e7imi i\u00e7in yap\u0131lan gizli oylama neticesinde Esat K\u00d6SE (7)   , \u0130sa DAVARCI (6) , Durdane \u00c7OPURO\u011eLU 10 oy ,  Celalettin S\u00dcRME (9) oy   ald\u0131lar. Yap\u0131lan oylama neticesinde Enc\u00fcmen \u00fcyeli\u011fine 1 y\u0131l g\u00f6rev yapmak \u00fczere en fazla oy alan Durdane \u00c7OPURO\u011eLU (10) oy  ile Celalettin S\u00dcRME (9) oy alarak se\u00e7ildiler.\n<\/td>\n<\/tr>\n<tr>\n<td>KARAR 30<\/td>\n<\/tr>\n<tr>\n<td>G\u00fcndemde bulunan madde gere\u011fi; 4 adet \u0130mar ve \u015eehircilik Komisyonu \u00fcye se\u00e7imi i\u00e7in yap\u0131lan a\u00e7\u0131k  oylamada Esat K\u00d6SE , Rifat K\u00d6RO\u011eLU , Mustafa EK\u0130C\u0130, Hasan K\u00d6YL\u00dc aday oldular. Oylama neticesinde Esat K\u00d6SE (16) oy , Rifat K\u00d6RO\u011eLU (16) , Mustafa EK\u0130C\u0130 (16) , Hasan K\u00d6YL\u00dc (16) oy alarak 1 y\u0131l g\u00f6rev yapmak \u00fczere \u0130mar ve \u015eehircilik Komisyonu \u00fcyeli\u011fine  se\u00e7ildiler.\n<\/td>\n<\/tr>\n<tr>\n<td>KARAR 31<\/td>\n<\/tr>\n<tr>\n<td>G\u00fcndemde bulanan madde gere\u011fi; E\u011fitim K\u00fclt\u00fcr, Gen\u00e7lik ve Spor Komisyonu \u00fcyeli\u011fi i\u00e7in \u0130sa DAVARCI,  Hakan ARICI, Hasbi \u00d6ZEN\u0130R, Osman KURDAK aday oldular. Yap\u0131lan a\u00e7\u0131k oylama neticesinde  \u0130sa DAVARCI (16) oy,  Hakan ARICI (16) , Hasbi \u00d6ZEN\u0130R (16) , Osman KURDAK (16) oy alarak 1 y\u0131l g\u00f6rev yapmak \u00fczere Belediyemiz E\u011fitim K\u00fclt\u00fcr, Gen\u00e7lik ve Spor Komisyonu \u00fcyeli\u011fine se\u00e7ildiler.\n<\/td>\n<\/tr>\n<tr>\n<td>KARAR 32<\/td>\n<\/tr>\n<tr>\n<td>G\u00fcndemde bulunan madde gere\u011fi ; Belediyemiz \u00c7evre ve Sa\u011fl\u0131k Komisyonuna \u0130lyas KARABULUT, Durdane \u00c7OPURO\u011eLU, Abdulcelil SAK  ile \u0130sa DAVARCI  aday oldular. Yap\u0131lan a\u00e7\u0131k oylama neticesinde \u0130lyas KARABULUT(16)  , Durdane \u00c7OPURO\u011eLU (16), Abdulcelil SAK (16)   ile \u0130sa DAVARCI (16) alarak  Belediyemiz \u00c7evre ve Sa\u011fl\u0131k Komisyonunda 1 y\u0131l g\u00f6rev yapmak \u00fczere se\u00e7ildiler.\n<\/td>\n<\/tr>\n<tr>\n<td>KARAR 33<\/td>\n<\/tr>\n<tr>\n<td>G\u00fcndemde bulanan madde gere\u011fi ; Belediyemiz Tar\u0131m , Orman ve Mahalle  Komisyonunda g\u00f6rev yapmak \u00fczere  Mustafa DURAK, Cumali I\u015eIL, Durdane \u00c7opuro\u011flu, Celalittin S\u00dcRME aday oldular . Yap\u0131lan Oylama neticesinde  Mustafa DURAK (16), Cumali I\u015eIL (16), Durdane \u00c7opuro\u011flu (16), Celalittin S\u00dcRME (16) oy alarak Belediyemiz Tar\u0131m , Orman ve Mahalle  Komisyonunda 1 y\u0131l  g\u00f6rev yapmak \u00fczere se\u00e7ildiler.\n<\/td>\n<\/tr>\n<tr>\n<td>KARAR 34<\/td>\n<\/tr>\n<tr>\n<td>G\u00fcndemde bulunan madde gere\u011fi ; Belediyemiz Plan ve B\u00fct\u00e7e  Komisyonunda g\u00f6rev yapmak \u00fczere  Hakan ARICI ,  Cumali I\u015eIL, Abdullah SKARYA, Mustafa EK\u0130C\u0130 aday oldular . Yap\u0131lan A\u00e7\u0131k oylama neticesinde  se\u00e7ildiler, Hakan ARICI (16),  Cumali I\u015eIL (16), Abdullah SKARYA (16), Mustafa EK\u0130C\u0130 (16) oy alarak Belediyemiz Plan ve B\u00fct\u00e7e  Komisyonunda 1 y\u0131l g\u00f6rev yapmak \u00fczere se\u00e7ildiler.\n<\/td>\n<\/tr>\n<tr>\n<td>KARAR 35<\/td>\n<\/tr>\n<tr>\n<td>G\u00fcndemde bulunan madde gere\u011fi; Belediyemiz Fen \u0130\u015fleri M\u00fcd\u00fcrl\u00fc\u011f\u00fcn\u00fcn M\u00fclkiyeti Belediye Ba\u015fkanl\u0131\u011f\u0131m\u0131za ait Yenimahalle (Selamp\u0131nar )  Mahallesi 354 ada 4 parselde bulunan ta\u015f\u0131nmaz\u0131n Adana B\u00fcy\u00fck\u015fehir Belediyesine Gen\u00e7lik Merkezi yapmak \u00fczere tahsis edilmesi ile ilgili teklifi okundu. Teklifte aynen ; Adana B\u00fcy\u00fck\u015fehir Belediyesi Gen\u00e7lik ve Spor Daire Ba\u015fkanl\u0131\u011f\u0131nca \u0130l\u00e7emiz Karaisal\u0131 \u0130l\u00e7esi s\u0131n\u0131rlar\u0131 i\u00e7erisinde istekli ve dez avantajl\u0131 yerlerde Gen\u00e7leri k\u00f6t\u00fc al\u0131\u015fkanl\u0131klardan uzakla\u015ft\u0131r\u0131lmak sosyal ve k\u00fclt\u00fcrel faaliyetlerde geli\u015fmelerine yard\u0131mc\u0131 olmak ve e\u011fitime destek amac\u0131yla 5216 say\u0131l\u0131 Belediyeler kanununun 3. b\u00f6l\u00fcm 7. maddesi M ve N bendine istinaden hizmet verecek olan Gen\u00e7lik Merkezi yap\u0131lmak istenmektedir. Bu nedenle Belediyemizden uygun bina tahsisi istenmektedir. Bu amaca uygun m\u00fclkiyeti Belediyemize ait Selamp\u0131nar Mahallesi(Yeni Mahalle) 354 ada 4 parselde bulunan  Akaryak\u0131t istasyonu yan\u0131nda, Market sat\u0131\u015f b\u00fcrosu amac\u0131 ile yap\u0131lm\u0131\u015f \u00fc\u00e7 katl\u0131 bina bulunmaktad\u0131r. M\u00fclkiyeti Belediye Ba\u015fkanl\u0131\u011f\u0131m\u0131za ait 3 katl\u0131 Market sat\u0131\u015f b\u00fcrosunun, Gen\u00e7lik Merkezi yap\u0131lmas\u0131 amac\u0131 ile Adana B\u00fcy\u00fck\u015fehir Belediyesine tahsisi hususunda \tMeclis karar\u0131 al\u0131nmas\u0131n\u0131 arz ederim. Denilmekte olup, Teklif hakk\u0131nda s\u00f6z isteyen olup, olmad\u0131\u011f\u0131 soruldu. \u00dcyelerden Rifat K\u00d6RO\u011eLU s\u00f6z ald\u0131. Arkada\u015flar Teklifin     \u0130mar ve \u015eehircilik Komisyonu ba\u015fkanl\u0131\u011f\u0131nda m\u00fc\u015fterek komisyonuna havale edilmesini teklif ediyorum. Dedi. Teklif oylamaya sunuldu. Yap\u0131lan oylama neticesinde teklifin kabul\u00fcne oy birli\u011fi ile karar verildi.\n<\/td>\n<\/tr>\n<tr>\n<td>KARAR 36<\/td>\n<\/tr>\n<tr>\n<td>G\u00fcndemde bulunan madde gere\u011fi ; Belediyemiz Denetim Komisyonunca haz\u0131rlanan 2015 y\u0131l\u0131 Denetim Raporu tek tek okunarak g\u00f6r\u00fc\u015f\u00fcld\u00fc.\n<\/td>\n<\/tr>\n<tr>\n<td>KARAR 37<\/td>\n<\/tr>\n<tr>\n<td>G\u00fcndemde bulunan madde gere\u011fi ; Belediyemiz \u0130mar ve \u015eehircilik Komisyonu ba\u015fkanl\u0131\u011f\u0131nda m\u00fc\u015fterek komisyonunun M\u00fclkiyeti Belediye Ba\u015fkanl\u0131\u011f\u0131m\u0131za ait Yenimahalle (Selamp\u0131nar) 354 ada 4 parselde bulunan ta\u015f\u0131nmaz\u0131n Adana B\u00fcy\u00fck\u015fehir Belediyesine Gen\u00e7lik Merkezi yap\u0131lmak \u00fczere tahsis edilmesi ile ilgili komisyon raporu okundu. Komisyon raporunda aynen \u201cBelediyemiz \u0130mar \u015eehircilik ve M\u00fc\u015fterek Komisyonu, Belediyemiz Meclisinin 05\/04\/2016  tarih ve 35 say\u0131l\u0131 Karar\u0131 ile komisyonumuza havale edilen  Adana B\u00fcy\u00fck\u015fehir Belediyesine Gen\u00e7lik Merkezi yapmak \u00fczere tahsis edilmesi ile ilgili teklifi okundu. Teklifte aynen  Adana B\u00fcy\u00fck\u015fehir Belediyesi Gen\u00e7lik ve Spor Daire Ba\u015fkanl\u0131\u011f\u0131nda il\u00e7emiz Karaisal\u0131 il\u00e7esi s\u0131n\u0131rlar\u0131 i\u00e7erisinde istekli ve dezavantajl\u0131 yerlerde gen\u00e7leri k\u00f6t\u00fc al\u0131\u015fkanl\u0131klardan uzakla\u015ft\u0131rmak sosyal ve k\u00fclt\u00fcrel faaliyetlerde geli\u015fmelerine yard\u0131mc\u0131 olmak ve e\u011fitime destek amac\u0131yla 5216 say\u0131l\u0131 Belediye Kanununun 3. B\u00f6l\u00fcm 7. Maddesi m ve n bendine istinaden hizmet verecek olan gen\u00e7lik merkezi yap\u0131lmak istenmektedir. Bu amaca uygun m\u00fclkiyeti Belediye Ba\u015fkanl\u0131\u011f\u0131m\u0131za ait Selamp\u0131nar Mahallesi (Yenimahalle ) 354 ada 4 parselde bulunan akaryak\u0131t istasyonu yan\u0131nda market sat\u0131\u015f b\u00fcrosu amac\u0131 ile yap\u0131lm\u0131\u015f \u00fc\u00e7 katl\u0131 bina bulunmaktad\u0131r. M\u00fclkiyeti Belediye Ba\u015fkanl\u0131\u011f\u0131m\u0131za ait 3 katl\u0131 market sat\u0131\u015f b\u00fcrosunun gen\u00e7lik merkezi yap\u0131lmas\u0131 amac\u0131 ile Adana B\u00fcy\u00fck\u015fehir Belediyesine tahsis edilmesi hususumda gerekli Meclis Karar\u0131n\u0131n al\u0131nmas\u0131n\u0131 arz ederim. Denilmekte olup, konu komisyonumuzca g\u00f6r\u00fc\u015f\u00fcld\u00fc. G\u00f6r\u00fc\u015fme neticesinde Belediye Ba\u015fkanl\u0131\u011f\u0131m\u0131za ait Selamp\u0131nar Mahallesi (Yenimahalle ) 354 ada 4 parselde bulunan Turgut \u00d6zal Bulvar\u0131  56 \/1-2-3 nolu binan\u0131n Adana B\u00fcy\u00fck\u015fehir Belediyesine Gen\u00e7lik Merkezi yap\u0131lmak \u00fczere tahsis edilmesine oy birli\u011fi ile  karar verildi. \u201c denilmekte olup, okunan komisyon raporu hakk\u0131nda s\u00f6z isteyen olup, olmad\u0131\u011f\u0131 soruldu. \u00dcyelerden Rifat K\u00d6RO\u011eLU s\u00f6z ald\u0131. Arkada\u015flar okunan komisyon raporunun komisyondan geldi\u011fi gibi kabul edilmesini teklif ediyorum. Dedi. Teklif oylamaya sunuldu.  Yap\u0131lan oylama neticesinde komisyon raporunun komisyondan geldi\u011fi gibi kabul edilmesine oy birli\u011fi ile karar verildi.\n<\/td>\n<\/tr>\n<tr>\n<td>KARAR 38<\/td>\n<\/tr>\n<tr>\n<td>G\u00fcndemde bulunan madde gere\u011fi ; 2015 y\u0131l\u0131 Faaliyet Raporunun g\u00f6r\u00fc\u015f\u00fclmesine ge\u00e7ildi. Meclis 1. Ba\u015fkanvekili \u0130lyas KARABULUT Kanun gere\u011fi Belediye Ba\u015fkan\u0131 Saadettin ASLAN \u2018\u0131n yerine ge\u00e7erek Faaliyet Raporunun g\u00f6r\u00fc\u015f\u00fclmesine ge\u00e7ildi. 1. Ba\u015fkanvekili \u0130lyas KARABULUT arkada\u015flar   Belediyemizce haz\u0131rlanan 2015 faaliyet raporunun okunmas\u0131n\u0131 teklif etti. Haz\u0131rlanan faaliyet raporu  tek tek okundu. Okunan 2015 Y\u0131l\u0131 Faaliyet Raporu oylamaya sunuldu. Yap\u0131lan oylama neticesinde Belediyemiz 2015 y\u0131l\u0131 Faaliyet Raporunun kabul edilmesine oy \u00e7oklu\u011fu ile karar verildi.\n<\/td>\n<\/tr>\n<\/tbody>\n<\/table>\n","protected":false},"excerpt":{"rendered":"<p>KARAR 27 G\u00fcndemde bulunan madde gere\u011fi; Belediye Meclisi 1. ve 2. Ba\u015fkanvekili se\u00e7imi i\u00e7in yap\u0131lan gizli oylama neticesinde \u00fcyelerden 16 oy kullan\u0131ld\u0131. Oylama neticesinde 1. Ba\u015fkan Vekilli\u011fi i\u00e7in \u0130lyas KARABULUT (9) dokuz oy , Mustafa DURAK (6) oy, 2. Ba\u015fkanvekilli\u011fi i\u00e7in Mustafa EK\u0130C\u0130 (9) oy, Cumali I\u015eIL (6) oy alm\u0131\u015f olup, 1 adet ge\u00e7ersiz oy [&hellip;]<\/p>\n","protected":false},"author":10,"featured_media":0,"parent":1499,"menu_order":201604,"comment_status":"closed","ping_status":"closed","template":"","meta":{"footnotes":""},"class_list":["post-2010","page","type-page","status-publish","hentry"],"_links":{"self":[{"href":"https:\/\/www.karaisali.bel.tr\/index.php?rest_route=\/wp\/v2\/pages\/2010","targetHints":{"allow":["GET"]}}],"collection":[{"href":"https:\/\/www.karaisali.bel.tr\/index.php?rest_route=\/wp\/v2\/pages"}],"about":[{"href":"https:\/\/www.karaisali.bel.tr\/index.php?rest_route=\/wp\/v2\/types\/page"}],"author":[{"embeddable":true,"href":"https:\/\/www.karaisali.bel.tr\/index.php?rest_route=\/wp\/v2\/users\/10"}],"replies":[{"embeddable":true,"href":"https:\/\/www.karaisali.bel.tr\/index.php?rest_route=%2Fwp%2Fv2%2Fcomments&post=2010"}],"version-history":[{"count":0,"href":"https:\/\/www.karaisali.bel.tr\/index.php?rest_route=\/wp\/v2\/pages\/2010\/revisions"}],"up":[{"embeddable":true,"href":"https:\/\/www.karaisali.bel.tr\/index.php?rest_route=\/wp\/v2\/pages\/1499"}],"wp:attachment":[{"href":"https:\/\/www.karaisali.bel.tr\/index.php?rest_route=%2Fwp%2Fv2%2Fmedia&parent=2010"}],"curies":[{"name":"wp","href":"https:\/\/api.w.org\/{rel}","templated":true}]}}