{"id":11680,"date":"2025-09-07T23:22:08","date_gmt":"2025-09-07T20:22:08","guid":{"rendered":"https:\/\/www.karaisali.bel.tr\/?page_id=11680"},"modified":"2025-09-07T23:22:08","modified_gmt":"2025-09-07T20:22:08","slug":"mart-2025-meclis-kararlari","status":"publish","type":"page","link":"https:\/\/www.karaisali.bel.tr\/?page_id=11680","title":{"rendered":"Mart 2025 Meclis Kararlar\u0131"},"content":{"rendered":"<table>\n<tbody>\n<tr>\n<td>KARAR 35<\/td>\n<\/tr>\n<tr>\n<td>Belediyemiz Plan B\u00fct\u00e7e Komisyonumuza havale edilen\u037e Belediyemiz Muhtarl\u0131k \u0130\u015fleri M\u00fcd\u00fcrl\u00fc\u011f\u00fcn\u00fcn \u00c7al\u0131\u015fma Y\u00f6netmeli\u011fi Komisyonumuzca<br \/>\ng\u00f6r\u00fc\u015f\u00fcld\u00fc. G\u00f6r\u00fc\u015fme neticesinde\u037e A\u015f\u0131\u011fa belirlenen y\u00f6netmelik teklifin m\u00fcd\u00fcrl\u00fc\u011f\u00fcnden geldi\u011fi gibi kabul edilmesine, Belediyemiz Meclisince<br \/>\ng\u00f6r\u00fc\u015f\u00fclmek \u00fczere sunulmas\u0131na oy birli\u011fi ile karar verildi. Denilmekte olup Meclis Ba\u015fkan\u0131 Bekir \u015e\u0130M\u015eEK s\u00f6z ald\u0131. Okunan g\u00fcndem maddesini<br \/>\nPlan B\u00fct\u00e7e Komisyonundan geldi\u011fi gibi kabul edilmesini teklif ediyorum. Dedi. Teklif oylamaya sunuldu. Yap\u0131lan oylama neticesinde teklif oy<br \/>\nbirli\u011fi ile kabul edildi.<\/td>\n<\/tr>\n<tr>\n<td>KARAR 36<\/td>\n<\/tr>\n<tr>\n<td>Belediyemiz Plan B\u00fct\u00e7e Komisyonumuza havale edilen\u037e Belediyemiz Destek Hizmetleri M\u00fcd\u00fcrl\u00fc\u011f\u00fcn\u00fcn \u00c7al\u0131\u015fma Y\u00f6netmeli\u011fi Komisyonumuzca g\u00f6r\u00fc\u015f\u00fcld\u00fc. G\u00f6r\u00fc\u015fme<br \/>\nneticesinde\u037e A\u015f\u0131\u011fa belirlenen y\u00f6netmelik teklifinin m\u00fcd\u00fcrl\u00fc\u011f\u00fcnden geldi\u011fi gibi kabul edilmesine, Belediyemiz Meclisince g\u00f6r\u00fc\u015f\u00fclmek \u00fczere sunulmas\u0131na oy birli\u011fi ile<br \/>\nkarar verildi. Denilmekte olup Meclis Ba\u015fkan\u0131 Bekir \u015e\u0130M\u015eEK s\u00f6z ald\u0131. Okunan g\u00fcndem maddesini Plan B\u00fct\u00e7e Komisyonundan geldi\u011fi gibi kabul edilmesini teklif<br \/>\nediyorum. Teklif oylamaya sunuldu. Yap\u0131lan oylama neticesinde teklif oy birli\u011fi ile kabul edildi.<\/td>\n<\/tr>\n<tr>\n<td>KARAR 37<\/td>\n<\/tr>\n<tr>\n<td>Belediyemiz Plan B\u00fct\u00e7e Komisyonumuza havale edilen\u037e Belediyemiz Veteriner \u0130\u015fleri M\u00fcd\u00fcrl\u00fc\u011f\u00fcn\u00fcn \u00c7al\u0131\u015fma Y\u00f6netmeli\u011fi Komisyonumuzca g\u00f6r\u00fc\u015f\u00fcld\u00fc. G\u00f6r\u00fc\u015fme<br \/>\nneticesinde\u037e A\u015f\u0131\u011fa belirlenen y\u00f6netmelik teklifinin m\u00fcd\u00fcrl\u00fc\u011f\u00fcnden geldi\u011fi gibi kabul edilmesine, Belediyemiz Meclisince g\u00f6r\u00fc\u015f\u00fclmek \u00fczere sunulmas\u0131na oy birli\u011fi ile<br \/>\nkarar verildi. Denilmekte olup Meclis Ba\u015fkan\u0131 Bekir \u015e\u0130M\u015eEK s\u00f6z ald\u0131. Okunan g\u00fcndem maddesini Plan B\u00fct\u00e7e Komisyonundan geldi\u011fi gibi kabul edilmesini teklifediyorum. Teklif oylamaya sunuldu. Yap\u0131lan oylama neticesinde teklif oy birli\u011fi ile kabul edildi.<\/td>\n<\/tr>\n<tr>\n<td>KARAR 38<\/td>\n<\/tr>\n<tr>\n<td>Belediyemiz Plan B\u00fct\u00e7e Komisyonumuza havale edilen\u037e Belediyemiz Yaz\u0131 \u0130\u015fleri M\u00fcd\u00fcrl\u00fc\u011f\u00fcn\u00fcn \u00c7al\u0131\u015fma Y\u00f6netmeli\u011fi Komisyonumuzca g\u00f6r\u00fc\u015f\u00fcld\u00fc. G\u00f6r\u00fc\u015fme<br \/>\nneticesinde\u037e A\u015f\u0131\u011fa belirlenen y\u00f6netmelik teklifin m\u00fcd\u00fcrl\u00fc\u011f\u00fcnden geldi\u011fi gibi kabul edilmesine, Belediyemiz Meclisince g\u00f6r\u00fc\u015f\u00fclmek \u00fczere sunulmas\u0131na oy birli\u011fi<br \/>\nile karar verildi. Denilmekte olup Meclis Ba\u015fkan\u0131 Bekir \u015e\u0130M\u015eEK s\u00f6z ald\u0131. Okunan g\u00fcndem maddesini Plan B\u00fct\u00e7e Komisyonundan geldi\u011fi gibi kabul<br \/>\nedilmesini teklif ediyorum. Dedi. Teklif oylamaya sunuldu. Yap\u0131lan oylama neticesinde teklif oy birli\u011fi ile kabul edildi.\n<\/td>\n<\/tr>\n<tr>\n<td>KARAR 39<\/td>\n<\/tr>\n<tr>\n<td>Belediyemiz Plan B\u00fct\u00e7e Komisyonumuza havale edilen\u037e Belediyemiz Fen \u0130\u015fleri M\u00fcd\u00fcrl\u00fc\u011f\u00fcn\u00fcn \u00c7al\u0131\u015fma Y\u00f6netmeli\u011fi Komisyonumuzca g\u00f6r\u00fc\u015f\u00fcld\u00fc. G\u00f6r\u00fc\u015fme<br \/>\nneticesinde\u037e A\u015f\u0131\u011fa belirlenen y\u00f6netmelik teklifinin m\u00fcd\u00fcrl\u00fc\u011f\u00fcnden geldi\u011fi gibi kabul edilmesine, Belediyemiz Meclisince g\u00f6r\u00fc\u015f\u00fclmek \u00fczere sunulmas\u0131na oy birli\u011fi<br \/>\nile karar verildi. Denilmekte olup Meclis Ba\u015fkan\u0131 Bekir \u015e\u0130M\u015eEK s\u00f6z ald\u0131. Okunan g\u00fcndem maddesini Plan B\u00fct\u00e7e Komisyonundan geldi\u011fi gibi kabul edilmesini<br \/>\nteklif ediyorum. Teklif oylamaya sunuldu. Yap\u0131lan oylama neticesinde teklif oy birli\u011fi ile kabul edildi<\/td>\n<\/tr>\n<tr>\n<td>KARAR 40<\/td>\n<\/tr>\n<tr>\n<td>Belediyemiz Plan B\u00fct\u00e7e Komisyonumuza havale edilen\u037e Belediyemiz \u0130mar ve \u015eehircilik M\u00fcd\u00fcrl\u00fc\u011f\u00fcn\u00fcn \u00c7al\u0131\u015fma Y\u00f6netmeli\u011fi Komisyonumuzca g\u00f6r\u00fc\u015f\u00fcld\u00fc. G\u00f6r\u00fc\u015fme<br \/>\nneticesinde\u037e A\u015f\u0131\u011fa belirlenen y\u00f6netmelik teklifinin m\u00fcd\u00fcrl\u00fc\u011f\u00fcnden geldi\u011fi gibi kabul edilmesine, Belediyemiz Meclisince g\u00f6r\u00fc\u015f\u00fclmek \u00fczere sunulmas\u0131na oy birli\u011fi ile karar<br \/>\nverildi. Denilmekte olup Meclis Ba\u015fkan\u0131 Bekir \u015e\u0130M\u015eEK s\u00f6z ald\u0131. Okunan g\u00fcndem maddesini Plan B\u00fct\u00e7e Komisyonundan geldi\u011fi gibi kabul edilmesini teklif ediyorum. Teklioylamaya sunuldu. Yap\u0131lan oylama neticesinde teklif oy birli\u011fi ile kabul edildi.\n<\/td>\n<\/tr>\n<tr>\n<td>KARAR 41<\/td>\n<\/tr>\n<tr>\n<td>Belediyemiz Plan B\u00fct\u00e7e Komisyonumuza havale edilen\u037e Belediyemiz Zab\u0131ta M\u00fcd\u00fcrl\u00fc\u011f\u00fcn\u00fcn \u00c7al\u0131\u015fma Y\u00f6netmeli\u011fi Komisyonumuzca g\u00f6r\u00fc\u015f\u00fcld\u00fc. G\u00f6r\u00fc\u015fme neticesinde\u037e<br \/>\nA\u015f\u0131\u011fa belirlenen y\u00f6netmelik teklifin m\u00fcd\u00fcrl\u00fc\u011f\u00fcnden geldi\u011fi gibi kabul edilmesine, Belediyemiz Meclisince g\u00f6r\u00fc\u015f\u00fclmek \u00fczere sunulmas\u0131na oy birli\u011fi ile karar verildi.<br \/>\nDenilmekte olup Meclis Ba\u015fkan\u0131 Bekir \u015e\u0130M\u015eEK s\u00f6z ald\u0131. Okunan g\u00fcndem maddesini Plan B\u00fct\u00e7e Komisyonundan geldi\u011fi gibi kabul edilmesini teklif ediyorum. Teklif<br \/>\noylamaya sunuldu. Yap\u0131lan oylama neticesinde teklif oy birli\u011fi ile kabul edildi.\n<\/td>\n<\/tr>\n<tr>\n<td>KARAR 42<\/td>\n<\/tr>\n<tr>\n<td>Belediyemiz Plan B\u00fct\u00e7e Komisyonumuza havale edilen\u037e Belediyemiz Afet \u0130\u015fleri M\u00fcd\u00fcrl\u00fc\u011f\u00fcn\u00fcn \u00c7al\u0131\u015fma Y\u00f6netmeli\u011fi Komisyonumuzca g\u00f6r\u00fc\u015f\u00fcld\u00fc. G\u00f6r\u00fc\u015fme<br \/>\nneticesinde\u037e A\u015f\u0131\u011fa belirlenen y\u00f6netmelik teklifin m\u00fcd\u00fcrl\u00fc\u011f\u00fcnden geldi\u011fi gibi kabul edilmesine, Belediyemiz Meclisince g\u00f6r\u00fc\u015f\u00fclmek \u00fczere sunulmas\u0131na oy birli\u011fi ile karar<br \/>\nverildi. Denilmekte olup Meclis Ba\u015fkan\u0131 Bekir \u015e\u0130M\u015eEK s\u00f6z ald\u0131. Okunan g\u00fcndem maddesini Plan B\u00fct\u00e7e Komisyonundan geldi\u011fi gibi kabul edilmesini teklif ediyorum.Teklif oylamaya sunuldu. Yap\u0131lan oylama neticesinde teklif oy birli\u011fi ile kabul edildi.<\/td>\n<\/tr>\n<tr>\n<td>KARAR 43<\/td>\n<\/tr>\n<tr>\n<td>Belediyemiz Plan B\u00fct\u00e7e Komisyonumuza havale edilen\u037e Belediyemiz \u0130\u015fletme ve \u0130\u015ftirakler M\u00fcd\u00fcrl\u00fc\u011f\u00fcn\u00fcn \u00c7al\u0131\u015fma Y\u00f6netmeli\u011fi Komisyonumuzca g\u00f6r\u00fc\u015f\u00fcld\u00fc.<br \/>\nG\u00f6r\u00fc\u015fme neticesinde\u037e A\u015f\u0131\u011fa belirlenen y\u00f6netmelik teklifin m\u00fcd\u00fcrl\u00fc\u011f\u00fcnden geldi\u011fi gibi kabul edilmesine, Belediyemiz Meclisince g\u00f6r\u00fc\u015f\u00fclmek \u00fczere<br \/>\nsunulmas\u0131na oy birli\u011fi ile karar verildi. Denilmekte olup Meclis Ba\u015fkan\u0131 Bekir \u015e\u0130M\u015eEK s\u00f6z ald\u0131. Okunan g\u00fcndem maddesini Plan B\u00fct\u00e7e Komisyonundan<br \/>\ngeldi\u011fi gibi kabul edilmesini teklif ediyorum. Teklif oylamaya sunuldu. Yap\u0131lan oylama neticesinde teklif oy birli\u011fi ile kabul edildi.\n<\/td>\n<\/tr>\n<tr>\n<td>KARAR 44<\/td>\n<\/tr>\n<tr>\n<td>Belediyemiz Plan B\u00fct\u00e7e Komisyonumuza havale edilen\u037e Belediyemiz Mali Hizmetler M\u00fcd\u00fcrl\u00fc\u011f\u00fcn\u00fcn \u00c7al\u0131\u015fma Y\u00f6netmeli\u011fi Komisyonumuzca g\u00f6r\u00fc\u015f\u00fcld\u00fc.<br \/>\nG\u00f6r\u00fc\u015fme neticesinde\u037e A\u015f\u0131\u011fa belirlenen y\u00f6netmelik teklifin m\u00fcd\u00fcrl\u00fc\u011f\u00fcnden geldi\u011fi gibi kabul edilmesine, Belediyemiz Meclisince g\u00f6r\u00fc\u015f\u00fclmek \u00fczere sunulmas\u0131na<br \/>\noy birli\u011fi ile karar verildi. Denilmekte olup Meclis Ba\u015fkan\u0131 Bekir \u015e\u0130M\u015eEK s\u00f6z ald\u0131. Okunan g\u00fcndem maddesini Plan B\u00fct\u00e7e Komisyonundan geldi\u011fi gibi kabul<br \/>\nedilmesini teklif ediyorum. Teklif oylamaya sunuldu. Yap\u0131lan oylama neticesinde teklif oy birli\u011fi ile kabul edildi.\n<\/td>\n<\/tr>\n<tr>\n<td>KARAR 45<\/td>\n<\/tr>\n<tr>\n<td>Belediyemiz Plan B\u00fct\u00e7e Komisyonumuza havale edilen\u037e Belediyemiz \u00c7evre Koruma ve Kontrol M\u00fcd\u00fcrl\u00fc\u011f\u00fcn\u00fcn \u00c7al\u0131\u015fma Y\u00f6netmeli\u011fi Komisyonumuzca<br \/>\ng\u00f6r\u00fc\u015f\u00fcld\u00fc. G\u00f6r\u00fc\u015fme neticesinde\u037e A\u015f\u0131\u011fa belirlenen y\u00f6netmelik teklifin m\u00fcd\u00fcrl\u00fc\u011f\u00fcnden geldi\u011fi gibi kabul edilmesine, Belediyemiz Meclisince g\u00f6r\u00fc\u015f\u00fclmek \u00fczere<br \/>\nsunulmas\u0131na oy birli\u011fi ile karar verildi. Denilmekte olup Meclis Ba\u015fkan\u0131 Bekir \u015e\u0130M\u015eEK s\u00f6z ald\u0131. Okunan g\u00fcndem maddesini Plan B\u00fct\u00e7e Komisyonundan geldi\u011fi<br \/>\ngibi kabul edilmesini teklif ediyorum. Teklif oylamaya sunuldu. Yap\u0131lan oylama neticesinde teklif oy birli\u011fi ile kabul edildi.<\/td>\n<\/tr>\n<tr>\n<td>KARAR 46<\/td>\n<\/tr>\n<tr>\n<td>Belediyemiz Plan B\u00fct\u00e7e Komisyonumuza havale edilen\u037e Belediyemiz \u0130klim De\u011fi\u015fikli\u011fi ve S\u0131f\u0131r At\u0131k M\u00fcd\u00fcrl\u00fc\u011f\u00fcn\u00fcn \u00c7al\u0131\u015fma Y\u00f6netmeli\u011fi Komisyonumuzca<br \/>\ng\u00f6r\u00fc\u015f\u00fcld\u00fc. G\u00f6r\u00fc\u015fme neticesinde\u037e A\u015f\u0131\u011fa belirlenen y\u00f6netmelik teklifin m\u00fcd\u00fcrl\u00fc\u011f\u00fcnden geldi\u011fi gibi kabul edilmesine, Belediyemiz Meclisince g\u00f6r\u00fc\u015f\u00fclmek<br \/>\n\u00fczere sunulmas\u0131na oy birli\u011fi ile karar verildi. Denilmekte olup Meclis Ba\u015fkan\u0131 Bekir \u015e\u0130M\u015eEK s\u00f6z ald\u0131. Okunan g\u00fcndem maddesini Plan B\u00fct\u00e7e<br \/>\nKomisyonundan geldi\u011fi gibi kabul edilmesini teklif ediyorum. Teklif oylamaya sunuldu. Yap\u0131lan oylama neticesinde teklif oy birli\u011fi ile kabul edildi.\n<\/td>\n<\/tr>\n<tr>\n<td>KARAR 47<\/td>\n<\/tr>\n<tr>\n<td>Belediyemiz Plan B\u00fct\u00e7e Komisyonumuza havale edilen\u037e Belediyemiz Temizlik \u0130\u015fleri M\u00fcd\u00fcrl\u00fc\u011f\u00fcn\u00fcn \u00c7al\u0131\u015fma Y\u00f6netmeli\u011fi Komisyonumuzca g\u00f6r\u00fc\u015f\u00fcld\u00fc. G\u00f6r\u00fc\u015fme neticesinde\u037e A\u015f\u0131\u011fa belirlenen y\u00f6netmelik teklifin m\u00fcd\u00fcrl\u00fc\u011f\u00fcnden geldi\u011fi gibi kabul edilmesine, Belediyemiz Meclisince g\u00f6r\u00fc\u015f\u00fclmek \u00fczere sunulmas\u0131na oy birli\u011fi ile karar verildi. Denilmekte olup Meclis<br \/>\nBa\u015fkan\u0131 Bekir \u015e\u0130M\u015eEK s\u00f6z ald\u0131. Okunan g\u00fcndem maddesini Plan B\u00fct\u00e7e Komisyonundan geldi\u011fi gibi kabul edilmesini teklif ediyorum. Teklif oylamaya sunuldu. Yap\u0131lan oylama<br \/>\nneticesinde teklif oy birli\u011fi ile kabul edildi.\n<\/td>\n<\/tr>\n<tr>\n<td>KARAR 48<\/td>\n<\/tr>\n<tr>\n<td>Belediye Ba\u015fkanl\u0131\u011f\u0131m\u0131z norm kadrosunda bo\u015f bulunan 5. dereceli 2 adet Sa\u011fl\u0131k Memuru kadrosunun iptal edilerek<br \/>\nyerine 1. dereceli 2 adet M\u00fchendis kadrosunun ihdas edilmek \u00fczere 5393 Say\u0131l\u0131 Belediye Kanunun Belediye<br \/>\nMeclisinin g\u00f6rev ve yetkileri 3. madde L f\u0131kras\u0131: &#8220;Norm kadro \u00e7er\u00e7evesinde belediyenin ve ba\u011fl\u0131 kurulu\u015flar\u0131n\u0131n<br \/>\nkadrolar\u0131n\u0131n ihdas, iptal ve de\u011fi\u015ftirilmesine karar vermek.&#8221; maddesine istinaden Belediyemiz Meclisince gerekli<br \/>\nkarar\u0131n al\u0131nmas\u0131 hususunda\u037e Olurlar\u0131n\u0131za arz ederim. Denilmekte olup\u037e Meclis Ba\u015fkan\u0131 Bekir \u015e\u0130M\u015eEK. Okunan<br \/>\ng\u00fcndem maddesini m\u00fcd\u00fcrl\u00fc\u011f\u00fcnden geldi\u011fi gibi kabul edilmesini teklif ediyorum. Teklif oylamaya sunuldu. Yap\u0131lan<br \/>\noylama neticesinde teklif oy birli\u011fi ile kabul edildi.<\/td>\n<\/tr>\n<tr>\n<td>KARAR 49<\/td>\n<\/tr>\n<tr>\n<td>Belediyemiz Plan B\u00fct\u00e7e Komisyonumuza havale edilen\u037e Belediyemiz 2025 y\u0131l\u0131 b\u00fct\u00e7esi Mali Hizmetler<br \/>\nM\u00fcd\u00fcrl\u00fc\u011f\u00fc yedek \u00f6dene\u011finden yeni kurulan Veteriner \u0130\u015fleri M\u00fcd\u00fcrl\u00fc\u011f\u00fcne 1.200.000,00 TL tutar\u0131nda b\u00fct\u00e7e<br \/>\naktar\u0131lmas\u0131 hususunda 5393 Say\u0131l\u0131 Belediye Kanununun 18\/b maddesi uyar\u0131nca b\u00fct\u00e7e aktarma i\u015fleminin<br \/>\nyap\u0131lmas\u0131 i\u00e7in Belediyemiz Meclisine havale edilmesini Olurlar\u0131n\u0131za arz ederim. Denilmekte olup Meclis<br \/>\nBa\u015fkan\u0131 Bekir \u015e\u0130M\u015eEK. Okunan g\u00fcndem maddesini Plan B\u00fct\u00e7e Komisyonuna g\u00f6nderilmesini teklif<br \/>\nediyorum. Teklif oylamaya sunuldu. Yap\u0131lan oylama neticesinde teklif oy birli\u011fi ile kabul edildi.\n<\/td>\n<\/tr>\n<tr>\n<td>KARAR 50<\/td>\n<\/tr>\n<tr>\n<td>Belediyemiz Plan B\u00fct\u00e7e Komisyonumuza havale edilen\u037e Belediyemiz 2025 y\u0131l\u0131 b\u00fct\u00e7esi Mali Hizmetler<br \/>\nM\u00fcd\u00fcrl\u00fc\u011f\u00fc yedek \u00f6dene\u011finden yeni kurulan Veteriner \u0130\u015fleri M\u00fcd\u00fcrl\u00fc\u011f\u00fcne 1.200.000,00 TL tutar\u0131nda b\u00fct\u00e7e<br \/>\naktar\u0131lmas\u0131 hususunda 5393 Say\u0131l\u0131 Belediye Kanununun 18\/b maddesi uyar\u0131nca b\u00fct\u00e7e aktarma i\u015fleminin<br \/>\nyap\u0131lmas\u0131 i\u00e7in Belediyemiz Meclisine havale edilmesini Olurlar\u0131n\u0131za arz ederim. Denilmekte olup;<br \/>\nKomisyonumuzca g\u00f6r\u00fc\u015f\u00fcld\u00fc. M\u00fczekkere olundu. M\u00fczekkere neticesinde\u037e Yeni Kurulan Veteriner \u0130\u015fleri<br \/>\nM\u00fcd\u00fcrl\u00fc\u011f\u00fcne, Mali Hizmetler M\u00fcd\u00fcrl\u00fc\u011f\u00fcn\u00fcn yedek \u00f6dene\u011finden 1.200.000,00 TL b\u00fct\u00e7enin aktar\u0131lmas\u0131na<br \/>\nBelediyemiz Meclisince g\u00f6r\u00fc\u015f\u00fclmek \u00fczere sunulmas\u0131na oy birli\u011fi ile karar verildi. Denilmekte olup Birinci<br \/>\nMeclis Ba\u015fkan Vekili Mahmut SARISOY s\u00f6z ald\u0131.Okunan g\u00fcndem maddesini Plan B\u00fct\u00e7e Komisyonundan<br \/>\ngeldi\u011fi gibi kabul edilmesini teklif ediyorum. Teklif oylamaya sunuldu. Yap\u0131lan oylama neticesinde teklif oy<br \/>\nbirli\u011fi ile kabul edildi.<\/td>\n<\/tr>\n<\/tbody>\n<\/table>\n","protected":false},"excerpt":{"rendered":"<p>KARAR 35 Belediyemiz Plan B\u00fct\u00e7e Komisyonumuza havale edilen\u037e Belediyemiz Muhtarl\u0131k \u0130\u015fleri M\u00fcd\u00fcrl\u00fc\u011f\u00fcn\u00fcn \u00c7al\u0131\u015fma Y\u00f6netmeli\u011fi Komisyonumuzca g\u00f6r\u00fc\u015f\u00fcld\u00fc. G\u00f6r\u00fc\u015fme neticesinde\u037e A\u015f\u0131\u011fa belirlenen y\u00f6netmelik teklifin m\u00fcd\u00fcrl\u00fc\u011f\u00fcnden geldi\u011fi gibi kabul edilmesine, Belediyemiz Meclisince g\u00f6r\u00fc\u015f\u00fclmek \u00fczere sunulmas\u0131na oy birli\u011fi ile karar verildi. Denilmekte olup Meclis Ba\u015fkan\u0131 Bekir \u015e\u0130M\u015eEK s\u00f6z ald\u0131. Okunan g\u00fcndem maddesini Plan B\u00fct\u00e7e Komisyonundan geldi\u011fi gibi kabul edilmesini [&hellip;]<\/p>\n","protected":false},"author":10,"featured_media":0,"parent":11615,"menu_order":202503,"comment_status":"closed","ping_status":"closed","template":"","meta":{"footnotes":""},"class_list":["post-11680","page","type-page","status-publish","hentry"],"_links":{"self":[{"href":"https:\/\/www.karaisali.bel.tr\/index.php?rest_route=\/wp\/v2\/pages\/11680","targetHints":{"allow":["GET"]}}],"collection":[{"href":"https:\/\/www.karaisali.bel.tr\/index.php?rest_route=\/wp\/v2\/pages"}],"about":[{"href":"https:\/\/www.karaisali.bel.tr\/index.php?rest_route=\/wp\/v2\/types\/page"}],"author":[{"embeddable":true,"href":"https:\/\/www.karaisali.bel.tr\/index.php?rest_route=\/wp\/v2\/users\/10"}],"replies":[{"embeddable":true,"href":"https:\/\/www.karaisali.bel.tr\/index.php?rest_route=%2Fwp%2Fv2%2Fcomments&post=11680"}],"version-history":[{"count":1,"href":"https:\/\/www.karaisali.bel.tr\/index.php?rest_route=\/wp\/v2\/pages\/11680\/revisions"}],"predecessor-version":[{"id":11681,"href":"https:\/\/www.karaisali.bel.tr\/index.php?rest_route=\/wp\/v2\/pages\/11680\/revisions\/11681"}],"up":[{"embeddable":true,"href":"https:\/\/www.karaisali.bel.tr\/index.php?rest_route=\/wp\/v2\/pages\/11615"}],"wp:attachment":[{"href":"https:\/\/www.karaisali.bel.tr\/index.php?rest_route=%2Fwp%2Fv2%2Fmedia&parent=11680"}],"curies":[{"name":"wp","href":"https:\/\/api.w.org\/{rel}","templated":true}]}}