{"id":11675,"date":"2025-09-07T23:03:19","date_gmt":"2025-09-07T20:03:19","guid":{"rendered":"https:\/\/www.karaisali.bel.tr\/?page_id=11675"},"modified":"2025-09-07T23:03:19","modified_gmt":"2025-09-07T20:03:19","slug":"eylul-2025-meclis-kararlari","status":"publish","type":"page","link":"https:\/\/www.karaisali.bel.tr\/?page_id=11675","title":{"rendered":"Eyl\u00fcl 2025 Meclis Kararlar\u0131"},"content":{"rendered":"<table>\n<tbody>\n<tr>\n<td>KARAR 117<\/td>\n<\/tr>\n<tr>\n<td>5393 Say\u0131l\u0131 Belediye Kanunun 18. Maddesi o). F\u0131kras\u0131nda &#8220;Di\u011fer mahall\u00ee idarelerle birlik kurulmas\u0131na, kurulmu\u015f<br \/>\nbirliklere kat\u0131lmaya veya ayr\u0131lmaya karar vermek.&#8221; denilmektedir. Bu madde kapsam\u0131nda Karaisal\u0131 Belediye<br \/>\nBa\u015fkanl\u0131\u011f\u0131m\u0131z\u0131n Tarihi Kentler Birli\u011fine \u00fcye olmas\u0131 ve Belediye Ba\u015fkanl\u0131\u011f\u0131m\u0131z\u0131 temsil etmek \u00fczere (Belediye Ba\u015fkan\u0131<br \/>\ndo\u011fal \u00fcye say\u0131ld\u0131\u011f\u0131ndan) bir tane asil \u00fcye, bir tane yedek \u00fcye se\u00e7ilmesi i\u00e7in Belediyemiz Meclisine sunulmas\u0131<br \/>\nhususunda\u037e Olurlar\u0131n\u0131za arz ederim.<br \/>\nDenilmekte olup Belediye Ba\u015fkan\u0131 Bekir \u015e\u0130M\u015eEK s\u00f6z ald\u0131. Tarihi Kentler Birli\u011fine \u00dcye Olunmas\u0131 ve Asil \u00fcye olarak<br \/>\nAbdulkadir G\u00dcNALTIN yedek \u00fcye olarak Mustafa EREN\u2019in olmas\u0131n\u0131 teklif ediyorum. Dedi. Teklif oylamaya<br \/>\nsunuldu. Yap\u0131lan oylama neticesinde teklif oy birli\u011fi ile kabul edildi.\n<\/td>\n<\/tr>\n<tr>\n<td>KARAR 118<\/td>\n<\/tr>\n<tr>\n<td>\u0130lgi yaz\u0131lar gere\u011fi Karaisal\u0131 \u0130l\u00e7esi, Bucak, Beydemir, Durak, Karakuyu, Karap\u0131nar, K\u00f6r\u00fckl\u00fc, Tat\u0131k, \u00c7eceli, Ayakk\u0131f,<br \/>\nKocaveliler ve Murt\u00e7ukuru Mahallelerinde yap\u0131lacak olan kullan\u0131c\u0131\/muhdesat kadastrosu Ek\u00ad4(2\/B) \u00e7al\u0131\u015fmalar\u0131nda<br \/>\nKadastro ekibinde bilirki\u015fi olarak g\u00f6rev yapabilecek Muhtar hari\u00e7 Bucak Mahallesinde 1 ki\u015fi, Beydemir mahallesinde<br \/>\n1 ki\u015fi, Durak mahallesinde 2 ki\u015fi, Karakuyu mahallesinde 2 ki\u015fi, Karap\u0131nar mahallesinde 2 ki\u015fi, K\u00f6r\u00fckl\u00fc<br \/>\nmahallesinde1 ki\u015fi, Tat\u0131k mahallesinde 1 ki\u015fi, \u00c7eceli mahallesinde 1 ki\u015fi, Ayakk\u0131f mahallesinde 1 ki\u015fi, Kocaveliler<br \/>\nmahallesinde 2 ki\u015fi ve Murt\u00e7ukuru mahallesinde 1 ki\u015finin bilirki\u015fi olarak Belediye Meclisi taraf\u0131ndan se\u00e7ilmesi<br \/>\nhususunu OLUR&#8217; lar\u0131n\u0131za arz ederim.<br \/>\nDenilmekte olup Meclis Ba\u015fkan\u0131 Bekir \u015e\u0130M\u015eEK s\u00f6z ald\u0131. Okunan g\u00fcndem maddesini \u0130mar ve \u015eehircilik<br \/>\nKomisyonuna g\u00f6nderilmesini teklif ediyorum. Dedi. Teklif oylamaya sunuldu. Yap\u0131lan oylama neticesinde teklif oy<br \/>\nbirli\u011fi ile kabul edildi.<\/td>\n<\/tr>\n<tr>\n<td>KARAR 119<\/td>\n<\/tr>\n<tr>\n<td>Mekansal Adres Kay\u0131t Sisteminde adres ve numarataj bilgileri bulunmayan 31.12.2021 Tarihinden sonra yap\u0131lm\u0131\u015f<br \/>\nolan yap\u0131lar i\u00e7in Mekansal Adres Kay\u0131t Sistemine adres ve numarataj bilgilerinin ilk defa eklenebilmesi i\u00e7in Mahalle<br \/>\nyerle\u015fik alan\u0131 i\u00e7erisinde yer alan yap\u0131lar i\u00e7in 1.000.00 TL (B\u0130NT\u00dcRKL\u0130RASI) , Mahalle yerle\u015fik alan\u0131 d\u0131\u015far\u0131s\u0131nda<br \/>\nkalan yap\u0131lar i\u00e7in 10.000.00 TL (ONB\u0130NT\u00dcRKL\u0130RASI) olmas\u0131 i\u00e7in gerekli Meclis Karar\u0131 al\u0131nmas\u0131n\u0131 OLUR&#8217;lar\u0131n\u0131za<br \/>\narz ederim.<br \/>\nDenilmekte olup Meclis Ba\u015fkan\u0131 Bekir \u015e\u0130M\u015eEK s\u00f6z ald\u0131. Okunan g\u00fcndem maddesini Plan B\u00fct\u00e7e Komisyonuna<br \/>\ng\u00f6nderilmesini teklif ediyorum. Dedi. Teklif oylamaya sunuldu. Yap\u0131lan oylama neticesinde teklif oy birli\u011fi ile kabul<br \/>\nedildi.\n<\/td>\n<\/tr>\n<tr>\n<td>KARAR 120<\/td>\n<\/tr>\n<tr>\n<td>Belediyemize ait Varda \u00c7ardak Cafe, Dokuzoluk Mesire Alan\u0131 ve Karaisal\u0131 Belediyesi Petrol \u0130stasyonu i\u015fletmelerinin<br \/>\nBelediyemiz Enc\u00fcmenince kira yada Karaisal\u0131 \u0130n\u015faat Taahh\u00fct Petrol \u00dcr\u00fcnleri Kafeterya Turizm Sanayi ve Ticaret<br \/>\nAnonim \u015eirketine devir edilmesi i\u00e7in Enc\u00fcmene yetki verilmesi hususunda Belediyemiz meclisince g\u00f6r\u00fc\u015f\u00fclmesini\u037e<br \/>\nOlurlar\u0131n\u0131za arz ederim.<br \/>\nDenilmekte olup Meclis Ba\u015fkan\u0131 Bekir \u015e\u0130M\u015eEK s\u00f6z ald\u0131. Okunan g\u00fcndem maddesini Plan B\u00fct\u00e7e Komisyonuna<br \/>\ng\u00f6nderilmesini teklif ediyorum. Dedi. Teklif oylamaya sunuldu. Yap\u0131lan oylama neticesinde teklif oy birli\u011fi ile kabul<br \/>\nedildi.\n<\/td>\n<\/tr>\n<tr>\n<td>KARAR 121<\/td>\n<\/tr>\n<tr>\n<td>Belediyemiz Meclisince komisyonumuzda g\u00f6r\u00fc\u015f\u00fclmek \u00fczere havale edilen\u037e Adana ili, Karaisal\u0131 il\u00e7esi, Topkaral\u0131<br \/>\nMahallesi Sazl\u0131dere mevkii 605 ada 243 Parsel nolu ta\u015f\u0131nmaz, \u00c7atalan Baraj\u0131n\u0131n yap\u0131lmas\u0131 nedeniyle k\u00f6y halk\u0131na \u00d6zel<br \/>\n\u0130dare taraf\u0131ndan konut yap\u0131lmas\u0131 i\u00e7in izin verilmi\u015f olup\u037e 6360 say\u0131l\u0131 B\u00fcy\u00fck\u015fehir yasas\u0131yla 605 ada 243 parsel nolu<br \/>\nta\u015f\u0131nmaz Karaisal\u0131 Belediyesi uhdesine ge\u00e7mi\u015ftir. Belediye Meclisimizce 605 ada 243 parsel nolu ta\u015f\u0131nmaz\u0131n hisseli<br \/>\nsat\u0131\u015f\u0131 i\u00e7in Karaisal\u0131 Belediye enc\u00fcmenine yetki verilmesi hususunda\u037e Olurlar\u0131n\u0131za arz ederim. Denilmekte olup\u037e<br \/>\nKomisyonumuzca g\u00f6r\u00fc\u015f\u00fcld\u00fc. M\u00fczakere olundu. M\u00fczakere neticesinde\u037e 605 ada 243 parsel nolu ta\u015f\u0131nmaz\u0131n 2886<br \/>\nSay\u0131l\u0131 Devlet \u0130hale Kanununa g\u00f6reihale ile kullan\u0131c\u0131lara sat\u0131\u015f\u0131 i\u00e7in Karaisal\u0131 Belediye enc\u00fcmenine yetki verilmesine<br \/>\nBelediyemiz Meclisince g\u00f6r\u00fc\u015f\u00fclmek \u00fczere sunulmas\u0131na oy birli\u011fi ile karar verildi.<br \/>\nDenilmekte olup Meclis Ba\u015fkan\u0131 Bekir \u015e\u0130M\u015eEK s\u00f6z ald\u0131. Arkada\u015flar Okunan Komisyon raporunun \u0130mar ve<br \/>\n\u015eehircilik Komisyonundan geldi\u011fi gibi kabul edilmesini teklif ediyorum. Dedi. Teklif oylamaya sunuldu. Yap\u0131lan<br \/>\noylama neticesinde teklif oy birli\u011fi ile kabul edildi<\/td>\n<\/tr>\n<tr>\n<td>KARAR 122<\/td>\n<\/tr>\n<tr>\n<td>Belediyemiz Plan B\u00fct\u00e7e Komisyonumuza havale edilen\u037e Belediye Ba\u015fkanl\u0131\u011f\u0131m\u0131z \u00c7evre Koruma ve Kontrol<br \/>\nM\u00fcd\u00fcrl\u00fc\u011f\u00fcn\u00fcn 31.07.2025 tarih ve 20268 say\u0131l\u0131 yaz\u0131lar\u0131\u037e Belediyemize ait Akaryak\u0131t \u0130stasyonu olarak faaliyet<br \/>\ng\u00f6steren i\u015fletmemizin teknik ve fiziki olarak yetersizli\u011fi, tank ve tesisat\u0131n\u0131n eskimi\u015f olmas\u0131, artan talebi<br \/>\nkar\u015f\u0131layamamas\u0131, \u0130SG ko\u015fullar\u0131, elektrikli sarj istasyonu ve market ihtiyac\u0131, wc, ara\u00e7 y\u0131kama fiziki alanlar\u0131n\u0131n<br \/>\nyap\u0131lmas\u0131 gibi g\u00fcn\u00fcn ko\u015fullar\u0131na uygun olarak tadilat edilmesi gerekmekte olup, 10.000.000,00 TL<br \/>\n(ONM\u0130LYONT\u00dcRKL\u0130RASI) tutar\u0131nda Belediye Ba\u015fkan\u0131m\u0131z Bekir \u015e\u0130M\u015eEK&#8217;e bor\u00e7lanma yetkisinin verilmesi<br \/>\nhususunda\u037e Gere\u011fini arz ederim. Denilmekte olup\u037e Komisyonumuzca g\u00f6r\u00fc\u015f\u00fcld\u00fc. M\u00fczakere olundu. M\u00fczakere<br \/>\nneticesinde\u037e Belediyemiz Akaryak\u0131t \u0130stasyonunun Yenilenmesi i\u00e7in 10.000.000,00 TL (ONM\u0130LYONT\u00dcRKL\u0130RASI)<br \/>\nKredinin \u0130ller Bankas\u0131 (\u0130l Bank) A.\u015e\u2019den kullan\u0131lmas\u0131na, Belediye Ba\u015fkan\u0131 Bekir \u015e\u0130M\u015eEK\u2019e yetki verilmesine,<br \/>\nBelediyemiz Meclisince g\u00f6r\u00fc\u015f\u00fclmek \u00fczere sunulmas\u0131na oy birli\u011fi ile karar verildi.<br \/>\nDenilmekte olup Meclis Ba\u015fkan\u0131 Bekir \u015e\u0130M\u015eEK s\u00f6z ald\u0131. Okunan g\u00fcndem maddesini Plan B\u00fct\u00e7e Komisyonundan<br \/>\ngeldi\u011fi gibi kabul edilmesini teklif ediyorum. Dedi. Teklif oylamaya sunuldu. Yap\u0131lan oylama neticesinde teklif oy<br \/>\nbirli\u011fi ile kabul edildi.\n<\/td>\n<\/tr>\n<tr>\n<td>KARAR 123<\/td>\n<\/tr>\n<tr>\n<td>Belediyemiz Meclisince komisyonumuzda g\u00f6r\u00fc\u015f\u00fclmek \u00fczere havale edilen\u037e \u0130lgi yaz\u0131lar gere\u011fi Karaisal\u0131 \u0130l\u00e7esi,<br \/>\nBucak, Beydemir, Durak, Karakuyu, Karap\u0131nar, K\u00f6r\u00fckl\u00fc, Tat\u0131k, \u00c7eceli, Ayakk\u0131f, Kocaveliler ve Murt\u00e7ukuru<br \/>\nMahallelerinde yap\u0131lacak olan kullan\u0131c\u0131\/muhdesat kadastrosu Ek\u00ad4(2\/B) \u00e7al\u0131\u015fmalar\u0131nda Kadastro ekibinde bilirki\u015fi<br \/>\nolarak g\u00f6rev yapabilecek Muhtar hari\u00e7 Bucak Mahallesinde 1 ki\u015fi, Beydemir mahallesinde 1 ki\u015fi, Durak mahallesinde<br \/>\n2 ki\u015fi, Karakuyu mahallesinde 2 ki\u015fi, Karap\u0131nar mahallesinde 2 ki\u015fi, K\u00f6r\u00fckl\u00fc mahallesinde1 ki\u015fi, Tat\u0131k mahallesinde 1<br \/>\nki\u015fi, \u00c7eceli mahallesinde 1 ki\u015fi, Ayakk\u0131f mahallesinde 1 ki\u015fi, Kocaveliler mahallesinde 2 ki\u015fi ve Murt\u00e7ukuru<br \/>\nmahallesinde 1 ki\u015finin bilirki\u015fi olarak Belediye Meclisi taraf\u0131ndan se\u00e7ilmesi hususunu OLUR&#8217; lar\u0131n\u0131za arz ederim.<br \/>\nDenilmekte olup\u037e Komisyonumuzca g\u00f6r\u00fc\u015f\u00fcld\u00fc. M\u00fczakere olundu. M\u00fczakere neticesinde\u037e Karaisal\u0131 \u0130l\u00e7esi, Bucak,<br \/>\nBeydemir, Durak, Karakuyu, Karap\u0131nar, K\u00f6r\u00fckl\u00fc, Tat\u0131k, \u00c7eceli, Ayakk\u0131f, Kocaveliler ve Murt\u00e7ukuru 3402 say\u0131l\u0131<br \/>\nKadastro kanunun h\u00fck\u00fcmlerince yap\u0131lacak olan Kadastro ekibinde bilirki\u015fi olarak g\u00f6rev yapmak \u00fczere a\u015fa\u011f\u0131da<br \/>\ntabloda \u0130sim, TC kimlik numaralar\u0131 ,Telefon numaral\u0131 yaz\u0131l\u0131  ki\u015filerin   belirlenmesine komisyonumuzca oy birli\u011fi ile<br \/>\nkarar verili. Belediyemiz Meclisince g\u00f6r\u00fc\u015f\u00fclmek \u00fczere sunulmas\u0131na oy birli\u011fi ile karar verildi.<\/td>\n<\/tr>\n<tr>\n<td>KARAR 124<\/td>\n<\/tr>\n<tr>\n<td>Belediyemiz Plan B\u00fct\u00e7e Komisyonumuza havale edilen\u037e Belediyemiz Meclisince komisyonumuzda g\u00f6r\u00fc\u015f\u00fclmek \u00fczere<br \/>\nhavale edilen Mekansal Adres Kay\u0131t Sisteminde adres ve numarataj bilgileri bulunmayan 31.12.2021 Tarihinden<br \/>\nsonra yap\u0131lm\u0131\u015f olan yap\u0131lar i\u00e7in Mekansal Adres Kay\u0131t Sistemine adres ve numarataj bilgilerinin ilk defa eklenebilmesi<br \/>\ni\u00e7in Mahalle yerle\u015fik alan\u0131 i\u00e7erisinde yer alan yap\u0131lar i\u00e7in 1.000.00 TL (B\u0130NT\u00dcRKL\u0130RASI) , Mahalle yerle\u015fik alan\u0131<br \/>\nd\u0131\u015far\u0131s\u0131nda kalan yap\u0131lar i\u00e7in 10.000.00 TL (ONB\u0130NT\u00dcRKL\u0130RASI) olmas\u0131 i\u00e7in gerekli Meclis Karar\u0131 al\u0131nmas\u0131n\u0131<br \/>\nOLUR&#8217;lar\u0131n\u0131za arz ederim. Denilmekte olup\u037e Komisyonumuzca g\u00f6r\u00fc\u015f\u00fcld\u00fc. M\u00fczakere olundu. M\u00fczakere neticesinde\u037e<br \/>\nMahalle yerle\u015fik alan\u0131 i\u00e7erisinde yer alan yap\u0131lar i\u00e7in 1.000.00 TL (B\u0130NT\u00dcRKL\u0130RASI), Mahalle yerle\u015fik alan\u0131<br \/>\nd\u0131\u015far\u0131s\u0131nda kalan yap\u0131lar i\u00e7in 10.000.00 TL (ONB\u0130NT\u00dcRKL\u0130RASI) olmas\u0131na Belediyemiz Meclisince g\u00f6r\u00fc\u015f\u00fclmek<br \/>\n\u00fczere sunulmas\u0131na oy birli\u011fi ile karar verildi.<br \/>\nDenilmekte olup Meclis Ba\u015fkan\u0131 Bekir \u015e\u0130M\u015eEK s\u00f6z ald\u0131. Okunan g\u00fcndem maddesini Plan B\u00fct\u00e7e Komisyonundan<br \/>\ngeldi\u011fi gibi kabul edilmesini teklif ediyorum. Dedi. Teklif oylamaya sunuldu. Yap\u0131lan oylama neticesinde teklif oy<br \/>\nbirli\u011fi ile kabul edildi.\n<\/td>\n<\/tr>\n<tr>\n<td>KARAR 125<\/td>\n<\/tr>\n<tr>\n<td>Belediyemiz Plan B\u00fct\u00e7e Komisyonumuza havale edilen\u037e Belediyemize ait Varda \u00c7ardak Cafe, Dokuzoluk Mesire<br \/>\nAlan\u0131 ve Karaisal\u0131 Belediyesi Petrol \u0130stasyonu i\u015fletmelerinin Belediyemiz Enc\u00fcmenince kira yada Karaisal\u0131 \u0130n\u015faat<br \/>\nTaahh\u00fct Petrol \u00dcr\u00fcnleri Kafeterya Turizm Sanayi ve Ticaret Anonim \u015eirketine devir edilmesi i\u00e7in Enc\u00fcmene yetki<br \/>\nverilmesi hususunda Belediyemiz meclisince g\u00f6r\u00fc\u015f\u00fclmesini\u037e Olurlar\u0131n\u0131za arz ederim. Denilmekte olup\u037e<br \/>\nKomisyonumuzca g\u00f6r\u00fc\u015f\u00fcld\u00fc. M\u00fczakere olundu. M\u00fczakere neticesinde\u037e Teklifin M\u00fcd\u00fcrl\u00fc\u011f\u00fcne geri g\u00f6nderilmesine<br \/>\nBelediyemiz Meclisince g\u00f6r\u00fc\u015f\u00fclmek \u00fczere sunulmas\u0131na oy birli\u011fi ile karar verildi.<br \/>\nDenilmekte olup Meclis Ba\u015fkan\u0131 Bekir \u015e\u0130M\u015eEK s\u00f6z ald\u0131. Okunan g\u00fcndem maddesini Plan B\u00fct\u00e7e Komisyonundan<br \/>\ngeldi\u011fi gibi kabul edilmesini teklif ediyorum. Dedi. Teklif oylamaya sunuldu. Yap\u0131lan oylama neticesinde teklif oy<br \/>\nbirli\u011fi ile kabul edildi.\n<\/td>\n<\/tr>\n<tr>\n<td>KARAR 126<\/td>\n<\/tr>\n<tr>\n<td>Belediyemize ait Varda \u00c7ardak Cafe, Dokuzoluk Mesire Alan\u0131 ve Karaisal\u0131 Belediyesi Petrol \u0130stasyonu i\u015fletmelerinin<br \/>\nBelediyemiz Meclisince kiralama s\u00fcresinin belirlenmesi, 2886 Say\u0131l\u0131 Devlet \u0130hale Kanununa g\u00f6re Belediye<br \/>\nEnc\u00fcmenince ihale yap\u0131lmas\u0131 i\u00e7in  Belediyemiz meclisince g\u00f6r\u00fc\u015f\u00fclmesini\u037e Olurlar\u0131n\u0131za arz ederim.<br \/>\nDenilmekte olup Meclis Ba\u015fkan\u0131 Bekir \u015e\u0130M\u015eEK s\u00f6z ald\u0131. Okunan g\u00fcndem maddesini Plan B\u00fct\u00e7e Komisyonuna<br \/>\ng\u00f6nderilmesini teklif ediyorum. Dedi. Teklif oylamaya sunuldu. Yap\u0131lan oylama neticesinde teklif oy birli\u011fi ile kabul<br \/>\nedildi.\n<\/td>\n<\/tr>\n<\/tbody>\n<\/table>\n","protected":false},"excerpt":{"rendered":"<p>KARAR 117 5393 Say\u0131l\u0131 Belediye Kanunun 18. Maddesi o). F\u0131kras\u0131nda &#8220;Di\u011fer mahall\u00ee idarelerle birlik kurulmas\u0131na, kurulmu\u015f birliklere kat\u0131lmaya veya ayr\u0131lmaya karar vermek.&#8221; denilmektedir. Bu madde kapsam\u0131nda Karaisal\u0131 Belediye Ba\u015fkanl\u0131\u011f\u0131m\u0131z\u0131n Tarihi Kentler Birli\u011fine \u00fcye olmas\u0131 ve Belediye Ba\u015fkanl\u0131\u011f\u0131m\u0131z\u0131 temsil etmek \u00fczere (Belediye Ba\u015fkan\u0131 do\u011fal \u00fcye say\u0131ld\u0131\u011f\u0131ndan) bir tane asil \u00fcye, bir tane yedek \u00fcye se\u00e7ilmesi i\u00e7in [&hellip;]<\/p>\n","protected":false},"author":10,"featured_media":0,"parent":11615,"menu_order":202509,"comment_status":"closed","ping_status":"closed","template":"","meta":{"footnotes":""},"class_list":["post-11675","page","type-page","status-publish","hentry"],"_links":{"self":[{"href":"https:\/\/www.karaisali.bel.tr\/index.php?rest_route=\/wp\/v2\/pages\/11675","targetHints":{"allow":["GET"]}}],"collection":[{"href":"https:\/\/www.karaisali.bel.tr\/index.php?rest_route=\/wp\/v2\/pages"}],"about":[{"href":"https:\/\/www.karaisali.bel.tr\/index.php?rest_route=\/wp\/v2\/types\/page"}],"author":[{"embeddable":true,"href":"https:\/\/www.karaisali.bel.tr\/index.php?rest_route=\/wp\/v2\/users\/10"}],"replies":[{"embeddable":true,"href":"https:\/\/www.karaisali.bel.tr\/index.php?rest_route=%2Fwp%2Fv2%2Fcomments&post=11675"}],"version-history":[{"count":1,"href":"https:\/\/www.karaisali.bel.tr\/index.php?rest_route=\/wp\/v2\/pages\/11675\/revisions"}],"predecessor-version":[{"id":11676,"href":"https:\/\/www.karaisali.bel.tr\/index.php?rest_route=\/wp\/v2\/pages\/11675\/revisions\/11676"}],"up":[{"embeddable":true,"href":"https:\/\/www.karaisali.bel.tr\/index.php?rest_route=\/wp\/v2\/pages\/11615"}],"wp:attachment":[{"href":"https:\/\/www.karaisali.bel.tr\/index.php?rest_route=%2Fwp%2Fv2%2Fmedia&parent=11675"}],"curies":[{"name":"wp","href":"https:\/\/api.w.org\/{rel}","templated":true}]}}