{"id":11673,"date":"2025-09-07T22:57:58","date_gmt":"2025-09-07T19:57:58","guid":{"rendered":"https:\/\/www.karaisali.bel.tr\/?page_id=11673"},"modified":"2025-09-07T22:57:58","modified_gmt":"2025-09-07T19:57:58","slug":"agustos-2025-meclis-kararlari","status":"publish","type":"page","link":"https:\/\/www.karaisali.bel.tr\/?page_id=11673","title":{"rendered":"A\u011fustos 2025 Meclis Kararlar\u0131"},"content":{"rendered":"<table>\n<tbody>\n<tr>\n<td>KARAR 111<\/td>\n<\/tr>\n<tr>\n<td>Adana ili, Karaisal\u0131 il\u00e7esi, Topkaral\u0131 Mahallesi Sazl\u0131dere mevki  605 ada 243 Parsel nolu ta\u015f\u0131nmaz, \u00c7atalan Baraj\u0131n\u0131n yap\u0131lmas\u0131 nedeniyle k\u00f6y<br \/>\nhalk\u0131na \u00d6zel \u0130dare taraf\u0131ndan konut yap\u0131lmas\u0131 i\u00e7in izin verilmi\u015f olup\u037e 6360 say\u0131l\u0131 B\u00fcy\u00fck\u015fehir yasas\u0131yla 605 ada 243 parsel nolu ta\u015f\u0131nmaz<br \/>\nKaraisal\u0131 Belediyesi uhdesine ge\u00e7mi\u015ftir. Belediye Meclisimizce 605 ada 243 parsel nolu ta\u015f\u0131nmaz\u0131n hisseli sat\u0131\u015f\u0131 i\u00e7in Karaisal\u0131 Belediye<br \/>\nenc\u00fcmenine yetki verilmesi hususunda\u037e Olurlar\u0131n\u0131za arz ederim.<br \/>\nDenilmekte olup Meclis Birinci Ba\u015fkan Vekili Mahmut SARISOY s\u00f6z ald\u0131. Okunan g\u00fcndem maddesini \u0130mar ve \u015eehircilik Komisyonuna<br \/>\ng\u00f6nderilmesini teklif ediyorum. Dedi. Teklif oylamaya sunuldu. Yap\u0131lan oylama neticesinde teklif oy birli\u011fi ile kabul edildi.<\/td>\n<\/tr>\n<tr>\n<td>KARAR 112<\/td>\n<\/tr>\n<tr>\n<td>Belediye Ba\u015fkanl\u0131\u011f\u0131m\u0131z \u00c7evre Koruma ve Kontrol M\u00fcd\u00fcrl\u00fc\u011f\u00fcn\u00fcn 31.07.2025 tarih ve 20268 say\u0131l\u0131 yaz\u0131lar\u0131\u037e<br \/>\nBelediyemize ait Akaryak\u0131t \u0130stasyonu olarak faaliyet g\u00f6steren i\u015fletmemizin teknik ve fiziki olarak yetersizli\u011fi, tank ve<br \/>\ntesisat\u0131n\u0131n eskimi\u015f olmas\u0131, artan talebi kar\u015f\u0131layamamas\u0131, \u0130SG ko\u015fullar\u0131, elektrikli sarj istasyonu ve market ihtiyac\u0131, wc,<br \/>\nara\u00e7 y\u0131kama fiziki alanlar\u0131n\u0131n yap\u0131lmas\u0131 gibi g\u00fcn\u00fcn ko\u015fullar\u0131na uygun olarak tadilat edilmesi gerekmekte olup,<br \/>\n10.000.000,00 TL (ONM\u0130LYONT\u00dcRKL\u0130RASI) tutar\u0131nda Belediye Ba\u015fkan\u0131m\u0131z Bekir \u015e\u0130M\u015eEK&#8217;e bor\u00e7lanma<br \/>\nyetkisinin verilmesi hususunda\u037e Olurlar\u0131n\u0131za arz ederim.<br \/>\nDenilmekte olup Meclis Birinci Ba\u015fkan Vekili Mahmut SARISOY s\u00f6z ald\u0131. Okunan g\u00fcndem maddesini Plan B\u00fct\u00e7e<br \/>\nKomisyonuna g\u00f6nderilmesini teklif ediyorum. Dedi. Teklif oylamaya sunuldu. Yap\u0131lan oylama neticesinde teklif oy<br \/>\nbirli\u011fi ile kabul edildi.\n<\/td>\n<\/tr>\n<tr>\n<td>KARAR 113<\/td>\n<\/tr>\n<tr>\n<td>Karaisal\u0131 Belediyesi Temizlik \u0130\u015fleri M\u00fcd\u00fcrl\u00fc\u011f\u00fc\u2019n\u00fcn g\u00f6rev ve sorumluluklar\u0131n\u0131 etkin \u015fekilde yerine getirebilmesi amac\u0131yla, temizlik i\u015flerinde<br \/>\nkullan\u0131lmak \u00fczere, sahada g\u00f6rev yapan personelin ula\u015f\u0131m\u0131n\u0131 ve gerekli ekipmanlar\u0131n ta\u015f\u0131nmas\u0131n\u0131 sa\u011flayabilecek uygun bir hizmet arac\u0131na ihtiya\u00e7<br \/>\nduyulmaktad\u0131r. \u0130l\u00e7emiz, da\u011fl\u0131k ve engebeli yap\u0131s\u0131 ile dikkat \u00e7ekmekte olup 62 mahalleye yay\u0131lan geni\u015f bir y\u00fcz\u00f6l\u00e7\u00fcm\u00fcne sahiptir. S\u00f6z konusu<br \/>\nco\u011frafi ve idari yap\u0131, temizlik ve s\u0131f\u0131r at\u0131k faaliyetlerinin y\u00fcr\u00fct\u00fclmesinde \u00f6nemli lojistik zorluklar do\u011furmaktad\u0131r. Mevcut ara\u00e7lar, temizlik<br \/>\npersonelinin ta\u015f\u0131nmas\u0131 ve e\u015f zamanl\u0131 ekipman sevkiyat\u0131 i\u00e7in yeterli donan\u0131ma sahip olmad\u0131\u011f\u0131ndan, hizmet verimlili\u011fi olumsuz etkilenmektedir.<br \/>\nBu kapsamda, temizlik i\u015flerinde kullan\u0131lmak \u00fczere \u00e7ift kabinli bir kamyonetin m\u00fcd\u00fcrl\u00fc\u011f\u00fcm\u00fcze tahsisi ile birlikte hem temizlik personelinin<br \/>\ng\u00fcvenli ve toplu \u015fekilde sahaya ula\u015fmas\u0131 sa\u011flanacak, hem de s\u0131f\u0131r at\u0131k konteynerleri, temizlik malzemeleri ve ekipmanlar\u0131n\u0131n ta\u015f\u0131nmas\u0131 m\u00fcmk\u00fcn<br \/>\nhale gelecektir. Ayr\u0131ca, yeni kurulan \u0130klim De\u011fi\u015fikli\u011fi ve S\u0131f\u0131r At\u0131k M\u00fcd\u00fcrl\u00fc\u011f\u00fcm\u00fcz\u00fcn \u00f6zellikle k\u0131rsal mahallelerde y\u00fcr\u00fctt\u00fc\u011f\u00fc s\u0131f\u0131r at\u0131k \u00e7al\u0131\u015fmalar\u0131,<br \/>\ne\u011fitim faaliyetleri ve at\u0131k toplama hizmetleri i\u00e7in ula\u015f\u0131m kabiliyetinin art\u0131r\u0131lmas\u0131 b\u00fcy\u00fck \u00f6nem arz etmektedir.<br \/>\nAyn\u0131 ara\u00e7la hem personel hem de malzeme ta\u015f\u0131nabilmesi sayesinde maliyetlerin azalt\u0131lmas\u0131, yak\u0131t ve bak\u0131m giderlerinde tasarruf sa\u011flanmas\u0131<br \/>\nhedeflenmektedir. Bu do\u011frultuda, Karaisal\u0131 Belediyesi Temizlik \u0130\u015fleri M\u00fcd\u00fcrl\u00fc\u011f\u00fc\u2019n\u00fcn faaliyetlerini daha etkin, h\u0131zl\u0131 ve s\u00fcrd\u00fcr\u00fclebilir \u015fekilde<br \/>\ns\u00fcrd\u00fcrebilmesi amac\u0131yla temizlik i\u015flerinde kullan\u0131lmak \u00fczere bir adet \u00e7ift kabinli kamyonetin temin edilmesi hususu gerekli ve zaruridir.<br \/>\nBu kapsamda Belediye Ba\u015fkanl\u0131\u011f\u0131m\u0131z hizmetlerinde kullan\u0131lmak \u00fczere 1 adet \u00e7ift kabinli kamyonet almak i\u00e7in 17.05.2024 tarihli ve 32549<br \/>\nsay\u0131l\u0131 Resmi Gazetede yay\u0131nlanan Tasarruf Tedbirlerini g\u00f6z \u00f6n\u00fcnde bulundurularak Meclisimizin \u00c7evre \u015eehircilik ve \u0130klim De\u011fi\u015fikli\u011fi<br \/>\nBakanl\u0131\u011f\u0131\u2019ndan gerekli izinlerin al\u0131nmas\u0131 konusunda Belediye Ba\u015fkan\u0131m\u0131z Bekir \u015e\u0130M\u015eEK\u2019e yetki verilmesi hususunda Meclise havalesini<br \/>\nOlurlar\u0131n\u0131za arz ederim.<br \/>\nDenilmekte olup, Meclis Birinci Ba\u015fkan Vekili Mahmut SARISOY s\u00f6z ald\u0131. Okunan g\u00fcndem maddesini m\u00fcd\u00fcrl\u00fc\u011f\u00fcnden geldi\u011fi gibi kabul<br \/>\nedilmesini teklif ediyorum. Dedi. Teklif oylamaya sunuldu. Oylama neticesinde teklif oy birli\u011fi ile kabul edildi.\n<\/td>\n<\/tr>\n<tr>\n<td>KARAR 114<\/td>\n<\/tr>\n<tr>\n<td>Adana \u0130li, Karaisal\u0131 \u0130l\u00e7esi, Karap\u0131nar Mahallesi, 239 ada 14 parselde yer alan 8324 m\u00b2 ta\u015f\u0131nmaz\u0131n 1359 m\u00b2\u2019si Karaisal\u0131<br \/>\nBelediye Ba\u015fkanl\u0131\u011f\u0131 m\u00fclkiyetinde olup, 6965 m\u00b2\u2019si ise Maliye Hazinesi m\u00fclkiyetinde kalmaktad\u0131r. S\u00f6z konusu<br \/>\nta\u015f\u0131nmaz\u0131n uydu g\u00f6r\u00fcnt\u00fcs\u00fc (Ek1)\u2019te yer almaktad\u0131r.<br \/>\n&#8220;T\u00fcrkiye \u00c7evre Ajans\u0131 Taraf\u0131ndan Yap\u0131lacak Mali ve Teknik Destek ile \u0130\u015f Birli\u011fine \u0130li\u015fkin Y\u00f6netmelik&#8221; kapsam\u0131nda<br \/>\nyap\u0131lan de\u011ferlendirmede\u037e 7261 say\u0131l\u0131 T\u00fcrkiye \u00c7evre Ajans\u0131n\u0131n kurulmas\u0131 ile baz\u0131 kanunlarda de\u011fi\u015fiklik yap\u0131lmas\u0131na<br \/>\ndair Kanunun 4. maddesinde yer alan faaliyetlere y\u00f6nelik olarak 28.04.2025 tarihli ve 495 say\u0131l\u0131 Makam Olur&#8217;una<br \/>\nistinaden T\u00fcrkiye \u00c7evre Ajans\u0131 ile Belediyemiz aras\u0131nda \u0130\u015fbirli\u011fine y\u00f6nelik mali ve teknik destek uygun bulunmu\u015ftur.<br \/>\nBu kapsamda konuya ili\u015fkin mali ve teknik desteklerin ger\u00e7ekle\u015ftirilebilmesi i\u00e7in Karaisal\u0131 Belediye Ba\u015fkanl\u0131\u011f\u0131<br \/>\nMeclisinde Mali ve teknik destek talebi ile ilgili Ajans\u0131n\u0131za hitaben Belediye Ba\u015fkan\u0131 Bekir \u015e\u0130M\u015eEK&#8217;e yetki verilmesi<br \/>\ni\u00e7in Belediyemiz Meclisince g\u00f6r\u00fc\u015f\u00fclmesi hususunda\u037e Olurlar\u0131n\u0131za arz ederim.<br \/>\nDenilmekte olup, Meclis Birinci Ba\u015fkan Vekili Mahmut SARISOY s\u00f6z ald\u0131. Okunan g\u00fcndem maddesini<br \/>\nm\u00fcd\u00fcrl\u00fc\u011f\u00fcnden geldi\u011fi gibi kabul edilmesini teklif ediyorum. Dedi. Teklif oylamaya sunuldu. Oylama neticesinde<br \/>\nteklif oy birli\u011fi ile kabul edildi.\n<\/td>\n<\/tr>\n<tr>\n<td>KARAR 115<\/td>\n<\/tr>\n<tr>\n<td>Belediyemiz Meclisince komisyonumuzda g\u00f6r\u00fc\u015f\u00fclmek \u00fczere havale edilen\u037e Adana ili, Karaisal\u0131 il\u00e7esi, Topkaral\u0131<br \/>\nMahallesi Sazl\u0131dere mevkii 605 ada 243 Parsel nolu ta\u015f\u0131nmaz, \u00c7atalan Baraj\u0131n\u0131n yap\u0131lmas\u0131 nedeniyle k\u00f6y halk\u0131na \u00d6zel<br \/>\n\u0130dare taraf\u0131ndan konut yap\u0131lmas\u0131 i\u00e7in izin verilmi\u015f olup\u037e 6360 say\u0131l\u0131 B\u00fcy\u00fck\u015fehir yasas\u0131yla 605 ada 243 parsel nolu<br \/>\nta\u015f\u0131nmaz Karaisal\u0131 Belediyesi uhdesine ge\u00e7mi\u015ftir. Belediye Meclisimizce 605 ada 243 parsel nolu ta\u015f\u0131nmaz\u0131n hisseli<br \/>\nsat\u0131\u015f\u0131 i\u00e7in Karaisal\u0131 Belediye enc\u00fcmenine yetki verilmesi hususunda\u037e Olurlar\u0131n\u0131za arz ederim. Denilmekte olup\u037e<br \/>\nKomisyonumuzca g\u00f6r\u00fc\u015f\u00fcld\u00fc. M\u00fczakere olundu. M\u00fczakere neticesinde\u037e teklifin m\u00fcd\u00fcrl\u00fc\u011f\u00fcnden geldi\u011fi gibi kabul<br \/>\nedilmesine, Belediyemiz Meclisince g\u00f6r\u00fc\u015f\u00fclmek \u00fczere sunulmas\u0131na oy birli\u011fi ile karar verildi.<br \/>\nDenilmekte olup, Meclis Birinci Ba\u015fkan Vekili Mahmut SARISOY s\u00f6z ald\u0131. Okunan g\u00fcndem maddesini \u0130mar ve<br \/>\n\u015eehircilik Komisyonunda tekrar g\u00f6r\u00fc\u015f\u00fclmesini teklif ediyorum. Dedi. Teklif oylamaya sunuldu. Oylama neticesinde<br \/>\nteklif oy birli\u011fi ile kabul edildi.\n<\/td>\n<\/tr>\n<tr>\n<td>KARAR 116<\/td>\n<\/tr>\n<tr>\n<td>Belediyemiz Plan B\u00fct\u00e7e Komisyonumuza havale edilen\u037e Belediye Ba\u015fkanl\u0131\u011f\u0131m\u0131z \u00c7evre Koruma ve Kontrol<br \/>\nM\u00fcd\u00fcrl\u00fc\u011f\u00fcn\u00fcn 31.07.2025 tarih ve 20268 say\u0131l\u0131 yaz\u0131lar\u0131\u037e Belediyemize ait Akaryak\u0131t \u0130stasyonu olarak faaliyet<br \/>\ng\u00f6steren i\u015fletmemizin teknik ve fiziki olarak yetersizli\u011fi, tank ve tesisat\u0131n\u0131n eskimi\u015f olmas\u0131, artan talebi<br \/>\nkar\u015f\u0131layamamas\u0131, \u0130SG ko\u015fullar\u0131, elektrikli sarj istasyonu ve market ihtiyac\u0131, wc, ara\u00e7 y\u0131kama fiziki alanlar\u0131n\u0131n<br \/>\nyap\u0131lmas\u0131 gibi g\u00fcn\u00fcn ko\u015fullar\u0131na uygun olarak tadilat edilmesi gerekmekte olup, 10.000.000,00 TL<br \/>\n(ONM\u0130LYONT\u00dcRKL\u0130RASI) tutar\u0131nda Belediye Ba\u015fkan\u0131m\u0131z Bekir \u015e\u0130M\u015eEK&#8217;e bor\u00e7lanma yetkisinin verilmesi<br \/>\nhususunda\u037e Gere\u011fini arz ederim. Denilmekte olup\u037e Komisyonumuzca g\u00f6r\u00fc\u015f\u00fcld\u00fc. M\u00fczakere olundu. M\u00fczakere<br \/>\nneticesinde\u037e Belediyemiz Akaryak\u0131t \u0130stasyonunun Yenilenmesi i\u00e7in 10.000.000,00 TL (ONM\u0130LYONT\u00dcRKL\u0130RASI)<br \/>\nKredinin \u0130ller Bankas\u0131 A.\u015e\u2019den kullan\u0131lmas\u0131na, Belediye Ba\u015fkan\u0131 Bekir \u015e\u0130M\u015eEK\u2019e yetki verilmesine, Belediyemiz<br \/>\nMeclisince g\u00f6r\u00fc\u015f\u00fclmek \u00fczere sunulmas\u0131na oy birli\u011fi ile karar verildi.<br \/>\nDenilmekte olup, Meclis Birinci Ba\u015fkan Vekili Mahmut SARISOY s\u00f6z ald\u0131. Okunan g\u00fcndem maddesini Plan B\u00fct\u00e7e<br \/>\nKomisyonunda tekrar g\u00f6r\u00fc\u015f\u00fclmesini teklif ediyorum. Dedi. Teklif oylamaya sunuldu. Oylama neticesinde teklif oy<br \/>\nbirli\u011fi ile kabul edildi.\n<\/td>\n<\/tr>\n<\/tbody>\n<\/table>\n","protected":false},"excerpt":{"rendered":"<p>KARAR 111 Adana ili, Karaisal\u0131 il\u00e7esi, Topkaral\u0131 Mahallesi Sazl\u0131dere mevki 605 ada 243 Parsel nolu ta\u015f\u0131nmaz, \u00c7atalan Baraj\u0131n\u0131n yap\u0131lmas\u0131 nedeniyle k\u00f6y halk\u0131na \u00d6zel \u0130dare taraf\u0131ndan konut yap\u0131lmas\u0131 i\u00e7in izin verilmi\u015f olup\u037e 6360 say\u0131l\u0131 B\u00fcy\u00fck\u015fehir yasas\u0131yla 605 ada 243 parsel nolu ta\u015f\u0131nmaz Karaisal\u0131 Belediyesi uhdesine ge\u00e7mi\u015ftir. Belediye Meclisimizce 605 ada 243 parsel nolu ta\u015f\u0131nmaz\u0131n hisseli sat\u0131\u015f\u0131 [&hellip;]<\/p>\n","protected":false},"author":10,"featured_media":0,"parent":11615,"menu_order":202508,"comment_status":"closed","ping_status":"closed","template":"","meta":{"footnotes":""},"class_list":["post-11673","page","type-page","status-publish","hentry"],"_links":{"self":[{"href":"https:\/\/www.karaisali.bel.tr\/index.php?rest_route=\/wp\/v2\/pages\/11673","targetHints":{"allow":["GET"]}}],"collection":[{"href":"https:\/\/www.karaisali.bel.tr\/index.php?rest_route=\/wp\/v2\/pages"}],"about":[{"href":"https:\/\/www.karaisali.bel.tr\/index.php?rest_route=\/wp\/v2\/types\/page"}],"author":[{"embeddable":true,"href":"https:\/\/www.karaisali.bel.tr\/index.php?rest_route=\/wp\/v2\/users\/10"}],"replies":[{"embeddable":true,"href":"https:\/\/www.karaisali.bel.tr\/index.php?rest_route=%2Fwp%2Fv2%2Fcomments&post=11673"}],"version-history":[{"count":1,"href":"https:\/\/www.karaisali.bel.tr\/index.php?rest_route=\/wp\/v2\/pages\/11673\/revisions"}],"predecessor-version":[{"id":11674,"href":"https:\/\/www.karaisali.bel.tr\/index.php?rest_route=\/wp\/v2\/pages\/11673\/revisions\/11674"}],"up":[{"embeddable":true,"href":"https:\/\/www.karaisali.bel.tr\/index.php?rest_route=\/wp\/v2\/pages\/11615"}],"wp:attachment":[{"href":"https:\/\/www.karaisali.bel.tr\/index.php?rest_route=%2Fwp%2Fv2%2Fmedia&parent=11673"}],"curies":[{"name":"wp","href":"https:\/\/api.w.org\/{rel}","templated":true}]}}