{"id":11671,"date":"2025-09-07T22:34:16","date_gmt":"2025-09-07T19:34:16","guid":{"rendered":"https:\/\/www.karaisali.bel.tr\/?page_id=11671"},"modified":"2025-09-07T22:34:16","modified_gmt":"2025-09-07T19:34:16","slug":"haziran-2025-meclis-kararlari","status":"publish","type":"page","link":"https:\/\/www.karaisali.bel.tr\/?page_id=11671","title":{"rendered":"Haziran 2025 Meclis Kararlar\u0131"},"content":{"rendered":"<table>\n<tbody>\n<tr>\n<td>KARAR 79<\/td>\n<\/tr>\n<tr>\n<td>Adana \u0130li, Karaisal\u0131 \u0130l\u00e7esi, Karap\u0131nar Mahallesi 239 ada 14 parselde 8324 m\u00b2 ta\u015f\u0131nmaz\u0131n 1359.00 m\u00b2 Karaisal\u0131<br \/>\nBelediyesinin 6965.00m\u00b2 ise Maliye Hazinesi M\u00fclkiyetinde kalmaktad\u0131r. Tapu Kayd\u0131 (Ek1) imar \u00e7ap\u0131 (Ek2) ve Uydu<br \/>\ng\u00f6r\u00fcnt\u00fcs\u00fc (Ek3)&#8217;de sunulmu\u015ftur. Kentsel D\u00f6n\u00fc\u015f\u00fcm Ba\u015fkanl\u0131\u011f\u0131 \u00c7evre d\u00fczenlemesine kaynak al\u0131m\u0131n\u0131 2025 program\u0131na<br \/>\nal\u0131nm\u0131\u015ft\u0131r. \u00c7evre d\u00fczenlemesi kayna\u011f\u0131n\u0131n kullan\u0131lmas\u0131 i\u00e7in 209 ada 14 parselin 6306 say\u0131l\u0131 Afet Riski alt\u0131ndaki<br \/>\nalanlar\u0131n d\u00f6n\u00fc\u015ft\u00fcr\u00fclmesi hakk\u0131nda kanun kapsam\u0131nda Rezerv Yap\u0131 Alan\u0131na d\u00f6n\u00fc\u015ft\u00fcr\u00fclmesi \u015fart\u0131n\u0131n sa\u011flanmas\u0131<br \/>\ngerekmektedir. Karaisal\u0131 Belediye Meclisince Karap\u0131nar Mahallesi 239 ada 14 parselin Rezerv Alan\u0131 olarak<br \/>\nbelirlenmesi hususunda Olurlar\u0131n\u0131za arz ederim.<br \/>\nDenilmekte olup Meclis Ba\u015fkan\u0131 Bekir \u015e\u0130M\u015eEK s\u00f6z ald\u0131. Okunan g\u00fcndem maddesini m\u00fcd\u00fcrl\u00fc\u011f\u00fcnden geldi\u011fi gibi<br \/>\nkabul edilmesini teklif ediyorum. Dedi. Teklif oylamaya sunuldu. Yap\u0131lan oylama neticesinde teklif oy birli\u011fi ile kabul<br \/>\nedildi.\n<\/td>\n<\/tr>\n<tr>\n<td>KARAR 80<\/td>\n<\/tr>\n<tr>\n<td>BOZDO\u011eAN Harita M\u00fch. \u0130n\u015f. Taraf\u0131ndan haz\u0131rlanan \u0130l\u00e7emiz Etekli Mahallesi 111 ada 355 parselde kay\u0131tl\u0131 9964,54<br \/>\nm\u00b2 ta\u015f\u0131nmaz\u0131n B ile g\u00f6sterilen 173,68 m\u00b2 yerin Kamu Yarar\u0131 g\u00f6zetilerek yol olarak Kamula\u015ft\u0131rma Karar\u0131 al\u0131nmas\u0131<br \/>\ngerekmektedir. Bu ba\u011flamda Etekli Mahallesi 111 ada 355 parselde kay\u0131tl\u0131 9964,54 m\u00b2&#8217;lik ta\u015f\u0131nmaz i\u00e7in d\u00fczenlenen<br \/>\nDurum Haritas\u0131 Kamula\u015ft\u0131rma Plan\u0131 kabul edilerek ta\u015f\u0131nmaz\u0131n ekli r\u00f6leve krokisinde ve Tescil bildirimi<br \/>\nbeyannamesinde B ile g\u00f6sterilen 173,68 m\u00b2 g\u00f6sterilen k\u0131sm\u0131n 2942 Say\u0131l\u0131 Kamula\u015ft\u0131rma Kanununun 6. Maddesine<br \/>\ng\u00f6re Belediyemiz Meclisince Kamula\u015ft\u0131rma Karar\u0131 al\u0131nmas\u0131 hususunda\u037e Gere\u011fini Olurlar\u0131n\u0131za arz ederim.<br \/>\nDenilmekte olup Meclis Ba\u015fkan\u0131 Bekir \u015e\u0130M\u015eEK s\u00f6z ald\u0131. Okunan g\u00fcndem maddesini \u0130mar ve \u015eehircilik<br \/>\nKomisyonuna g\u00f6nderilmesini teklif ediyorum. Dedi. Teklif oylamaya sunuldu. Yap\u0131lan oylama neticesinde teklif oy<br \/>\nbirli\u011fi ile kabul edildi.\n<\/td>\n<\/tr>\n<tr>\n<td>KARAR 81<\/td>\n<\/tr>\n<tr>\n<td>Ata sporumuz olan Karakucak g\u00fcre\u015fimizin gelecek nesillere tan\u0131t\u0131lmas\u0131, sevdirilmesi, karakucak g\u00fcre\u015f k\u00fclt\u00fcr\u00fcm\u00fcz\u00fcn<br \/>\nyayg\u0131nla\u015ft\u0131r\u0131larak devam\u0131n\u0131n sa\u011flanmas\u0131, g\u00fcre\u015f anlay\u0131\u015f\u0131 ile \u015fehrimizin ve il\u00e7emizin ekonomik, sosyal ve k\u00fclt\u00fcrel<br \/>\nde\u011ferlerinin \u00fclkemize ve d\u00fcnyaya tan\u0131t\u0131lmas\u0131 amac\u0131yla 10 A\u011fustos 2025 tarihinde Belediyemiz himayesinde K\u0131z\u0131lda\u011f<br \/>\nYaylas\u0131nda d\u00fczenlenecek olan 540. Geleneksel Uluslararas\u0131 K\u0131z\u0131lda\u011f Karakucak G\u00fcre\u015fleri ile ilgili kat\u0131l\u0131m\u0131n art\u0131r\u0131lmas\u0131<br \/>\nve kalitenin y\u00fckseltilmesi ad\u0131na g\u00fcre\u015flere kat\u0131lan pehlivanlar\u0131n M\u00fcd\u00fcrl\u00fc\u011f\u00fcm\u00fcz \u00c7al\u0131\u015fma Y\u00f6netmenli\u011finde belirtildi\u011fi<br \/>\n\u00fczere ve ekli listede belirtilen tutarlar ile \u00f6d\u00fcllendirilmesi hususunun g\u00f6r\u00fc\u015f\u00fclerek, karara ba\u011flanmak \u00fczere Belediye<br \/>\nMeclisine havalesi hususunu\u037e Olurlar\u0131n\u0131za arz ederim.<br \/>\nDenilmekte olup; Meclis Ba\u015fkan\u0131 Bekir \u015e\u0130M\u015eEK s\u00f6z ald\u0131. Okunan g\u00fcndem maddesini Plan B\u00fct\u00e7e Komisyonuna<br \/>\ng\u00f6nderilmesini teklif ediyorum. Dedi. Teklif oylamaya sunuldu. Yap\u0131lan oylama neticesinde teklif oy birli\u011fi ile kabul<br \/>\nedildi.\n<\/td>\n<\/tr>\n<tr>\n<td>KARAR 82<\/td>\n<\/tr>\n<tr>\n<td>Belediyemiz himayesinde K\u0131z\u0131lda\u011f Yaylas\u0131nda 08\/08\/2025 tarihinde 2. si d\u00fczenlenecek olan Kuran\u00ad\u0131 Kerim G\u00fczel<br \/>\nOkuma Yar\u0131\u015fmas\u0131na kat\u0131lan haf\u0131zlara M\u00fcd\u00fcrl\u00fc\u011f\u00fcm\u00fcz \u00c7al\u0131\u015fma Y\u00f6netmenli\u011finde belirtildi\u011fi \u00fczere ve ekli listede<br \/>\nbelirtilen tutarlar ile \u00f6d\u00fcllendirilmesi hususunun g\u00f6r\u00fc\u015f\u00fclerek, karara ba\u011flanmak \u00fczere Belediye Meclisine havalesi<br \/>\nhususunu\u037e Olurlar\u0131n\u0131za arz ederim.<br \/>\nDenilmekte olup Meclis Ba\u015fkan\u0131 Bekir \u015e\u0130M\u015eEK s\u00f6z ald\u0131. Okunan g\u00fcndem maddesini Plan B\u00fct\u00e7e Komisyonuna<br \/>\ng\u00f6nderilmesini teklif ediyorum. Dedi. Teklif oylamaya sunuldu. Yap\u0131lan oylama neticesinde teklif oy birli\u011fi ile kabul<br \/>\nedildi.\n<\/td>\n<\/tr>\n<tr>\n<td>KARAR 83<\/td>\n<\/tr>\n<tr>\n<td>Adana \u0130li, Karaisal\u0131 \u0130l\u00e7esi, Karap\u0131nar Mahallesi, 239 ada 14 parselde yer alan 8324 m\u00b2 ta\u015f\u0131nmaz\u0131n 1359 m\u00b2\u2019si Karaisal\u0131<br \/>\nBelediye Ba\u015fkanl\u0131\u011f\u0131 m\u00fclkiyetinde olup, 6965 m\u00b2\u2019si ise Maliye Hazinesi m\u00fclkiyetinde kalmaktad\u0131r. S\u00f6z konusu<br \/>\nta\u015f\u0131nmaz\u0131n uydu g\u00f6r\u00fcnt\u00fcs\u00fc (Ek1)\u2019te yer almaktad\u0131r. &#8220;T\u00fcrkiye \u00c7evre Ajans\u0131 Taraf\u0131ndan Yap\u0131lacak Mali ve Teknik<br \/>\nDestek ile \u0130\u015f Birli\u011fine \u0130li\u015fkin Y\u00f6netmelik&#8221; kapsam\u0131nda yap\u0131lan de\u011ferlendirmede\u037e 7261 say\u0131l\u0131 T\u00fcrkiye \u00c7evre Ajans\u0131n\u0131n<br \/>\nkurulmas\u0131 ile baz\u0131 kanunlarda de\u011fi\u015fiklik yap\u0131lmas\u0131na dair Kanunun 4. maddesinde yer alan faaliyetlere y\u00f6nelik olarak<br \/>\n28.04.2025 tarihli ve 495 say\u0131l\u0131 Makam Olur&#8217;una istinaden T\u00fcrkiye \u00c7evre Ajans\u0131 ile Belediyemiz aras\u0131nda \u0130\u015fbirli\u011fine<br \/>\ny\u00f6nelik mali ve teknik destek uygun bulunmu\u015ftur. Bu kapsamda konuya ili\u015fkin mali ve teknik desteklerin<br \/>\nger\u00e7ekle\u015ftirilebilmesi i\u00e7in Karaisal\u0131 Belediye Ba\u015fkanl\u0131\u011f\u0131 Meclisinde Mali ve teknik destek talebi ile ilgili Ajans\u0131m\u0131za<br \/>\nhitaben Belediye Meclis karar\u0131 al\u0131nmas\u0131 hususunda\u037e Olurlar\u0131n\u0131za arz ederim.<br \/>\nDenilmekte olup Meclis Ba\u015fkan\u0131 Bekir \u015e\u0130M\u015eEK s\u00f6z ald\u0131. Okunan g\u00fcndem maddesini m\u00fcd\u00fcrl\u00fc\u011f\u00fcnden geldi\u011fi gibi<br \/>\nkabul edilmesini teklif ediyorum. Dedi. Teklif oylamaya sunuldu. Yap\u0131lan oylama neticesinde teklif oy birli\u011fi ile kabul<br \/>\nedildi.\n<\/td>\n<\/tr>\n<tr>\n<td>KARAR 84<\/td>\n<\/tr>\n<tr>\n<td>Belediyemiz Meclisince komisyonumuzda g\u00f6r\u00fc\u015f\u00fclmek \u00fczere havale edilen\u037e BOZDO\u011eAN Harita M\u00fch. \u0130n\u015f.<br \/>\nTaraf\u0131ndan haz\u0131rlanan \u0130l\u00e7emiz Etekli Mahallesi 111 ada 355 parselde kay\u0131tl\u0131 9964,54 m\u00b2 ta\u015f\u0131nmaz\u0131n B ile g\u00f6sterilen<br \/>\n173,68 m\u00b2 yerin Kamu Yarar\u0131 g\u00f6zetilerek yol olarak Kamula\u015ft\u0131rma Karar\u0131 al\u0131nmas\u0131 gerekmektedir. Bu ba\u011flamda<br \/>\nEtekli Mahallesi 111 ada 355 parselde kay\u0131tl\u0131 9964,54 m\u00b2&#8217;lik ta\u015f\u0131nmaz i\u00e7in d\u00fczenlenen Durum Haritas\u0131 Kamula\u015ft\u0131rma<br \/>\nPlan\u0131 kabul edilerek ta\u015f\u0131nmaz\u0131n ekli r\u00f6leve krokisinde ve Tescil bildirimi beyannamesinde B ile g\u00f6sterilen 173,68 m\u00b2<br \/>\ng\u00f6sterilen k\u0131sm\u0131n 2942 Say\u0131l\u0131 Kamula\u015ft\u0131rma Kanununun 6. Maddesine g\u00f6re Belediyemiz Meclisince Kamula\u015ft\u0131rma<br \/>\nKarar\u0131 al\u0131nmas\u0131 hususunda\u037e Gere\u011fini Olurlar\u0131n\u0131za arz ederim.<br \/>\nDenilmekte olup\u037e Komisyonumuzca g\u00f6r\u00fc\u015f\u00fcld\u00fc. M\u00fczakere olundu. M\u00fczakere neticesinde\u037e Etekli Mahallesi 111 ada<br \/>\n355 parselde kay\u0131tl\u0131 9964,54 m\u00b2&#8217;lik ta\u015f\u0131nmaz i\u00e7in d\u00fczenlenen Durum Haritas\u0131 Kamula\u015ft\u0131rma Plan\u0131 kabul edilerek<br \/>\nta\u015f\u0131nmaz\u0131n ekli r\u00f6leve krokisinde ve Tescil bildirimi beyannamesinde B ile g\u00f6sterilen 173,68 m\u00b2 g\u00f6sterilen 2942 Say\u0131l\u0131<br \/>\nKamula\u015ft\u0131rma Kanununun 6. Maddesine g\u00f6re kamula\u015ft\u0131r\u0131lmas\u0131na Belediyemiz Meclisince g\u00f6r\u00fc\u015f\u00fclmek \u00fczere<br \/>\nsunulmas\u0131na oy birli\u011fi ile karar verildi.<br \/>\nDenilmekte olup Meclis Ba\u015fkan\u0131 Bekir \u015e\u0130M\u015eEK s\u00f6z ald\u0131. Okunan g\u00fcndem maddesini \u0130mar ve \u015eehircilik<br \/>\nKomisyonundan geldi\u011fi gibi kabul edilmesini teklif ediyorum. Dedi. Teklif oylamaya sunuldu. Yap\u0131lan oylama<br \/>\nneticesinde teklif oy birli\u011fi ile kabul edildi.<\/td>\n<\/tr>\n<tr>\n<td>KARAR 85<\/td>\n<\/tr>\n<tr>\n<td>Belediyemiz Plan B\u00fct\u00e7e Komisyonumuza havale edilen\u037e Ata sporumuz olan Karakucak g\u00fcre\u015fimizin gelecek nesillere tan\u0131t\u0131lmas\u0131, sevdirilmesi,<br \/>\nkarakucak g\u00fcre\u015f k\u00fclt\u00fcr\u00fcm\u00fcz\u00fcn yayg\u0131nla\u015ft\u0131r\u0131larak devam\u0131n\u0131n sa\u011flanmas\u0131, g\u00fcre\u015f anlay\u0131\u015f\u0131 ile \u015fehrimizin ve il\u00e7emizin ekonomik, sosyal ve k\u00fclt\u00fcrel<br \/>\nde\u011ferlerinin \u00fclkemize ve d\u00fcnyaya tan\u0131t\u0131lmas\u0131 amac\u0131yla 10 A\u011fustos 2025 tarihinde Belediyemiz himayesinde K\u0131z\u0131lda\u011f Yaylas\u0131nda d\u00fczenlenecek<br \/>\nolan 540. Geleneksel Uluslararas\u0131 K\u0131z\u0131lda\u011f Karakucak G\u00fcre\u015fleri ile ilgili kat\u0131l\u0131m\u0131n art\u0131r\u0131lmas\u0131 ve kalitenin y\u00fckseltilmesi ad\u0131na g\u00fcre\u015flere kat\u0131lan<br \/>\npehlivanlar\u0131n M\u00fcd\u00fcrl\u00fc\u011f\u00fcm\u00fcz \u00c7al\u0131\u015fma Y\u00f6netmenli\u011finde belirtildi\u011fi \u00fczere ve ekli listede belirtilen tutarlar ile \u00f6d\u00fcllendirilmesi hususunun<br \/>\ng\u00f6r\u00fc\u015f\u00fclerek, karara ba\u011flanmak \u00fczere Belediye Meclisine havalesi hususunu\u037e Olurlar\u0131n\u0131za arz ederim. Denilmekte olup; Komisyonumuzca<br \/>\ng\u00f6r\u00fc\u015f\u00fcld\u00fc. M\u00fczakere olundu. M\u00fczakere neticesinde\u037e 540. Geleneksel Uluslararas\u0131 K\u0131z\u0131lda\u011f Karakucak G\u00fcre\u015flerinde a\u015fa\u011f\u0131daki tabloda<br \/>\ng\u00f6sterilen \u00f6d\u00fcllerin verilmesine, Belediyemiz Meclisince g\u00f6r\u00fc\u015f\u00fclmek \u00fczere sunulmas\u0131na oy birli\u011fi ile karar verildi.<br \/>\nDenilmekte olup Meclis Ba\u015fkan\u0131 Bekir \u015e\u0130M\u015eEK s\u00f6z ald\u0131. Okunan g\u00fcndemmaddesini Plan B\u00fct\u00e7e Komisyonundan geldi\u011fi gibi kabul<br \/>\nedilmesini teklif ediyorum. Dedi. Teklif oylamaya sunuldu. Yap\u0131lan oylama neticesinde teklif oy birli\u011fi ile kabul edildi.<br \/>\nB\u00dcY\u00dcKLER<br \/>\nBOYLAR (KG) 1 NC\u0130 2 NC\u0130 3 \u00dcNC\u00dc 3 \u00dcNC\u00dc TOPLAM<br \/>\n50-55 30.000 TL 18.000 TL 6.000 TL 6.000 TL 60.000 TL<br \/>\n60 30.000 TL 18.000 TL 6.000 TL 6.000 TL 60.000 TL<br \/>\n65 30.000 TL 18.000 TL 6.000 TL 6.000 TL 60.000 TL<br \/>\n70 30.000 TL 18.000 TL 6.000 TL 6.000 TL 60.000 TL<br \/>\n75 30.000 TL 18.000 TL 6.000 TL 6.000 TL 60.000 TL<br \/>\n80 30.000 TL 18.000 TL 6.000 TL 6.000 TL 60.000 TL<br \/>\n85 30.000 TL 18.000 TL 6.000 TL 6.000 TL 60.000 TL<br \/>\n90 30.000 TL 18.000 TL 6.000 TL 6.000 TL 60.000 TL<br \/>\n90-130 40.000 TL 24.000 TL 8.000 TL 8.000 TL 80.000 TL<br \/>\nGEN. TOPL. 280.000 TL 168.000 TL 56.000 TL 56.000 TL 560.000 TL<\/p>\n<p>YILDIZLAR (15\u00ad17 YA\u015e<br \/>\nBOYLAR (KG) 1 NC\u0130 2 NC\u0130 3 \u00dcNC\u00dc 3 \u00dcNC\u00dc TOPLAM<br \/>\n35-40 10.000 TL 6.000 TL 2.000 TL 2.000 TL 20.000 TL<br \/>\n45 10.000 TL 6.000 TL 2.000 TL 2.000 TL 20.000 TL<br \/>\n50 10.000 TL 6.000 TL 2.000 TL 2.000 TL 20.000 TL<br \/>\n55 10.000 TL 6.000 TL 2.000 TL 2.000 TL 20.000 TL<br \/>\n60 10.000 TL 6.000 TL 2.000 TL 2.000 TL 20.000 TL<br \/>\n65 10.000 TL 6.000 TL 2.000 TL 2.000 TL 20.000 TL<br \/>\n70 10.000 TL 6.000 TL 2.000 TL 2.000 TL 20.000 TL<br \/>\n75 10.000 TL 6.000 TL 2.000 TL 2.000 TL 20.000 TL<br \/>\n80 10.000 TL 6.000 TL 2.000 TL 2.000 TL 20.000 TL<br \/>\n80-100 15.000 TL 9.000 TL 3.000 TL 3.000 TL 30.000 TL<br \/>\nGEN. TOPL. 105.000 TL 63.000 TL 21.000 TL 21.000 TL 210.000 TL<\/p>\n<p>M\u0130N\u0130KLER (11\u00ad14 YA\u015e)<br \/>\nBOYLAR (KG) 1 NC\u0130 2 NC\u0130 3 \u00dcNC\u00dc 3 \u00dcNC\u00dc TOPLAM<br \/>\n20-30 4.000 TL 2.400 TL 800 TL 800 TL 8000 TL<br \/>\n35 4.000 TL 2.400 TL 800 TL 800 TL 8000 TL<br \/>\n40 4.000 TL 2.400 TL 800 TL 800 TL 8000 TL<br \/>\n45 4.000 TL 2.400 TL 800 TL 800 TL 8000 TL<br \/>\n50 4.000 TL 2.400 TL 800 TL 800 TL 8000 TL<br \/>\n55 4.000 TL 2.400 TL 800 TL 800 TL 8000 TL<br \/>\n60 4.000 TL 2.400 TL 800 TL 800 TL 8000 TL<br \/>\n65 4.000 TL 2.400 TL 800 TL 800 TL 8000 TL<br \/>\n70 4.000 TL 2.400 TL 800 TL 800 TL 8000 TL<br \/>\n70-85 5.000 TL 3.000 TL 1.000 TL 1.000 TL 10.000 TL<br \/>\nGEN. TOPL. 41.000 TL 24.600 TL 8.200 TL 8.200 TL 82.000 TL<br \/>\nTOPLAM \u00d6D\u00dcL 852.000 TL\n<\/td>\n<\/tr>\n<tr>\n<td>KARAR 86<\/td>\n<\/tr>\n<tr>\n<td>Belediyemiz Plan B\u00fct\u00e7e Komisyonumuza havale edilen\u037e Belediyemiz himayesinde K\u0131z\u0131lda\u011f Yaylas\u0131nda 08\/08\/2025<br \/>\ntarihinde 2. si d\u00fczenlenecek olan Kuran\u00ad\u0131 Kerim G\u00fczel Okuma Yar\u0131\u015fmas\u0131na kat\u0131lan haf\u0131zlara M\u00fcd\u00fcrl\u00fc\u011f\u00fcm\u00fcz \u00c7al\u0131\u015fma<br \/>\nY\u00f6netmenli\u011finde belirtildi\u011fi \u00fczere ve ekli listede belirtilen tutarlar ile \u00f6d\u00fcllendirilmesi hususunun g\u00f6r\u00fc\u015f\u00fclerek, karara<br \/>\nba\u011flanmak \u00fczere Belediye Meclisine havalesi hususunu\u037e Olurlar\u0131n\u0131za arz ederim. Denilmekte olup; Komisyonumuzca<br \/>\ng\u00f6r\u00fc\u015f\u00fcld\u00fc. M\u00fczakere olundu. M\u00fczakere neticesinde\u037e Kuran\u00ad\u0131 Kerim G\u00fczel Okuma Yar\u0131\u015fmas\u0131nda a\u015fa\u011f\u0131daki tabloda<br \/>\ng\u00f6sterilen \u00f6d\u00fcllerin verilmesine, Belediyemiz Meclisince g\u00f6r\u00fc\u015f\u00fclmek \u00fczere sunulmas\u0131na oy birli\u011fi ile karar verildi.<br \/>\nDenilmekte olup Meclis Ba\u015fkan\u0131 Bekir \u015e\u0130M\u015eEK s\u00f6z ald\u0131. Okunan g\u00fcndem maddesini Plan B\u00fct\u00e7e Komisyonundan<br \/>\ngeldi\u011fi gibi kabul edilmesini teklif ediyorum. Dedi. Teklif oylamaya sunuldu. Yap\u0131lan oylama neticesinde teklif oy<br \/>\nbirli\u011fi ile kabul edildi.<br \/>\nKIZILDA\u011e YAYLASI KURAN\u00adI KER\u0130M\u0130 G\u00dcZEL OKUMA YARI\u015eMASI 2025 YILI<br \/>\n\u00d6D\u00dcL \u00c7\u0130ZELGES\u0130<br \/>\nB\u0130R\u0130NC\u0130 20.000 TL<br \/>\n\u0130K\u0130NC\u0130 12.000 TL<br \/>\n\u00dc\u00c7\u00dcNC\u00dc 8.000 TL<br \/>\nKATILIMCILAR 60.000 TL<br \/>\nTOPLAM \u00d6D\u00dcL 100.000 TL\n<\/td>\n<\/tr>\n<\/tbody>\n<\/table>\n","protected":false},"excerpt":{"rendered":"<p>KARAR 79 Adana \u0130li, Karaisal\u0131 \u0130l\u00e7esi, Karap\u0131nar Mahallesi 239 ada 14 parselde 8324 m\u00b2 ta\u015f\u0131nmaz\u0131n 1359.00 m\u00b2 Karaisal\u0131 Belediyesinin 6965.00m\u00b2 ise Maliye Hazinesi M\u00fclkiyetinde kalmaktad\u0131r. Tapu Kayd\u0131 (Ek1) imar \u00e7ap\u0131 (Ek2) ve Uydu g\u00f6r\u00fcnt\u00fcs\u00fc (Ek3)&#8217;de sunulmu\u015ftur. Kentsel D\u00f6n\u00fc\u015f\u00fcm Ba\u015fkanl\u0131\u011f\u0131 \u00c7evre d\u00fczenlemesine kaynak al\u0131m\u0131n\u0131 2025 program\u0131na al\u0131nm\u0131\u015ft\u0131r. \u00c7evre d\u00fczenlemesi kayna\u011f\u0131n\u0131n kullan\u0131lmas\u0131 i\u00e7in 209 ada 14 parselin [&hellip;]<\/p>\n","protected":false},"author":10,"featured_media":0,"parent":11615,"menu_order":202506,"comment_status":"closed","ping_status":"closed","template":"","meta":{"footnotes":""},"class_list":["post-11671","page","type-page","status-publish","hentry"],"_links":{"self":[{"href":"https:\/\/www.karaisali.bel.tr\/index.php?rest_route=\/wp\/v2\/pages\/11671","targetHints":{"allow":["GET"]}}],"collection":[{"href":"https:\/\/www.karaisali.bel.tr\/index.php?rest_route=\/wp\/v2\/pages"}],"about":[{"href":"https:\/\/www.karaisali.bel.tr\/index.php?rest_route=\/wp\/v2\/types\/page"}],"author":[{"embeddable":true,"href":"https:\/\/www.karaisali.bel.tr\/index.php?rest_route=\/wp\/v2\/users\/10"}],"replies":[{"embeddable":true,"href":"https:\/\/www.karaisali.bel.tr\/index.php?rest_route=%2Fwp%2Fv2%2Fcomments&post=11671"}],"version-history":[{"count":1,"href":"https:\/\/www.karaisali.bel.tr\/index.php?rest_route=\/wp\/v2\/pages\/11671\/revisions"}],"predecessor-version":[{"id":11672,"href":"https:\/\/www.karaisali.bel.tr\/index.php?rest_route=\/wp\/v2\/pages\/11671\/revisions\/11672"}],"up":[{"embeddable":true,"href":"https:\/\/www.karaisali.bel.tr\/index.php?rest_route=\/wp\/v2\/pages\/11615"}],"wp:attachment":[{"href":"https:\/\/www.karaisali.bel.tr\/index.php?rest_route=%2Fwp%2Fv2%2Fmedia&parent=11671"}],"curies":[{"name":"wp","href":"https:\/\/api.w.org\/{rel}","templated":true}]}}