{"id":11613,"date":"2024-12-29T20:51:36","date_gmt":"2024-12-29T17:51:36","guid":{"rendered":"https:\/\/www.karaisali.bel.tr\/?page_id=11613"},"modified":"2024-12-29T20:51:36","modified_gmt":"2024-12-29T17:51:36","slug":"nisan-2024-meclis-kararlari","status":"publish","type":"page","link":"https:\/\/www.karaisali.bel.tr\/?page_id=11613","title":{"rendered":"Nisan 2024 Meclis Kararlar\u0131"},"content":{"rendered":"<table>\n<tbody>\n<tr>\n<td>KARAR 13<\/td>\n<\/tr>\n<tr>\n<td>Belediye Meclis \u00c7al\u0131\u015fma Y\u00f6netmeli\u011finin Madde 19 \u2014 Meclis, mahali idareler se\u00e7iminden sonraki ilk toplant\u0131s\u0131nda, \u00fcyeleri aras\u0131ndan ve gizli oyla meclis birinci ve ikinci ba\u015fkan vekilerini, ikisi yedek olmak \u00fczere en az d\u00f6rt k\u00e2tip \u00fcyeyi iki y\u0131l g\u00f6rev yapmak \u00fczere se\u00e7er. \u0130ki y\u0131ldan sonra se\u00e7ilecek ba\u015fkanl\u0131k divan\u0131, yap\u0131lacak ilk maha li idareler se\u00e7imlerine kadar g\u00f6rev yapar.Denilmekte olup Yap\u0131lan gizli oylama neticesinde \u00dcyelerden Mahmut SARISOY (12 OY ) alarak 1. Meclis Ba\u015fkanvekili Ahmet Sezai YILMAZ (12 OY) alarak Meclis 2. Ba\u015fkanvekili olarak se\u00e7ildiler. GERE\u011e\u0130 \u0130\u00c7\u0130N YAZI \u0130\u015eLER\u0130 M\u00dcD\u00dcRL\u00dc\u011e\u00dc<\/td>\n<\/tr>\n<tr>\n<td>KARAR 14<\/td>\n<\/tr>\n<tr>\n<td>Belediye Meclis \u00c7al\u0131\u015fma Y\u00f6netmeli\u011finin Madde 19\u00ad\u00ad Meclis, mahalli  idareler se\u00e7iminden sonraki ilk toplant\u0131s\u0131nda, \u00fcyeleri aras\u0131ndan ve gizli oyla meclis birinci ve ikinci ba\u015fkan vekillerini, ikisi yedek olmak \u00fczere en az d\u00f6rt k\u00e2tip \u00fcyeyi iki y\u0131l g\u00f6rev yapmak \u00fczere se\u00e7er. \u0130ki y\u0131ldan sonra se\u00e7ilecek ba\u015fkanl\u0131k divan\u0131, yap\u0131lacak ilk maha li idareler se\u00e7imlerine kadar g\u00f6rev yapar. Denilmekte olup Yap\u0131lan gizli oylama neticesinde \u00dcyelerden U\u011fur Hakan \u015eEKER (1 OY) , Mahmut SARISOY (15 OY ) ve Mehmet Ali YASDIBA\u015e (15 OY) oy ald\u0131lar. Mahmut SARISOY (15 OY) ve Mehmet Ali YASDIBA\u015e (15 OY) alarak Katip \u00fcye olarak se\u00e7ildiler. GERE\u011e\u0130 \u0130\u00c7\u0130N YAZI \u0130\u015eLER\u0130 M\u00dcD\u00dcRL\u00dc\u011e\u00dc <\/td>\n<\/tr>\n<tr>\n<td>KARAR 15<\/td>\n<\/tr>\n<tr>\n<td>Belediye Meclis \u00c7al\u0131\u015fma Y\u00f6netmeli\u011finin 20. maddesinde &#8220;Madde 20 \u2014 Meclis, mahalli idareler se\u00e7iminden sonraki ilk toplant\u0131s\u0131nda, \u00fcyeleri aras\u0131ndan gizli oyla Kanunda belirtilen say\u0131da enc\u00fcmen \u00fcyesini se\u00e7er. Se\u00e7ilen bu \u00fcyeler gelecek y\u0131l\u0131n ayn\u0131 ay\u0131na kadar g\u00f6rev yapar ve her y\u0131l o ayda enc\u00fcmen se\u00e7imleri yenilenir. S\u00fcresi dolan \u00fcyeler yeniden se\u00e7ilebilir.&#8221; denilmekte olup, Yap\u0131lan gizli oylama sonucu meclis \u00fcyelerinden  Ahmet Sezai YILMAZ (12 oy) , Sedat G\u00d6K (14 oy) Mustafa EREN (1 oy) U\u011fur Hakan \u015eEKER (1 oy) , Mustafa DURAK (1 oy) alm\u0131\u015f olup , \u00dcye se\u00e7iminde Ahmet Sezai YILMAZ (12 oy) , Sedat G\u00d6K (14 oy) alarak 1 y\u0131l g\u00f6rev yapmak \u00fczere Enc\u00fcmen \u00dcyeli\u011fine se\u00e7ildiler. GERE\u011e\u0130 \u0130\u00c7\u0130N YAZI \u0130\u015eLER\u0130 M\u00dcD\u00dcRL\u00dc\u011e\u00dc<\/td>\n<\/tr>\n<tr>\n<td>KARAR 16<\/td>\n<\/tr>\n<tr>\n<td>\u0130htisas komisyonlar\u0131n\u0131n olu\u015fumu Madde 21 \u2014 Meclis, g\u00f6rev s\u00fcresi bir y\u0131l\u0131 ge\u00e7memek \u00fczere, nisb\u00ee \u00e7o\u011funlukla en az \u00fc\u00e7, en \u00e7ok be\u015f \u00fcyeden olu\u015fan ihtisas komisyonlar\u0131 kurabilir. B\u00fcy\u00fck\u015fehir belediyelerinde bu komisyonlar en az be\u015f en \u00e7ok dokuz \u00fcyeden olu\u015fturulur. Meclis, komisyonlara \u00fcye se\u00e7iminden \u00f6nce kurulacak komisyonu ve \u00fcye say\u0131s\u0131n\u0131 belirler. \u0130l ve il\u00e7e belediyeleri ile n\u00fcfusu 10.000 in \u00fczerinde olan belediyelerde plan ve b\u00fct\u00e7e komisyonu ile imar komisyonunun (Ek ibare:RG27\/11\/201429188) , b\u00fcy\u00fck\u015fehir belediyelerinde ise plan ve b\u00fct\u00e7e, imar ve bay\u0131nd\u0131rl\u0131k, \u00e7evre ve sa\u011fl\u0131k, e\u011fitim, k\u00fclt\u00fcr, gen\u00e7lik ve spor ile ula\u015f\u0131m komisyonunun kurulmas\u0131 zorunludur. Komisyonlar, her siyas\u00ee parti grubunun ve ba\u011f\u0131ms\u0131z \u00fcyelerin meclisteki \u00fcye say\u0131s\u0131n\u0131n meclis \u00fcye tam say\u0131s\u0131na oranlanmas\u0131 suretiyle olu\u015fturulur. \u0130htisas komisyonlar\u0131na siyasi parti gruplar\u0131 aday g\u00f6sterebilece\u011fi gibi, \u00fcyeler de o partiden aday olabilir. Birden fazla komisyonda g\u00f6rev almak m\u00fcmk\u00fcnd\u00fcr. Denilmekte olup Plan ve B\u00fct\u00e7e Komisyonunda g\u00f6rev yapmak \u00fczere yap\u0131lan a\u00e7\u0131k oylama sonucunda   Hatice EFE (15 OY), Sedat G\u00d6K (15 OY) U\u011fur Hakan \u015eEKER (15 OY) , Mahmut SARISOY (15 OY), Mehmet Ali YASDIBA\u015e (15) Oy alarak Plan ve B\u00fct\u00e7e Komisyonunda g\u00f6rev yapmak \u00fczere se\u00e7ildiler. GERE\u011e\u0130 \u0130\u00c7\u0130N YAZI \u0130\u015eLER\u0130 M\u00dcD\u00dcRL\u00dc\u011e\u00dc<\/td>\n<\/tr>\n<tr>\n<td>KARAR 17<\/td>\n<\/tr>\n<tr>\n<td>\u0130htisas komisyonlar\u0131n\u0131n olu\u015fumu Madde 21 \u2014 Meclis, g\u00f6rev s\u00fcresi bir y\u0131l\u0131 ge\u00e7memek \u00fczere, nisb\u00ee \u00e7o\u011funlukla en az \u00fc\u00e7, en \u00e7ok be\u015f \u00fcyeden olu\u015fan ihtisas komisyonlar\u0131 kurabilir. B\u00fcy\u00fck\u015fehir belediyelerinde bu komisyonlar en az be\u015f en \u00e7ok dokuz \u00fcyeden olu\u015fturulur. Meclis, komisyonlara \u00fcye se\u00e7iminden \u00f6nce kurulacak komisyonu ve \u00fcye say\u0131s\u0131n\u0131 belirler. \u0130l ve il\u00e7e belediyeleri ile n\u00fcfusu 10.000 in \u00fczerinde olan belediyelerde plan ve b\u00fct\u00e7e komisyonu ile imar komisyonunun (Ek ibare:RG27\/11\/201429188) , b\u00fcy\u00fck\u015fehir belediyelerinde ise plan ve b\u00fct\u00e7e, imar ve bay\u0131nd\u0131rl\u0131k, \u00e7evre ve sa\u011fl\u0131k, e\u011fitim, k\u00fclt\u00fcr, gen\u00e7lik ve spor ile ula\u015f\u0131m komisyonunun kurulmas\u0131 zorunludur. Komisyonlar, her siyas\u00ee parti grubunun ve ba\u011f\u0131ms\u0131z \u00fcyelerin meclisteki \u00fcye say\u0131s\u0131n\u0131n meclis \u00fcye tam say\u0131s\u0131na oranlanmas\u0131 suretiyle olu\u015fturulur. \u0130htisas komisyonlar\u0131na siyasi parti gruplar\u0131 aday g\u00f6sterebilece\u011fi gibi, \u00fcyeler de o partiden aday olabilir. Birden fazla komisyonda g\u00f6rev almak m\u00fcmk\u00fcnd\u00fcr. Denilmekte olup  yap\u0131lan a\u00e7\u0131k oylama sonucunda \u0130mar ve \u015eehircilik Komisyonunda g\u00f6rev yapmak \u00fczere Cemal DEM\u0130RDA\u011e (15 OY), Ali CENG\u0130Z TA\u015e\u00c7I (15 OY) Mustafa DURAK (15 OY) , Abdulkadir G\u00dcNALTIN (15 OY), U\u011fur Hakan \u015eEKER (15) Oy alarak imar ve \u015eehircilik Komisyonunda g\u00f6rev yapmak \u00fczere se\u00e7ildiler.  GERE\u011e\u0130 \u0130\u00c7\u0130N YAZI \u0130\u015eLER\u0130 M\u00dcD\u00dcRL\u00dc\u011e\u00dc <\/td>\n<\/tr>\n<tr>\n<td>KARAR 18<\/td>\n<\/tr>\n<tr>\n<td>\u0130htisas komisyonlar\u0131n\u0131n olu\u015fumu Madde 21 \u2014 Meclis, g\u00f6rev s\u00fcresi bir y\u0131l\u0131 ge\u00e7memek \u00fczere, nisb\u00ee \u00e7o\u011funlukla en az \u00fc\u00e7, en \u00e7ok be\u015f \u00fcyeden olu\u015fan ihtisas komisyonlar\u0131 kurabilir. B\u00fcy\u00fck\u015fehir belediyelerinde bu komisyonlar en az be\u015f en \u00e7ok dokuz \u00fcyeden olu\u015fturulur. Meclis, komisyonlara \u00fcye se\u00e7iminden \u00f6nce kurulacak komisyonu ve \u00fcye say\u0131s\u0131n\u0131 belirler. \u0130l ve il\u00e7e belediyeleri ile n\u00fcfusu 10.000 in \u00fczerinde olan belediyelerde plan ve b\u00fct\u00e7e komisyonu ile imar komisyonunun (Ek ibare:RG27\/11\/201429188) , b\u00fcy\u00fck\u015fehir belediyelerinde ise plan ve b\u00fct\u00e7e, imar ve bay\u0131nd\u0131rl\u0131k, \u00e7evre ve sa\u011fl\u0131k, e\u011fitim, k\u00fclt\u00fcr, gen\u00e7lik ve spor ile ula\u015f\u0131m komisyonunun kurulmas\u0131 zorunludur. Komisyonlar, her siyas\u00ee parti grubunun ve ba\u011f\u0131ms\u0131z \u00fcyelerin meclisteki \u00fcye say\u0131s\u0131n\u0131n meclis \u00fcye tam say\u0131s\u0131na oranlanmas\u0131 suretiyle olu\u015fturulur. \u0130htisas komisyonlar\u0131na siyasi parti gruplar\u0131 aday g\u00f6sterebilece\u011fi gibi, \u00fcyeler de o partiden aday olabilir. Birden fazla komisyonda g\u00f6rev almak m\u00fcmk\u00fcnd\u00fcr. Denilmekte olup yap\u0131lan a\u00e7\u0131k oylama sonucunda Tar\u0131m Orman ve Mahalle Komisyonunda g\u00f6rev yapmak \u00fczere Ahmet Sezai YILMAZ (15 OY), Mustafa EREN (15 OY) Gani G\u00fcrol ATASOY (15 OY) , G\u00fclhan KASAP (15 OY), Mahmut G\u00d6K\u00c7E (15) Oy alarak Tar\u0131m Orman ve Mahalle Komisyonunda g\u00f6rev yapmak \u00fczere se\u00e7ildiler. GERE\u011e\u0130 \u0130\u00c7\u0130N YAZI \u0130\u015eLER\u0130 M\u00dcD\u00dcRL\u00dc\u011e\u00dc<\/td>\n<\/tr>\n<tr>\n<td>KARAR 19<\/td>\n<\/tr>\n<tr>\n<td> \u0130htisas komisyonlar\u0131n\u0131n olu\u015fumu Madde 21 \u2014 Meclis, g\u00f6rev s\u00fcresi bir y\u0131l\u0131 ge\u00e7memek \u00fczere, nisb\u00ee \u00e7o\u011funlukla en az \u00fc\u00e7, en \u00e7ok be\u015f \u00fcyeden olu\u015fan ihtisas komisyonlar\u0131 kurabilir. B\u00fcy\u00fck\u015fehir belediyelerinde bu komisyonlar en az be\u015f en \u00e7ok dokuz \u00fcyeden olu\u015fturulur. Meclis, komisyonlara \u00fcye se\u00e7iminden \u00f6nce kurulacak komisyonu ve \u00fcye say\u0131s\u0131n\u0131 belirler. \u0130l ve il\u00e7e belediyeleri ile n\u00fcfusu 10.000 in \u00fczerinde olan belediyelerde plan ve b\u00fct\u00e7e komisyonu ile imar komisyonunun (Ek ibare:RG27\/11\/201429188) , b\u00fcy\u00fck\u015fehir belediyelerinde ise plan ve b\u00fct\u00e7e, imar ve bay\u0131nd\u0131rl\u0131k, \u00e7evre ve sa\u011fl\u0131k, e\u011fitim, k\u00fclt\u00fcr, gen\u00e7lik ve spor ile ula\u015f\u0131m komisyonunun kurulmas\u0131 zorunludur. Komisyonlar, her siyas\u00ee parti grubunun ve ba\u011f\u0131ms\u0131z \u00fcyelerin meclisteki \u00fcye say\u0131s\u0131n\u0131n meclis \u00fcye tam say\u0131s\u0131na oranlanmas\u0131 suretiyle olu\u015fturulur. \u0130htisas komisyonlar\u0131na siyasi parti gruplar\u0131 aday g\u00f6sterebilece\u011fi gibi, \u00fcyeler de o partiden aday olabilir. Birden fazla komisyonda g\u00f6rev almak m\u00fcmk\u00fcnd\u00fcr. Denilmekte olup yap\u0131lan a\u00e7\u0131k oylama sonucunda E\u011fitim K\u00fclt\u00fcr ve Spor Komisyonunda g\u00f6rev yapmak \u00fczere Abdulkadir G\u00dcNALTIN (15 OY), Hatice EFE (15 OY) Mustafa EREN (15 OY) , G\u00fclhan KASAP (15 OY), \u015eaban KAYMAK (15) Oy alarak g\u00f6rev yapmak \u00fczere se\u00e7ildiler.  GERE\u011e\u0130 \u0130\u00c7\u0130N YAZI \u0130\u015eLER\u0130 M\u00dcD\u00dcRL\u00dc\u011e\u00dc<\/td>\n<\/tr>\n<tr>\n<td>KARAR 20<\/td>\n<\/tr>\n<tr>\n<td> \u0130htisas komisyonlar\u0131n\u0131n olu\u015fumu Madde 21 \u2014 Meclis, g\u00f6rev s\u00fcresi bir y\u0131l\u0131 ge\u00e7memek \u00fczere, nisb\u00ee \u00e7o\u011funlukla en az \u00fc\u00e7, en \u00e7ok be\u015f \u00fcyeden olu\u015fan ihtisas komisyonlar\u0131 kurabilir. B\u00fcy\u00fck\u015fehir belediyelerinde bu komisyonlar en az be\u015f en \u00e7ok dokuz \u00fcyeden olu\u015fturulur. Meclis, komisyonlara \u00fcye se\u00e7iminden \u00f6nce kurulacak komisyonu ve \u00fcye say\u0131s\u0131n\u0131 belirler. \u0130l ve il\u00e7e belediyeleri ile n\u00fcfusu 10.000 in \u00fczerinde olan belediyelerde plan ve b\u00fct\u00e7e komisyonu ile imar komisyonunun (Ek ibare:RG27\/11\/201429188) , b\u00fcy\u00fck\u015fehir belediyelerinde ise plan ve b\u00fct\u00e7e, imar ve bay\u0131nd\u0131rl\u0131k, \u00e7evre ve sa\u011fl\u0131k, e\u011fitim, k\u00fclt\u00fcr, gen\u00e7lik ve spor ile ula\u015f\u0131m komisyonunun kurulmas\u0131 zorunludur. Komisyonlar, her siyas\u00ee parti grubunun ve ba\u011f\u0131ms\u0131z \u00fcyelerin meclisteki \u00fcye say\u0131s\u0131n\u0131n meclis \u00fcye tam say\u0131s\u0131na oranlanmas\u0131 suretiyle olu\u015fturulur. \u0130htisas komisyonlar\u0131na siyasi parti gruplar\u0131 aday g\u00f6sterebilece\u011fi gibi, \u00fcyeler de o partiden aday olabilir. Birden fazla komisyonda g\u00f6rev almak m\u00fcmk\u00fcnd\u00fcr. Denilmekte olup yap\u0131lan a\u00e7\u0131k oylama sonucunda   \u00c7evre ve Sa\u011fl\u0131k Komisyonunda g\u00f6rev yapmak \u00fczere Abdulkadir G\u00dcNALTIN (15 OY), Hatice EFE (15 OY) \u015eaban KAYMAK (15 OY) ,U\u011fur Hakan \u015eEKER (15 OY), Mahmut G\u00d6K\u00c7E (15) Oy alarak \u00c7evre ve Sa\u011fl\u0131k Komisyonunda g\u00f6rev yapmak \u00fczere se\u00e7ildiler.  GERE\u011e\u0130 \u0130\u00c7\u0130N YAZI \u0130\u015eLER\u0130 M\u00dcD\u00dcRL\u00dc\u011e\u00dc<\/td>\n<\/tr>\n<tr>\n<td>KARAR 21<\/td>\n<\/tr>\n<tr>\n<td>\u00c7ukurova Belediyeler Birli\u011fine \u00fcye se\u00e7imi i\u00e7in yap\u0131lan 2 asil 1 yedek \u00fcye se\u00e7iminde yap\u0131lan oylama sonucunda Belediyemizi temsil etmek \u00fczere Ahmet Sezai YILMAZ ile Ali Cengiz TA\u015eCI AS\u0130L \u00fcye , Mehmet Ali YASDIBA\u015e YEDEK \u00fcye olarak se\u00e7ildiler. GERE\u011e\u0130 \u0130\u00c7\u0130N YAZI \u0130\u015eLER\u0130 M\u00dcD\u00dcRL\u00dc\u011e\u00dcNE<\/td>\n<\/tr>\n<tr>\n<td>KARAR 22<\/td>\n<\/tr>\n<tr>\n<td>Belediye Ba\u015fkanl\u0131\u011f\u0131m\u0131z ile T\u00fcrk Yerel HizmetSen ve Belediye \u0130\u015f Sendikas\u0131 aras\u0131nda  Sendika S\u00f6zle\u015fmelerini yapmak \u00fczere Belediye Ba\u015fkan\u0131 Bekir \u015e\u0130M\u015eEK&#8217; e yetki verilmesine Belediyemiz Meclisince oy birli\u011fi ile karar verildi.  GERE\u011e\u0130 \u0130\u00c7\u0130N YAZI \u0130\u015eLER\u0130 M\u00dcD\u00dcRL\u00dc\u011e\u00dc<\/td>\n<\/tr>\n<tr>\n<td>KARAR 23<\/td>\n<\/tr>\n<tr>\n<td>96 Say\u0131l\u0131 Kanun H\u00fckm\u00fcnde Kararname uyar\u0131nca Belediyemizce kurulan Karaisal\u0131 Belediyesi Personel Limited \u015eirketine \u015firket y\u00f6neticilerinin atama yetkisi ve \u015firket temsilcili\u011fi i\u00e7in Belediye Ba\u015fkan\u0131 Bekir \u015e\u0130M\u015eEK&#8217; e yetki verilmesine oy birli\u011fi ile karar verildi. GERE\u011e\u0130 \u0130\u00c7\u0130N YAZI \u0130\u015eLER\u0130 M\u00dcD\u00dcRL\u00dc\u011e\u00dc<\/td>\n<\/tr>\n<tr>\n<td>KARAR 24<\/td>\n<\/tr>\n<tr>\n<td>Belediye Ba\u015fkanl\u0131\u011f\u0131m\u0131zca 2023 y\u0131l\u0131 \u0130\u00e7 denetim raporunun g\u00f6r\u00fc\u015f\u00fclmek \u00fczere meclisimize havalesini arz ederim. Denilmekte olup , 2023 Y\u0131l\u0131 Denetim Raporu Belediyemiz Meclisince tek tek okunarak g\u00f6r\u00fc\u015f\u00fcld\u00fc<\/td>\n<\/tr>\n<tr>\n<td>KARAR 25<\/td>\n<\/tr>\n<tr>\n<td>Belediye Meclis \u00c7al\u0131\u015fma Y\u00f6netmeli\u011finin 9. maddesi gere\u011fince Belediye Ba\u015fkan\u0131 Meclis Ba\u015fkanl\u0131\u011f\u0131ndan ayr\u0131larak yerine Meclis 1. Ba\u015fkan Mahmut SARISOY Meclis Ba\u015fkanl\u0131\u011f\u0131na ge\u00e7ti. \u037eBelediye Meclisimizce Belediye Ba\u015fkanl\u0131\u011f\u0131m\u0131zca haz\u0131rlanan 2023 Y\u0131l\u0131 Faaliyet Raporu tek tek okunarak oylamaya sunuldu, Yap\u0131lan oylama sonucunda 2023 y\u0131l\u0131 faaliyet Raporunun onaylanmas\u0131na  oy birli\u011fi ile karar verildi. GERE\u011e\u0130 \u0130\u00c7\u0130N YAZI \u0130\u015eLER\u0130 M\u00dcD\u00dcRL\u00dc\u011e\u00dc<\/td>\n<\/tr>\n<\/tbody>\n<\/table>\n","protected":false},"excerpt":{"rendered":"<p>KARAR 13 Belediye Meclis \u00c7al\u0131\u015fma Y\u00f6netmeli\u011finin Madde 19 \u2014 Meclis, mahali idareler se\u00e7iminden sonraki ilk toplant\u0131s\u0131nda, \u00fcyeleri aras\u0131ndan ve gizli oyla meclis birinci ve ikinci ba\u015fkan vekilerini, ikisi yedek olmak \u00fczere en az d\u00f6rt k\u00e2tip \u00fcyeyi iki y\u0131l g\u00f6rev yapmak \u00fczere se\u00e7er. \u0130ki y\u0131ldan sonra se\u00e7ilecek ba\u015fkanl\u0131k divan\u0131, yap\u0131lacak ilk maha li idareler se\u00e7imlerine kadar [&hellip;]<\/p>\n","protected":false},"author":10,"featured_media":0,"parent":11558,"menu_order":202404,"comment_status":"closed","ping_status":"closed","template":"","meta":{"footnotes":""},"class_list":["post-11613","page","type-page","status-publish","hentry"],"_links":{"self":[{"href":"https:\/\/www.karaisali.bel.tr\/index.php?rest_route=\/wp\/v2\/pages\/11613","targetHints":{"allow":["GET"]}}],"collection":[{"href":"https:\/\/www.karaisali.bel.tr\/index.php?rest_route=\/wp\/v2\/pages"}],"about":[{"href":"https:\/\/www.karaisali.bel.tr\/index.php?rest_route=\/wp\/v2\/types\/page"}],"author":[{"embeddable":true,"href":"https:\/\/www.karaisali.bel.tr\/index.php?rest_route=\/wp\/v2\/users\/10"}],"replies":[{"embeddable":true,"href":"https:\/\/www.karaisali.bel.tr\/index.php?rest_route=%2Fwp%2Fv2%2Fcomments&post=11613"}],"version-history":[{"count":1,"href":"https:\/\/www.karaisali.bel.tr\/index.php?rest_route=\/wp\/v2\/pages\/11613\/revisions"}],"predecessor-version":[{"id":11614,"href":"https:\/\/www.karaisali.bel.tr\/index.php?rest_route=\/wp\/v2\/pages\/11613\/revisions\/11614"}],"up":[{"embeddable":true,"href":"https:\/\/www.karaisali.bel.tr\/index.php?rest_route=\/wp\/v2\/pages\/11558"}],"wp:attachment":[{"href":"https:\/\/www.karaisali.bel.tr\/index.php?rest_route=%2Fwp%2Fv2%2Fmedia&parent=11613"}],"curies":[{"name":"wp","href":"https:\/\/api.w.org\/{rel}","templated":true}]}}