{"id":11609,"date":"2024-12-29T19:44:38","date_gmt":"2024-12-29T16:44:38","guid":{"rendered":"https:\/\/www.karaisali.bel.tr\/?page_id=11609"},"modified":"2024-12-29T19:44:38","modified_gmt":"2024-12-29T16:44:38","slug":"aralik-2024-meclis-kararlari","status":"publish","type":"page","link":"https:\/\/www.karaisali.bel.tr\/?page_id=11609","title":{"rendered":"Aral\u0131k 2024 Meclis Kararlar\u0131"},"content":{"rendered":"<table>\n<tbody>\n<tr>\n<td>KARAR 79<\/td>\n<\/tr>\n<tr>\n<td>Belediye Ba\u015fkanl\u0131\u011f\u0131m\u0131zca Karaisal\u0131 Merkezinde yakla\u015f\u0131k 500 ha alanda haz\u0131rlanan 1\/1000 \u00f6l\u00e7ekli uygulama imar plan\u0131 revizyonunda yap\u0131lan itirazlar ile ilgili konular paftas\u0131nda i\u015flenmi\u015f olup, Adana B\u00fcy\u00fck\u015fehir Belediyesi meclisinde g\u00f6r\u00fc\u015f\u00fclm\u00fc\u015ft\u00fcr. Yap\u0131lan de\u011fi\u015fikliklerle ilgili paftas\u0131 \u0130mar ve \u015eehircilik M\u00fcd\u00fcrl\u00fc\u011f\u00fcm\u00fczce ask\u0131 ilan\u0131n\u0131n 3194 Say\u0131l\u0131 imar kanununun 8\/b maddesi uyar\u0131nca 30 g\u00fcn s\u00fcreyle Belediye ask\u0131 ilan tahtas\u0131nda ve Belediye hoparl\u00f6r\u00fcnden duyurulmu\u015f olup 21.10.2024 tarihli Abdulhadi BAZ ve Hatice DEM\u0130RC\u0130 itiraz dilek\u00e7elerinde G\u00fcven\u00e7 Mahallesi 695 Ada 25 Parselin belediye hizmet alan\u0131 olarak belirtildi\u011fini ve ilgili parselin konut alan\u0131 olarak de\u011fi\u015ftirilmesini dilek\u00e7elerinde belirtmi\u015ftir. ilgili dilek\u00e7elerin Karaisal\u0131 Belediye Meclisimizde g\u00f6r\u00fc\u015f\u00fcl\u00fcp karara ba\u011flanmas\u0131 hususunda\u037e Olurlar\u0131n\u0131za arz ederim. Denilmekte olup Ba\u015fkan Bekir \u015e\u0130M\u015eEK s\u00f6z ald\u0131. Arkada\u015flar okunan g\u00fcndem maddesini \u0130mar ve \u015eehircilik Komisyonuna g\u00f6nderilmesini teklif ediyorum dedi. Teklif oylama sunuldu. Oylama neticesinde teklif oy birli\u011fi ile kabul edildi.<\/td>\n<\/tr>\n<tr>\n<td>KARAR 80<\/td>\n<\/tr>\n<tr>\n<td>Adana \u0130li Karaisal\u0131 \u0130l\u00e7esi H\u00fck\u00fcmet Kona\u011f\u0131 Caddesi \u0130sminin Orgeneral Ali \u00c7ARDAKCI Olarak Adana B\u00fcy\u00fck\u015fehir Belediye Meclisince 15.12.2022 Tarih ve 300 Say\u0131l\u0131 Karar\u0131 5393 Say\u0131l\u0131 Belediye Kanununun 81. Maddesi Gere\u011fince ve Valilik Makam\u0131n\u0131n 28.12.2022 Tarih ve 90243 Say\u0131l\u0131 Oluru \u0130le Onaylanm\u0131\u015f olup s\u00f6z konusu cadde isminin Jandarma Genel Komutan\u0131 Orgeneral Ali \u00c7ARDAKCI olarak d\u00fczeltilmesi Belediye Ba\u015fkanl\u0131\u011f\u0131m\u0131zca Meclis Karar\u0131 al\u0131nmas\u0131 hususunda Olurlar\u0131n\u0131za arz ederim. Denilmekte olup Ba\u015fkan Bekir \u015e\u0130M\u015eEK s\u00f6z ald\u0131. Arkada\u015flar okunan g\u00fcndem maddesini \u0130mar ve \u015eehircilik Komisyonuna g\u00f6nderilmesini teklif ediyorum dedi. Teklif oylama sunuldu. Oylama neticesinde teklif oy birli\u011fi ile kabul edildi.<\/td>\n<\/tr>\n<tr>\n<td>KARAR 81<\/td>\n<\/tr>\n<tr>\n<td>M\u00fclkiyeti Karaisal\u0131 Belediye Ba\u015fkanl\u0131\u011f\u0131m\u0131za ait Selamp\u0131nar Mahallesi 1965 Ada 2 Parsel(7554,35 m2 ) ile ilgili olarak Belediye Meclisinin 05.01.2023 Tarihli Meclis Karar\u0131n\u0131n 2.g\u00fcndem maddesi ile Adana B\u00fcy\u00fck\u015fehir Belediyesine Mezarl\u0131k Alan\u0131 olarak tahsisi yap\u0131lm\u0131\u015ft\u0131r. Karaisal\u0131 Belediye Ba\u015fkanl\u0131\u011f\u0131m\u0131zca S\u0131f\u0131r At\u0131k Projesi Kapsam\u0131nda M\u00fclkiyeti Belediye Ba\u015fkanl\u0131\u011f\u0131m\u0131za ait olan Selamp\u0131nar Mahallesi 1965 ada 2 parsel say\u0131l\u0131 7554,35 m2 y\u00fcz\u00f6l\u00e7\u00fcml\u00fc ta\u015f\u0131nmaz\u0131n 1800 m2 lik haritas\u0131nda g\u00f6sterilen alan\u0131n\u0131n tahsisinin k\u0131sm\u0131 olarak iptalinin Karaisal\u0131 Belediye Meclisimizce g\u00f6r\u00fc\u015f\u00fcl\u00fcp karara ba\u011flanmas\u0131 hususunda\u037e Olurlar\u0131n\u0131za arz ederim. Denilmekte olup Ba\u015fkan Bekir \u015e\u0130M\u015eEK s\u00f6z ald\u0131. Arkada\u015flar okunan g\u00fcndem maddesinin \u0130mar ve \u015eehircilik Komisyonuna g\u00f6nderilmesini teklif ediyorum dedi. Teklif oylama sunuldu. Oylama neticesinde teklif oy birli\u011fi ile kabul edildi.<\/td>\n<\/tr>\n<tr>\n<td>KARAR 82<\/td>\n<\/tr>\n<tr>\n<td>Belediyemiz Zab\u0131ta M\u00fcd\u00fcrl\u00fc\u011f\u00fcn\u00fcn g\u00f6revi gere\u011fi Zab\u0131ta Hizmetlerinin s\u00fcreklili\u011fini sa\u011flamak i\u00e7in Ulusal Bayram, Genel Tatil, Hafta Tatili ve g\u00fcn\u00fcn 24 saatinde s\u00fcrekli hizmet veren zab\u0131tan\u0131n \u00e7al\u0131\u015fma s\u00fcresi ve saatleri 657 Devlet Memurlar\u0131 Kanununda belirtilen \u00e7al\u0131\u015fma s\u00fcresi ve saatlerine ba\u011fl\u0131 kalmaks\u0131z\u0131n hizmetin aksat\u0131lmadan y\u00fcr\u00fct\u00fclmesini sa\u011flayacak \u015fekilde d\u00fczenlenmi\u015ftir. Zab\u0131ta Hizmetlerinde g\u00f6rev yapan personele, B\u00fct\u00e7e Kanununun &#8220;K cetveli&#8221; ile belirlenen &#8220;Ayl\u0131k Maktu Fazla \u00c7al\u0131\u015fma \u00dccreti&#8221; \u00f6denmektedir. Belediyemiz emrinde 657 say\u0131l\u0131 Devlet Memurlar\u0131 Kanununa tabi olarak g\u00f6rev yapan zab\u0131ta personeline 2025 y\u0131l\u0131 i\u00e7in \u00f6denecek maktu mesai \u00fccretinin Bakanlar Kurulunun belirleyece\u011fi tavan \u00fczerinden \u00f6denmesi i\u00e7in 5393 say\u0131l\u0131 Belediye Kanununun 51.maddesi gere\u011fince Belediye Meclisince gerekli karar\u0131n al\u0131nmas\u0131 hususunda Olurlar\u0131n\u0131za arz ederim. Denilmekte olup. Ba\u015fkan Bekir \u015e\u0130M\u015eEK okunan g\u00fcndem maddesinin m\u00fcd\u00fcrl\u00fc\u011f\u00fcnden geldi\u011fi gibi kabul edilmesini teklif ediyorum. Teklif oylamaya sunuldu. Yap\u0131lan oylama neticesinde teklif oy birli\u011fi ile kabul edildi. GERE\u011e\u0130 \u0130\u00c7\u0130N ZABITA M\u00dcD\u00dcRL\u00dc\u011e\u00dcNE <\/td>\n<\/tr>\n<tr>\n<td>KARAR 83<\/td>\n<\/tr>\n<tr>\n<td>Belediyemiz Meclisince Komisyonumuzda g\u00f6r\u00fc\u015f\u00fclmek \u00fczere havale edilen Belediyemiz \u0130mar ve \u015eehircilik M\u00fcd\u00fcrl\u00fc\u011f\u00fcn\u00fcn 19\/11\/2024 tarih ve 16364 say\u0131l\u0131 yaz\u0131lar\u0131\u037e Belediye Ba\u015fkanl\u0131\u011f\u0131m\u0131zca Karaisal\u0131 Merkezinde yakla\u015f\u0131k 500 ha alanda haz\u0131rlanan 1\/1000 \u00f6l\u00e7ekli uygulama imar plan\u0131 revizyonunda yap\u0131lan itirazlar ile ilgili konular paftas\u0131nda i\u015flenmi\u015f olup, Adana B\u00fcy\u00fck\u015fehir Belediyesi meclisinde g\u00f6r\u00fc\u015f\u00fclm\u00fc\u015ft\u00fcr. Yap\u0131lan de\u011fi\u015fikliklerle ilgili paftas\u0131 imar ve \u015fehircilik m\u00fcd\u00fcrl\u00fc\u011f\u00fcm\u00fczce ask\u0131 ilan\u0131n\u0131n 3194 Say\u0131l\u0131 imar kanununun 8\/b maddesi uyar\u0131nca 30 g\u00fcn s\u00fcreyle Belediye ask\u0131 ilan tahtas\u0131nda ve belediye hoparl\u00f6r\u00fcnden duyurulmu\u015f olup 21.10.2024 tarihli Abdulhadi BAZ ve Hatice DEM\u0130RC\u0130 itiraz dilek\u00e7elerinde G\u00fcven\u00e7 Mahallesi  695 Ada 25 Parselin belediye hizmet alan\u0131 olarak belirtildi\u011fini ve ilgili parselin konut alan\u0131 olarak de\u011fi\u015ftirilmesini dilek\u00e7elerinde belirtmi\u015ftir. ilgili dilek\u00e7elerin Karaisal\u0131 Belediye Meclisimizde g\u00f6r\u00fc\u015f\u00fcl\u00fcp karara ba\u011flanmas\u0131 hususunda: Gere\u011fini arz ederim. Denilmekte olup komisyonumuzca g\u00f6r\u00fc\u015f\u00fcld\u00fc. G\u00f6r\u00fc\u015fme neticesinde \u0130lgili itiraz dilek\u00e7eleri ask\u0131 ilan\u0131na \u00e7\u0131kan imar plan\u0131yla ilgili olmad\u0131\u011f\u0131 i\u00e7in dilek\u00e7elerin reddine Belediyemiz Meclisince g\u00f6r\u00fc\u015f\u00fclmek \u00fczere sunulmas\u0131na oy birli\u011fi ile karar verildi.  Denilmekte olup okunan komisyon raporu oylamaya sunuldu. Yap\u0131lan oylama neticesinde komisyon raporunun komisyondan geldi\u011fi gibi kabul edilmesine oy birli\u011fi ile karar verildi. GERE\u011e\u0130 \u0130\u00c7\u0130N \u0130MAR VE \u015eEH\u0130RC\u0130L\u0130K M\u00dcD\u00dcRL\u00dc\u011e\u00dcNE <\/td>\n<\/tr>\n<tr>\n<td>KARAR 84<\/td>\n<\/tr>\n<tr>\n<td>Belediyemiz Meclisince Komisyonumuzda g\u00f6r\u00fc\u015f\u00fclmek \u00fczere havale edilen Belediyemiz \u0130mar ve \u015eehircilik M\u00fcd\u00fcrl\u00fc\u011f\u00fcn\u00fcn 28\/11\/2024 tarih ve 16528 say\u0131l\u0131 yaz\u0131lar\u0131\u037e Adana \u0130li Karaisal\u0131 \u0130l\u00e7esi H\u00fck\u00fcmet Kona\u011f\u0131 Caddesi \u0130sminin Orgeneral Ali \u00c7ARDAKCI Olarak Adana B\u00fcy\u00fck\u015fehir Belediye Meclisince 15.12.2022 Tarih ve 300 Say\u0131l\u0131 Karar\u0131 5393 Say\u0131l\u0131 Belediye Kanununun 81. Maddesi Gere\u011fince ve Valilik Makam\u0131n\u0131n 28.12.2022 Tarih ve 90243 Say\u0131l\u0131 Oluru \u0130le Onaylanm\u0131\u015f olup s\u00f6z konusu cadde isminin Jandarma Genel Komutan\u0131 Orgeneral Ali \u00c7ARDAKCI olarak d\u00fczeltilmesi hususunda Belediye Ba\u015fkanl\u0131\u011f\u0131m\u0131zca Meclis Karar\u0131 al\u0131nmas\u0131n\u0131\u037e Olurlar\u0131n\u0131za arz ederim. Denilmekte olup komisyonumuzca g\u00f6r\u00fc\u015f\u00fcld\u00fc. G\u00f6r\u00fc\u015fme neticesinde teklifin m\u00fcd\u00fcrl\u00fc\u011f\u00fcnden geldi\u011fi gibi kabul edilmesine, Belediyemiz Meclisince g\u00f6r\u00fc\u015f\u00fclmek \u00fczere sunulmas\u0131na oy birli\u011fi ile karar verildi. Denilmekte olup okunan komisyon raporu oylamaya sunuldu. Yap\u0131lan oylama neticesinde komisyon raporunun komisyondan geldi\u011fi gibi kabul edilmesine oy birli\u011fi ile karar verildi. GERE\u011e\u0130 \u0130\u00c7\u0130N \u0130MAR VE \u015eEH\u0130RC\u0130L\u0130K M\u00dcD\u00dcRL\u00dc\u011e\u00dcNE<\/td>\n<\/tr>\n<tr>\n<td>KARAR 85<\/td>\n<\/tr>\n<tr>\n<td>Belediyemiz Meclisince Komisyonumuzda g\u00f6r\u00fc\u015f\u00fclmek \u00fczere havale edilen Belediyemiz \u0130mar ve \u015eehircilik M\u00fcd\u00fcrl\u00fc\u011f\u00fcn\u00fcn 28\/11\/2024 tarih ve 16547 say\u0131l\u0131 yaz\u0131lar\u0131\u037e M\u00fclkiyeti Karaisal\u0131 Belediye Ba\u015fkanl\u0131\u011f\u0131m\u0131za ait Selamp\u0131nar Mahallesi 1965 Ada 2 Parsel(7554,35 m2 ) ile ilgili olarak Belediye Meclisinin 05.01.2023 Tarihli Meclis Karar\u0131n\u0131n 2.g\u00fcndem maddesi ile Adana B\u00fcy\u00fck\u015fehir Belediyesine Mezarl\u0131k Alan\u0131 olarak tahsisi yap\u0131lm\u0131\u015ft\u0131r. Karaisal\u0131 Belediye Ba\u015fkanl\u0131\u011f\u0131m\u0131zca S\u0131f\u0131r At\u0131k Projesi Kapsam\u0131nda M\u00fclkiyeti Belediye Ba\u015fkanl\u0131\u011f\u0131m\u0131za ait olan Selamp\u0131nar Mahallesi 1965 ada 2 parsel say\u0131l\u0131 7554,35 m2 y\u00fcz\u00f6l\u00e7\u00fcml\u00fc ta\u015f\u0131nmaz\u0131n 1800 m2 lik haritas\u0131nda g\u00f6sterilen alan\u0131n\u0131n tahsisinin k\u0131sm\u0131 olarak iptalinin Karaisal\u0131 Belediye Meclisimizce g\u00f6r\u00fc\u015f\u00fcl\u00fcp karara ba\u011flanmas\u0131 hususunda\u037e Gere\u011fini bilgilerinize arz ederim. Denilmekte olup komisyonumuzca g\u00f6r\u00fc\u015f\u00fcld\u00fc. G\u00f6r\u00fc\u015fme neticesinde teklifin m\u00fcd\u00fcrl\u00fc\u011f\u00fcnden geldi\u011fi gibi kabul edilmesine, Belediyemiz Meclisince g\u00f6r\u00fc\u015f\u00fclmek \u00fczere sunulmas\u0131na oy birli\u011fi ile karar verildi. Denilmekte olup okunan komisyon raporu oylamaya sunuldu. Yap\u0131lan oylama neticesinde komisyon raporunun komisyondan geldi\u011fi gibi kabul edilmesine oy birli\u011fi ile karar verildi. GERE\u011e\u0130 \u0130\u00c7\u0130N \u0130MAR VE \u015eEH\u0130RC\u0130L\u0130K M\u00dcD\u00dcRL\u00dc\u011e\u00dcNE<\/td>\n<\/tr>\n<\/tbody>\n<\/table>\n","protected":false},"excerpt":{"rendered":"<p>KARAR 79 Belediye Ba\u015fkanl\u0131\u011f\u0131m\u0131zca Karaisal\u0131 Merkezinde yakla\u015f\u0131k 500 ha alanda haz\u0131rlanan 1\/1000 \u00f6l\u00e7ekli uygulama imar plan\u0131 revizyonunda yap\u0131lan itirazlar ile ilgili konular paftas\u0131nda i\u015flenmi\u015f olup, Adana B\u00fcy\u00fck\u015fehir Belediyesi meclisinde g\u00f6r\u00fc\u015f\u00fclm\u00fc\u015ft\u00fcr. Yap\u0131lan de\u011fi\u015fikliklerle ilgili paftas\u0131 \u0130mar ve \u015eehircilik M\u00fcd\u00fcrl\u00fc\u011f\u00fcm\u00fczce ask\u0131 ilan\u0131n\u0131n 3194 Say\u0131l\u0131 imar kanununun 8\/b maddesi uyar\u0131nca 30 g\u00fcn s\u00fcreyle Belediye ask\u0131 ilan tahtas\u0131nda ve [&hellip;]<\/p>\n","protected":false},"author":10,"featured_media":0,"parent":11558,"menu_order":202412,"comment_status":"closed","ping_status":"closed","template":"","meta":{"footnotes":""},"class_list":["post-11609","page","type-page","status-publish","hentry"],"_links":{"self":[{"href":"https:\/\/www.karaisali.bel.tr\/index.php?rest_route=\/wp\/v2\/pages\/11609","targetHints":{"allow":["GET"]}}],"collection":[{"href":"https:\/\/www.karaisali.bel.tr\/index.php?rest_route=\/wp\/v2\/pages"}],"about":[{"href":"https:\/\/www.karaisali.bel.tr\/index.php?rest_route=\/wp\/v2\/types\/page"}],"author":[{"embeddable":true,"href":"https:\/\/www.karaisali.bel.tr\/index.php?rest_route=\/wp\/v2\/users\/10"}],"replies":[{"embeddable":true,"href":"https:\/\/www.karaisali.bel.tr\/index.php?rest_route=%2Fwp%2Fv2%2Fcomments&post=11609"}],"version-history":[{"count":2,"href":"https:\/\/www.karaisali.bel.tr\/index.php?rest_route=\/wp\/v2\/pages\/11609\/revisions"}],"predecessor-version":[{"id":11611,"href":"https:\/\/www.karaisali.bel.tr\/index.php?rest_route=\/wp\/v2\/pages\/11609\/revisions\/11611"}],"up":[{"embeddable":true,"href":"https:\/\/www.karaisali.bel.tr\/index.php?rest_route=\/wp\/v2\/pages\/11558"}],"wp:attachment":[{"href":"https:\/\/www.karaisali.bel.tr\/index.php?rest_route=%2Fwp%2Fv2%2Fmedia&parent=11609"}],"curies":[{"name":"wp","href":"https:\/\/api.w.org\/{rel}","templated":true}]}}