{"id":11607,"date":"2024-12-29T19:44:12","date_gmt":"2024-12-29T16:44:12","guid":{"rendered":"https:\/\/www.karaisali.bel.tr\/?page_id=11607"},"modified":"2024-12-29T19:44:12","modified_gmt":"2024-12-29T16:44:12","slug":"kasim-2024-meclis-kararlari","status":"publish","type":"page","link":"https:\/\/www.karaisali.bel.tr\/?page_id=11607","title":{"rendered":"Kas\u0131m 2024 Meclis Kararlar\u0131"},"content":{"rendered":"<table>\n<tbody>\n<tr>\n<td>KARAR 75<\/td>\n<\/tr>\n<tr>\n<td>Belediyemiz 2024 y\u0131l\u0131 b\u00fct\u00e7esi 180.000.000,00\u00adTL olarak belirlenmi\u015f olup y\u0131l i\u00e7erisinde gelir ve harcamalar\u0131n yetersiz kalmas\u0131ndan dolay\u0131 40.000.000,00\u00adTL ek b\u00fct\u00e7e yap\u0131lmas\u0131 ve Belediyemiz Meclisinde g\u00f6r\u00fc\u015f\u00fclmek \u00fczere havalesini olurlar\u0131n\u0131za arz ederim. Denilmekte olup, Meclis Ba\u015fkan\u0131 Bekir \u015e\u0130M\u015eEK s\u00f6z ald\u0131. Arkada\u015flar okunan g\u00fcndem maddesini Plan B\u00fct\u00e7e komisyonuna g\u00f6nderilmesini teklif ediyorum. Teklif oylama sunuldu. Yap\u0131lan oylama neticesinde teklif oy birli\u011fi kabul edildi.<\/td>\n<\/tr>\n<tr>\n<td>KARAR 76<\/td>\n<\/tr>\n<tr>\n<td>M\u00fclkiyeti Belediye Ba\u015fkanl\u0131\u011f\u0131m\u0131za ait olan \u0130l\u00e7emiz E\u011flence Mahallesi, 289,40 m2 y\u00fcz\u00f6l\u00e7\u00fcml\u00fc 1845 ada 13 parseli KARA\u0130SALI KAYMAKAMLI\u011eI (\u0130l\u00e7e M\u00fcft\u00fcl\u00fc\u011f\u00fc) 08.10.2024 tarih ve 5553917 say\u0131l\u0131 \u00fcst yaz\u0131 ile m\u00fcracaat ederek Belediyemize ait 289,40 m2&#8217;lik ta\u015f\u0131nmaz\u0131n tahsisini talep etmektedir. S\u00f6z konusu E\u011flence Mahallesi 1845 ada 13 parsel 289,40 m2&#8217;lik ta\u015f\u0131nmaz\u0131n tahsisi yap\u0131labilmesi i\u00e7in Belediye Meclisince tahsis karar\u0131 al\u0131nmas\u0131 hususunda Olurlar\u0131n\u0131za arz ederim. Denilmekte olup Meclis Ba\u015fkan\u0131 Bekir \u015e\u0130M\u015eEK s\u00f6z ald\u0131. Arkada\u015flar okunan g\u00fcndem maddesini \u0130mar ve \u015eehircilik Komisyonuna g\u00f6nderilmesini teklif ediyorum. Teklif oylama sunuldu. Yap\u0131lan oylama neticesinde teklif oy birli\u011fi kabul edildi.<\/td>\n<\/tr>\n<tr>\n<td>KARAR 77<\/td>\n<\/tr>\n<tr>\n<td>Belediyemiz Meclisince Komisyonumuzda g\u00f6r\u00fc\u015f\u00fclmek \u00fczere havale edilen Belediyemiz Mali Hizmetler M\u00fcd\u00fcrl\u00fc\u011f\u00fcn\u00fcn 31\/10\/2024 tarih ve E.16103 say\u0131l\u0131 yaz\u0131lar\u0131  kinde sunulan 2024 y\u0131l\u0131 Ek B\u00fct\u00e7e teklifi Komisyonumuzca tek tek incelenerek g\u00f6r\u00fc\u015f\u00fclm\u00fc\u015f olup 40.000.000,00 TL (KIRKM\u0130LYONT\u00dcRKL\u0130RASI) ek b\u00fct\u00e7e konulmas\u0131na Komisyonumuzca oy birli\u011fi ile karar verilmi\u015f olup Belediyemiz  Meclisince g\u00f6r\u00fc\u015f\u00fclmek \u00fczere sunulmas\u0131na oy birli\u011fi ile karar verildi. Denilmekte olup okunan komisyon raporu oylamaya sunuldu. Yap\u0131lan oylama neticesinde komisyon raporunun komisyondan geldi\u011fi gibi kabul edilmesine oy birli\u011fi ile karar verildi. GERE\u011e\u0130 \u0130\u00c7\u0130N MAL\u0130 H\u0130ZMETLER M\u00dcD\u00dcRL\u00dc\u011e\u00dcNE <\/td>\n<\/tr>\n<tr>\n<td>KARAR 78<\/td>\n<\/tr>\n<tr>\n<td>Belediyemiz Meclisince Komisyonumuzda g\u00f6r\u00fc\u015f\u00fclmek \u00fczere havale edilen Belediyemiz Emlak ve \u0130stimlak M\u00fcd\u00fcrl\u00fc\u011f\u00fcn\u00fcn 21\/10\/2024 tarih ve 15835 say\u0131l\u0131 yaz\u0131lar\u0131\u037e M\u00fclkiyeti Belediye Ba\u015fkanl\u0131\u011f\u0131m\u0131za ait olan \u0130l\u00e7emiz E\u011flence Mahallesi, 289,40 m2 y\u00fcz\u00f6l\u00e7\u00fcml\u00fc 1845 ada 13 parseli Karaisal\u0131 Kaymakaml\u0131\u011f\u0131 \u0130l\u00e7e M\u00fcft\u00fcl\u00fc\u011f\u00fc\u2019 n\u00fcn 08.10.2024 tarih ve 5553917 say\u0131l\u0131 \u00fcst yaz\u0131 ile m\u00fcracaat ederek Belediyemize ait 289,40 m2&#8217;lik ta\u015f\u0131nmaz\u0131n tahsisini talep etmektedir. S\u00f6z konusu E\u011flence Mahallesi 1845 ada 13 parsel 289,40 m2&#8217;lik ta\u015f\u0131nmaz\u0131n tahsisi yap\u0131labilmesi i\u00e7in Belediye Meclisince tahsis karar\u0131 al\u0131nmas\u0131 hususunda Olurlar\u0131n\u0131za arz ederim. Denilmekte olup\u037e Komisyonumuzca g\u00f6r\u00fc\u015f\u00fcld\u00fc. G\u00f6r\u00fc\u015fme neticesinde 5393 Say\u0131l\u0131 Belediye Kanunun 75 Maddesi d. f\u0131kras\u0131na g\u00f6re 25 y\u0131ll\u0131\u011f\u0131na Karaisal\u0131 \u0130l\u00e7e M\u00fcft\u00fcl\u00fc\u011f\u00fc\u2019 ne tahsis edilmesine, Belediyemiz Meclisince g\u00f6r\u00fc\u015f\u00fclmek \u00fczere sunulmas\u0131na oy birli\u011fi ile karar verildi. Denilmekte olup okunan komisyon raporu oylamaya sunuldu. Yap\u0131lan oylama neticesinde komisyon raporunun komisyondan geldi\u011fi gibi kabul edilmesine oy birli\u011fi ile karar verildi. GERE\u011e\u0130 \u0130\u00c7\u0130N EMLAK VE \u0130ST\u0130MLAK M\u00dcD\u00dcRL\u00dc\u011e\u00dcNE<\/td>\n<\/tr>\n<\/tbody>\n<\/table>\n","protected":false},"excerpt":{"rendered":"<p>KARAR 75 Belediyemiz 2024 y\u0131l\u0131 b\u00fct\u00e7esi 180.000.000,00\u00adTL olarak belirlenmi\u015f olup y\u0131l i\u00e7erisinde gelir ve harcamalar\u0131n yetersiz kalmas\u0131ndan dolay\u0131 40.000.000,00\u00adTL ek b\u00fct\u00e7e yap\u0131lmas\u0131 ve Belediyemiz Meclisinde g\u00f6r\u00fc\u015f\u00fclmek \u00fczere havalesini olurlar\u0131n\u0131za arz ederim. Denilmekte olup, Meclis Ba\u015fkan\u0131 Bekir \u015e\u0130M\u015eEK s\u00f6z ald\u0131. Arkada\u015flar okunan g\u00fcndem maddesini Plan B\u00fct\u00e7e komisyonuna g\u00f6nderilmesini teklif ediyorum. Teklif oylama sunuldu. Yap\u0131lan oylama neticesinde [&hellip;]<\/p>\n","protected":false},"author":10,"featured_media":0,"parent":11558,"menu_order":202411,"comment_status":"closed","ping_status":"closed","template":"","meta":{"footnotes":""},"class_list":["post-11607","page","type-page","status-publish","hentry"],"_links":{"self":[{"href":"https:\/\/www.karaisali.bel.tr\/index.php?rest_route=\/wp\/v2\/pages\/11607","targetHints":{"allow":["GET"]}}],"collection":[{"href":"https:\/\/www.karaisali.bel.tr\/index.php?rest_route=\/wp\/v2\/pages"}],"about":[{"href":"https:\/\/www.karaisali.bel.tr\/index.php?rest_route=\/wp\/v2\/types\/page"}],"author":[{"embeddable":true,"href":"https:\/\/www.karaisali.bel.tr\/index.php?rest_route=\/wp\/v2\/users\/10"}],"replies":[{"embeddable":true,"href":"https:\/\/www.karaisali.bel.tr\/index.php?rest_route=%2Fwp%2Fv2%2Fcomments&post=11607"}],"version-history":[{"count":1,"href":"https:\/\/www.karaisali.bel.tr\/index.php?rest_route=\/wp\/v2\/pages\/11607\/revisions"}],"predecessor-version":[{"id":11608,"href":"https:\/\/www.karaisali.bel.tr\/index.php?rest_route=\/wp\/v2\/pages\/11607\/revisions\/11608"}],"up":[{"embeddable":true,"href":"https:\/\/www.karaisali.bel.tr\/index.php?rest_route=\/wp\/v2\/pages\/11558"}],"wp:attachment":[{"href":"https:\/\/www.karaisali.bel.tr\/index.php?rest_route=%2Fwp%2Fv2%2Fmedia&parent=11607"}],"curies":[{"name":"wp","href":"https:\/\/api.w.org\/{rel}","templated":true}]}}