{"id":11605,"date":"2024-12-29T19:10:52","date_gmt":"2024-12-29T16:10:52","guid":{"rendered":"https:\/\/www.karaisali.bel.tr\/?page_id=11605"},"modified":"2024-12-29T19:10:52","modified_gmt":"2024-12-29T16:10:52","slug":"ekim-2024-meclis-kararlari","status":"publish","type":"page","link":"https:\/\/www.karaisali.bel.tr\/?page_id=11605","title":{"rendered":"Ekim 2024 Meclis Kararlar\u0131"},"content":{"rendered":"<table>\n<tbody>\n<tr>\n<td>KARAR 66<\/td>\n<\/tr>\n<tr>\n<td>Belediye Ba\u015fkanl\u0131\u011f\u0131m\u0131z Mali Hizmetler M\u00fcd\u00fcrl\u00fc\u011f\u00fcn\u00fcn 27\/09\/2024 tarih ve 15471 say\u0131l\u0131 yaz\u0131lar\u0131 ile g\u00fcndeme al\u0131nan Belediye Ba\u015fkanl\u0131\u011f\u0131m\u0131z 2025 y\u0131l\u0131 b\u00fct\u00e7esi gelir ve gider tablosu yaz\u0131m\u0131z ekinde sunulmu\u015f olup 5393 say\u0131l\u0131 Belediye Kanunu 18\/n maddesi gere\u011fince Belediyemiz Meclisince g\u00f6r\u00fc\u015f\u00fclmek \u00fczere havalesini Olurlar\u0131n\u0131za arz ederim. Denilmekte olup okunan teklif hakk\u0131nda Meclis Ba\u015fkan\u0131 Bekir \u015e\u0130M\u015eEK s\u00f6z ald\u0131. Teklifin Plan B\u00fct\u00e7e Komisyonunda g\u00f6r\u00fc\u015f\u00fclmesini teklif etti. Teklif oylamaya sunuldu. Yap\u0131lan oylama neticesinde teklifin kabul\u00fcne oy birli\u011fi ile karar verildi.<\/td>\n<\/tr>\n<tr>\n<td>KARAR 67<\/td>\n<\/tr>\n<tr>\n<td>Belediye Ba\u015fkanl\u0131\u011f\u0131m\u0131z Mali Hizmetler M\u00fcd\u00fcrl\u00fc\u011f\u00fcn\u00fcn 30\/09\/2024 tarih ve 15542 say\u0131l\u0131 yaz\u0131lar\u0131 ile g\u00fcndeme al\u0131nan Mali Hizmetler M\u00fcd\u00fcrl\u00fc\u011f\u00fcnce 2024 y\u0131l\u0131 fiyat tarifesi haz\u0131rlanm\u0131\u015f olup yaz\u0131m\u0131z ekinde sunulmu\u015ftur. Belediyemiz Meclisince g\u00f6r\u00fc\u015f\u00fclmek \u00fczere Belediye Meclisine havalesini Olurlar\u0131n\u0131za arz ederim. Denilmekte olup okunan teklif hakk\u0131nda Meclis Ba\u015fkan\u0131 Bekir \u015e\u0130M\u015eEK s\u00f6z ald\u0131. Teklifin Plan B\u00fct\u00e7e Komisyonunda g\u00f6r\u00fc\u015f\u00fclmesini teklif etti. Teklif oylamaya sunuldu. Yap\u0131lan oylama neticesinde teklifin kabul\u00fcne oy birli\u011fi ile karar verildi. <\/td>\n<\/tr>\n<tr>\n<td>KARAR 68<\/td>\n<\/tr>\n<tr>\n<td>Adana B\u00fcy\u00fck\u015fehir Belediye Ba\u015fkanl\u0131\u011f\u0131n\u0131n 22.07.2024 tarih ve E\u00ad13509581\u00ad115.01.02\u00ad533455 say\u0131l\u0131 yaz\u0131s\u0131 g\u00f6z \u00f6n\u00fcnde bulundurularak, \u0130l\u00e7emiz s\u0131n\u0131rlar\u0131 i\u00e7erisinde HES Enerji Santrallerine y\u00f6nelik plan s\u00fcrecinin h\u0131zl\u0131 bir \u015fekilde hayata ge\u00e7mesi \u0130\u00e7in Karaisal\u0131 \u0130l\u00e7esi Etekli Mahallesi 111 Ada 174,189,186,187,188,150 Parseller 107 Ada 207,209,210,214,165,166,167,76,117,561,490,488,550,549,553,547,541,592,590,588 Parseller, Karaisal\u0131 \u0130l\u00e7esi Merkezboztahta Mahallesi 1270 Ada 1 Parsel 1343 Ada 4,10,111 parseller, 1263 Ada 1 parsel, Karaisal\u0131 \u0130l\u00e7esi Barakda\u011f\u0131 Mahallesi 102 Ada 105,109,110,129,132,141,142 ve 143 parsellerde bulunan HES santrali i\u00e7in 1\/5000 \u00f6l\u00e7ekli naz\u0131m imar plan\u0131 ve 1\/1000 \u00f6l\u00e7ekli uygulama imar plan\u0131 plan onama harc\u0131 ve \u00fccret tarifesinde yer alan t\u00fcm bedeller il\u00e7e Belediyemiz taraf\u0131ndan tahsil edilmesi ko\u015fuluyla, her talep i\u00e7in ayr\u0131 ayr\u0131 karar alarak Adana B\u00fcy\u00fck\u015fehir Belediye Ba\u015fkanl\u0131\u011f\u0131 Meclisince onanabilmesi i\u00e7in yetki devrine y\u00f6nelik gerekli meclis karar\u0131 alarak B\u00fcy\u00fck\u015fehir Belediyesine iletilmesi hususunda\u037e Olurlar\u0131n\u0131za arz ederim Denilmekte olup Denilmekte olup okunan teklif hakk\u0131nda Meclis Ba\u015fkan\u0131 Bekir \u015e\u0130M\u015eEK s\u00f6z ald\u0131. Teklifin \u0130mar ve \u015eehircilik Komisyonunda g\u00f6r\u00fc\u015f\u00fclmesini teklif etti. Teklif oylamaya sunuldu. Yap\u0131lan oylama neticesinde teklifin kabul\u00fcne oy birli\u011fi ile karar verildi<\/td>\n<\/tr>\n<tr>\n<td>KARAR 69<\/td>\n<\/tr>\n<tr>\n<td>Belediyemiz K\u00fclt\u00fcr ve Sosyal \u0130\u015fler M\u00fcd\u00fcrl\u00fc\u011f\u00fcn\u00fcn 27\/09\/2024 tarih ve 15521 say\u0131l\u0131 yaz\u0131s\u0131\u037e K\u00fclt\u00fcr ve Sosyal Yard\u0131m y\u00f6netmeli\u011finin Belediyemiz meclisince g\u00f6r\u00fc\u015f\u00fclmesi hususunda Olurlar\u0131n\u0131za arz ederim. Denilmekte olup okunan teklif hakk\u0131nda Meclis Ba\u015fkan\u0131 Bekir \u015e\u0130M\u015eEK s\u00f6z ald\u0131. E\u011fitim, K\u00fclt\u00fcr ve Spor Komisyonunda g\u00f6r\u00fc\u015f\u00fclmesini teklif etti. Teklif oylamaya sunuldu. Yap\u0131lan oylama neticesinde teklifin kabul\u00fcne oy birli\u011fi ile karar verildi. <\/td>\n<\/tr>\n<tr>\n<td>KARAR 70<\/td>\n<\/tr>\n<tr>\n<td>Belediyemiz Meclisince komisyonumuzda g\u00f6r\u00fc\u015f\u00fclmek \u00fczere havale edilen Belediyemiz Mali Hizmetler M\u00fcd\u00fcrl\u00fc\u011f\u00fcn\u00fcn 30\/09\/2024 tarih ve E.15542 say\u0131l\u0131 yaz\u0131lar\u0131 ekinde komisyonumuza sunulan 2025 mali y\u0131l\u0131 fiyat tarifesi komisyonumuzca g\u00f6r\u00fc\u015f\u00fclmek \u00fczere Belediyemiz Meclis Toplant\u0131 salonunda 15\/10\/2024 tarihinde toplanm\u0131\u015f olup, 2025 Mali Y\u0131l\u0131 Fiyat Tarifeleri tek tek g\u00f6r\u00fc\u015f\u00fclerek a\u015fa\u011f\u0131daki tablolar halinde tarife uygulanmas\u0131na, karar\u0131m\u0131z\u0131n Belediyemiz Meclisine sunulmas\u0131na oy birli\u011fi ile karar verildi. Denilmekte olup okunan komisyon raporu oylamaya sunuldu. Yap\u0131lan oylama neticesinde komisyon raporunun komisyondan geldi\u011fi gibi kabul edilmesine oy birli\u011fi ile karar verildi.<\/td>\n<\/tr>\n<tr>\n<td>KARAR 71<\/td>\n<\/tr>\n<tr>\n<td>Belediyemiz Meclisince komisyonumuzda g\u00f6r\u00fc\u015f\u00fclmek \u00fczere havale edilen Belediyemiz \u0130mar ve \u015eehircilik M\u00fcd\u00fcrl\u00fc\u011f\u00fcn\u00fcn 01\/10\/2024 tarih ve 15545 say\u0131l\u0131 yaz\u0131lar\u0131\u037e Adana B\u00fcy\u00fck\u015fehir Belediye Ba\u015fkanl\u0131\u011f\u0131n\u0131n 22.07.2024 tarih ve E\u00ad13509581\u00ad115.01.02\u00ad533455 say\u0131l\u0131 yaz\u0131s\u0131 g\u00f6z \u00f6n\u00fcnde bulundurularak, \u0130l\u00e7emiz s\u0131n\u0131rlar\u0131 i\u00e7erisinde HES Enerji Santrallerine y\u00f6nelik plan s\u00fcrecinin h\u0131zl\u0131 bir \u015fekilde hayata ge\u00e7mesi \u0130\u00e7in Karaisal\u0131 \u0130l\u00e7esi Etekli Mahallesi 111 Ada 174,189 ,186,187,188,150 Parseller, 107 Ada 207,209,210,214,165,166,167,76,117,561,490,488,550,549,553,547,541,592,590,588 parseller, Karaisal\u0131 \u0130l\u00e7esi Merkezboztahta Mahallesi 1270 Ada 1 Parsel 1343 Ada 4,10,111 parseller, 1263 Ada 1 parsel , Karaisal\u0131 \u0130l\u00e7esi Barakda\u011f\u0131 Mahallesi 102 Ada 105,109,110,129,132,141,142 ve 143 parsellerde bulunan HES santrali i\u00e7in 1\/5000 \u00f6l\u00e7ekli naz\u0131m imar plan\u0131 ve 1\/1000 \u00f6l\u00e7ekli uygulama imar plan\u0131 plan onama harc\u0131 ve \u00fccret tarifesinde yer alan t\u00fcm bedeller il\u00e7e Belediyemiz taraf\u0131ndan tahsil edilmesi ko\u015fuluyla, her talep i\u00e7in ayr\u0131 ayr\u0131 karar alarak Adana B\u00fcy\u00fck\u015fehir Belediye Ba\u015fkanl\u0131\u011f\u0131 Meclisince onanabilmesi i\u00e7in yetki devrine y\u00f6nelik gerekli meclis karar\u0131 alarak B\u00fcy\u00fck\u015fehir Belediyesine iletilmesi hususunda\u037e Olurlar\u0131n\u0131za arz ederim. Denilmekte olup komisyonumuzca g\u00f6r\u00fc\u015f\u00fcld\u00fc. G\u00f6r\u00fc\u015fme neticesinde teklifin m\u00fcd\u00fcrl\u00fc\u011f\u00fcnden geldi\u011fi gibi kabul edilmesine, Belediyemiz Meclisince g\u00f6r\u00fc\u015f\u00fclmek \u00fczere sunulmas\u0131na oy birli\u011fi ile karar verildi. Denilmekte olup okunan komisyon raporu oylamaya sunuldu. Yap\u0131lan oylama neticesinde komisyon raporunun komisyondan geldi\u011fi gibi kabul edilmesine oy birli\u011fi ile karar verildi. GERE\u011e\u0130 \u0130\u00c7\u0130N \u0130MAR VE \u015eEH\u0130RC\u0130L\u0130K M\u00dcD\u00dcRL\u00dc\u011e\u00dc<\/td>\n<\/tr>\n<tr>\n<td>KARAR 72<\/td>\n<\/tr>\n<tr>\n<td>Belediyemiz Meclisince Komisyonumuzda g\u00f6r\u00fc\u015f\u00fclmek \u00fczere havale edilen Belediyemiz K\u00fclt\u00fcr ve Sosyal \u0130\u015fler M\u00fcd\u00fcrl\u00fc\u011f\u00fcn\u00fcn 27\/09\/2024 tarih ve 15521 say\u0131l\u0131 yaz\u0131lar\u0131\u037e Sosyal Yard\u0131m Y\u00f6netmeli\u011finin eklenmesi hususunda\u037e Olurlar\u0131n\u0131za arz ederim. Denilmekte olup komisyonumuzca g\u00f6r\u00fc\u015f\u00fcld\u00fc. G\u00f6r\u00fc\u015fme neticesinde A\u015f\u0131\u011fa belirlenen y\u00f6netmelik teklifin m\u00fcd\u00fcrl\u00fc\u011f\u00fcnden geldi\u011fi gibi kabul edilmesine, Belediyemiz Meclisince g\u00f6r\u00fc\u015f\u00fclmek \u00fczere sunulmas\u0131na oy birli\u011fi ile karar verildi. Denilmekte olup okunan komisyon raporu oylamaya sunuldu. Yap\u0131lan oylama neticesinde komisyon raporunun komisyondan geldi\u011fi gibi kabul edilmesine oy birli\u011fi ile karar verildi. GERE\u011e\u0130 \u0130\u00c7\u0130N K\u00dcLT\u00dcR VE SOSYAL \u0130\u015eLER M\u00dcD\u00dcRL\u00dc\u011e\u00dcNE<\/td>\n<\/tr>\n<tr>\n<td>KARAR 73<\/td>\n<\/tr>\n<tr>\n<td>Adana \u00c7evre, \u015eehircilik ve \u0130klim De\u011fi\u015fikli\u011fi \u0130l M\u00fcd\u00fcrl\u00fc\u011f\u00fcn\u00fcn 16\/08\/2024 tarih ve 10228802  say\u0131l\u0131 yaz\u0131s\u0131nda\u037e Ge\u00e7mi\u015f d\u00f6nemlerde uluslararas\u0131 Karde\u015f Kent (\u015eehir) olunan karde\u015f \u015fehir protokollerin g\u00fcncellenmesi istenmektedir. Karde\u015f Kent (\u015fehir) oldu\u011fumuz Karada\u011f&#8217;\u0131n Berena \u015fehri, Azerbaycan&#8217;\u0131n Cebray\u0131l \u015fehri ve Kosovan&#8217;\u0131n Glogova\u00e7 \u015fehri ile olan karde\u015f kent (\u015fehir) protokollerin g\u00fcncellenerek imzalanmas\u0131na Belediye Ba\u015fkan\u0131 Bekir \u015eEM\u015eEK&#8217;e yetki verilmesi hususunda Belediyemiz meclisinde g\u00f6r\u00fc\u015f\u00fclmesi i\u00e7in Olurlar\u0131n\u0131za arz ederim. Denilmekte olup okunan g\u00fcndem maddesi oylamaya sunuldu. Yap\u0131lan oylama neticesinde teklifin m\u00fcd\u00fcrl\u00fc\u011f\u00fcnden geldi\u011fi gibi kabul edilmesine oy birli\u011fi ile karar verildi. GERE\u011e\u0130 \u0130\u00c7\u0130N YAZI \u0130\u015eLER\u0130 M\u00dcD\u00dcRL\u00dc\u011e\u00dcNE<\/td>\n<\/tr>\n<tr>\n<td>KARAR 74<\/td>\n<\/tr>\n<tr>\n<td>Belediyemiz Meclisince komisyonumuzda g\u00f6r\u00fc\u015f\u00fclmek \u00fczere havale edilen Belediyemiz Mali Hizmetler M\u00fcd\u00fcrl\u00fc\u011f\u00fcn\u00fcn 27\/09\/2024 tarih ve E.15471 say\u0131l\u0131 yaz\u0131lar\u0131 ekinde komisyonumuza sunulan 2025 Mali y\u0131l\u0131 B\u00fct\u00e7esi gelir ve gider tablosu komisyonumuzca g\u00f6r\u00fc\u015f\u00fclmek \u00fczere Belediyemiz Meclis Toplant\u0131 salonunda 15\/10\/2024 tarihinde toplanm\u0131\u015f olup, 2025 Mali Y\u0131l\u0131 B\u00fct\u00e7esi gelir ve gider tablolar\u0131 tek tek incelenerek 300.000.000,00 TL\u2018lik (\u00dc\u00c7Y\u00dcZM\u0130LYONT\u00dcRKL\u0130RASI) b\u00fct\u00e7enin uygunlu\u011funa, karar\u0131m\u0131z\u0131n Belediyemiz Meclisine sunulmas\u0131na oy birli\u011fi ile karar verildi. Denilmekte olup okunan komisyon raporu oylamaya sunuldu. Yap\u0131lan oylama neticesinde komisyon raporunun komisyondan geldi\u011fi gibi kabul edilmesine oy birli\u011fi ile karar verildi.  GERE\u011e\u0130 \u0130\u00c7\u0130N MAL\u0130 H\u0130ZMETLER M\u00dcD\u00dcRL\u00dc\u011e\u00dcNE<\/td>\n<\/tr>\n<\/tbody>\n<\/table>\n","protected":false},"excerpt":{"rendered":"<p>KARAR 66 Belediye Ba\u015fkanl\u0131\u011f\u0131m\u0131z Mali Hizmetler M\u00fcd\u00fcrl\u00fc\u011f\u00fcn\u00fcn 27\/09\/2024 tarih ve 15471 say\u0131l\u0131 yaz\u0131lar\u0131 ile g\u00fcndeme al\u0131nan Belediye Ba\u015fkanl\u0131\u011f\u0131m\u0131z 2025 y\u0131l\u0131 b\u00fct\u00e7esi gelir ve gider tablosu yaz\u0131m\u0131z ekinde sunulmu\u015f olup 5393 say\u0131l\u0131 Belediye Kanunu 18\/n maddesi gere\u011fince Belediyemiz Meclisince g\u00f6r\u00fc\u015f\u00fclmek \u00fczere havalesini Olurlar\u0131n\u0131za arz ederim. Denilmekte olup okunan teklif hakk\u0131nda Meclis Ba\u015fkan\u0131 Bekir \u015e\u0130M\u015eEK s\u00f6z ald\u0131. [&hellip;]<\/p>\n","protected":false},"author":10,"featured_media":0,"parent":11558,"menu_order":202410,"comment_status":"closed","ping_status":"closed","template":"","meta":{"footnotes":""},"class_list":["post-11605","page","type-page","status-publish","hentry"],"_links":{"self":[{"href":"https:\/\/www.karaisali.bel.tr\/index.php?rest_route=\/wp\/v2\/pages\/11605","targetHints":{"allow":["GET"]}}],"collection":[{"href":"https:\/\/www.karaisali.bel.tr\/index.php?rest_route=\/wp\/v2\/pages"}],"about":[{"href":"https:\/\/www.karaisali.bel.tr\/index.php?rest_route=\/wp\/v2\/types\/page"}],"author":[{"embeddable":true,"href":"https:\/\/www.karaisali.bel.tr\/index.php?rest_route=\/wp\/v2\/users\/10"}],"replies":[{"embeddable":true,"href":"https:\/\/www.karaisali.bel.tr\/index.php?rest_route=%2Fwp%2Fv2%2Fcomments&post=11605"}],"version-history":[{"count":1,"href":"https:\/\/www.karaisali.bel.tr\/index.php?rest_route=\/wp\/v2\/pages\/11605\/revisions"}],"predecessor-version":[{"id":11606,"href":"https:\/\/www.karaisali.bel.tr\/index.php?rest_route=\/wp\/v2\/pages\/11605\/revisions\/11606"}],"up":[{"embeddable":true,"href":"https:\/\/www.karaisali.bel.tr\/index.php?rest_route=\/wp\/v2\/pages\/11558"}],"wp:attachment":[{"href":"https:\/\/www.karaisali.bel.tr\/index.php?rest_route=%2Fwp%2Fv2%2Fmedia&parent=11605"}],"curies":[{"name":"wp","href":"https:\/\/api.w.org\/{rel}","templated":true}]}}