{"id":11573,"date":"2024-09-24T23:52:32","date_gmt":"2024-09-24T20:52:32","guid":{"rendered":"https:\/\/www.karaisali.bel.tr\/?page_id=11573"},"modified":"2024-09-24T23:52:32","modified_gmt":"2024-09-24T20:52:32","slug":"subat-2024-meclis-kararlari","status":"publish","type":"page","link":"https:\/\/www.karaisali.bel.tr\/?page_id=11573","title":{"rendered":"\u015eubat 2024 Meclis Kararlar\u0131"},"content":{"rendered":"<table>\n<tbody>\n<tr>\n<td>KARAR 11<\/td>\n<\/tr>\n<tr>\n<td>Belediyemiz \u0130mar ve \u015eehircilik M\u00fcd\u00fcrl\u00fc\u011f\u00fcn\u00fcn 24\/01\/2024 tarih ve 12160 say\u0131l\u0131 yaz\u0131lar\u0131 ile g\u00fcndeme<br \/>\nal\u0131nan\u037e Adana \u0130li Karaisal\u0131 \u0130l\u00e7esi Selamp\u0131nar Mahallesi 523 Ada 8 nolu parselde Mekansal Planlar Yap\u0131m<br \/>\nY\u00f6netmeli\u011fine g\u00f6re 1\/5000 ve 1\/1000 \u00f6l\u00e7ekli planlara de\u011fi\u015fiklik yap\u0131lmas\u0131 i\u00e7in Adana B\u00fcy\u00fck\u015fehir Belediyesine yetki<br \/>\nverilmesi talep edilmektedir. Mekansal Planlar Yap\u0131m Y\u00f6netmeli\u011finin 21. Maddesinin 2. Bendinde \u2018Naz\u0131m \u0130mar Plan\u0131<br \/>\nkesinle\u015fmeden uygulama imar plan\u0131 onaylanamaz. Ancak onay yetkisinin ayn\u0131 idarede bulunmas\u0131 halinde naz\u0131m ve<br \/>\nuygulama imar planlar\u0131 e\u015f zamanl\u0131 olarak onaylanabilir.\u2019 H\u00fckm\u00fc gere\u011fince\u037e 1\/5000 \u00f6l\u00e7ekli naz\u0131m imar plan\u0131 ve 1\/1000<br \/>\n\u00f6l\u00e7ekli uygulama imar planlar\u0131n\u0131n beraber onaylanabilmesi i\u00e7in Adana B\u00fcy\u00fck\u015fehir Belediyesine Selamp\u0131nar Mahallesi<br \/>\n523 Ada 8 nolu parselde de\u011fi\u015fiklik yap\u0131lmas\u0131na Karaisal\u0131 Belediye Meclisi yetki devri verilmesine y\u00f6nelik meclis<br \/>\n\u00fcyeleri aralar\u0131nda yapt\u0131\u011f\u0131 g\u00f6r\u00fc\u015fmeler sonucunda \u0130l\u00e7emiz Selamp\u0131nar Mahallesi 523 Ada 8 nolu parselde yap\u0131lacak<br \/>\nde\u011fi\u015fiklik i\u00e7in Adana B\u00fcy\u00fck\u015fehir Belediyesine yetki verilmesine hususunu Olurlar\u0131n\u0131za arz ederim. Denilmekte olup<br \/>\nTeklif Belediyemiz Meclisince g\u00f6r\u00fc\u015f\u00fcld\u00fc. Yap\u0131lan  g\u00f6r\u00fc\u015fme neticesinde teklifin M\u00fcd\u00fcrl\u00fc\u011f\u00fcnden geldi\u011fi gibi kabul<br \/>\nedilmesine ;<br \/>\n  Adana \u0130li Karaisal\u0131 \u0130l\u00e7esi Selamp\u0131nar Mahallesi 523 Ada 8 nolu parselde Mekansal Planlar Yap\u0131m Y\u00f6netmeli\u011fine<br \/>\ng\u00f6re 1\/5000 ve 1\/1000 \u00f6l\u00e7ekli planlara de\u011fi\u015fiklik yap\u0131lmas\u0131 i\u00e7in Adana B\u00fcy\u00fck\u015fehir Belediyesine yetki verilmesi talep<br \/>\nedilmektedir. Mekansal Planlar Yap\u0131m Y\u00f6netmeli\u011finin 21. Maddesinin 2. Bendinde \u2018Naz\u0131m \u0130mar Plan\u0131 kesinle\u015fmeden<br \/>\nuygulama imar plan\u0131 onaylanamaz. Ancak onay yetkisinin ayn\u0131 idarede bulunmas\u0131 halinde naz\u0131m ve uygulama imar<br \/>\nplanlar\u0131 e\u015f zamanl\u0131 olarak onaylanabilir.\u2019 H\u00fckm\u00fc gere\u011fince\u037e 1\/5000 \u00f6l\u00e7ekli naz\u0131m imar plan\u0131 ve 1\/1000 \u00f6l\u00e7ekli<br \/>\nuygulama imar planlar\u0131n\u0131n beraber onaylanabilmesi i\u00e7in Adana B\u00fcy\u00fck\u015fehir Belediyesine Selamp\u0131nar Mahallesi 523<br \/>\nAda 8 nolu parselde de\u011fi\u015fiklik yap\u0131lmas\u0131na Karaisal\u0131 Belediye Meclisi yetki devri verilmesine y\u00f6nelik meclis \u00fcyeleri<br \/>\naralar\u0131nda yapt\u0131\u011f\u0131 g\u00f6r\u00fc\u015fmeler sonucunda \u0130l\u00e7emiz Selamp\u0131nar Mahallesi 523 Ada 8 nolu parselde yap\u0131lacak de\u011fi\u015fiklik<br \/>\ni\u00e7in Adana B\u00fcy\u00fck\u015fehir Belediyesine yetki verilmesine oy birli\u011fi ile karar verildi.<br \/>\n GERE\u011e\u0130 \u0130\u00c7\u0130N \u0130MAR VE \u015eEH\u0130RC\u0130L\u0130K M\u00dcD\u00dcRL\u00dc\u011e\u00dc<\/p>\n<\/td>\n<\/tr>\n<\/tbody>\n<\/table>\n","protected":false},"excerpt":{"rendered":"<p>KARAR 11 Belediyemiz \u0130mar ve \u015eehircilik M\u00fcd\u00fcrl\u00fc\u011f\u00fcn\u00fcn 24\/01\/2024 tarih ve 12160 say\u0131l\u0131 yaz\u0131lar\u0131 ile g\u00fcndeme al\u0131nan\u037e Adana \u0130li Karaisal\u0131 \u0130l\u00e7esi Selamp\u0131nar Mahallesi 523 Ada 8 nolu parselde Mekansal Planlar Yap\u0131m Y\u00f6netmeli\u011fine g\u00f6re 1\/5000 ve 1\/1000 \u00f6l\u00e7ekli planlara de\u011fi\u015fiklik yap\u0131lmas\u0131 i\u00e7in Adana B\u00fcy\u00fck\u015fehir Belediyesine yetki verilmesi talep edilmektedir. Mekansal Planlar Yap\u0131m Y\u00f6netmeli\u011finin 21. Maddesinin 2. Bendinde [&hellip;]<\/p>\n","protected":false},"author":10,"featured_media":0,"parent":11558,"menu_order":202402,"comment_status":"closed","ping_status":"closed","template":"","meta":{"footnotes":""},"class_list":["post-11573","page","type-page","status-publish","hentry"],"_links":{"self":[{"href":"https:\/\/www.karaisali.bel.tr\/index.php?rest_route=\/wp\/v2\/pages\/11573","targetHints":{"allow":["GET"]}}],"collection":[{"href":"https:\/\/www.karaisali.bel.tr\/index.php?rest_route=\/wp\/v2\/pages"}],"about":[{"href":"https:\/\/www.karaisali.bel.tr\/index.php?rest_route=\/wp\/v2\/types\/page"}],"author":[{"embeddable":true,"href":"https:\/\/www.karaisali.bel.tr\/index.php?rest_route=\/wp\/v2\/users\/10"}],"replies":[{"embeddable":true,"href":"https:\/\/www.karaisali.bel.tr\/index.php?rest_route=%2Fwp%2Fv2%2Fcomments&post=11573"}],"version-history":[{"count":1,"href":"https:\/\/www.karaisali.bel.tr\/index.php?rest_route=\/wp\/v2\/pages\/11573\/revisions"}],"predecessor-version":[{"id":11574,"href":"https:\/\/www.karaisali.bel.tr\/index.php?rest_route=\/wp\/v2\/pages\/11573\/revisions\/11574"}],"up":[{"embeddable":true,"href":"https:\/\/www.karaisali.bel.tr\/index.php?rest_route=\/wp\/v2\/pages\/11558"}],"wp:attachment":[{"href":"https:\/\/www.karaisali.bel.tr\/index.php?rest_route=%2Fwp%2Fv2%2Fmedia&parent=11573"}],"curies":[{"name":"wp","href":"https:\/\/api.w.org\/{rel}","templated":true}]}}