{"id":11571,"date":"2024-09-24T23:47:03","date_gmt":"2024-09-24T20:47:03","guid":{"rendered":"https:\/\/www.karaisali.bel.tr\/?page_id=11571"},"modified":"2024-09-24T23:47:03","modified_gmt":"2024-09-24T20:47:03","slug":"mayis-2024-meclis-kararlari","status":"publish","type":"page","link":"https:\/\/www.karaisali.bel.tr\/?page_id=11571","title":{"rendered":"May\u0131s 2024 Meclis Kararlar\u0131"},"content":{"rendered":"<table>\n<tbody>\n<tr>\n<td>KARAR 26<\/td>\n<\/tr>\n<tr>\n<td>Belediyemiz K\u0131rsal Hizmetler M\u00fcd\u00fcrl\u00fc\u011f\u00fcn\u00fcn 29\/04\/2024 tarih ve 13443 say\u0131l\u0131 yaz\u0131lar\u0131 ile g\u00fcndeme al\u0131nan\u037e Belediye<br \/>\nBa\u015fkanl\u0131\u011f\u0131m\u0131zda haz\u0131rlat\u0131l\u0131p, \u00c7ukurova Kalk\u0131nma Ajans\u0131na, AB Programlar\u0131 Hibelerinde ve di\u011fer kamu kurum ve<br \/>\nkurulu\u015flar\u0131 ile hibe veren kurulu\u015flara Belediye Ba\u015fkanl\u0131\u011f\u0131m\u0131zca yap\u0131lacak olan proje ba\u015fvurular\u0131m\u0131z\u0131 takip etmeye ,<br \/>\nproje ile ilgili olarak Belediyemizi temsile ve imzas\u0131 ile Belediyemizi ilzama, proje belgelerini imzalamaya,<br \/>\nBelediyemiz ad\u0131na ilgili bankalardan proje hesab\u0131 a\u00e7maya , bu hesaba para aktarmaya, proje ile ilgili harcamalar\u0131<br \/>\nyapmaya , AB Programlar\u0131 Hibeleri , \u00c7ukurova Kalk\u0131nma Ajans\u0131 ve di\u011fer kamu kurum ve kurulu\u015flar\u0131 ile Proje<br \/>\nS\u00f6zle\u015fmesini imzalamaya , projeyi uygulamaya, Belediye Ba\u015fkan\u0131 Bekir \u015e\u0130M\u015eEK &#8216;in yetkili k\u0131l\u0131nmas\u0131 i\u00e7in<br \/>\nBelediyemiz Meclisince karar al\u0131nmak \u00fczere havalesini , Olurlar\u0131n\u0131za arz ederim. Denilmekte olup, \u00dcyelerden Cemal<br \/>\nDEM\u0130RDA\u011e okunan teklifin m\u00fcd\u00fcrl\u00fc\u011f\u00fcnden geldi\u011fi gibi kabul edilmesini teklif ediyorum. Dedi. Teklif oylamaya<br \/>\nsunuldu. Yap\u0131lan oylama neticesinde okunan g\u00fcndem maddesinin m\u00fcd\u00fcrl\u00fc\u011f\u00fcnden geldi\u011fi gibi kabul edilmesine oy<br \/>\nbirli\u011fi ile karar verildi.\n<\/td>\n<\/tr>\n<tr>\n<td>KARAR 27<\/td>\n<\/tr>\n<tr>\n<td>Belediyemiz Yaz\u0131 \u0130\u015fleri M\u00fcd\u00fcrl\u00fc\u011f\u00fcn\u00fcn 30\/04\/2024 tarih ve 13488 say\u0131l\u0131 yaz\u0131s\u0131\u037e \u015eehirlerin \u00f6n plana \u00e7\u0131kt\u0131\u011f\u0131 bu<br \/>\nd\u00f6nemde \u015fehrin uzak b\u00f6l\u00fcm\u00fcnde kalan belediyelere sosyal, k\u00fclt\u00fcrel, ekonomik, alt\u00ad \u00fcst yap\u0131 konusunda destek<br \/>\nsa\u011flamak birlikteli\u011fimizin b\u00fcy\u00fcmesi gelece\u011fimizin \u015fekillenmesinde b\u00fcy\u00fck \u00f6nem arz etmektedir. Belediyeler aras\u0131nda<br \/>\nyap\u0131lan karde\u015f Belediye projesi ile yerel y\u00f6netimleri geli\u015ftirmek, yerel demokrasiyi g\u00fc\u00e7lendirmek, halk\u0131n y\u00f6netime<br \/>\nkat\u0131l\u0131m hakk\u0131n\u0131 savunmak, yerel y\u00f6netimler arac\u0131l\u0131\u011f\u0131yla toplumlar aras\u0131nda bar\u0131\u015f ve karde\u015fli\u011fi geli\u015ftirmeyi<br \/>\nama\u00e7lamaktay\u0131z. Yerel y\u00f6netimler anlam\u0131nda Adana ili Sar\u0131\u00e7am il\u00e7esi ile ortak projeler olu\u015fturmak, k\u00fclt\u00fcr, sanat,<br \/>\ne\u011fitim, spor, alt yap\u0131, \u00fcst yap\u0131, teknik ve idari konularda i\u015fbirli\u011fi yapabilmek amac\u0131yla 5393 say\u0131l\u0131 Belediye<br \/>\nKanununun 18. ve 74. Maddeleri kapsam\u0131nda, Belediyemiz ile Adana ili \u015ear\u0131\u00e7am Belediyesi aras\u0131nda \u201cKarde\u015f<br \/>\nBelediye Protokol\u00fc\u201d imzalanabilmesi i\u00e7in yaz\u0131m\u0131z\u0131n Belediye Meclisi\u2019ne havalesini Olurlar\u0131n\u0131za arz ederim.<br \/>\nDenilmekte olup Ba\u015fkan Bekir \u015e\u0130M\u015eEK s\u00f6z ald\u0131 G\u00fcndem Maddesi hakk\u0131nda g\u00f6r\u00fc\u015f d\u00fc\u015f\u00fcnce teklif veren var m\u0131 dedi.<br \/>\nMeclis \u00fcyelerinden Cemal DEM\u0130RDA\u011e s\u00f6z ald\u0131. M\u00fcd\u00fcrl\u00fc\u011f\u00fcnden geldi\u011fi gibi kabul edilmesi teklif ediyorum dedi.<br \/>\nBa\u015fkan Bekir \u015e\u0130M\u015eEK s\u00f6z ald\u0131. Arkada\u015flar teklifi oylamaya sunuyorum. Dedi. Teklif oylamaya sunuldu. Teklif oy<br \/>\nbirli\u011fi ile kabul edildi.\n<\/td>\n<\/tr>\n<tr>\n<td>KARAR 28<\/td>\n<\/tr>\n<tr>\n<td>Belediyemiz Mali Hizmetler M\u00fcd\u00fcrl\u00fc\u011f\u00fcn\u00fcn 26\/04\/2024 tarih ve 13429 say\u0131l\u0131 yaz\u0131s\u0131\u037e Belediye Ba\u015fkanl\u0131\u011f\u0131m\u0131za ba\u011fl\u0131<br \/>\nKaraisal\u0131 Belediyesi akaryak\u0131t istasyonunun y\u00f6netim kurulu de\u011fi\u015fikli\u011fi i\u00e7in belediye ba\u015fkan\u0131m\u0131z Bekir \u015e\u0130M\u015eEK&#8217;e yetki<br \/>\nverilmesi hususunda\u037e Gere\u011fini arz ederim. Denilmekte olup Ba\u015fkan Bekir \u015e\u0130M\u015eEK s\u00f6z ald\u0131 G\u00fcndem Maddesi<br \/>\nhakk\u0131nda g\u00f6r\u00fc\u015f d\u00fc\u015f\u00fcnce teklif veren var m\u0131 dedi. Meclis \u00fcyelerinden Cemal DEM\u0130RDA\u011e s\u00f6z ald\u0131. M\u00fcd\u00fcrl\u00fc\u011f\u00fcnden<br \/>\ngeldi\u011fi gibi kabul edilmesi teklif ediyorum dedi. Ba\u015fkan Bekir \u015e\u0130M\u015eEK s\u00f6z ald\u0131. Arkada\u015flar teklifi oylamaya<br \/>\nsunuyorum. Dedi. Teklif oylamaya sunuldu. Teklif oy birli\u011fi ile kabul edildi.<\/td>\n<\/tr>\n<tr>\n<td>KARAR 29<\/td>\n<\/tr>\n<tr>\n<td> Belediyemiz Yaz\u0131 \u0130\u015fleri M\u00fcd\u00fcrl\u00fc\u011f\u00fcn\u00fcn 29\/04\/2024 tarih ve 13467 say\u0131l\u0131 yaz\u0131s\u0131\u037e Adana Turizmi Geli\u015ftirme ve Altyap\u0131<br \/>\nHizmet Birli\u011fi 05\/01\/2009 tarih ve 14570 say\u0131l\u0131 Bakanlar Kurulu karar\u0131yla kurulmu\u015ftur. \u0130lgili t\u00fcz\u00fck gere\u011fince Belediye<br \/>\nBa\u015fkan\u0131 birli\u011fin do\u011fal \u00fcyesi olup Belediyemiz Meclisince Adana Turizmi Geli\u015ftirme ve Altyap\u0131 Hizmet Birli\u011finde<br \/>\ng\u00f6rev yapmak \u00fczere iki adet meclis \u00fcyesi se\u00e7ilmesi i\u00e7in Belediyemiz Meclisinde g\u00f6r\u00fc\u015f\u00fclmesi hususunda Olurlar\u0131n\u0131za<br \/>\narz ederim. Denilmekte olup yap\u0131lan se\u00e7imde Cemal DEM\u0130RDA\u011e 15(oy) Abdulkadir G\u00dcNALTIN 15(oy) oy alarak<br \/>\nAdana Turizmi Geli\u015ftirme ve Altyap\u0131 Hizmet Birli\u011finde g\u00f6rev yapmak \u00fczere se\u00e7ildiler.<\/td>\n<\/tr>\n<tr>\n<td>KARAR 30<\/td>\n<\/tr>\n<tr>\n<td>Belediyemiz Mali Hizmetler M\u00fcd\u00fcrl\u00fc\u011f\u00fcn\u00fcn 26\/04\/2024 tarih ve 13430 say\u0131l\u0131 yaz\u0131s\u0131\u037e Belediye Ba\u015fkanl\u0131\u011f\u0131m\u0131za ba\u011fl\u0131<br \/>\nKaraisal\u0131 Belediyesi akaryak\u0131t istasyonunda kullan\u0131lmak \u00fczere ALTINBA\u015e PETROL ve T\u0130CARET A.\u015e.&#8217;ye verilmek<br \/>\n\u00fczere 10.000.000,00-TL (ONM\u0130LYONT\u00dcRKL\u0130RASI)  tutar\u0131nda teminat mektubu i\u00e7in belediye ba\u015fkan\u0131m\u0131z Bekir<br \/>\n\u015e\u0130M\u015eEK&#8217;e yetki verilmesi hususunda\u037e Gere\u011fini arz ederim. Denilmekte olup \u00dcyelerden Cemal DEM\u0130RDA\u011e s\u00f6z ald\u0131.<br \/>\nTeklifin M\u00fcd\u00fcrl\u00fc\u011f\u00fcnden geldi\u011fi gibi kabul edilmesini teklif ediyorum dedi. Teklif oylamaya sunuldu, oy birli\u011fi ile<br \/>\nkabul edildi.<br \/>\n GERE\u011e\u0130 \u0130\u00c7\u0130N MAL\u0130 H\u0130ZMETLER M\u00dcD\u00dcRL\u00dc\u011e\u00dc<\/td>\n<\/tr>\n<tr>\n<td>KARAR 31<\/td>\n<\/tr>\n<tr>\n<td>Belediyemiz Mali Hizmetler M\u00fcd\u00fcrl\u00fc\u011f\u00fcn\u00fcn 30\/04\/2024 tarih ve 13483 say\u0131l\u0131 yaz\u0131s\u0131\u037e Belediye Ba\u015fkanl\u0131\u011f\u0131m\u0131za ba\u011fl\u0131<br \/>\nKaraisal\u0131 Belediyesi Personel Limited \u015eirketi taraf\u0131ndan ara\u00e7 kiralanmas\u0131 i\u015fi i\u00e7in belediyemiz meclisince karar al\u0131nmas\u0131<br \/>\nhususunda\u037e Gere\u011fini arz ederim. Denilmekte olup \u00dcyelerden Cemal DEM\u0130RDA\u011e s\u00f6z ald\u0131. Teklifin M\u00fcd\u00fcrl\u00fc\u011f\u00fcnden<br \/>\ngeldi\u011fi gibi kabul edilmesini teklif ediyorum dedi. Teklif oylamaya sunuldu, oy birli\u011fi ile kabul edildi<\/td>\n<\/tr>\n<tr>\n<td>KARAR 32<\/td>\n<\/tr>\n<tr>\n<td> Belediyemiz Mali Hizmetler M\u00fcd\u00fcrl\u00fc\u011f\u00fcn\u00fcn 30\/04\/2024 tarih ve 13484 say\u0131l\u0131 yaz\u0131s\u0131\u037e Belediye Ba\u015fkanl\u0131\u011f\u0131m\u0131za ba\u011fl\u0131<br \/>\nKaraisal\u0131 Belediyesi Personel Limited \u015eirketi taraf\u0131ndan kiralamas\u0131 yap\u0131lacak olan ara\u00e7lar\u0131n yak\u0131tlar\u0131n\u0131n belediyemiz<br \/>\nakaryak\u0131t istasyonundan kar\u015f\u0131lanmas\u0131 hususunda belediyemiz meclisince karar al\u0131nmas\u0131 hususunda\u037e Gere\u011fini arz<br \/>\nederim. Denilmekte olup \u00dcyelerden Cemal DEM\u0130RDA\u011e s\u00f6z ald\u0131. Teklifin M\u00fcd\u00fcrl\u00fc\u011f\u00fcnden geldi\u011fi gibi kabul<br \/>\nedilmesini teklif ediyorum dedi. Teklif oylamaya sunuldu, oy birli\u011fi ile kabul edildi.<br \/>\n GERE\u011e\u0130 \u0130\u00c7\u0130N MAL\u0130 H\u0130ZMETLER M\u00dcD\u00dcRL\u00dc\u011e\u00dc\n<\/td>\n<\/tr>\n<tr>\n<td>KARAR 33<\/td>\n<\/tr>\n<tr>\n<td>Belediyemiz Mali Hizmetler M\u00fcd\u00fcrl\u00fc\u011f\u00fcn\u00fcn 30\/04\/2024 tarih ve 13481 say\u0131l\u0131 yaz\u0131s\u0131\u037e Belediye Ba\u015fkanl\u0131\u011f\u0131m\u0131z<br \/>\nBelediye kanunu 5393 say\u0131l\u0131 Belediye kanunun 64. maddesi gere\u011fince 2023 y\u0131l\u0131 Kesin Hesaplar\u0131 haz\u0131rlanm\u0131\u015f yaz\u0131m\u0131z<br \/>\nekinde sunulmu\u015f olup Belediyemiz meclisince g\u00f6r\u00fc\u015f\u00fclmek \u00fczere havalesi hususunda\u037e O&#8217;lurlar\u0131n\u0131za arz ederim.<br \/>\nDenilmekte olup \u00dcyelerden Cemal DEM\u0130RDA\u011e s\u00f6z ald\u0131. Teklifin Plan B\u00fct\u00e7e Komisyonunda g\u00f6r\u00fc\u015f\u00fclmesini teklif<br \/>\nediyorum dedi. Teklif oylamaya sunuldu, oy birli\u011fi ile kabul edildi.<\/td>\n<\/tr>\n<tr>\n<td>KARAR 34<\/td>\n<\/tr>\n<tr>\n<td>Belediyemiz Akaryak\u0131t \u0130stasyonunun Belediye Ba\u015fkan\u0131 Bekir \u015e\u0130M\u015eEK , Mali Hizmetler M\u00fcd\u00fcr\u00fc G\u00fcnay Y\u00dcCE<br \/>\n&#8216;nin m\u00fcnferiden yetkilendirilmesi ve sicil gazetesinde yay\u0131nlanmas\u0131 i\u00e7in gerekli meclis karar\u0131n\u0131n al\u0131nmas\u0131n\u0131 arz ederim.<br \/>\nDenilmekte olup teklif hakk\u0131nda s\u00f6z isteyen olup olmad\u0131\u011f\u0131 soruldu. \u00dcyelerden Cemal DEM\u0130RDA\u011e s\u00f6z ald\u0131.<br \/>\nArkada\u015flar okunan teklifin m\u00fcd\u00fcrl\u00fc\u011f\u00fcnden geldi\u011fi gibi kabul edilmesini teklif ediyorum. Dedi. Teklif oylamaya<br \/>\nsunuldu. Yap\u0131lan oylama neticesinde teklifin aynen kabul\u00fcne  Belediyemiz Akaryak\u0131t \u0130stasyonunun Belediye Ba\u015fkan\u0131<br \/>\nBekir \u015e\u0130M\u015eEK (TC: 1595189938) , Mali Hizmetler M\u00fcd\u00fcr\u00fc G\u00fcnay Y\u00dcCE &#8216;nin (TC:15784192490) M\u00fcnferiden<br \/>\nYetkilendirilmesine , eski Mali Hizmetler M\u00fcd\u00fcr\u00fc Yusuf GEN\u00c7&#8217; ile eski Belediye Ba\u015fkan\u0131 Saadettin ASLAN&#8217; \u0131n<br \/>\ng\u00f6revi sonland\u0131r\u0131ld\u0131\u011f\u0131ndan, yetkilerinin kald\u0131r\u0131larak iptal edilmesine , sicil gazetesinde yay\u0131nlanmas\u0131na oy birli\u011fi ile karar<br \/>\nverildi.\n<\/td>\n<\/tr>\n<tr>\n<td>KARAR 35<\/td>\n<\/tr>\n<tr>\n<td>Belediyemiz Plan B\u00fct\u00e7e ve M\u00fc\u015fterek Komisyonun 2023 Y\u0131l\u0131 Kesin Hesaplar\u0131 ile ilgili komisyon karar\u0131n\u0131n<br \/>\ng\u00f6r\u00fc\u015f\u00fclmesine ge\u00e7ildi. Komisyon raporunda aynen &#8221; Belediyemiz Meclisinin 02\/05\/2024 tarih ve 33 nolu karar\u0131 ile<br \/>\nkomisyonumuza havale edilen 2023 y\u0131l\u0131 Kesin Hesaplar\u0131 ile ilgili karar\u0131 Komisyonumuzca g\u00f6r\u00fc\u015f\u00fclmek \u00fczere<br \/>\n06\/05\/2024 Pazartesi g\u00fcn\u00fc toplan\u0131ld\u0131. 5393 say\u0131l\u0131 Belediye Kanununun 64. maddesi uyar\u0131nca haz\u0131rlanan Belediyemiz<br \/>\n2023 y\u0131l\u0131 Kesin Hesaplar\u0131 maddeler halinde tek tek okunarak yap\u0131lan inceleme neticesinde, 2023 Kesin Hesaplar\u0131n\u0131n<br \/>\nBelediyemiz Enc\u00fcmeninin 30\/04\/2024 tarih ve 21 say\u0131l\u0131 karar\u0131 ile g\u00f6r\u00fc\u015f\u00fcld\u00fc\u011f\u00fc, 2023 y\u0131l\u0131 b\u00fct\u00e7esi 120.000.000,00-TL<br \/>\n(Y\u00dcZY\u0130RM\u0130M\u0130LYONT\u00dcRKL\u0130RASI) olup, 2023 y\u0131l\u0131 net geliri 94.685.358,05-TL  oldu\u011fu , ger\u00e7ekle\u015fme oran\u0131 %<br \/>\n78,90 oldu\u011fu gider hesab\u0131 114.978.790,21-TL olup, ger\u00e7ekle\u015fme oran\u0131 % 82,38 oldu\u011fu, Gelirin gideri kar\u015f\u0131lama oran\u0131<br \/>\n% 83,38 oldu\u011fu incelenmi\u015f olup, Belediyemiz Meclisine sunulmas\u0131na oy birli\u011fi ile karar verildi Denilmekte olup,<br \/>\nokunan komisyon raporu hakk\u0131nda s\u00f6z isteyen olup, olmad\u0131\u011f\u0131 soruldu. \u00dcyelerden Cemal DEM\u0130RDA\u011e s\u00f6z ald\u0131.<br \/>\nArkada\u015flar okunan komisyon raporunun komisyondan geldi\u011fi gibi kabul edilmesini teklifi ediyorum. Dedi. Teklif<br \/>\noylamaya sunuldu. Yap\u0131lan oylama neticesinde teklifin kabul\u00fcne oy birli\u011fi ile karar verildi.\n<\/td>\n<\/tr>\n<tr>\n<td>KARAR 36<\/td>\n<\/tr>\n<tr>\n<td>Adana B\u00fcy\u00fck\u015fehir Belediyesi ASK\u0130 Genel M\u00fcd\u00fcrl\u00fc\u011f\u00fc ASK\u0130 Genel Kurulunun 27\/11\/2023 tarihinde yap\u0131lan ASK\u0130<br \/>\nOla\u011fan Genel Kurulunda okunan ASK\u0130 Genel Kurulunun 16\/08\/2023 tarih ve 9089450\u00ad0440 say\u0131l\u0131 2024 y\u0131l\u0131 Mali Y\u0131l\u0131<br \/>\n\u00dccret Tarifesinde Karaisal\u0131 \u0130l\u00e7esine Uygulanacak Olan \u0130\u00e7me suyu Tarifesinin (\u0131) bendinde yaz\u0131l\u0131 &#8221; Apartman ve<br \/>\nsitelerde bah\u00e7e sulama ama\u00e7l\u0131 aboneler, Tar\u0131m \u0130l M\u00fcd\u00fcrl\u00fc\u011f\u00fcnden belgeli, fidan yeti\u015ftiricili\u011fi yapan aboneler ile sulama<br \/>\nama\u00e7l\u0131 abonelerden 1 ayl\u0131k d\u00f6nemde beher m3 i\u00e7in al\u0131nacak \u00fccret tarifesinin K\u0131rsal Mahalle Stat\u00fcs\u00fcnden al\u0131nan<br \/>\ntarifeler olarak yeniden g\u00fcncellenmesi hususumda Belediyemiz Meclisinde g\u00f6r\u00fc\u015f\u00fclmek \u00fczere havalesini arz ederim.<br \/>\nDenilmekte olup \u00dcyelerden Cemal DEM\u0130RDA\u011e s\u00f6z ald\u0131. Teklifin M\u00fcd\u00fcrl\u00fc\u011f\u00fcnden geldi\u011fi gibi kabul edilmesini teklif<br \/>\nediyorum dedi. Teklif oylamaya sunuldu, oy birli\u011fi ile kabul edildi.  GERE\u011e\u0130 \u0130\u00c7\u0130N YAZI \u0130\u015eLER\u0130 M\u00dcD\u00dcRL\u00dc\u011e\u00dc<\/td>\n<\/tr>\n<\/tbody>\n<\/table>\n","protected":false},"excerpt":{"rendered":"<p>KARAR 26 Belediyemiz K\u0131rsal Hizmetler M\u00fcd\u00fcrl\u00fc\u011f\u00fcn\u00fcn 29\/04\/2024 tarih ve 13443 say\u0131l\u0131 yaz\u0131lar\u0131 ile g\u00fcndeme al\u0131nan\u037e Belediye Ba\u015fkanl\u0131\u011f\u0131m\u0131zda haz\u0131rlat\u0131l\u0131p, \u00c7ukurova Kalk\u0131nma Ajans\u0131na, AB Programlar\u0131 Hibelerinde ve di\u011fer kamu kurum ve kurulu\u015flar\u0131 ile hibe veren kurulu\u015flara Belediye Ba\u015fkanl\u0131\u011f\u0131m\u0131zca yap\u0131lacak olan proje ba\u015fvurular\u0131m\u0131z\u0131 takip etmeye , proje ile ilgili olarak Belediyemizi temsile ve imzas\u0131 ile Belediyemizi ilzama, proje [&hellip;]<\/p>\n","protected":false},"author":10,"featured_media":0,"parent":11558,"menu_order":202405,"comment_status":"closed","ping_status":"closed","template":"","meta":{"footnotes":""},"class_list":["post-11571","page","type-page","status-publish","hentry"],"_links":{"self":[{"href":"https:\/\/www.karaisali.bel.tr\/index.php?rest_route=\/wp\/v2\/pages\/11571","targetHints":{"allow":["GET"]}}],"collection":[{"href":"https:\/\/www.karaisali.bel.tr\/index.php?rest_route=\/wp\/v2\/pages"}],"about":[{"href":"https:\/\/www.karaisali.bel.tr\/index.php?rest_route=\/wp\/v2\/types\/page"}],"author":[{"embeddable":true,"href":"https:\/\/www.karaisali.bel.tr\/index.php?rest_route=\/wp\/v2\/users\/10"}],"replies":[{"embeddable":true,"href":"https:\/\/www.karaisali.bel.tr\/index.php?rest_route=%2Fwp%2Fv2%2Fcomments&post=11571"}],"version-history":[{"count":1,"href":"https:\/\/www.karaisali.bel.tr\/index.php?rest_route=\/wp\/v2\/pages\/11571\/revisions"}],"predecessor-version":[{"id":11572,"href":"https:\/\/www.karaisali.bel.tr\/index.php?rest_route=\/wp\/v2\/pages\/11571\/revisions\/11572"}],"up":[{"embeddable":true,"href":"https:\/\/www.karaisali.bel.tr\/index.php?rest_route=\/wp\/v2\/pages\/11558"}],"wp:attachment":[{"href":"https:\/\/www.karaisali.bel.tr\/index.php?rest_route=%2Fwp%2Fv2%2Fmedia&parent=11571"}],"curies":[{"name":"wp","href":"https:\/\/api.w.org\/{rel}","templated":true}]}}