{"id":11569,"date":"2024-09-24T23:42:18","date_gmt":"2024-09-24T20:42:18","guid":{"rendered":"https:\/\/www.karaisali.bel.tr\/?page_id=11569"},"modified":"2024-09-24T23:42:18","modified_gmt":"2024-09-24T20:42:18","slug":"haziran-2024-meclis-kararlari","status":"publish","type":"page","link":"https:\/\/www.karaisali.bel.tr\/?page_id=11569","title":{"rendered":"Haziran 2024 Meclis Kararlar\u0131"},"content":{"rendered":"<table>\n<tbody>\n<tr>\n<td>KARAR 37<\/td>\n<\/tr>\n<tr>\n<td>Belediyemiz Mali Hizmetler M\u00fcd\u00fcrl\u00fc\u011f\u00fcn\u00fcn 30\/05\/2024 tarih ve 13938 say\u0131l\u0131 yaz\u0131lar\u0131 ile g\u00fcndeme al\u0131nan\u037e Belediye<br \/>\nBa\u015fkanl\u0131\u011f\u0131m\u0131z taraf\u0131ndan belediyemiz hesaplar\u0131, ta\u015f\u0131n\u0131r ve ta\u015f\u0131nmaz mallar\u0131 \u00fczerindeki icra dosyalar\u0131n\u0131n kald\u0131r\u0131lmas\u0131nda<br \/>\nve i\u015f\u00e7i personellerin tazminatlar\u0131n\u0131n \u00f6denmesinde kullan\u0131lmak \u00fczere 10.000.000,00\u00adTL(ONM\u0130LYONT\u00dcRKL\u0130RASI)<br \/>\ntutar\u0131nda nakdi kredi kullan\u0131m\u0131 i\u00e7in belediye ba\u015fkan\u0131m\u0131z Bekir \u015e\u0130M\u015eEK&#8217; e yetki verilmesi hususunda\u037e Gere\u011fini arz<br \/>\nederim. Denilmekte olup; Ba\u015fkan Bekir \u015e\u0130M\u015eEK s\u00f6z ald\u0131 okunan g\u00fcndem maddesinin Plan B\u00fct\u00e7e Komisyonuna<br \/>\nhavalesini teklif ediyorum dedi. Yap\u0131lan oylama neticesinde teklifin kabul\u00fcne oy birli\u011fi ile karar verildi.<br \/>\n GERE\u011e\u0130 \u0130\u00c7\u0130N YAZI \u0130\u015eLER\u0130 M\u00dcD\u00dcRL\u00dc\u011e\u00dc<\/td>\n<\/tr>\n<tr>\n<td>KARAR 38<\/td>\n<\/tr>\n<tr>\n<td> Belediyemiz Emlak ve \u0130stimlak M\u00fcd\u00fcrl\u00fc\u011f\u00fcn\u00fcn 31\/05\/2024 tarih ve 13972 say\u0131l\u0131 yaz\u0131lar\u0131 ile g\u00fcndeme al\u0131nan\u037e<br \/>\nBelediye Ba\u015fkanl\u0131\u011f\u0131m\u0131z ad\u0131na mal ve hizmet al\u0131mlar\u0131 yap\u0131lm\u0131\u015f, yap\u0131lan al\u0131mlar\u0131n bor\u00e7lar\u0131 \u00f6denmemi\u015f olup, ilgili<br \/>\nfirmalarca belediyemiz hesaplar\u0131na haciz konulmu\u015ftur. \u00d6te yandan Belediyemiz Memur ve \u0130\u015f\u00e7i personellerine \u00f6denen<br \/>\nmaa\u015flardan do\u011fan vergi ve SGK prim tutarlar\u0131 \u00f6denmemi\u015f yine SGK \u2018unca belediyemizin ilgili banka hesaplar\u0131na<br \/>\nhaciz konulmu\u015ftur. Konulan hacizlerden dolay\u0131 Belediyemiz imkanlar\u0131 k\u0131s\u0131tlanm\u0131\u015f, il\u00e7emiz halk\u0131na yeteri kadar sa\u011fl\u0131kl\u0131<br \/>\nhizmet verilemedi\u011finden, il\u00e7e halk\u0131n\u0131n arz ve taleplerine yeti\u015filememektedir. Bilindi\u011fi \u00fczere 5393 say\u0131l\u0131 Belediye<br \/>\nKanunu\u2019nun \u201cBelediyenin yetkileri ve imtiyazlar\u0131\u201d ba\u015fl\u0131kl\u0131 15 inci maddesinin (h) bendinde \u201cMahall\u00ee m\u00fc\u015fterek<br \/>\nnitelikteki hizmetlerin yerine getirilmesi amac\u0131yla, belediye ve m\u00fccavir alan s\u0131n\u0131rlar\u0131 i\u00e7erisinde ta\u015f\u0131nmaz almak,<br \/>\nkamula\u015ft\u0131rmak, satmak, kiralamak veya kiraya vermek, trampa etmek, tahsis etmek, bunlar \u00fczerinde s\u0131n\u0131rl\u0131 ayn\u00ee hak<br \/>\ntesis etmek.\u201d h\u00fckm\u00fc, Mezkur Kanun\u2019un \u201cMeclisin g\u00f6rev ve yetkileri\u201d ba\u015fl\u0131kl\u0131 18 inci maddesinde \u201cBelediye<br \/>\nmeclisinin g\u00f6rev ve yetkileri \u015funlard\u0131r: e) Ta\u015f\u0131nmaz mal al\u0131m\u0131na, sat\u0131m\u0131na, takas\u0131na, tahsisine, tahsis \u015feklinin<br \/>\nde\u011fi\u015ftirilmesine veya tahsisli bir ta\u015f\u0131nmaz\u0131n kamu hizmetinde ihtiya\u00e7 duyulmamas\u0131 h\u00e2linde tahsisin kald\u0131r\u0131lmas\u0131na\u037e \u00fc\u00e7<br \/>\ny\u0131ldan fazla kiralanmas\u0131na ve s\u00fcresi otuz y\u0131l\u0131 ge\u00e7memek kayd\u0131yla bunlar \u00fczerinde s\u0131n\u0131rl\u0131 ayn\u00ee hak tesisine karar<br \/>\nvermek.\u201d h\u00fckm\u00fc, Ayn\u0131 Kanun\u2019un \u201cEnc\u00fcmenin g\u00f6rev ve yetkileri\u201d ba\u015fl\u0131kl\u0131 34 \u00fcnc\u00fc maddesinde \u201cBelediye<br \/>\nenc\u00fcmeninin g\u00f6rev ve yetkileri \u015funlard\u0131r. g)Ta\u015f\u0131nmaz mal sat\u0131m\u0131na, trampas\u0131na ve tahsisine ili\u015fkin meclis kararlar\u0131n\u0131<br \/>\nuygulamak\u037e s\u00fcresi \u00fc\u00e7 y\u0131l\u0131 ge\u00e7memek \u00fczere kiralanmas\u0131na karar vermek denilmektedir. Yukar\u0131da izah edildi\u011fi \u00fczere<br \/>\nBelediyemize ait SGK, Vergi, Firma vb. Olan bor\u00e7lar\u0131n\u0131 \u00f6demek, sat\u0131\u015f\u0131 yap\u0131lan ta\u015f\u0131nmazlarla elde edilecek olan gelir<br \/>\nile il\u00e7emiz halk\u0131n\u0131n ihtiya\u00e7lar\u0131na, arz ve taleplerine daha sa\u011fl\u0131kl\u0131 ve h\u0131zl\u0131 kar\u015f\u0131lamak amac\u0131yla a\u015fa\u011f\u0131da yaz\u0131l\u0131<br \/>\nta\u015f\u0131nmazlar\u0131n Belediyemiz Enc\u00fcmenince 2886 Say\u0131l\u0131 kanun kapsam\u0131nda sat\u0131\u015f\u0131n\u0131n yap\u0131lmas\u0131 i\u00e7in Belediyemiz<br \/>\nmeclisince karar al\u0131nmas\u0131n\u0131 Olurlar\u0131n\u0131za arz ederim. Denilmekte olup Ba\u015fkan Bekir \u015e\u0130M\u015eEK s\u00f6z ald\u0131 okunan g\u00fcndem<br \/>\nmaddesini \u0130mar ve \u015eehircilik Komisyonuna havalesini teklif ediyorum dedi. Yap\u0131lan oylama neticesinde teklifin<br \/>\nkabul\u00fcne oy birli\u011fi ile karar verildi\n<\/td>\n<\/tr>\n<tr>\n<td>KARAR 39<\/td>\n<\/tr>\n<tr>\n<td> Belediyemiz Ruhsat ve Denetim M\u00fcd\u00fcrl\u00fc\u011f\u00fcn\u00fcn 13930 say\u0131l\u0131 yaz\u0131lar\u0131 ile g\u00fcndeme al\u0131nan\u037e<br \/>\nBelediyemiz Ruhsat ve Denetim M\u00fcd\u00fcrl\u00fc\u011f\u00fc 2024 y\u0131l\u0131 Fiyat Tarifesi Ek&#8217;te sunulmu\u015ftur. 2024 y\u0131l\u0131 Fiyat Tarifesi ile<br \/>\nilgili Belediyemiz Meclisine havalesini Olur&#8217;lar\u0131n\u0131za arz ederim. Denilmekte olup Ba\u015fkan Bekir \u015e\u0130M\u015eEK s\u00f6z ald\u0131<br \/>\nokunan g\u00fcndem maddesini Plan B\u00fct\u00e7e Komisyonuna havalesini teklif ediyorum dedi. Yap\u0131lan oylama neticesinde<br \/>\nteklifin kabul\u00fcne oy birli\u011fi ile karar verildi.<br \/>\n2. SINIF GSM \u0130\u015e YERLER\u0130NDE HEYET KONTROL \u00dcCRETLER\u0130                                                                  <\/p>\n<p>\u015eah\u0131s ve t\u00fczel ki\u015filer  2.000.00 TL<br \/>\n\u015eirketi ve Sermaye \u015eirketlerinden 20.000.00 TL<\/p>\n<p>\u00dc\u00c7\u00dcNC\u00dc SINIF GSM HEYET KONTROL \u00dcCRETLER\u0130<\/p>\n<p>\u015eah\u0131s ve t\u00fczel ki\u015filer  2.000.00 TL<br \/>\n\u015eirketi ve Sermaye \u015eirketlerinden 20.000.00 TL<br \/>\n&#8220;SIHH\u0130 M\u00dcESSESE VE UMUMA A\u00c7IK \u0130ST\u0130RAHAT<br \/>\nVE E\u011eLENCE YERLER\u0130 \u00dcCRET TAR\u0130FES\u0130&#8221;<br \/>\nS\u0131hhi M\u00fcesseseler 2.000.00 TL<br \/>\nS\u0131hhi M\u00fcesseseler, \u015eirketi ve Sermaye \u015eirketlerinden 20.000.00 TL<br \/>\nYap\u0131 Kullan\u0131m \u0130zin Belgesi Asl\u0131 Gibidir 500.00 TL<br \/>\nKesin Adres Tespiti Yaz\u0131s\u0131 200.00 TL<br \/>\nEngelli Giri\u015f ve \u00c7\u0131k\u0131\u015f Rampas\u0131 Evra\u011f\u0131 D\u00fczenleme 250.00 TL<br \/>\nAplikasyon Krokisi Haz\u0131rlama  500.00 TL<br \/>\nUmuma A\u00e7\u0131k ve \u0130stirahat E\u011flence Yerleri 5.000.00 TL<br \/>\nMesafe Uygunluk Yaz\u0131s\u0131 500.00 TL<br \/>\nMesul M\u00fcd\u00fcrl\u00fck Dilek\u00e7e Yaz\u0131s\u0131 250.00 TL<br \/>\nKolluk Kuvveti G\u00f6r\u00fc\u015f Yaz\u0131s\u0131 250.00 TL<br \/>\nMesul M\u00fcd\u00fcrl\u00fck Belgesi 500.00 TL<br \/>\nMesul M\u00fcd\u00fcrl\u00fck Bildirim Formu 250.00 TL<br \/>\nEVRAK SURET\u0130 ONAY \u00dcCRET\u0130 VE D\u0130\u011eER GEL\u0130RLER<\/p>\n<p>\u0130\u015fyeri A\u00e7ma ve \u00c7al\u0131\u015fma Sureti Ruhsat\u0131 (asl\u0131 gibidir) 500.00 TL<br \/>\n\u015e\u0130RKET VE SERMAYE \u015e\u0130RKETLER\u0130NDEN<br \/>\n&#8220;Gayri S\u0131hhi M\u00fcesseslere ait i\u015fyeri a\u00e7ma ve \u00e7al\u0131\u015fma ruhsatlar\u0131n\u0131<br \/>\nzayi y\u0131pranma ve adres g\u00fcncelleme yenilemesinden dolay\u0131<br \/>\nyeniden tanzim edilerek d\u00fczenlenecek ruhsatlar kar\u015f\u0131l\u0131\u011f\u0131nda&#8221; 5.000.00 TL<br \/>\n\u015eAHIS VE T\u00dcZEL K\u0130\u015e\u0130LERDEN<br \/>\n&#8220;Gayri S\u0131hhi M\u00fcesseslere ait i\u015fyeri a\u00e7ma ve \u00e7al\u0131\u015fma ruhsatlar\u0131n\u0131<br \/>\nzayi y\u0131pranma ve adres g\u00fcncelleme yenilemesinden dolay\u0131<br \/>\nyeniden tanzim edilerek d\u00fczenlenecek ruhsatlar kar\u015f\u0131l\u0131\u011f\u0131nda&#8221; 1.000.00 TL<br \/>\n\u015eAHIS VE T\u00dcZEL K\u0130\u015e\u0130LERDEN<br \/>\n&#8220;S\u0131hhi M\u00fcesseslere ait i\u015fyeri a\u00e7ma ve \u00e7al\u0131\u015fma ruhsatlar\u0131n\u0131<br \/>\nzayi y\u0131pranma ve adres g\u00fcncelleme yenilemesinden dolay\u0131<br \/>\nyeniden tanzim edilerek d\u00fczenlenecek ruhsatlar kar\u015f\u0131l\u0131\u011f\u0131nda&#8221; 1.000.00 TL<br \/>\n\u015e\u0130RKET VE SERMAYE \u015e\u0130RKETLER\u0130NDEN<br \/>\n&#8220;S\u0131hhi M\u00fcesseslere ait i\u015fyeri a\u00e7ma ve \u00e7al\u0131\u015fma ruhsatlar\u0131n\u0131<br \/>\nzayi y\u0131pranma ve adres g\u00fcncelleme yenilemesinden dolay\u0131<br \/>\nyeniden tanzim edilerek d\u00fczenlenecek ruhsatlar kar\u015f\u0131l\u0131\u011f\u0131nda&#8221; 5.000.00 TL<br \/>\nGAYR\u0130 SIHH\u0130 M\u00dcESSESELER \u0130\u00c7\u0130N<br \/>\nVaziyet Plan\u0131 \/ Sa\u011fl\u0131k Koruma Band\u0131 Plan\u0131 1.000.00 TL<br \/>\nFoseptik Proje Onayl\u0131 Belgesi 1.000.00 TL<br \/>\n\u0130\u015fletme Devir S\u00f6zle\u015fmesi 1.000.00 TL<br \/>\nUstal\u0131k Belgesi Evrak\u0131n\u0131n Haz\u0131rlanmas\u0131 500.00 TL<\/p>\n<p>&#8220;\u0130\u015fyeri A\u00e7ma ve \u00c7al\u0131\u015ft\u0131rma ruhsatlar\u0131 devrilerinde \u0130\u015fyeri A\u00e7ma ve \u00c7al\u0131\u015ft\u0131rma ruhsat\u0131n<br \/>\nintibak\u0131 durumunda (Ruhsat sahibinin \u00f6l\u00fcm\u00fc halinde)(S\u0131hhi ve Umuma A\u00e7\u0131k \u0130\u015fyerleri<br \/>\ni\u00e7in)&#8221; 500.00 TL<br \/>\n&#8220;\u0130\u015fyeri A\u00e7ma ve \u00c7al\u0131\u015ft\u0131rma ruhsatlar\u0131 devrilerinde \u0130\u015fyeri A\u00e7ma ve \u00c7al\u0131\u015ft\u0131rma ruhsat\u0131n<br \/>\nintibak\u0131 durumunda (Ruhsat sahibinin \u00f6l\u00fcm\u00fc halinde) 2.ve 3. S\u0131n\u0131f GSM i\u00e7in&#8221;10.000.00 TL\n<\/td>\n<\/tr>\n<tr>\n<td>KARAR 40<\/td>\n<\/tr>\n<tr>\n<td>Belediyemiz \u0130mar ve \u015eehircilik M\u00fcd\u00fcrl\u00fc\u011f\u00fcn\u00fcn say\u0131y\u0131 yaz\u0131lar\u0131 ile g\u00fcndeme al\u0131nan\u037e 05.10.2023 Karar Tarih ve 62<br \/>\nNolu Belediye Meclis Karar\u0131nda al\u0131nan \u0130mar ile ilgili har\u00e7lardan D Maddesinin Numarataj \u00dccretinde belirtilen\u037e Yap\u0131<br \/>\nKay\u0131t Belgesine istinaden al\u0131nan numarataj \u00fccreti ve 7417 Say\u0131l\u0131 Kanunun 39.Maddesine istinaden al\u0131nan numarataj<br \/>\n\u00fccreti 1.500,00 TL den 7.500,00 TL ye \u00e7\u0131kar\u0131lmas\u0131 i\u00e7in gerekli Meclis Karar\u0131 al\u0131nmas\u0131n\u0131 Olurlar\u0131n\u0131za arz ederim.<br \/>\nDenilmekte olup Ba\u015fkan Bekir \u015e\u0130M\u015eEK s\u00f6z ald\u0131 okunan g\u00fcndem maddesini Plan B\u00fct\u00e7e Komisyonuna havalesini<br \/>\nteklif ediyorum dedi. Yap\u0131lan oylama neticesinde teklifin kabul\u00fcne oy birli\u011fi ile karar verildi.<\/td>\n<\/tr>\n<tr>\n<td>KARAR 41<\/td>\n<\/tr>\n<tr>\n<td> Belediyemiz Plan ve B\u00fct\u00e7e Komisyonunun Belediye Ba\u015fkan\u0131 Bekir \u015e\u0130M\u015eEK&#8217;e nakdi kredi kullan\u0131m\u0131 ile ilgili<br \/>\nkomisyon raporunun g\u00f6r\u00fc\u015f\u00fclmesine ge\u00e7ildi. Komisyon raporunda aynen &#8221;  Belediyemiz Meclisinin 04\/06\/ 2024 tarih<br \/>\nve 37 nolu karar\u0131 ile komisyonumuza havale  edilen Belediye Ba\u015fkan\u0131 Bekir \u015e\u0130M\u015eEK\u2019e bor\u00e7lanma yetkisi verilmesi<br \/>\nile ilgili teklifte \u037e Belediye Ba\u015fkanl\u0131\u011f\u0131m\u0131z taraf\u0131ndan belediyemiz hesaplar\u0131, ta\u015f\u0131n\u0131r ve ta\u015f\u0131nmaz mallar\u0131 \u00fczerinde ki icra<br \/>\ndosyalar\u0131n\u0131n kald\u0131r\u0131lmas\u0131nda ve i\u015f\u00e7i personellerin tazminatlar\u0131n\u0131n \u00f6denmesinde kullan\u0131lmak \u00fczere 10.000.000,00\u00ad<br \/>\nTL(ONM\u0130LYONT\u00dcRKL\u0130RASI) tutar\u0131nda nakdi kredi kullan\u0131m\u0131 i\u00e7in Belediye Ba\u015fkan\u0131m\u0131z Bekir \u015e\u0130M\u015eEK&#8217;e yetki<br \/>\nverilmesi ile ilgili teklif komisyonumuzca g\u00f6r\u00fc\u015f\u00fcld\u00fc. Teklifin M\u00fcd\u00fcrl\u00fc\u011f\u00fcnden geldi\u011fi gibi kabul edilmesine,<br \/>\nBelediyemiz Meclisine sunulmas\u0131na oy birli\u011fi ile karar verildi. Denilmekte olup okunan komisyon raporunun<br \/>\nkomisyondan geldi\u011fi gibi kabul edilmesi i\u00e7in  oylamaya sunuldu. Yap\u0131lan oylama neticesinde oy birli\u011fi ile karar verildi.<br \/>\n GERE\u011e\u0130 \u0130\u00c7\u0130N MAL\u0130 H\u0130ZMETLER M\u00dcD\u00dcRL\u00dc\u011e\u00dc\n<\/td>\n<\/tr>\n<tr>\n<td>KARAR 42<\/td>\n<\/tr>\n<tr>\n<td> Belediyemiz  \u0130mar ve \u015eehircilik Komisyonunun Ta\u015f\u0131nmaz Sat\u0131\u015flar\u0131 ile ilgili komisyon karar\u0131n\u0131n g\u00f6r\u00fc\u015f\u00fclmesine ge\u00e7ildi.  Belediyemiz<br \/>\nMeclisince komisyonumuza g\u00f6r\u00fc\u015f\u00fclmek \u00fczere sevk edilen : Belediyemiz Emlak ve \u0130stimlak M\u00fcrl\u00fc\u011f\u00fcn\u00fcn 31\/05\/2024 tarih ve 13972  say\u0131l\u0131 yaz\u0131lar\u0131nda \u037e<br \/>\n Belediye Ba\u015fkanl\u0131\u011f\u0131m\u0131z ad\u0131na mal ve hizmet al\u0131mlar\u0131 yap\u0131lm\u0131\u015f, yap\u0131lan al\u0131mlar\u0131n bor\u00e7lar\u0131 \u00f6denmemi\u015f olup, ilgili firmalarca<br \/>\nbelediyemiz hesaplar\u0131na haciz konulmu\u015ftur. \u00d6te yandan Belediyemiz Memur ve \u0130\u015f\u00e7i personellerine \u00f6denen maa\u015flardan do\u011fan<br \/>\nvergi ve SGK prim tutarlar\u0131 \u00f6denmemi\u015f yine SGK \u2018unca belediyemizin ilgili banka hesaplar\u0131na haciz konulmu\u015ftur. Konulan<br \/>\nhacizlerden dolay\u0131 Belediyemiz imkanlar\u0131 k\u0131s\u0131tlanm\u0131\u015f, il\u00e7emiz halk\u0131na yeteri kadar sa\u011fl\u0131kl\u0131 hizmet verilemedi\u011finden, il\u00e7e halk\u0131n\u0131n<br \/>\narz ve taleplerine yeti\u015filememektedir. Bilindi\u011fi \u00fczere 5393 say\u0131l\u0131 Belediye Kanunu\u2019nun \u201cBelediyenin yetkileri ve imtiyazlar\u0131\u201d<br \/>\nba\u015fl\u0131kl\u0131 15 inci maddesinin (h) bendinde \u201cMahall\u00ee m\u00fc\u015fterek nitelikteki hizmetlerin yerine getirilmesi amac\u0131yla, belediye ve<br \/>\nm\u00fccavir alan s\u0131n\u0131rlar\u0131 i\u00e7erisinde ta\u015f\u0131nmaz almak, kamula\u015ft\u0131rmak, satmak, kiralamak veya kiraya vermek, trampa etmek, tahsis<br \/>\netmek, bunlar \u00fczerinde s\u0131n\u0131rl\u0131 ayn\u00ee hak tesis etmek.\u201d h\u00fckm\u00fc, Mezkur Kanun\u2019un \u201cMeclisin g\u00f6rev ve yetkileri\u201d ba\u015fl\u0131kl\u0131 18 inci<br \/>\nmaddesinde \u201cBelediye meclisinin g\u00f6rev ve yetkileri \u015funlard\u0131r: e) Ta\u015f\u0131nmaz mal al\u0131m\u0131na, sat\u0131m\u0131na, takas\u0131na, tahsisine, tahsis<br \/>\n\u015feklinin de\u011fi\u015ftirilmesine veya tahsisli bir ta\u015f\u0131nmaz\u0131n kamu hizmetinde ihtiya\u00e7 duyulmamas\u0131 h\u00e2linde tahsisin kald\u0131r\u0131lmas\u0131na\u037e \u00fc\u00e7<br \/>\ny\u0131ldan fazla kiralanmas\u0131na ve s\u00fcresi otuz y\u0131l\u0131 ge\u00e7memek kayd\u0131yla bunlar \u00fczerinde s\u0131n\u0131rl\u0131 ayn\u00ee hak tesisine karar vermek.\u201d h\u00fckm\u00fc,<br \/>\nAyn\u0131 Kanun\u2019un \u201cEnc\u00fcmenin g\u00f6rev ve yetkileri\u201d ba\u015fl\u0131kl\u0131 34 \u00fcnc\u00fc maddesinde \u201cBelediye enc\u00fcmeninin g\u00f6rev ve yetkileri \u015funlard\u0131r.<br \/>\ng)Ta\u015f\u0131nmaz mal sat\u0131m\u0131na, trampas\u0131na ve tahsisine ili\u015fkin meclis kararlar\u0131n\u0131 uygulamak\u037e s\u00fcresi \u00fc\u00e7 y\u0131l\u0131 ge\u00e7memek \u00fczere<br \/>\nkiralanmas\u0131na karar vermek denilmektedir. Yukar\u0131da izah edildi\u011fi \u00fczere Belediyemize ait SGK, Vergi, Firma vb. Olan bor\u00e7lar\u0131n\u0131<br \/>\n\u00f6demek, sat\u0131\u015f\u0131 yap\u0131lan ta\u015f\u0131nmazlarla elde edilecek olan gelir ile il\u00e7emiz halk\u0131n\u0131n ihtiya\u00e7lar\u0131na, arz ve taleplerine daha sa\u011fl\u0131kl\u0131 ve<br \/>\nh\u0131zl\u0131 kar\u015f\u0131lamak amac\u0131yla a\u015fa\u011f\u0131da yaz\u0131l\u0131 ta\u015f\u0131nmazlar\u0131n Belediyemiz Enc\u00fcmenince 2886 Say\u0131l\u0131 kanun kapsam\u0131nda sat\u0131\u015f\u0131n\u0131n<br \/>\nyap\u0131lmas\u0131 ile ilgili teklif okundu. G\u00f6r\u00fc\u015f\u00fcld\u00fc. Yap\u0131lan g\u00f6r\u00fc\u015fme neticesinde\u037e  ekli liste deki Mahalle , ada ve parsel numaral\u0131<br \/>\nta\u015f\u0131nmazlar incelenmi\u015f E\u011flenme Mahallesi 1903 ada 71 nolu parsel say\u0131l\u0131 ta\u015f\u0131nmaz\u0131n sat\u0131\u015f\u0131n\u0131n iptal edilmesine, di\u011fer a\u015fa\u011f\u0131da yaz\u0131l\u0131<br \/>\n18 adet ta\u015f\u0131nmaz\u0131n sat\u0131\u015f\u0131n\u0131n yap\u0131lmas\u0131 komisyonumuzca oy birli\u011fi ile uygun bulunmu\u015f olup  , karar\u0131m\u0131z\u0131n Belediyemiz Meclisine<br \/>\nsunulmas\u0131na karar verilmi\u015ftir. Denilmekte olup okunan meclis karar\u0131 oylamaya sunuldu. Yap\u0131lan oylama neticesinde komisyon<br \/>\nraporunun kabul\u00fcne oy birli\u011fi ile karar verildi.\n<\/td>\n<\/tr>\n<tr>\n<td>KARAR 43<\/td>\n<\/tr>\n<tr>\n<td>Belediyemiz Plan ve B\u00fct\u00e7e Komisyonunun Ruhsat Har\u00e7lar\u0131n\u0131n G\u00fcncellenmesi \u0130le \u0130lgili Komisyon Raporunun<br \/>\ng\u00f6r\u00fc\u015f\u00fclmesine ge\u00e7ildi. Komisyon Raporunda aynen &#8221; Belediyemiz Meclisinin 04\/06\/ 2024 tarih ve 39 nolu karar\u0131 ile<br \/>\nkomisyonumuza havale  edilen g\u00fcndem maddesinde\u037e  Belediyemiz Ruhsat ve Denetim M\u00fcd\u00fcrl\u00fc\u011f\u00fcnce  2024 y\u0131l\u0131 Fiyat<br \/>\nTarifesi ile belirlenen \u00fccretler incelenmi\u015f ve g\u00f6r\u00fc\u015f\u00fclm\u00fc\u015f olup, a\u015fa\u011f\u0131da belirlenen tarifelerin oy birli\u011fiyle<br \/>\n m\u00fcd\u00fcrl\u00fc\u011f\u00fcnden geldi\u011fi gibi kabul edilmesine ,  karar\u0131n meclisimize sunulmas\u0131na karar verildi. Denilmekte olup<br \/>\nokunan komisyon raporu oylamaya sunuldu. Yap\u0131lan oylama neticesinde okunan komisyon raporunun kabul\u00fcne Oy<br \/>\nbirli\u011fi ile karar verildi.<br \/>\n2. SINIF GSM \u0130\u015e YERLER\u0130NDE HEYET KONTROL \u00dcCRETLER\u0130<\/p>\n<p>\u015eah\u0131s ve t\u00fczel ki\u015filer  2.000.00 TL<br \/>\n\u015eirketi ve Sermaye \u015eirketlerinden 20.000.00 TL<\/p>\n<p>\u00dc\u00c7\u00dcNC\u00dc SINIF GSM HEYET KONTROL \u00dcCRETLER\u0130<\/p>\n<p>\u015eah\u0131s ve t\u00fczel ki\u015filer  2.000.00 TL<br \/>\n\u015eirketi ve Sermaye \u015eirketlerinden 20.000.00 TL<br \/>\n&#8220;SIHH\u0130 M\u00dcESSESE VE UMUMA A\u00c7IK \u0130ST\u0130RAHAT<br \/>\nVE E\u011eLENCE YERLER\u0130 \u00dcCRET TAR\u0130FES\u0130&#8221;<br \/>\nS\u0131hhi M\u00fcesseseler 2.000.00 TL<br \/>\nS\u0131hhi M\u00fcesseseler, \u015eirketi ve Sermaye \u015eirketlerinden 20.000.00 TL<br \/>\nYap\u0131 Kullan\u0131m \u0130zin Belgesi Asl\u0131 Gibidir 500.00 TL<br \/>\nKesin Adres Tespiti Yaz\u0131s\u0131 200.00 TL<br \/>\nEngelli Giri\u015f ve \u00c7\u0131k\u0131\u015f Rampas\u0131 Evra\u011f\u0131 D\u00fczenleme 250.00 TL<br \/>\nAplikasyon Krokisi Haz\u0131rlama  500.00 TL<br \/>\nUmuma A\u00e7\u0131k ve \u0130stirahat E\u011flence Yerleri 5.000.00 TL<br \/>\nMesafe Uygunluk Yaz\u0131s\u0131 500.00 TL<br \/>\nMesul M\u00fcd\u00fcrl\u00fck Dilek\u00e7e Yaz\u0131s\u0131 250.00 TL<br \/>\nKolluk Kuvveti G\u00f6r\u00fc\u015f Yaz\u0131s\u0131 250.00 TL<br \/>\nMesul M\u00fcd\u00fcrl\u00fck Belgesi 500.00 TL<br \/>\nMesul M\u00fcd\u00fcrl\u00fck Bildirim Formu 250.00 TL<br \/>\nEVRAK SURET\u0130 ONAY \u00dcCRET\u0130 VE D\u0130\u011eER GEL\u0130RLER<\/p>\n<p>\u0130\u015fyeri A\u00e7ma ve \u00c7al\u0131\u015fma Sureti Ruhsat\u0131 (asl\u0131 gibidir) 500.00 TL<br \/>\n\u015e\u0130RKET VE SERMAYE \u015e\u0130RKETLER\u0130NDEN<br \/>\n&#8220;Gayri S\u0131hhi M\u00fcesseslere ait i\u015fyeri a\u00e7ma ve \u00e7al\u0131\u015fma ruhsatlar\u0131n\u0131<br \/>\nzayi y\u0131pranma ve adres g\u00fcncelleme yenilemesinden dolay\u0131<br \/>\nyeniden tanzim edilerek d\u00fczenlenecek ruhsatlar kar\u015f\u0131l\u0131\u011f\u0131nda&#8221; 5.000.00 TL<br \/>\n\u015eAHIS VE T\u00dcZEL K\u0130\u015e\u0130LERDEN<br \/>\n&#8220;Gayri S\u0131hhi M\u00fcesseslere ait i\u015fyeri a\u00e7ma ve \u00e7al\u0131\u015fma ruhsatlar\u0131n\u0131<br \/>\nzayi y\u0131pranma ve adres g\u00fcncelleme yenilemesinden dolay\u0131<br \/>\nyeniden tanzim edilerek d\u00fczenlenecek ruhsatlar kar\u015f\u0131l\u0131\u011f\u0131nda&#8221; 1.000.00 TL<br \/>\n\u015eAHIS VE T\u00dcZEL K\u0130\u015e\u0130LERDEN<br \/>\n&#8220;S\u0131hhi M\u00fcesseslere ait i\u015fyeri a\u00e7ma ve \u00e7al\u0131\u015fma ruhsatlar\u0131n\u0131<br \/>\nzayi y\u0131pranma ve adres g\u00fcncelleme yenilemesinden dolay\u0131<br \/>\nyeniden tanzim edilerek d\u00fczenlenecek ruhsatlar kar\u015f\u0131l\u0131\u011f\u0131nda&#8221; 1.000.00 TL<br \/>\n\u015e\u0130RKET VE SERMAYE \u015e\u0130RKETLER\u0130NDEN<br \/>\n&#8220;S\u0131hhi M\u00fcesseslere ait i\u015fyeri a\u00e7ma ve \u00e7al\u0131\u015fma ruhsatlar\u0131n\u0131<br \/>\nzayi y\u0131pranma ve adres g\u00fcncelleme yenilemesinden dolay\u0131<br \/>\nyeniden tanzim edilerek d\u00fczenlenecek ruhsatlar kar\u015f\u0131l\u0131\u011f\u0131nda&#8221; 5.000.00 TL<br \/>\nGAYR\u0130 SIHH\u0130 M\u00dcESSESELER \u0130\u00c7\u0130N<br \/>\nVaziyet Plan\u0131 \/ Sa\u011fl\u0131k Koruma Band\u0131 Plan\u0131 1.000.00 TL<br \/>\nFoseptik Proje Onayl\u0131 Belgesi 1.000.00 TL<br \/>\n\u0130\u015fletme Devir S\u00f6zle\u015fmesi 1.000.00 TL<br \/>\nUstal\u0131k Belgesi Evrak\u0131n\u0131n Haz\u0131rlanmas\u0131 500.00 TL<\/p>\n<p>&#8220;\u0130\u015fyeri A\u00e7ma ve \u00c7al\u0131\u015ft\u0131rma ruhsatlar\u0131 devrilerinde \u0130\u015fyeri A\u00e7ma ve \u00c7al\u0131\u015ft\u0131rma ruhsat\u0131n<br \/>\nintibak\u0131 durumunda (Ruhsat sahibinin \u00f6l\u00fcm\u00fc halinde)(S\u0131hhi ve Umuma A\u00e7\u0131k \u0130\u015fyerleri<br \/>\ni\u00e7in)&#8221; 500.00 TL<br \/>\n&#8220;\u0130\u015fyeri A\u00e7ma ve \u00c7al\u0131\u015ft\u0131rma ruhsatlar\u0131 devrilerinde \u0130\u015fyeri A\u00e7ma ve \u00c7al\u0131\u015ft\u0131rma ruhsat\u0131n<br \/>\nintibak\u0131 durumunda (Ruhsat sahibinin \u00f6l\u00fcm\u00fc halinde) 2.ve 3. S\u0131n\u0131f GSM i\u00e7in&#8221;10.000.00 TL <\/td>\n<\/tr>\n<tr>\n<td>KARAR 44<\/td>\n<\/tr>\n<tr>\n<td>Plan ve B\u00fct\u00e7e Komisyonunun Numarataj Fiyatlar\u0131 ile ilgili Komisyon Karar\u0131n\u0131n G\u00f6r\u00fc\u015f\u00fclmesine ge\u00e7ildi. Komisyon<br \/>\nraporunda aynen &#8220;Belediyemiz Meclisince komisyonumuza g\u00f6r\u00fc\u015f\u00fclmek \u00fczere g\u00f6nderilen Numarataj \u00fccretinin<br \/>\nbelirlenmesi ile ilgili teklifte ;Belediyemiz Meclisinin 05.10.2023 Karar Tarih ve 62 Nolu  Karar\u0131 ile  al\u0131nan \u0130mar ile ilgili<br \/>\nhar\u00e7lardan D Maddesinin Numarataj \u00dccretinde belirtilen\u037e Yap\u0131 Kay\u0131t Belgesine istinaden al\u0131nan numarataj \u00fccreti ve<br \/>\n7417 Say\u0131l\u0131 Kanunun 39.Maddesine istinaden al\u0131nan numarataj \u00fccreti 1.500,00 TL den 7.500,00 TL ye \u00e7\u0131kar\u0131lmas\u0131<br \/>\nilgili teklif komisyonumuzca g\u00f6r\u00fc\u015f\u00fcld\u00fc. Yap\u0131lan g\u00f6r\u00fc\u015fme neticesinde teklifin m\u00fcd\u00fcrl\u00fc\u011f\u00fcnden geldi\u011fi gibi kabul<br \/>\nedilmesine Yap\u0131 Kay\u0131t Belgesine istinaden al\u0131nan numarataj \u00fccreti ve 7417 Say\u0131l\u0131 Kanunun 39.Maddesine istinaden<br \/>\nal\u0131nan numarataj \u00fccreti n 7.500,00 TL  olarak tahakkuk ettirilmesi oybirli\u011fi ile uygun bulunmu\u015f  olup, meclisimizde<br \/>\ng\u00f6r\u00fc\u015f\u00fclmek \u00fczere sunulmas\u0131na karar verilmi\u015ftir. Denilmekte olup Meclis Ba\u015fkan\u0131  okunan komisyon raporunun<br \/>\nkomisyondan geldi\u011fi gibi kabul edilmesini oylamaya sundu. Yap\u0131lan oylama  neticesinde okunan komisyon raporunun<br \/>\nkomisyondan geldi\u011fi gibi kabul edilmesine  oy birli\u011fi ile karar verild<\/td>\n<\/tr>\n<\/tbody>\n<\/table>\n","protected":false},"excerpt":{"rendered":"<p>KARAR 37 Belediyemiz Mali Hizmetler M\u00fcd\u00fcrl\u00fc\u011f\u00fcn\u00fcn 30\/05\/2024 tarih ve 13938 say\u0131l\u0131 yaz\u0131lar\u0131 ile g\u00fcndeme al\u0131nan\u037e Belediye Ba\u015fkanl\u0131\u011f\u0131m\u0131z taraf\u0131ndan belediyemiz hesaplar\u0131, ta\u015f\u0131n\u0131r ve ta\u015f\u0131nmaz mallar\u0131 \u00fczerindeki icra dosyalar\u0131n\u0131n kald\u0131r\u0131lmas\u0131nda ve i\u015f\u00e7i personellerin tazminatlar\u0131n\u0131n \u00f6denmesinde kullan\u0131lmak \u00fczere 10.000.000,00\u00adTL(ONM\u0130LYONT\u00dcRKL\u0130RASI) tutar\u0131nda nakdi kredi kullan\u0131m\u0131 i\u00e7in belediye ba\u015fkan\u0131m\u0131z Bekir \u015e\u0130M\u015eEK&#8217; e yetki verilmesi hususunda\u037e Gere\u011fini arz ederim. Denilmekte olup; Ba\u015fkan [&hellip;]<\/p>\n","protected":false},"author":10,"featured_media":0,"parent":11558,"menu_order":202406,"comment_status":"closed","ping_status":"closed","template":"","meta":{"footnotes":""},"class_list":["post-11569","page","type-page","status-publish","hentry"],"_links":{"self":[{"href":"https:\/\/www.karaisali.bel.tr\/index.php?rest_route=\/wp\/v2\/pages\/11569","targetHints":{"allow":["GET"]}}],"collection":[{"href":"https:\/\/www.karaisali.bel.tr\/index.php?rest_route=\/wp\/v2\/pages"}],"about":[{"href":"https:\/\/www.karaisali.bel.tr\/index.php?rest_route=\/wp\/v2\/types\/page"}],"author":[{"embeddable":true,"href":"https:\/\/www.karaisali.bel.tr\/index.php?rest_route=\/wp\/v2\/users\/10"}],"replies":[{"embeddable":true,"href":"https:\/\/www.karaisali.bel.tr\/index.php?rest_route=%2Fwp%2Fv2%2Fcomments&post=11569"}],"version-history":[{"count":1,"href":"https:\/\/www.karaisali.bel.tr\/index.php?rest_route=\/wp\/v2\/pages\/11569\/revisions"}],"predecessor-version":[{"id":11570,"href":"https:\/\/www.karaisali.bel.tr\/index.php?rest_route=\/wp\/v2\/pages\/11569\/revisions\/11570"}],"up":[{"embeddable":true,"href":"https:\/\/www.karaisali.bel.tr\/index.php?rest_route=\/wp\/v2\/pages\/11558"}],"wp:attachment":[{"href":"https:\/\/www.karaisali.bel.tr\/index.php?rest_route=%2Fwp%2Fv2%2Fmedia&parent=11569"}],"curies":[{"name":"wp","href":"https:\/\/api.w.org\/{rel}","templated":true}]}}