{"id":11567,"date":"2024-09-24T23:33:28","date_gmt":"2024-09-24T20:33:28","guid":{"rendered":"https:\/\/www.karaisali.bel.tr\/?page_id=11567"},"modified":"2024-09-24T23:33:28","modified_gmt":"2024-09-24T20:33:28","slug":"temmuz-2024-meclis-kararlari","status":"publish","type":"page","link":"https:\/\/www.karaisali.bel.tr\/?page_id=11567","title":{"rendered":"Temmuz 2024 Meclis Kararlar\u0131"},"content":{"rendered":"<table>\n<tbody>\n<tr>\n<td>KARAR 45<\/td>\n<\/tr>\n<tr>\n<td> Belediyemiz Fen \u0130\u015fleri M\u00fcd\u00fcrl\u00fc\u011f\u00fcn\u00fcn 05\/07\/2024 tarih ve 14315 say\u0131l\u0131 yaz\u0131lar\u0131 ile g\u00fcndeme al\u0131nan \u037e Belediye<br \/>\nBa\u015fkanl\u0131\u011f\u0131m\u0131zca \u00c7ukurova Kalk\u0131nma Ajans\u0131&#8217;ndan destek almaya hak kazanmas\u0131 durumunda<br \/>\ns\u00f6zle\u015fme imzalamaya, gerekli e\u015f finansman\u0131 sa\u011flamaya, ilgili raporlamalar\u0131 yapmaya veya yapt\u0131rmaya Belediye<br \/>\nBa\u015fkan\u0131m\u0131z Bekir \u015eim\u015fek yetkilendirilmi\u015ftir. \u2018\u2019Karaisal\u0131 Organize Sanayi B\u00f6lgesi Fizibilite Haz\u0131rlama\u2019\u2019 \u0130simli<br \/>\nprojenin \u00c7ukurova Kalk\u0131nma Ajans\u0131&#8217;ndan destek almaya hak kazanmas\u0131 durumunda uygulanmas\u0131na karar verilmesi<br \/>\nhususun da gerekli Meclis Karar\u0131n\u0131n al\u0131nmas\u0131n\u0131 Olurlar\u0131n\u0131za arz ederim. Denilmekte olup, okunan teklif oylamaya<br \/>\nsunuldu. Yap\u0131lan oylama neticesinde teklifin m\u00fcd\u00fcrl\u00fc\u011f\u00fcnden geldi\u011fi gibi kabul edilmesine\u037e<br \/>\n Belediye Ba\u015fkanl\u0131\u011f\u0131m\u0131zca \u00c7ukurova Kalk\u0131nma Ajans\u0131&#8217;ndan destek almaya hak kazanmas\u0131 durumunda s\u00f6zle\u015fme<br \/>\nimzalamaya, gerekli e\u015f finansman\u0131 sa\u011flamaya, ilgili raporlamalar\u0131 yapmaya veya yapt\u0131rmaya Belediye Ba\u015fkan\u0131m\u0131z<br \/>\nBekir \u015e\u0130M\u015eEK &#8216;in  yetkilendirilmesine,  \u2018\u2019Karaisal\u0131 Organize Sanayi B\u00f6lgesi Fizibilite Haz\u0131rlama\u2019\u2019 \u0130simli projenin<br \/>\n\u00c7ukurova Kalk\u0131nma Ajans\u0131&#8217;ndan destek almaya hak kazanmas\u0131 durumunda uygulanmas\u0131na  Belediyemiz Meclisince<br \/>\noy birli\u011fi ile karar verildi.<br \/>\n GERE\u011e\u0130 \u0130\u00c7\u0130N FEN \u0130\u015eLER\u0130 M\u00dcD\u00dcRL\u00dc\u011e\u00dc<\/td>\n<\/tr>\n<\/tbody>\n<\/table>\n","protected":false},"excerpt":{"rendered":"<p>KARAR 45 Belediyemiz Fen \u0130\u015fleri M\u00fcd\u00fcrl\u00fc\u011f\u00fcn\u00fcn 05\/07\/2024 tarih ve 14315 say\u0131l\u0131 yaz\u0131lar\u0131 ile g\u00fcndeme al\u0131nan \u037e Belediye Ba\u015fkanl\u0131\u011f\u0131m\u0131zca \u00c7ukurova Kalk\u0131nma Ajans\u0131&#8217;ndan destek almaya hak kazanmas\u0131 durumunda s\u00f6zle\u015fme imzalamaya, gerekli e\u015f finansman\u0131 sa\u011flamaya, ilgili raporlamalar\u0131 yapmaya veya yapt\u0131rmaya Belediye Ba\u015fkan\u0131m\u0131z Bekir \u015eim\u015fek yetkilendirilmi\u015ftir. \u2018\u2019Karaisal\u0131 Organize Sanayi B\u00f6lgesi Fizibilite Haz\u0131rlama\u2019\u2019 \u0130simli projenin \u00c7ukurova Kalk\u0131nma Ajans\u0131&#8217;ndan destek almaya [&hellip;]<\/p>\n","protected":false},"author":10,"featured_media":0,"parent":11558,"menu_order":202407,"comment_status":"closed","ping_status":"closed","template":"","meta":{"footnotes":""},"class_list":["post-11567","page","type-page","status-publish","hentry"],"_links":{"self":[{"href":"https:\/\/www.karaisali.bel.tr\/index.php?rest_route=\/wp\/v2\/pages\/11567","targetHints":{"allow":["GET"]}}],"collection":[{"href":"https:\/\/www.karaisali.bel.tr\/index.php?rest_route=\/wp\/v2\/pages"}],"about":[{"href":"https:\/\/www.karaisali.bel.tr\/index.php?rest_route=\/wp\/v2\/types\/page"}],"author":[{"embeddable":true,"href":"https:\/\/www.karaisali.bel.tr\/index.php?rest_route=\/wp\/v2\/users\/10"}],"replies":[{"embeddable":true,"href":"https:\/\/www.karaisali.bel.tr\/index.php?rest_route=%2Fwp%2Fv2%2Fcomments&post=11567"}],"version-history":[{"count":1,"href":"https:\/\/www.karaisali.bel.tr\/index.php?rest_route=\/wp\/v2\/pages\/11567\/revisions"}],"predecessor-version":[{"id":11568,"href":"https:\/\/www.karaisali.bel.tr\/index.php?rest_route=\/wp\/v2\/pages\/11567\/revisions\/11568"}],"up":[{"embeddable":true,"href":"https:\/\/www.karaisali.bel.tr\/index.php?rest_route=\/wp\/v2\/pages\/11558"}],"wp:attachment":[{"href":"https:\/\/www.karaisali.bel.tr\/index.php?rest_route=%2Fwp%2Fv2%2Fmedia&parent=11567"}],"curies":[{"name":"wp","href":"https:\/\/api.w.org\/{rel}","templated":true}]}}