{"id":11563,"date":"2024-09-24T23:18:08","date_gmt":"2024-09-24T20:18:08","guid":{"rendered":"https:\/\/www.karaisali.bel.tr\/?page_id=11563"},"modified":"2024-09-24T23:18:08","modified_gmt":"2024-09-24T20:18:08","slug":"eylul-2024-meclis-kararlari","status":"publish","type":"page","link":"https:\/\/www.karaisali.bel.tr\/?page_id=11563","title":{"rendered":"Eyl\u00fcl 2024 Meclis Kararlar\u0131"},"content":{"rendered":"<table>\n<tbody>\n<tr>\n<td>KARAR 61<\/td>\n<\/tr>\n<tr>\n<td> Belediyemiz norm kadrosunda bulunan a\u015fa\u011f\u0131da isimleri belirtilen m\u00fcd\u00fcrl\u00fcklerin iptal ve ihdas i\u015flemlerinin<br \/>\nger\u00e7ekle\u015fmesi i\u00e7in  Belediyemiz  Meclisine havalesi  Olurlar\u0131n\u0131za arz ederim. Denilmekte olup teklif oylamaya<br \/>\nsunuldu. Yap\u0131lan oylama neticesinde teklifin m\u00fcd\u00fcrl\u00fc\u011f\u00fcnden geldi\u011fi gibi kabul edilmesine Norm Kadro \u0130ptal ve \u0130hdas<br \/>\ni\u015fleminin a\u015fa\u011f\u0131daki \u015fekilde olu\u015fmas\u0131na oy birli\u011fi ile karar verildi.<br \/>\n\u0130PTAL ED\u0130LECEK M\u00dcD\u00dcRL\u00dcKLER \u0130HDAS ED\u0130LECEK M\u00dcD\u00dcRL\u00dcKLER<br \/>\n 1 \u0130nsan Kaynaklar\u0131 ve E\u011fitim M\u00fcd\u00fcrl\u00fc\u011f\u00fc<br \/>\n 2 Emlak ve \u0130stimlak M\u00fcd\u00fcrl\u00fc\u011f\u00fc<br \/>\n3 Ruhsat ve Denetim \u0130\u015fleri M\u00fcd\u00fcrl\u00fc\u011f\u00fc<br \/>\n4 K\u0131rsal Hizmetler M\u00fcd\u00fcrl\u00fc\u011f\u00fc<br \/>\n5 Bas\u0131n Yay\u0131n ve Halkla \u0130li\u015fkiler M\u00fcd\u00fcrl\u00fc\u011f\u00fc<br \/>\n\u0130HDAS ED\u0130LECEK M\u00dcD\u00dcRL\u00dcK<br \/>\n1 \u0130\u015fletme ve \u0130\u015ftirakler M\u00fcd\u00fcrl\u00fc\u011f\u00fc\n<\/td>\n<\/tr>\n<tr>\n<td>KARAR 62<\/td>\n<\/tr>\n<tr>\n<td>Belediyemiz Emlak ve \u0130stimlak M\u00fcd\u00fcrl\u00fc\u011f\u00fcn\u00fcn 27\/08\/2024  tarih ve 15085 say\u0131l\u0131 yaz\u0131lar\u0131 ile g\u00fcndeme al\u0131nan\u037e \u0130l\u00e7emiz<br \/>\nKarap\u0131nar Mahallesi 1.098,90 m2 y\u00fcz\u00f6l\u00e7\u00fcml\u00fc 368 ada 4 parselin hissedar\u0131 Ebubekir K\u00d6SE (T.C. 15664241560)<br \/>\n26.08.2024 tarihli dilek\u00e7e ile m\u00fcracaat ederek parseldeki Belediyemize ait 410,74 m2&#8217;lik hisseyi sat\u0131n almay\u0131 talep<br \/>\netmektedir. S\u00f6z konusu Karap\u0131nar Mahallesi 368 ada 4 parseldeki 410,74 m2&#8217;lik hissenin sat\u0131\u015f yap\u0131labilmesi i\u00e7in<br \/>\nBelediye Meclisince sat\u0131\u015f karar al\u0131nmas\u0131 hususunda Olurlar\u0131n\u0131za arz ederim. Denilmekte olup teklif oylamaya sunuldu.<br \/>\nYap\u0131lan oylama neticesinde teklifin m\u00fcd\u00fcrl\u00fc\u011f\u00fcnden geldi\u011fi gibi kabul edilmesine \u037e<br \/>\n  Adana ili Karaisal\u0131 \u0130l\u00e7esi  Karap\u0131nar Mahallesi 368 ada 4 parselin hissedar\u0131 Ebubekir K\u00d6SE (T.C. 15664241560) ye<br \/>\ntamam\u0131  1.098,90 m2  y\u00fcz\u00f6l\u00e7\u00fcml\u00fc  Belediyemize ait 410,74 m2&#8217;lik hissenin sat\u0131lmas\u0131na, TApu<br \/>\nM\u00fcd\u00fcrl\u00fcklerinde   sat\u0131\u015f i\u015flemleri i\u00e7in Belediye Ba\u015fkan\u0131 Bekir \u015e\u0130M\u015eEK&#8217; e (TC:15895189938) Yetki verilmesine oy<br \/>\nbirli\u011fi ile karar verildi.\n<\/td>\n<\/tr>\n<tr>\n<td>KARAR 63<\/td>\n<\/tr>\n<tr>\n<td>Mali Hizmetler m\u00fcd\u00fcrl\u00fc\u011f\u00fcnce 2024 y\u0131l\u0131 mesire alanlar\u0131n\u0131n fiyat tarifesinin Belediye Meclisince g\u00f6r\u00fc\u015f\u00fclmek \u00fczere<br \/>\nBelediye Meclisine havalesini\u037e Olurlar\u0131n\u0131za arz ederim. Denilmekte olup teklifin Plan B\u00fct\u00e7e Komisyonunda<br \/>\ng\u00f6r\u00fc\u015f\u00fclmek \u00fczere havalesi oylamaya sunuldu. Yap\u0131lan oylama neticesinde teklifin kabul\u00fcne oy birli\u011fi ile karar verildi.<\/td>\n<\/tr>\n<tr>\n<td>KARAR 64<\/td>\n<\/tr>\n<tr>\n<td>Belediyemiz Meclisince komisyonumuzda g\u00f6r\u00fc\u015f\u00fclmek \u00fczere havale edilen. Mali Hizmetler m\u00fcd\u00fcrl\u00fc\u011f\u00fcnce 2024<br \/>\ny\u0131l\u0131 mesire alanlar\u0131n\u0131n fiyat tarifesi ile ilgili teklif  komisyonumuzca g\u00f6r\u00fc\u015f\u00fclm\u00fc\u015f a\u015fa\u011f\u0131daki tabloda yaz\u0131l\u0131 olan<br \/>\nfiyatlara komisyonumuzca oy birli\u011fi ile karar verilmi\u015f olup\u037e Belediyemiz Meclisince g\u00f6r\u00fc\u015f\u00fclmek \u00fczere sunulmas\u0131na oy<br \/>\nbirli\u011fi ile karar verildi. Denilmekte olup Belediyemiz Meclisince g\u00f6r\u00fc\u015f\u00fcld\u00fc. oylamaya sunuldu. yap\u0131lan oylama<br \/>\nneticesinde Okunan komisyon raporunun komisyondan geldi\u011fi gibi kabul edilmesine oy birli\u011fi ile karar verildi.<br \/>\nKARA\u0130SALI BELED\u0130YE BA\u015eKANLI\u011eI<br \/>\nDOKUZ OLUK MASA KULLANIM \u00dcCRET TAR\u0130FES\u0130<br \/>\nKULLANIM ALANLARI HAFTA \u0130\u00c7\u0130 HAFTA SONU<br \/>\nKEMELYA 4 K\u0130\u015e\u0130L\u0130K 250 TL 300 TL<br \/>\nMASA 4 K\u0130\u015e\u0130L\u0130K 200 TL 250 TL<br \/>\nKAMp 4 K\u0130\u015e\u0130L\u0130K 400 TL 500 TL<br \/>\nKARA\u0130SALI BELED\u0130YE BA\u015eKANLI\u011eI<br \/>\nMACERA PARKI MASA KULLANIM \u00dcCRET TAR\u0130FES\u0130<br \/>\nMASA \u00dcCRET\u0130 100 TL<br \/>\nKAMP \u00dcCRET\u0130 300 TL\n<\/td>\n<\/tr>\n<tr>\n<td>KARAR 65<\/td>\n<\/tr>\n<tr>\n<td>Belediyemiz Emlak ve \u0130stimlak M\u00fcd\u00fcrl\u00fc\u011f\u00fcn\u00fcn 26\/08\/2024 tarih ve 15081 say\u0131l\u0131 yaz\u0131lar\u0131 ile g\u00fcndeme al\u0131nan\u037e<br \/>\nKaraisal\u0131 \u0130l\u00e7esi, Karap\u0131nar Mahallesinde m\u00fclkiyeti hazineye ait 1520 ada 20 parsel ve 1520 ada 21<br \/>\nparsel numaral\u0131 toplam 6168,14 m2 y\u00fcz\u00f6l\u00e7\u00fcml\u00fc ta\u015f\u0131nmazlar (Ek:1,2) hayvan pazar\u0131 alan\u0131 olarak kullanmak \u00fczere<br \/>\nKaraisal\u0131 Belediye Ba\u015fkanl\u0131\u011f\u0131na \u00f6n tahsisi yap\u0131lm\u0131\u015ft\u0131r. (Ek:3,4) Karap\u0131nar Mahallesi 1520 ada 20 parsel ve 1520 ada<br \/>\n21 parsel de toplam 6268,14 m2 alanda mekansal planlar y\u00f6netmeli\u011fine g\u00f6re 1\/5000 ve 1\/1000 \u00f6l\u00e7ekli planlar i\u00e7in<br \/>\nAdana B\u00fcy\u00fck\u015fehir Belediyesine yetki verilmesi gerekmektedir. Mekansal planlar yap\u0131m y\u00f6netmeli\u011fin 21. Maddesinin<br \/>\n2. Bendinde &#8221; Naz\u0131m imar plan\u0131 kesinle\u015fmeden uygulama imar plan\u0131 onaylanmaz. Ancak onay yetkisinin ayn\u0131 idarede<br \/>\nbulunmas\u0131 halinde naz\u0131m ve uygulama planlar\u0131 e\u015f zamanl\u0131 olarak onaylanabilir&#8221; h\u00fckm\u00fc gere\u011fince 1\/5000 \u00f6l\u00e7ekli naz\u0131m<br \/>\nimar plan\u0131 ve 1\/1000 \u00f6l\u00e7ekli uygulama imar planlar\u0131n\u0131n beraber onaylanabilmesi i\u00e7in Adana B\u00fcy\u00fck\u015fehir Belediyesine<br \/>\nyetki verilmesi i\u00e7in teklifin  Belediyemiz Meclisine havalesini arz ederim. Denilmekte olup teklif oylamaya sunuldu.<br \/>\nYap\u0131lan oylama neticesinde teklifin m\u00fcd\u00fcrl\u00fc\u011f\u00fcnden geldi\u011fi gibi kabul edilmesine oy birli\u011fi ile karar verildi.\n<\/td>\n<\/tr>\n<\/tbody>\n<\/table>\n","protected":false},"excerpt":{"rendered":"<p>KARAR 61 Belediyemiz norm kadrosunda bulunan a\u015fa\u011f\u0131da isimleri belirtilen m\u00fcd\u00fcrl\u00fcklerin iptal ve ihdas i\u015flemlerinin ger\u00e7ekle\u015fmesi i\u00e7in Belediyemiz Meclisine havalesi Olurlar\u0131n\u0131za arz ederim. Denilmekte olup teklif oylamaya sunuldu. Yap\u0131lan oylama neticesinde teklifin m\u00fcd\u00fcrl\u00fc\u011f\u00fcnden geldi\u011fi gibi kabul edilmesine Norm Kadro \u0130ptal ve \u0130hdas i\u015fleminin a\u015fa\u011f\u0131daki \u015fekilde olu\u015fmas\u0131na oy birli\u011fi ile karar verildi. \u0130PTAL ED\u0130LECEK M\u00dcD\u00dcRL\u00dcKLER \u0130HDAS ED\u0130LECEK [&hellip;]<\/p>\n","protected":false},"author":10,"featured_media":0,"parent":11558,"menu_order":202409,"comment_status":"closed","ping_status":"closed","template":"","meta":{"footnotes":""},"class_list":["post-11563","page","type-page","status-publish","hentry"],"_links":{"self":[{"href":"https:\/\/www.karaisali.bel.tr\/index.php?rest_route=\/wp\/v2\/pages\/11563","targetHints":{"allow":["GET"]}}],"collection":[{"href":"https:\/\/www.karaisali.bel.tr\/index.php?rest_route=\/wp\/v2\/pages"}],"about":[{"href":"https:\/\/www.karaisali.bel.tr\/index.php?rest_route=\/wp\/v2\/types\/page"}],"author":[{"embeddable":true,"href":"https:\/\/www.karaisali.bel.tr\/index.php?rest_route=\/wp\/v2\/users\/10"}],"replies":[{"embeddable":true,"href":"https:\/\/www.karaisali.bel.tr\/index.php?rest_route=%2Fwp%2Fv2%2Fcomments&post=11563"}],"version-history":[{"count":1,"href":"https:\/\/www.karaisali.bel.tr\/index.php?rest_route=\/wp\/v2\/pages\/11563\/revisions"}],"predecessor-version":[{"id":11564,"href":"https:\/\/www.karaisali.bel.tr\/index.php?rest_route=\/wp\/v2\/pages\/11563\/revisions\/11564"}],"up":[{"embeddable":true,"href":"https:\/\/www.karaisali.bel.tr\/index.php?rest_route=\/wp\/v2\/pages\/11558"}],"wp:attachment":[{"href":"https:\/\/www.karaisali.bel.tr\/index.php?rest_route=%2Fwp%2Fv2%2Fmedia&parent=11563"}],"curies":[{"name":"wp","href":"https:\/\/api.w.org\/{rel}","templated":true}]}}