{"id":11560,"date":"2024-09-24T23:08:11","date_gmt":"2024-09-24T20:08:11","guid":{"rendered":"https:\/\/www.karaisali.bel.tr\/?page_id=11560"},"modified":"2024-12-29T20:33:19","modified_gmt":"2024-12-29T17:33:19","slug":"ocak-2024-meclis-kararlari","status":"publish","type":"page","link":"https:\/\/www.karaisali.bel.tr\/?page_id=11560","title":{"rendered":"Ocak 2024 Meclis Kararlar\u0131"},"content":{"rendered":"<table>\n<tbody>\n<tr>\n<td>KARAR 1<\/td>\n<\/tr>\n<tr>\n<td>Belediyemiz \u0130nsan Kaynaklar\u0131 ve E\u011fitim M\u00fcd\u00fcrl\u00fc\u011f\u00fcn\u00fcn 25\/12\/2023 tarih ve 11723 say\u0131l\u0131 yaz\u0131lar\u0131 ile g\u00fcndeme al\u0131nan\u037e Belediye Ba\u015fkanl\u0131\u011f\u0131m\u0131z b\u00fcnyesinde 2023 y\u0131l\u0131nda 5393 say\u0131l\u0131 Belediye kanununun 49. maddesi gere\u011fince Avukat kadrosunda k\u0131sm\u0131 zamanl\u0131 olarak \u00e7al\u0131\u015ft\u0131r\u0131lmakta olan personelin 2024 y\u0131l\u0131 \u00fccretinin Belediyemiz Meclisince belirlenmesi hususunda\u037e  Olurlar\u0131n\u0131za arz ederim. Denilmekte olup , \u00dcyelerden Mustafa EK\u0130C\u0130 okunan teklifin Plan B\u00fct\u00e7e ve M\u00fc\u015fterek Komisyonunda g\u00f6r\u00fc\u015f\u00fclmek \u00fczere havale edilmesini teklif etti. Teklif oylamaya sunuldu. Yap\u0131lan oylama neticesinde teklifin kabul\u00fcne oy birli\u011fi ile karar verildi.<\/td>\n<\/tr>\n<tr>\n<td>KARAR 2<\/td>\n<\/tr>\n<tr>\n<td>Belediyemiz \u0130nsan Kaynaklar\u0131 ve E\u011fitim M\u00fcd\u00fcrl\u00fc\u011f\u00fcn\u00fcn 25\/12\/2023 tarih ve 11722 say\u0131l\u0131 yaz\u0131lar\u0131 ile g\u00fcndeme al\u0131nan\u037e Belediye Ba\u015fkanl\u0131\u011f\u0131m\u0131z b\u00fcnyesinde 2023 y\u0131l\u0131nda 5393 say\u0131l\u0131 Belediye kanununun 49. maddesi gere\u011fince Veteriner kadrosunda k\u0131sm\u0131 zamanl\u0131 olarak \u00e7al\u0131\u015ft\u0131r\u0131lmakta olan personelin 2024 y\u0131l\u0131 \u00fccretinin Belediyemiz Meclisince belirlenmesi hususunda\u037e  Olurlar\u0131n\u0131za arz ederim. Denilmekte olup \u00dcyelerden Mustafa  EK\u0130C\u0130 okunan teklifin Plan B\u00fct\u00e7e ve M\u00fc\u015fterek Komisyonunda g\u00f6r\u00fc\u015f\u00fclmek \u00fczere havale edilmesini teklif etti. Teklif oylamaya sunuldu. Yap\u0131lan oylama neticesinde teklifin kabul\u00fcne oy birli\u011fi ile karar verildi.<\/td>\n<\/tr>\n<tr>\n<td>KARAR 3<\/td>\n<\/tr>\n<tr>\n<td>Belediyemiz \u0130nsan Kaynaklar\u0131 ve E\u011fitim M\u00fcd\u00fcrl\u00fc\u011f\u00fcn\u00fcn 25\/12\/2023 tarih ve 11725 say\u0131l\u0131 yaz\u0131lar\u0131 ile g\u00fcndeme al\u0131nan\u037e Belediye Ba\u015fkanl\u0131\u011f\u0131m\u0131z norm kadrosunda bo\u015f bulunan 1&#8217;inci dereceli 1 adet Tekniker kadrosunun  8.&#8217;inci dereceli 1 adet Tekniker kadrosu olarak de\u011fi\u015ftirilmek \u00fczere 5393 Say\u0131l\u0131 Belediye Kanunun Belediye Meclisinin g\u00f6rev ve yetkileri 18.&#8217;inci maddenin L f\u0131kras\u0131: Norm kadro \u00e7er\u00e7evesinde belediyenin ve ba\u011fl\u0131 kurulu\u015flar\u0131n\u0131n kadrolar\u0131n\u0131n ihdas, iptal ve de\u011fi\u015ftirilmesine karar vermek, maddesine istinaden  norm kadro de\u011fi\u015fikli\u011fi i\u00e7in Belediyemiz Meclisince gerekli karar\u0131n  al\u0131nmas\u0131 hususunda\u037e Olurlar\u0131n\u0131za arz ederim. Denilmekte olup, \u00dcyelerden Mustafa EK\u0130C\u0130 okunan teklifin Plan B\u00fct\u00e7e ve M\u00fc\u015fterek Komisyonunda g\u00f6r\u00fc\u015f\u00fclmek \u00fczere havale edilmesini teklif etti. Teklif oylamaya sunuldu. Yap\u0131lan oylama neticesinde teklifin kabul\u00fcne oy birli\u011fi ile karar verildi.<\/td>\n<\/tr>\n<tr>\n<td>KARAR 4<\/td>\n<\/tr>\n<tr>\n<td>Belediye Ba\u015fkanl\u0131k Makam\u0131n\u0131n 27\/12\/2023 tarih ve 11765 say\u0131l\u0131 yaz\u0131lar\u0131 ile g\u00fcndeme al\u0131nan\u037e 5393 Say\u0131l\u0131 Belediye Kanununun 25. maddesine istinaden 2024 Y\u0131l\u0131nda Denetim Komisyonunda g\u00f6rev yapmak \u00fczere 5 adet Denetim Komisyonu \u00dcyeli\u011fi se\u00e7imi Belediyemiz meclisince se\u00e7ilmesi hususunda olurlar\u0131n\u0131za arz ederim. Denilmekte olup, yap\u0131lan gizli oylama neticesinde\u037e Meclis \u00dcyelerinden Esat K\u00d6SE (14) Oy, Meclis \u00dcyelerinden Abdullah KA\u00c7AR (13) oy, Meclis \u00dcyelerinden Turgay BULUT (14) Oy, Meclis \u00dcyelerinden Saniye USTA (14) Oy, Meclis \u00dcyelerinden Ayhan I\u015eIK (13) Oy, Meclis \u00dcyelerinden Ayd\u0131n NERG\u0130Z (1) oy Meclis \u00dcyelerinden Osman KURDAK (1) oy ald\u0131. 2024 y\u0131l\u0131nda \u0130\u00e7 Denetim Komisyonda g\u00f6rev yapmak \u00fczere Esat K\u00d6SE, Abdullah KA\u00c7AR, Saniye USTA, Turgay BULUT ve Ayhan I\u015eIK se\u00e7ildiler. <\/td>\n<\/tr>\n<tr>\n<td>KARAR 5<\/td>\n<\/tr>\n<tr>\n<td>Belediyemiz Fen \u0130\u015fleri M\u00fcd\u00fcrl\u00fc\u011f\u00fcn\u00fcn 02\/01\/2024 tarih ve 11841 say\u0131l\u0131 yaz\u0131lar\u0131 ile g\u00fcndeme al\u0131nan \u037e Adana \u0130li Karaisal\u0131 \u0130l\u00e7e Merkezine y\u00f6nelik 500 hektar alanda haz\u0131rlanan 1\/1000 \u00f6l\u00e7ekli Uygulama \u0130mar Plan\u0131 Karaisal\u0131 \u0130l\u00e7e Belediyemiz Meclisince 07.07.2023 tarih ve 50 say\u0131l\u0131 karar\u0131 , Adana B\u00fcy\u00fck\u015fehir Belediyesi Meclisinin 13.09.2023 tarih ve 168 say\u0131l\u0131 karar\u0131 ile tadilen onaylanm\u0131\u015ft\u0131r. S\u00f6z konusu tadilen onaylanan 1\/1000 \u00f6l\u00e7ekli Uygulama \u0130mar Plan\u0131 3194 say\u0131l\u0131 \u0130mar Kanununun 8\/b maddesine istinaden Belediyemiz ve Karaisal\u0131 Kaymakaml\u0131\u011f\u0131 \u0130lan panosunda 29.11.2023 tarih ve 30.12.2023 tarihleri aras\u0131nda ilan edilmi\u015f olup , 01.12.2023 tarihli , Celalettin S\u00dcRME dilek\u00e7esi ,01.12.2023 tarihli Osman KURDAK dilek\u00e7esi , 04.12.2023 tarihli Mehmet Akif AT\u0130K dilek\u00e7esi ,07.12.2023 tarihli Ayhan Y\u00dcCE dilek\u00e7esi , 12.12.2023 tarihli Murat Y\u00dcR\u00dcK dilek\u00e7esi , 14.12.2023 tarihli Ahmet KURT dilek\u00e7esi, 20.12.2023 tarihli Zeynep ADIG\u00dcZEL dilek\u00e7esi , 20.12.2023 tarihli Ya\u015far DEM\u0130RC\u0130 dilek\u00e7esi , 27.12.2023 tarihli Mustafa DURAK dilek\u00e7esi , 28.12.2023 tarih ve 8361134 Say\u0131l\u0131 Karaisal\u0131 Kaymakaml\u0131\u011f\u0131 Milli Emlak \u015eefli\u011fi&#8217; nin yaz\u0131s\u0131 , 28.12.2023 tarihli Mustafa G\u00fcrsel \u015e\u0130M\u015eEK dilek\u00e7esi , 29.12.2023 tarihli Hasan H\u00fcseyin KU\u015eCU , taraf\u0131ndan itiraz edilmi\u015ftir. \u0130tiraz\u0131n Belediyemiz Meclisinde g\u00f6r\u00fc\u015f\u00fclmek \u00fczere , havalesini olurlar\u0131n\u0131za arz ederim. Denilmekte olup \u00dcyelerden Mustafa EK\u0130C\u0130 teklifin \u0130mar  \u015eehircilik ve M\u00fc\u015fterek Komisyonunda g\u00f6r\u00fc\u015f\u00fclmek \u00fczere havalesini teklif etti. Teklif oylamaya sunuldu. Yap\u0131lan oylama neticesinde teklifin kabul\u00fcne oy birli\u011fi ile karar verildi.<\/td>\n<\/tr>\n<tr>\n<td>KARAR 6<\/td>\n<\/tr>\n<tr>\n<td>Belediyemiz Fen \u0130\u015fleri M\u00fcd\u00fcrl\u00fc\u011f\u00fcn\u00fcn 03\/01\/2024 tarih ve 11852 say\u0131l\u0131 yaz\u0131lar\u0131 ile g\u00fcndeme al\u0131nan \u037e Belediye Ba\u015fkanl\u0131\u011f\u0131m\u0131zca  ihale yolu yada toplu konut \u00fcye kayd\u0131 yap\u0131larak \u037e  10.06.2008  tarihinde Fehmi ALADA\u011e\u2019a (T.C.: 2026304XXXX)  Selamp\u0131nar Mahallesi 522 ada 4 parsel FG1A2. 4 nolu Ba\u011f\u0131ms\u0131z B\u00f6l\u00fcm  , 10\/06\/2008 tarihinde  Hasan \u00d6Z\u2019e  (T.C.:1444023XXXX)  Selamp\u0131nar Mahallesi  522 ada 4 parsel Fg1AZ2 nolu Ba\u011f\u0131ms\u0131z B\u00f6l\u00fcm , 14\/10\/2008 tarihinde Abdullah K\u00d6\u015eKERO\u011eULLARI\u2019na  T.C.: 1089735XXXX Selamp\u0131nar Mahallesi  522 ADA 4 Parsel Fg1A2 . 5 nolu Ba\u011f\u0131ms\u0131z B\u00f6l\u00fcm , 23\/07\/2002 tarihinde Mehmet G\u0130LD\u0130R\u2019e  (T.C.:2119601XXXX) Karap\u0131nar Mahallesi  243 ADA 4 Parsel B Blok 8 nolu Ba\u011f\u0131ms\u0131z B\u00f6l\u00fcm , 14\/10\/2009 tarihinde Leyla BOSTAN\u2019a  (T.C.:2908976XXXX) Selamp\u0131nar Mahallesi  522 ADA 4 PARSEL FG1AZ.1 Nolu ba\u011f\u0131ms\u0131z b\u00f6l\u00fcm\u00fcn sat\u0131\u015flar\u0131 yap\u0131lm\u0131\u015f olup, tapu devirlerinin yap\u0131lmas\u0131na , Karaisal\u0131 Tapu Sicil M\u00fcd\u00fcrl\u00fc\u011f\u00fcnde sat\u0131\u015f\u0131n\u0131n yap\u0131lmas\u0131 i\u00e7in Belediye Ba\u015fkan\u0131 Saadettin ASLAN\u2019a yetki verilmesine oy birli\u011fi ile karar verildi. GERE\u011e\u0130 \u0130\u00c7\u0130N FEN \u0130\u015eLER\u0130  M\u00dcD\u00dcRL\u00dc\u011e\u00dc <\/td>\n<\/tr>\n<tr>\n<td>KARAR 7<\/td>\n<\/tr>\n<tr>\n<td>Belediyemiz Plan B\u00fct\u00e7e M\u00fc\u015fterek Komisyonun  2024 y\u0131l\u0131nda yar\u0131 zamanl\u0131 \u00e7al\u0131\u015ft\u0131r\u0131lacak s\u00f6zle\u015fmeli avukata \u00f6denecek ayl\u0131k tutar ile ilgili komisyon raporunun g\u00f6r\u00fc\u015f\u00fclmesine ge\u00e7ildi. Komisyon Raporunda Aynen &#8220;Belediyemiz Plan B\u00fct\u00e7e M\u00fc\u015fterek Komisyonumuza havale edilen \u037e        Belediyemizde k\u0131smi zamanl\u0131 olarak \u00e7al\u0131\u015ft\u0131r\u0131lmas\u0131na devam olunacak olan Avukat\u2019 \u0131n 2024 y\u0131l\u0131 i\u00e7erisinde \u00f6denecek \u00fccretlerin belirlenmesi ile ilgili teklif komisyonumuzca g\u00f6r\u00fc\u015f\u00fclm\u00fc\u015f olup 2024 y\u0131l\u0131nda \u00e7al\u0131\u015ft\u0131r\u0131lmaya devam olunacak olan Avukat\u2019a ayl\u0131k net 8.000 TL, (SEK\u0130ZB\u0130NT\u00dcRKL\u0130RASI) \u00f6denmesine   komisyonumuzca oy birli\u011fi ile karar verilmi\u015f olup, Belediyemiz Meclisince g\u00f6r\u00fc\u015f\u00fclmek \u00fczere sunulmas\u0131na  karar verildi. Denilmekte olup okunan komisyon raporu oylamaya sunuldu. Yap\u0131lan oylama neticesinde komisyon raporunun komisyondan geldi\u011fi gibi kabul edilmesine oy birli\u011fi karar verildi. GERE\u011e\u0130 \u0130\u00c7\u0130N \u0130NSAN KAYNAKLARI VE E\u011e\u0130T\u0130M M\u00dcD\u00dcRL\u00dc\u011e\u00dc <\/td>\n<\/tr>\n<tr>\n<td>KARAR 8<\/td>\n<\/tr>\n<tr>\n<td>Belediyemiz Plan B\u00fct\u00e7e ve M\u00fc\u015fterek Komisyonunun 2024 Y\u0131l\u0131nda \u00c7al\u0131\u015ft\u0131r\u0131lmaya Devam Olunacak Olan Veteriner Hekime \u00d6denecek \u00dccret ile ilgili Komisyon Raporunun g\u00f6r\u00fc\u015f\u00fclmesine ge\u00e7ildi. Komisyon Raporunda aynen &#8220;Belediyemiz Plan B\u00fct\u00e7e M\u00fc\u015fterek Komisyonumuza havale edilen \u037e Belediyemizde k\u0131smi zamanl\u0131 olarak \u00e7al\u0131\u015ft\u0131r\u0131lmas\u0131na devam olunacak olan Veteriner Hekime 2024 y\u0131l\u0131 i\u00e7erisinde \u00f6denecek \u00fccretlerin belirlenmesi ile ilgili teklif komisyonumuzca g\u00f6r\u00fc\u015f\u00fclm\u00fc\u015f olup 2024 y\u0131l\u0131nda \u00e7al\u0131\u015ft\u0131r\u0131lmaya devam olunacak olan Veteriner Hekime ayl\u0131k net 9.000 TL, (DOKUZB\u0130NT\u00dcRKL\u0130RASI)   \u00fccret \u00f6denmesine komisyonumuzca oy birli\u011fi ile karar verilmi\u015f olup, Belediyemiz  Meclisince g\u00f6r\u00fc\u015f\u00fclmek \u00fczere sunulmas\u0131na  karar verildi. Denilmekte olup okunan komisyon raporu oylamaya sunuldu. yap\u0131lan oylama neticesinde komisyon raporunun komisyondan geldi\u011fi gibi kabul edilmesine oy birli\u011fi ile karar verildi. GERE\u011e\u0130 \u0130\u00c7\u0130N \u0130NSAN KAYNAKLARI VE E\u011e\u0130T\u0130M M\u00dcD\u00dcRL\u00dc\u011e\u00dc<\/td>\n<\/tr>\n<tr>\n<td>KARAR 9<\/td>\n<\/tr>\n<tr>\n<td>Belediyemiz Plan B\u00fct\u00e7e M\u00fc\u015fterek Komisyonun Belediye Norm Kadro de\u011fi\u015fikli\u011fi ile ilgili komisyon raporunun g\u00f6r\u00fc\u015f\u00fclmesine ge\u00e7ildi. Komisyon Raporunda aynen &#8220;Belediyemiz Plan B\u00fct\u00e7e M\u00fc\u015fterek Komisyonumuza havale edilen ;   Belediyemiz \u0130nsan Kaynaklar\u0131 ve E\u011fitim M\u00fcd\u00fcrl\u00fc\u011f\u00fcn\u00fcn Belediye Ba\u015fkanl\u0131\u011f\u0131m\u0131z norm kadrosunda bo\u015f bulunan 1 dereceli 1 adet tekniker kadrosunun 8. Dereceli 1 adet tekniker kadrosu olarak de\u011fi\u015ftirilmek \u00fczere 5393 say\u0131l\u0131 Belediye Kanunun Belediye Meclisinin g\u00f6rev ve yetkileri ba\u015fl\u0131kl\u0131 18. Maddesinin L f\u0131kras\u0131\u037e Norm Kadro \u00e7er\u00e7evesinde belediyenin ve ba\u011fl\u0131 kurulu\u015flar\u0131n\u0131n kadrolar\u0131n\u0131n ihdas iptal ve de\u011fi\u015ftirilmesine karar vermek maddesine istinaden Belediyemiz \u0130nsan Kaynaklar\u0131 ve E\u011fitim M\u00fcd\u00fcrl\u00fc\u011f\u00fcnce sunulan norm kadro de\u011fi\u015fiklik cetvellerinin m\u00fcd\u00fcrl\u00fc\u011f\u00fcnden geldi\u011fi gibi kabul edilmesine ,  Belediyemiz  Meclisince g\u00f6r\u00fc\u015f\u00fclmek \u00fczere sunulmas\u0131na  karar verildi. Denilmekte olup okunan komisyon raporu oylamaya sunuldu. yap\u0131lan oylama neticesinde komisyon raporunun komisyondan geldi\u011fi gibi kabul edilmesine oy birli\u011fi ile karar verildi. GERE\u011e\u0130 \u0130\u00c7\u0130N \u0130NSAN KAYNAKLARI VE E\u011e\u0130T\u0130M M\u00dcD\u00dcRL\u00dc\u011e\u00dc<\/td>\n<\/tr>\n<tr>\n<td>KARAR 10<\/td>\n<\/tr>\n<tr>\n<td>Belediyemiz \u0130mar ve \u015eehircilik M\u00fc\u015fterek Komisyonun  1\/1000 \u00f6l\u00e7ekli Uygulama \u0130mar Plan\u0131na itiraz dilek\u00e7eleri ile ilgili komisyon raporunun g\u00f6r\u00fc\u015f\u00fclmesine ge\u00e7ildi. Belediyemiz Meclisince komisyonumuza g\u00f6r\u00fc\u015f\u00fclmek \u00fczere sevk edilen Belediyemiz Fen \u0130\u015fleri M\u00fcd\u00fcrl\u00fc\u011f\u00fcn\u00fcn 02\/01\/2024 tarih ve 11841 say\u0131l\u0131 yaz\u0131lar\u0131nda \u037e Adana \u0130li Karaisal\u0131 \u0130l\u00e7e Merkezine y\u00f6nelik 500 hektar alanda haz\u0131rlanan 1\/1000 \u00f6l\u00e7ekli Uygulama \u0130mar Plan\u0131 Karaisal\u0131 \u0130l\u00e7e Belediyemiz Meclisince 07.07.2023 tarih ve 50 say\u0131l\u0131 karar\u0131 , Adana B\u00fcy\u00fck\u015fehir Belediyesi Meclisinin 13.09.2023 tarih ve 168 say\u0131l\u0131 karar\u0131 ile tadilen onaylanm\u0131\u015ft\u0131r. S\u00f6z konusu tadilen onaylanan 1\/1000 \u00f6l\u00e7ekli Uygulama \u0130mar Plan\u0131 3194 say\u0131l\u0131 \u0130mar Kanununun 8\/b maddesine istinaden Belediyemiz ve Karaisal\u0131 Kaymakaml\u0131\u011f\u0131 \u0130lan panosunda 29.11.2023 tarih ve 30.12.2023 tarihleri aras\u0131nda ilan edilmi\u015f olup , 01.12.2023 tarihli , Celalettin S\u00dcRME dilek\u00e7esi ,01.12.2023 tarihli Osman KURDAK dilek\u00e7esi, 04.12.2023 tarihli Mehmet Akif AT\u0130K dilek\u00e7esi ,07.12.2023 tarihli Ayhan Y\u00dcCE dilek\u00e7esi , 12.12.2023 tarihli Murat Y\u00dcR\u00dcK dilek\u00e7esi , 14.12.2023 tarihli Ahmet KURT dilek\u00e7esi , 20.12.2023 tarihli Zeynep ADIG\u00dcZEL dilek\u00e7esi , 20.12.2023 tarihli Ya\u015far DEM\u0130RC\u0130 dilek\u00e7esi , 27.12.2023 tarihli Mustafa DURAK dilek\u00e7esi, 28.12.2023 tarih ve 8361134 Say\u0131l\u0131 Karaisal\u0131 Kaymakaml\u0131\u011f\u0131 Milli Emlak \u015eefli\u011fi&#8217; nin yaz\u0131s\u0131 , 28.12.2023 tarihli Mustafa G\u00fcrsel \u015e\u0130M\u015eEK dilek\u00e7esi , 29.12.2023 tarihli Hasan H\u00fcseyin KU\u015eCU , taraf\u0131ndan itiraz edilmi\u015f olup ,komisyonumuzca s\u00f6z konusu itiraz dilek\u00e7eleri ve yaz\u0131l\u0131 talepler g\u00f6r\u00fc\u015f\u00fclm\u00fc\u015f olup\u037e Yap\u0131lan itirazlardan \u037e 01.12.2023 tarihli , Celalettin S\u00dcRME dilek\u00e7esi ,01.12.2023 tarihli Osman KURDAK dilek\u00e7esi , 04.12.2023 tarihli Mehmet Akif AT\u0130K dilek\u00e7esi ,07.12.2023 tarihli Ayhan Y\u00dcCE dilek\u00e7esi , 12.12.2023 tarihli Murat Y\u00dcR\u00dcK dilek\u00e7esi , 14.12.2023 tarihli Ahmet KURT dilek\u00e7esi , 20.12.2023 tarihli Zeynep ADIG\u00dcZEL dilek\u00e7esi , 20.12.2023 tarihli Ya\u015far DEM\u0130RC\u0130 dilek\u00e7esi , 27.12.2023 tarihli Mustafa DURAK dilek\u00e7esi , , 28.12.2023 tarihli Mustafa G\u00fcrsel \u015e\u0130M\u015eEK dilek\u00e7esi , 29.12.2023 tarihli Hasan H\u00fcseyin KU\u015eCU , taraf\u0131ndan yap\u0131lan itirazlar\u0131n KABUL\u00dcNE , 28.12.2023 tarih ve 8361134 Say\u0131l\u0131 Karaisal\u0131 Kaymakaml\u0131\u011f\u0131 Milli Emlak \u015eefli\u011fi&#8217; nin itiraz\u0131n\u0131n REDD\u0130NE komisyonumuzca oy birli\u011fi ile karar verilmi\u015f olup, komisyon raporunun Belediyemiz Meclisince g\u00f6r\u00fc\u015f\u00fclmek \u00fczere sunulmas\u0131na karar verilmi\u015ftir. Denilmekte olup okunan komisyon raporu oylamaya sunuldu. Yap\u0131lan oylama neticesinde komisyon raporunun komisyondan geldi\u011fi gibi kabul\u00fcne oy birli\u011fi ile karar verildi. GERE\u011e\u0130 \u0130\u00c7\u0130N FEN \u0130\u015eLER\u0130 M\u00dcD\u00dcRL\u00dc\u011e\u00dc<\/td>\n<\/tr>\n<\/tbody>\n<\/table>\n","protected":false},"excerpt":{"rendered":"<p>KARAR 1 Belediyemiz \u0130nsan Kaynaklar\u0131 ve E\u011fitim M\u00fcd\u00fcrl\u00fc\u011f\u00fcn\u00fcn 25\/12\/2023 tarih ve 11723 say\u0131l\u0131 yaz\u0131lar\u0131 ile g\u00fcndeme al\u0131nan\u037e Belediye Ba\u015fkanl\u0131\u011f\u0131m\u0131z b\u00fcnyesinde 2023 y\u0131l\u0131nda 5393 say\u0131l\u0131 Belediye kanununun 49. maddesi gere\u011fince Avukat kadrosunda k\u0131sm\u0131 zamanl\u0131 olarak \u00e7al\u0131\u015ft\u0131r\u0131lmakta olan personelin 2024 y\u0131l\u0131 \u00fccretinin Belediyemiz Meclisince belirlenmesi hususunda\u037e Olurlar\u0131n\u0131za arz ederim. Denilmekte olup , \u00dcyelerden Mustafa EK\u0130C\u0130 okunan teklifin [&hellip;]<\/p>\n","protected":false},"author":10,"featured_media":0,"parent":11558,"menu_order":202401,"comment_status":"closed","ping_status":"closed","template":"","meta":{"footnotes":""},"class_list":["post-11560","page","type-page","status-publish","hentry"],"_links":{"self":[{"href":"https:\/\/www.karaisali.bel.tr\/index.php?rest_route=\/wp\/v2\/pages\/11560","targetHints":{"allow":["GET"]}}],"collection":[{"href":"https:\/\/www.karaisali.bel.tr\/index.php?rest_route=\/wp\/v2\/pages"}],"about":[{"href":"https:\/\/www.karaisali.bel.tr\/index.php?rest_route=\/wp\/v2\/types\/page"}],"author":[{"embeddable":true,"href":"https:\/\/www.karaisali.bel.tr\/index.php?rest_route=\/wp\/v2\/users\/10"}],"replies":[{"embeddable":true,"href":"https:\/\/www.karaisali.bel.tr\/index.php?rest_route=%2Fwp%2Fv2%2Fcomments&post=11560"}],"version-history":[{"count":2,"href":"https:\/\/www.karaisali.bel.tr\/index.php?rest_route=\/wp\/v2\/pages\/11560\/revisions"}],"predecessor-version":[{"id":11612,"href":"https:\/\/www.karaisali.bel.tr\/index.php?rest_route=\/wp\/v2\/pages\/11560\/revisions\/11612"}],"up":[{"embeddable":true,"href":"https:\/\/www.karaisali.bel.tr\/index.php?rest_route=\/wp\/v2\/pages\/11558"}],"wp:attachment":[{"href":"https:\/\/www.karaisali.bel.tr\/index.php?rest_route=%2Fwp%2Fv2%2Fmedia&parent=11560"}],"curies":[{"name":"wp","href":"https:\/\/api.w.org\/{rel}","templated":true}]}}