{"id":11111,"date":"2023-11-30T16:57:31","date_gmt":"2023-11-30T13:57:31","guid":{"rendered":"https:\/\/www.karaisali.bel.tr\/?page_id=11111"},"modified":"2023-11-30T16:57:31","modified_gmt":"2023-11-30T13:57:31","slug":"ekim-2023-meclis-kararlari","status":"publish","type":"page","link":"https:\/\/www.karaisali.bel.tr\/?page_id=11111","title":{"rendered":"Ekim 2023 Meclis Kararlar\u0131"},"content":{"rendered":"<table>\n<tbody>\n<tr>\n<td>KARAR 58<\/td>\n<\/tr>\n<tr>\n<td>Belediye Ba\u015fkanl\u0131\u011f\u0131m\u0131z Mali Hizmetler M\u00fcd\u00fcrl\u00fc\u011f\u00fcn\u00fcn 29\/09\/2023 tarih ve 10664 say\u0131l\u0131 yaz\u0131lar\u0131 ile g\u00fcndeme al\u0131nan\u037e Belediye Ba\u015fkanl\u0131\u011f\u0131m\u0131z 2024 y\u0131l\u0131 b\u00fct\u00e7esi gelir ve gider tablosu yaz\u0131m\u0131z ekinde sunulmu\u015f olup 5393 say\u0131l\u0131 Belediye Kanunu 18\/n maddesi gere\u011fince Belediyemiz Meclisince g\u00f6r\u00fc\u015f\u00fclmek \u00fczere havalesini\u037e Olurlar\u0131n\u0131za arz ederim. Denilmekte olup okunan teklif hakk\u0131nda \u00fcyelerden Mustafa EK\u0130C\u0130 s\u00f6z ald\u0131. Teklifin Plan B\u00fct\u00e7e ve M\u00fc\u015fterek komisyonda g\u00f6r\u00fc\u015f\u00fclmesini teklif etti. Teklif oylamaya sunuldu. Yap\u0131lan oylama neticesinde teklifin kabul\u00fcne oy birli\u011fi ile karar verildi.<\/td>\n<\/tr>\n<tr>\n<td>KARAR 59<\/td>\n<\/tr>\n<tr>\n<td>Belediye Ba\u015fkanl\u0131\u011f\u0131m\u0131z Mali Hizmetler M\u00fcd\u00fcrl\u00fc\u011f\u00fcn\u00fcn 29\/09\/2023 tarih ve 10665 say\u0131l\u0131 yaz\u0131lar\u0131 ile g\u00fcndeme al\u0131nan \u037e Mali Hizmetler M\u00fcd\u00fcrl\u00fc\u011f\u00fcnce 2024 y\u0131l\u0131 fiyat tarifesi haz\u0131rlanm\u0131\u015f olup yaz\u0131m\u0131z ekinde sunulmu\u015ftur. Belediyemiz Meclisince g\u00f6r\u00fc\u015f\u00fclmek \u00fczere Belediye Meclisine havalesini\u037e Olurlar\u0131n\u0131za arz ederim. Denilmekte olup \u00fcyelerden Mustafa EK\u0130C\u0130 s\u00f6z ald\u0131. Teklifin Plan B\u00fct\u00e7e ve M\u00fc\u015fterek Komisyonunda g\u00f6r\u00fc\u015f\u00fclmek \u00fczere havale edilmesini teklif ediyorum. Dedi. Teklif oylamaya konuldu. Yap\u0131lan oylama neticesinde teklifin kabul\u00fcne oy birli\u011fi ile karar verildi.<\/td>\n<\/tr>\n<tr>\n<td>KARAR 60<\/td>\n<\/tr>\n<tr>\n<td>Belediyemiz \u0130mar ve \u015eehircilik M\u00fcd\u00fcrl\u00fc\u011f\u00fcn\u00fcn 02\/10\/2023 tarih ve 10690 say\u0131l\u0131 yaz\u0131lar\u0131 ile g\u00fcndeme al\u0131nan\u037e \u0130l\u00e7emiz merkezine y\u00f6nelik yakla\u015f\u0131k 500 hektar alanda Adana B\u00fcy\u00fckehir Belediyesi taraf\u0131ndan yap\u0131lan 1\/5000 \u00f6l\u00e7ekli Naz\u0131m \u0130mar Plan\u0131nda N34N34a22d paftas\u0131nda yer alan Selamp\u0131nar Mahallesi 432 ada 16 ve 17 parseller ile 428 ada 1 parsele itiraz olmu\u015ftu , Adana B\u00fcy\u00fck\u015fehir Belediyesi Meclisisin 11.08.2023 tarih ve 119 say\u0131l\u0131 karar\u0131 ile itiraz dilek\u00e7esi red olmu\u015ftur. S\u00f6z konusu Selamp\u0131nar Mahallesi 432 ada 16 ve 17 parseller ve 428 ada 1 parselin Belediyemizce haz\u0131rlanan 1\/1000 \u00d6l\u00e7ekli Uygulama \u0130mar Plan\u0131 1\/5000 \u00d6l\u00e7ekli Naz\u0131m \u0130mar Plan\u0131na uygun olarak haz\u0131rlanm\u0131\u015f olup, Belediyemiz Meclisince g\u00f6r\u00fc\u015f\u00fclerek gerekli Meclis Karar\u0131 al\u0131nmas\u0131n\u0131 \u037e Olurlar\u0131n\u0131za arz ederim. Denilmekte olup \u00fcyelerden Mustafa EK\u0130C\u0130 s\u00f6z ald\u0131. okunan teklifin \u0130mar \u015eehircilik ve M\u00fc\u015fterek Komisyonunda g\u00f6r\u00fc\u015f\u00fclmek \u00fczere havalesini teklif etti. Teklif oylamaya sunuldu. Yap\u0131lan oylama neticesinde teklifin kabul\u00fcne oy birli\u011fi ile karar verildi<\/td>\n<\/tr>\n<tr>\n<td>KARAR 61<\/td>\n<\/tr>\n<tr>\n<td>Belediyemiz Plan B\u00fct\u00e7e M\u00fc\u015fterek Komisyonunun 2024 y\u0131l\u0131 B\u00fct\u00e7esi ile ilgili komisyon raporunun g\u00f6r\u00fc\u015f\u00fclmesi ve onay\u0131 i\u00e7in Belediyemiz Meclisine havalesini Olurlar\u0131n\u0131za arz ederim. Denilmekte olup komisyon raporunda aynen &#8220;Belediyemiz Meclisince komisyonumuzda g\u00f6r\u00fc\u015f\u00fclmek \u00fczere havale edilen Belediyemiz Mali Hizmetler M\u00fcd\u00fcrl\u00fc\u011f\u00fcn\u00fcn 29\/09\/2023 tarih ve E.10664 say\u0131l\u0131 yaz\u0131lar\u0131 ekinde komisyonumuza sunulan 2022 y\u0131l\u0131 B\u00fct\u00e7esi gelir ve gider tablosu komisyonumuzca g\u00f6r\u00fc\u015f\u00fclmek \u00fczere Belediyemiz Meclis Toplant\u0131 salonunda 05\/10\/2023 tarihinde toplanm\u0131\u015f olup, 2024 Y\u0131l\u0131 B\u00fct\u00e7esi gelir ve gider tablolar\u0131 tek tek incelenerek 180.000.000,00TL \u2018lik (Y\u00dcZSEKSENM\u0130LYONT\u00dcRKL\u0130RASI) b\u00fct\u00e7enin uygunlu\u011funa, karar\u0131m\u0131z\u0131n Belediyemiz Meclisine sunulmas\u0131na oy birli\u011fi ile karar verildi. Denilmekte olup okunan komisyon raporu oylamaya sunuldu. Yap\u0131lan oylama neticesinde komisyon raporunun komisyondan geldi\u011fi gibi kabul edilmesine oy birli\u011fi ile karar verildi. GERE\u011e\u0130 \u0130\u00c7\u0130N MAL\u0130 H\u0130ZMETLER M\u00dcD\u00dcRL\u00dc\u011e\u00dc<\/td>\n<\/tr>\n<tr>\n<td>KARAR 62<\/td>\n<\/tr>\n<tr>\n<td>Belediyemiz Plan B\u00fct\u00e7e M\u00fc\u015fterek Komisyonunun 2024 y\u0131l\u0131 Fiyat Tarifesi ile ilgili komisyon raporunun g\u00f6r\u00fc\u015f\u00fclmesi ve onay\u0131 i\u00e7in Belediyemiz Meclisine havalesini Olurlar\u0131n\u0131za arz ederim. Denilmekte olup komisyon raporunda aynen &#8221; Belediyemiz Meclisince komisyonumuzda g\u00f6r\u00fc\u015f\u00fclmek \u00fczere havale edilen Belediyemiz Mali Hizmetler M\u00fcd\u00fcrl\u00fc\u011f\u00fcn\u00fcn 03\/10\/2023 tarih ve E.10763 say\u0131l\u0131 yaz\u0131lar\u0131 ekinde komisyonumuza sunulan 2024 y\u0131l\u0131 fiyat tarifesi komisyonumuzca g\u00f6r\u00fc\u015f\u00fclmek \u00fczere Belediyemiz Meclis Toplant\u0131 salonunda 05\/10\/2024 tarihinde toplanm\u0131\u015f olup, 2024 Y\u0131l\u0131 Fiyat Tarifeleri tek tek g\u00f6r\u00fc\u015f\u00fclerek a\u015fa\u011f\u0131daki tablolar halinde tarife uygulanmas\u0131na, karar\u0131m\u0131z\u0131n Belediyemiz Meclisine sunulmas\u0131na oy birli\u011fi ile karar verildi<\/td>\n<\/tr>\n<\/tbody>\n<\/table>\n","protected":false},"excerpt":{"rendered":"<p>KARAR 58 Belediye Ba\u015fkanl\u0131\u011f\u0131m\u0131z Mali Hizmetler M\u00fcd\u00fcrl\u00fc\u011f\u00fcn\u00fcn 29\/09\/2023 tarih ve 10664 say\u0131l\u0131 yaz\u0131lar\u0131 ile g\u00fcndeme al\u0131nan\u037e Belediye Ba\u015fkanl\u0131\u011f\u0131m\u0131z 2024 y\u0131l\u0131 b\u00fct\u00e7esi gelir ve gider tablosu yaz\u0131m\u0131z ekinde sunulmu\u015f olup 5393 say\u0131l\u0131 Belediye Kanunu 18\/n maddesi gere\u011fince Belediyemiz Meclisince g\u00f6r\u00fc\u015f\u00fclmek \u00fczere havalesini\u037e Olurlar\u0131n\u0131za arz ederim. Denilmekte olup okunan teklif hakk\u0131nda \u00fcyelerden Mustafa EK\u0130C\u0130 s\u00f6z ald\u0131. Teklifin [&hellip;]<\/p>\n","protected":false},"author":10,"featured_media":0,"parent":11002,"menu_order":202310,"comment_status":"closed","ping_status":"closed","template":"","meta":{"footnotes":""},"class_list":["post-11111","page","type-page","status-publish","hentry"],"_links":{"self":[{"href":"https:\/\/www.karaisali.bel.tr\/index.php?rest_route=\/wp\/v2\/pages\/11111","targetHints":{"allow":["GET"]}}],"collection":[{"href":"https:\/\/www.karaisali.bel.tr\/index.php?rest_route=\/wp\/v2\/pages"}],"about":[{"href":"https:\/\/www.karaisali.bel.tr\/index.php?rest_route=\/wp\/v2\/types\/page"}],"author":[{"embeddable":true,"href":"https:\/\/www.karaisali.bel.tr\/index.php?rest_route=\/wp\/v2\/users\/10"}],"replies":[{"embeddable":true,"href":"https:\/\/www.karaisali.bel.tr\/index.php?rest_route=%2Fwp%2Fv2%2Fcomments&post=11111"}],"version-history":[{"count":1,"href":"https:\/\/www.karaisali.bel.tr\/index.php?rest_route=\/wp\/v2\/pages\/11111\/revisions"}],"predecessor-version":[{"id":11112,"href":"https:\/\/www.karaisali.bel.tr\/index.php?rest_route=\/wp\/v2\/pages\/11111\/revisions\/11112"}],"up":[{"embeddable":true,"href":"https:\/\/www.karaisali.bel.tr\/index.php?rest_route=\/wp\/v2\/pages\/11002"}],"wp:attachment":[{"href":"https:\/\/www.karaisali.bel.tr\/index.php?rest_route=%2Fwp%2Fv2%2Fmedia&parent=11111"}],"curies":[{"name":"wp","href":"https:\/\/api.w.org\/{rel}","templated":true}]}}