{"id":11105,"date":"2023-11-30T16:46:11","date_gmt":"2023-11-30T13:46:11","guid":{"rendered":"https:\/\/www.karaisali.bel.tr\/?page_id=11105"},"modified":"2023-11-30T16:46:11","modified_gmt":"2023-11-30T13:46:11","slug":"temmuz-2023-meclis-kararlari","status":"publish","type":"page","link":"https:\/\/www.karaisali.bel.tr\/?page_id=11105","title":{"rendered":"Temmuz 2023 Meclis Kararlar\u0131"},"content":{"rendered":"<table>\n<tbody>\n<tr>\n<td>KARAR 48<\/td>\n<\/tr>\n<tr>\n<td>Belediyemiz \u0130mar ve \u015eehircilik M\u00fcd\u00fcrl\u00fc\u011f\u00fcn\u00fcn 03\/07\/2023 tarih ve 9584 say\u0131l\u0131 yaz\u0131lar\u0131 ile g\u00fcndeme al\u0131nan\u037e Adana \u0130li, \u00c7ukurova \u0130l\u00e7esi, Kocatepe Mahallesi s\u0131n\u0131rlar\u0131 i\u00e7erisinde yer alan ve tapu kayd\u0131 Kocatepe olarak g\u00f6r\u00fclen \u037e 17079\/12, 17079\/11, 17079\/4, 17079\/5, 17079\/6, 17079\/7, 17079\/8, 17079\/2, 17079\/9, 17079\/13, 17079\/1, 17073\/53, 17073\/37, 17073\/52, 17080\/2, 17080\/1 ada parseller MAKS (Mekansal Adres Kay\u0131t Sistemi)\u2019 nde Karaisal\u0131 Kuzgun Mahallesi s\u0131n\u0131rlar\u0131nda yer almaktad\u0131r. S\u00f6z konusu ada parseller \u00c7ukurova \u0130l\u00e7esi, Kocatepe Mahallesi s\u0131n\u0131rlar\u0131 i\u00e7erisinde kald\u0131\u011f\u0131ndan s\u0131n\u0131r d\u00fczeltme i\u015fleminin MAKS (Mekansal Adres Kay\u0131t Sistemi) \u2018nde yap\u0131labilmesi i\u00e7in Meclis Karar\u0131 al\u0131nmas\u0131 gerekmektedir. Bu nedenle ekte bulunan krokideki gibi bahsi ge\u00e7en ada ve parsellerin bulundu\u011fu alanda Mahalle s\u0131n\u0131r\u0131n\u0131n d\u00fczeltilmesi hususun da 5393 Say\u0131l\u0131 Belediye Kanununun 18. Maddesinin N Bendi gere\u011fince s\u0131n\u0131r d\u00fczeltme karar\u0131 i\u00e7in gerekli Meclis Karar\u0131 al\u0131nmas\u0131n\u0131 Olurlar\u0131n\u0131za arz ederim. Denilmekte olup okunan teklif hakk\u0131nda \u00dcyelerden Cemal Demirda\u011f s\u00f6z ald\u0131. Okunan teklifin \u0130mar ve \u015eehircilik M\u00fc\u015fterek Komisyonunda g\u00f6r\u00fc\u015f\u00fclmek \u00fczere havalesini teklif ediyorum. Dedi. Teklif oylamaya sunuldu. Yap\u0131lan oylama neticesinde teklifin kabul\u00fcne oy birli\u011fi ile karar verildi.<\/td>\n<\/tr>\n<tr>\n<td>KARAR 48<\/td>\n<\/tr>\n<tr>\n<td>Belediyemiz \u0130mar ve \u015eehircilik M\u00fcd\u00fcrl\u00fc\u011f\u00fcn\u00fcn 03\/07\/2023 tarih ve 9583 say\u0131l\u0131 yaz\u0131lar\u0131 ile g\u00fcndeme al\u0131nan\u037e Adana \u0130li, \u00c7ukurova \u0130l\u00e7esi, Ka\u015foba Mahallesi s\u0131n\u0131rlar\u0131 i\u00e7erisinde yer alan ve tapu kayd\u0131 Ka\u015foba olarak g\u00f6r\u00fclen \u037e 120\/1,120\/2,120\/3,120\/4,120\/5,120\/6,120\/7,120\/8,120\/9,120\/10,120\/11,120\/12,120\/13,120\/14,120\/15 120\/16,120\/17,120\/18,120\/19, 120\/20,119\/1,119\/2,119\/3, 119\/4,119\/5,119\/6,119\/7,119\/8,119\/9 101\/1,103\/1,103\/4,103\/5,104\/2,105\/1,106\/1,107\/1,107\/5,107\/6,108\/86,108\/87 ada parseller MAKS (Mekansal Adres Kay\u0131t Sistemi)\u2019 nde Karaisal\u0131 Topakta\u015f Mahallesi s\u0131n\u0131rlar\u0131nda yer almaktad\u0131r. S\u00f6z konusu ada parseller \u00c7ukurova \u0130l\u00e7esi, Ka\u015foba Mahallesi s\u0131n\u0131rlar\u0131 i\u00e7erisinde kald\u0131\u011f\u0131ndan s\u0131n\u0131r d\u00fczeltme i\u015fleminin MAKS (Mekansal Adres Kay\u0131t Sistemi) \u2018nde yap\u0131labilmesi i\u00e7in Meclis Karar\u0131 al\u0131nmas\u0131 gerekmektedir. Bu nedenle ekte bulunan krokideki gibi bahsi ge\u00e7en ada ve parsellerin bulundu\u011fu alanda Mahalle s\u0131n\u0131r\u0131n\u0131n d\u00fczeltilmesi hususun da 5393 Say\u0131l\u0131 Belediye Kanununun 18. Maddesinin N Bendi gere\u011fince s\u0131n\u0131r d\u00fczeltme karar\u0131 i\u00e7in gerekli Meclis Karar\u0131 al\u0131nmas\u0131n\u0131 Olurlar\u0131n\u0131za arz ederim. Denilmekte olup \u00dcyelerden Cemal Demirda\u011f s\u00f6z ald\u0131. Arkada\u015flar okunan teklifin \u0130mar ve \u015eehircilik M\u00fc\u015fterek Komisyonunda g\u00f6r\u00fc\u015f\u00fclmek \u00fczere havale edilmesini teklif ediyorum. Dedi. Teklif oylamaya sunuldu. Yap\u0131lan oylama neticesinde teklifin kabul\u00fcne oy birli\u011fi ile karar verildi.<\/td>\n<\/tr>\n<tr>\n<td>KARAR 50<\/td>\n<\/tr>\n<tr>\n<td>Belediye Ba\u015fkanl\u0131\u011f\u0131m\u0131z\u0131n 06\/07\/2023 tarih ve 9631 say\u0131l\u0131 yaz\u0131lar\u0131 ile g\u00fcndeme al\u0131nan\u037e Belediyemiz \u0130mar ve \u015eehircilik Komisyonun 1\/1000 \u0130mar uygulamas\u0131 ile ilgili komisyon raporunun g\u00f6r\u00fc\u015f\u00fclmesi ve onay\u0131 i\u00e7in Belediyemiz Meclisine havalesini Olurlar\u0131n\u0131za arz ederim. Denilmekte olup Okunan komisyon karar\u0131nda aynen &#8221; Belediyemiz Meclisince komisyonumuzda g\u00f6r\u00fc\u015f\u00fclmek \u00fczere havale edilen\u037e \u0130l\u00e7emiz merkezine y\u00f6nelik yakla\u015f\u0131k 500 hektar alanda Adana B\u00fcy\u00fck\u015fehir Belediyesi taraf\u0131ndan yap\u0131lan 1\/5000 \u00f6l\u00e7ekli Naz\u0131m \u0130mar Plan\u0131nda N34 N34a22d paftas\u0131nda yer alan 432 ada 16 ve 17 parseller ile 428 ada 1 parselde itiraza s\u00f6z konusu olan b\u00f6l\u00fcmlerin d\u0131\u015f\u0131nda Adana B\u00fcy\u00fck\u015fehir Belediyesi Meclisinin 20.07.2022 tarih ve 140 say\u0131l\u0131 karar\u0131 ile onaylanm\u0131\u015ft\u0131r. Belediyemizce haz\u0131rlanan 1\/1000 \u00f6l\u00e7ekli Uygulama \u0130mar Plan\u0131 1\/5000 \u00f6l\u00e7ekli Naz\u0131m \u0130mar Plan\u0131na uygun olarak haz\u0131rlanan uygulama imar plan\u0131 ile ilgili teklif komisyonumuzca g\u00f6r\u00fc\u015f\u00fclm\u00fc\u015f olup, teklifin m\u00fcd\u00fcrl\u00fc\u011f\u00fcnden geldi\u011fi gibi kabul edilmesine , Belediyemiz Meclisinde g\u00f6r\u00fc\u015f\u00fclmek \u00fczere Meclis Ba\u015fkanl\u0131\u011f\u0131na g\u00f6nderilmesine oy birli\u011fi ile karar verildi. Denilmekte olup okunan komisyon raporu oylamaya sunuldu. Yap\u0131lan oylama neticesinde komisyon raporunun komisyondan geldi\u011fi gibi kabul edilmesine oy birli\u011fi ile karar verildi. GERE\u011e\u0130 \u0130\u00c7\u0130N \u0130MAR VE \u015eEH\u0130RC\u0130L\u0130K M\u00dcD\u00dcR\u00dcL\u011e\u00dc<\/td>\n<\/tr>\n<tr>\n<td>KARAR 51<\/td>\n<\/tr>\n<tr>\n<td>Belediye Ba\u015fkanl\u0131\u011f\u0131m\u0131z\u0131n 06\/07\/2023 tarih ve 9632 say\u0131l\u0131 yaz\u0131lar\u0131 ile g\u00fcndeme al\u0131nan\u037e Belediyemiz \u0130mar ve \u015eehircilik M\u00fc\u015fterek Komisyonun S\u0131n\u0131r D\u00fczenleme (Karaisal\u0131\u00adTopakta\u015f, \u00c7ukurova\u00adKa\u015foba)ile ilgili Komisyon raporunun g\u00f6r\u00fc\u015fmesi ile ilgili komisyon raporunun g\u00f6r\u00fc\u015f\u00fclmesi ve onay\u0131 i\u00e7in Belediyemiz Meclisine havalesini Olurlar\u0131n\u0131za arz ederim. Denilmekte olup komisyon raporunda aynen &#8221; Belediyemiz Meclisince komisyonumuzda g\u00f6r\u00fc\u015f\u00fclmek \u00fczere havale edilen\u037e , Adana \u0130li, \u00c7ukurova \u0130l\u00e7esi, Ka\u015foba Mahallesi s\u0131n\u0131rlar\u0131 i\u00e7erisinde yer alan ve tapu kayd\u0131 Ka\u015foba olarak g\u00f6r\u00fclen \u037e 120\/1,120\/2,120\/3,120\/4,120\/5,120\/6,120\/7,120\/8,120\/9,120\/10,120\/11,120\/12,120\/13,120\/14,120\/15 120\/16,120\/17,120\/18,120\/19, 120\/20,119\/1,119\/2,119\/3,119\/4, 119\/5, 119\/6, 119\/7, 119\/8,119\/9 101\/1,103\/1,103\/4,103\/5,104\/2,105\/1,106\/1,107\/1,107\/5,107\/6,108\/86,108\/87 ada parseller MAKS (Mekansal Adres Kay\u0131t Sistemi)\u2019 nde Karaisal\u0131 Topakta\u015f Mahallesi s\u0131n\u0131rlar\u0131nda yer almaktad\u0131r. S\u00f6z konusu ada parseller \u00c7ukurova \u0130l\u00e7esi, Ka\u015foba Mahallesi s\u0131n\u0131rlar\u0131 i\u00e7erisinde kald\u0131\u011f\u0131ndan s\u0131n\u0131r d\u00fczeltme i\u015fleminin MAKS (Mekansal Adres Kay\u0131t Sistemi) \u2018nde yap\u0131labilmesi i\u00e7in Meclis Karar\u0131 al\u0131nmas\u0131 gerekmektedir. Bu nedenle ekte bulunan krokideki gibi bahsi ge\u00e7en ada ve parsellerin bulundu\u011fu alanda Mahalle s\u0131n\u0131r\u0131n\u0131n d\u00fczeltilmesi hususun da 5393 Say\u0131l\u0131 Belediye Kanununun 18. Maddesinin N Bendi gere\u011fince s\u0131n\u0131r d\u00fczeltme ile ilgili teklif komisyonumuzca g\u00f6r\u00fc\u015f\u00fclm\u00fc\u015f olup, teklifin m\u00fcd\u00fcrl\u00fc\u011f\u00fcnden geldi\u011fi gibi kabul edilmesine , Belediyemiz Meclisinde g\u00f6r\u00fc\u015f\u00fclmek \u00fczere Meclis Ba\u015fkanl\u0131\u011f\u0131na g\u00f6nderilmesine oy birli\u011fi ile karar verildi. Denilmekte olup okunan komisyon raporu oylamaya sunuldu. Yap\u0131lan oylama neticesinde komisyon raporunun komisyondan geldi\u011fi gibi kabul edilmesine oy birli\u011fi ile karar verildi.<\/td>\n<\/tr>\n<tr>\n<td>KARAR 52<\/td>\n<\/tr>\n<tr>\n<td>Belediye Ba\u015fkanl\u0131\u011f\u0131m\u0131z\u0131n 06\/07\/2023 tarih ve 9633 say\u0131l\u0131 yaz\u0131lar\u0131 ile g\u00fcndeme al\u0131nan\u037e Belediyemiz \u0130mar ve \u015eehircilik M\u00fc\u015fterek Komisyonun S\u0131n\u0131r D\u00fczenleme (Karaisal\u0131\u00adKuzgun, \u00c7ukurova\u00adKocatepe)ile ilgili Komisyon raporunun g\u00f6r\u00fc\u015fmesi ile ilgili komisyon raporunun g\u00f6r\u00fc\u015f\u00fclmesi ve onay\u0131 i\u00e7in Belediyemiz Meclisine havalesini Olurlar\u0131n\u0131za arz ederim. Denilmekte olup komisyon raporunda aynen &#8221; Belediyemiz Meclisince komisyonumuzda g\u00f6r\u00fc\u015f\u00fclmek \u00fczere havale edilen\u037e Adana \u0130li, \u00c7ukurova \u0130l\u00e7esi, Kocatepe Mahallesi s\u0131n\u0131rlar\u0131 i\u00e7erisinde yer alan ve tapu kayd\u0131 Kocatepe olarak g\u00f6r\u00fclen \u037e 17079\/12, 17079\/11, 17079\/4, 17079\/5, 17079\/6, 17079\/7, 17079\/8, 17079\/2, 17079\/9, 17079\/13, 17079\/1, 17073\/53, 17073\/37, 17073\/52, 17080\/2, 17080\/1 ada parseller MAKS (Mekansal Adres Kay\u0131t Sistemi)\u2019 nde Karaisal\u0131 Kuzgun Mahallesi s\u0131n\u0131rlar\u0131nda yer almaktad\u0131r. S\u00f6z konusu ada parseller \u00c7ukurova \u0130l\u00e7esi, Kocatepe Mahallesi s\u0131n\u0131rlar\u0131 i\u00e7erisinde kald\u0131\u011f\u0131ndan s\u0131n\u0131r d\u00fczeltme i\u015fleminin MAKS (Mekansal Adres Kay\u0131t Sistemi) \u2018nde yap\u0131labilmesi i\u00e7in Meclis Karar\u0131 al\u0131nmas\u0131 gerekmektedir. Bu nedenle ekte bulunan krokideki gibi bahsi ge\u00e7en ada ve parsellerin bulundu\u011fu alanda Mahalle s\u0131n\u0131r\u0131n\u0131n d\u00fczeltilmesi hususun da 5393 Say\u0131l\u0131 Belediye Kanununun 18. Maddesinin N Bendi gere\u011fince s\u0131n\u0131r d\u00fczeltme ile ilgili teklif komisyonumuzca g\u00f6r\u00fc\u015f\u00fclm\u00fc\u015f olup, teklifin m\u00fcd\u00fcrl\u00fc\u011f\u00fcnden geldi\u011fi gibi kabul edilmesine , Belediyemiz Meclisinde g\u00f6r\u00fc\u015f\u00fclmek \u00fczere Meclis Ba\u015fkanl\u0131\u011f\u0131na g\u00f6nderilmesine oy birli\u011fi ile karar verildi. Denilmekte olup okunan komisyon raporu oylamaya sunuldu. Yap\u0131lan oylama neticesinde komisyon raporunun komisyondan geldi\u011fi gibi kabul edilmesine oy birli\u011fi ile karar verildi. GERE\u011e\u0130 \u0130\u00c7\u0130N \u0130MAR VE \u015eEH\u0130RC\u0130L\u0130K M\u00dcD\u00dcRL\u00dc\u011e\u00dc<\/td>\n<\/tr>\n<\/tbody>\n<\/table>\n","protected":false},"excerpt":{"rendered":"<p>KARAR 48 Belediyemiz \u0130mar ve \u015eehircilik M\u00fcd\u00fcrl\u00fc\u011f\u00fcn\u00fcn 03\/07\/2023 tarih ve 9584 say\u0131l\u0131 yaz\u0131lar\u0131 ile g\u00fcndeme al\u0131nan\u037e Adana \u0130li, \u00c7ukurova \u0130l\u00e7esi, Kocatepe Mahallesi s\u0131n\u0131rlar\u0131 i\u00e7erisinde yer alan ve tapu kayd\u0131 Kocatepe olarak g\u00f6r\u00fclen \u037e 17079\/12, 17079\/11, 17079\/4, 17079\/5, 17079\/6, 17079\/7, 17079\/8, 17079\/2, 17079\/9, 17079\/13, 17079\/1, 17073\/53, 17073\/37, 17073\/52, 17080\/2, 17080\/1 ada parseller MAKS (Mekansal Adres Kay\u0131t [&hellip;]<\/p>\n","protected":false},"author":10,"featured_media":0,"parent":11002,"menu_order":202307,"comment_status":"closed","ping_status":"closed","template":"","meta":{"footnotes":""},"class_list":["post-11105","page","type-page","status-publish","hentry"],"_links":{"self":[{"href":"https:\/\/www.karaisali.bel.tr\/index.php?rest_route=\/wp\/v2\/pages\/11105","targetHints":{"allow":["GET"]}}],"collection":[{"href":"https:\/\/www.karaisali.bel.tr\/index.php?rest_route=\/wp\/v2\/pages"}],"about":[{"href":"https:\/\/www.karaisali.bel.tr\/index.php?rest_route=\/wp\/v2\/types\/page"}],"author":[{"embeddable":true,"href":"https:\/\/www.karaisali.bel.tr\/index.php?rest_route=\/wp\/v2\/users\/10"}],"replies":[{"embeddable":true,"href":"https:\/\/www.karaisali.bel.tr\/index.php?rest_route=%2Fwp%2Fv2%2Fcomments&post=11105"}],"version-history":[{"count":1,"href":"https:\/\/www.karaisali.bel.tr\/index.php?rest_route=\/wp\/v2\/pages\/11105\/revisions"}],"predecessor-version":[{"id":11106,"href":"https:\/\/www.karaisali.bel.tr\/index.php?rest_route=\/wp\/v2\/pages\/11105\/revisions\/11106"}],"up":[{"embeddable":true,"href":"https:\/\/www.karaisali.bel.tr\/index.php?rest_route=\/wp\/v2\/pages\/11002"}],"wp:attachment":[{"href":"https:\/\/www.karaisali.bel.tr\/index.php?rest_route=%2Fwp%2Fv2%2Fmedia&parent=11105"}],"curies":[{"name":"wp","href":"https:\/\/api.w.org\/{rel}","templated":true}]}}