{"id":11103,"date":"2023-11-30T16:43:06","date_gmt":"2023-11-30T13:43:06","guid":{"rendered":"https:\/\/www.karaisali.bel.tr\/?page_id=11103"},"modified":"2023-11-30T16:43:06","modified_gmt":"2023-11-30T13:43:06","slug":"haziran-2023-meclis-kararlari","status":"publish","type":"page","link":"https:\/\/www.karaisali.bel.tr\/?page_id=11103","title":{"rendered":"Haziran 2023 Meclis Kararlar\u0131"},"content":{"rendered":"<table>\n<tbody>\n<tr>\n<td>KARAR 39<\/td>\n<\/tr>\n<tr>\n<td>Belediyemiz \u0130nsan Kaynaklar\u0131 ve E\u011fitim M\u00fcd\u00fcrl\u00fc\u011f\u00fcn\u00fcn 29\/05\/2023 tarih ve 9203 say\u0131l\u0131 yaz\u0131lar\u0131 ile g\u00fcndeme al\u0131nan\u037e 09 Nisan 2023 tarihli ve 32158 Say\u0131l\u0131 Resmi Gazetede yay\u0131mlanan Belediye ve Ba\u011fl\u0131 Kurulu\u015flar\u0131 ile Mahalli \u0130dare Birlikleri Norm Kadro \u0130lke ve Standartlar\u0131na Dair Y\u00f6netmelik ile Belediye ve Ba\u011fl\u0131 Kurulu\u015flar\u0131 ile Mahalli \u0130dare Birlikleri Norm Kadro \u0130lke ve Standartlar\u0131na Dair Y\u00f6netmelikte de\u011fi\u015fiklikler yap\u0131lm\u0131\u015ft\u0131r. S\u00f6z konusu de\u011fi\u015fikliklerde ( C ) Grubu B\u00fcy\u00fck\u015fehir \u0130l\u00e7e Belediyeleri Norm Kadro Standartlar\u0131 Cetvelinde Belediye Ba\u015fkanl\u0131\u011f\u0131m\u0131z\u0131n yer ald\u0131\u011f\u0131 C\u00ad7 grubu Belediyelerde &#8220;Afet \u0130\u015fleri M\u00fcd\u00fcrl\u00fc\u011f\u00fc&#8221; kurulmas\u0131n\u0131n zorunlu hale gelmi\u015ftir. 5393 Say\u0131l\u0131 Belediye Kanunun Meclisin G\u00f6rev ve Yetkileri Madde 18&#8217;in l ) bendi : Norm kadro \u00e7er\u00e7evesinde belediyenin ve ba\u011fl\u0131 kurulu\u015flar\u0131n\u0131n kadrolar\u0131n\u0131n ihdas, iptal ve de\u011fi\u015ftirilmesine karar vermek Belediye Meclisinin g\u00f6rev ve yetkileri aras\u0131nda say\u0131lmaktad\u0131r. 09 Nisan 2023 Tarih ve 32158 Say\u0131l\u0131 Resmi Gazetede yay\u0131mlanan Y\u00f6netmeli\u011fe ve 5393 Say\u0131l\u0131 Belediye Kanunun 18 maddesinin \u0131) bendine istinaden Afet \u0130\u015fleri M\u00fcd\u00fcrl\u00fc\u011f\u00fc Kurulmas\u0131 i\u00e7in Belediye Meclisimizce gerekli karar\u0131n al\u0131nmas\u0131 hususunda\u037e Olurlar\u0131n\u0131za arz ederim. Denilmekte olup \u00fcyelerden Cemal DEM\u0130RDA\u011e okunan teklifin Plan B\u00fct\u00e7e ve M\u00fc\u015fterek Komisyonunda g\u00f6r\u00fc\u015f\u00fclmek \u00fczere havale edilmesini teklif ediyorum. Dedi. Teklif oylamaya sunuldu. Yap\u0131lan oylama neticesinde teklifin kabul\u00fcne oy birli\u011fi ile karar verildi.<\/td>\n<\/tr>\n<tr>\n<td>KARAR 40<\/td>\n<\/tr>\n<tr>\n<td>Belediyemiz Mali Hizmetler M\u00fcd\u00fcrl\u00fc\u011f\u00fcn\u00fcn 29\/05\/2023 9210 say\u0131l\u0131 yaz\u0131lar\u0131 ile g\u00fcndeme al\u0131nan \u037e Belediyemiz 2023 y\u0131l\u0131 i\u00e7erisinde emekli olan i\u015f\u00e7i personellerimizin tazminatlar\u0131n\u0131n \u00f6denmesi ve belediyemiz i\u015f makinalar\u0131n\u0131n ta\u015f\u0131nmas\u0131 amac\u0131yla kullan\u0131lmak \u00fczere lowbed al\u0131m\u0131 i\u00e7in kredi kullan\u0131lmas\u0131 hususunda belediye ba\u015fkan\u0131m\u0131z Saadettin ASLAN&#8217;a yetki verilmesi hususunda\u037e Belediye Meclisine havalesini Olurlar\u0131n\u0131za arz ederim. Denilmekte olup \u00fcyelerden Cemal DEM\u0130RDA\u011e teklifin Plan B\u00fct\u00e7e ve M\u00fc\u015fterek Komisyonunda g\u00f6r\u00fc\u015f\u00fclmek \u00fczere havalesini teklif etti. Teklif oylamaya sunuldu, oy birli\u011fi ile kabul edildi. <\/td>\n<\/tr>\n<tr>\n<td>KARAR 41<\/td>\n<\/tr>\n<tr>\n<td>Belediye Ba\u015fkanl\u0131\u011f\u0131m\u0131z\u0131n 31\/05\/2023 tarih ve 9240 say\u0131l\u0131 yaz\u0131lar\u0131 ile Adana Valili\u011fi Kadastro M\u00fcd\u00fcrl\u00fc\u011f\u00fc Adana ili Karaisal\u0131 il\u00e7esi Kuzgun Mahallesinde 3402 Say\u0131l\u0131 Kadastro Kanunu h\u00fck\u00fcmlerince yap\u0131lacak olan kadastro \u00e7al\u0131\u015fmalar\u0131nda bilirki\u015fi olarak g\u00f6rev yapmak \u00fczere 6 adet bilirki\u015fi belirlenmesi ile ilgili yaz\u0131s\u0131 ekte sunulmu\u015f olup, Belediyemiz Meclisince 6 adet bilirki\u015finin belirlenmesi hususunda Olurlar\u0131n\u0131z\u0131 arz ederim. denilmekte olup \u00fcyelerden Cemal DEM\u0130RDA\u011e okunan komisyon raporunun \u0130mar ve \u015eehircilik M\u00fc\u015fterek Komisyonunda g\u00f6r\u00fc\u015f\u00fclmek \u00fczere havalesini teklif etti. Teklif oylamaya sunuldu, oy birli\u011fi ile kabul edildi.<\/td>\n<\/tr>\n<tr>\n<td>KARAR 42<\/td>\n<\/tr>\n<tr>\n<td>Belediye Ba\u015fkanl\u0131k Makam\u0131n\u0131n 31\/05\/2023 tarih ve 9256 say\u0131l\u0131 yaz\u0131lar\u0131 ile g\u00fcndeme al\u0131nan\u037e Belediyemiz \u0130mar ve \u015eehircilik M\u00fcd\u00fcrl\u00fc\u011f\u00fcn\u00fcn \u0130l\u00e7emiz K\u0131ralan Mahallesi, Muhtar\u0131 Bekir YILMAZ&#8217;\u0131n K\u0131ralan Mahallesinin Hac\u0131k\u0131r\u0131 mahallesi olarak isim de\u011fi\u015fikli\u011fi ile ilgili dilek\u00e7esi yaz\u0131m\u0131z ekinde olup: Belediyemiz Meclisince isim de\u011fi\u015fikli\u011fi yap\u0131lmas\u0131 i\u00e7in Olurlar\u0131n\u0131za arz ederim. Denilmekte olup \u00fcyelerden Cemal DEM\u0130RDA\u011e okunan teklifin \u0130mar ve \u015eehircilik M\u00fc\u015fterek Komisyonunda g\u00f6r\u00fc\u015f\u00fclmek \u00fczere havalesini teklif etti, oy birli\u011fi ile kabul edildi.<\/td>\n<\/tr>\n<tr>\n<td>KARAR 43<\/td>\n<\/tr>\n<tr>\n<td>Belediyemiz Plan B\u00fct\u00e7e M\u00fc\u015fterek Komisyonun Afet \u0130\u015fleri M\u00fcd\u00fcrl\u00fc\u011f\u00fcn\u00fcn Kurulmas\u0131 ile ilgili komisyon raporunun g\u00f6r\u00fc\u015f\u00fclmesi ve onay\u0131 i\u00e7in Belediyemiz Meclisine havalesini Olurlar\u0131n\u0131za arz ederim. Denilmekte olup okunan komisyon raporunda aynen &#8220;Belediyemiz Meclisince komisyonumuzda g\u00f6r\u00fc\u015f\u00fclmek \u00fczere havale edilen Belediyemiz \u0130nsan Kaynaklar\u0131 ve E\u011fitimi M\u00fcd\u00fcrl\u00fc\u011f\u00fcn\u00fcn 29\/05\/2023 tarih ve E.9203 say\u0131l\u0131 yaz\u0131lar\u0131\u037e 09 Nisan 2023 tarihli ve 32158 Say\u0131l\u0131 Resmi Gazetede yay\u0131mlanan Belediye ve Ba\u011fl\u0131 Kurulu\u015flar\u0131 ile Mahalli \u0130dare Birlikleri Norm Kadro \u0130lke ve Standartlar\u0131na Dair Y\u00f6netmelik ile Belediye ve Ba\u011fl\u0131 Kurulu\u015flar\u0131 ile Mahalli \u0130dare Birlikleri Norm Kadro \u0130lke ve Standartlar\u0131na Dair Y\u00f6netmelikte de\u011fi\u015fiklikler yap\u0131lm\u0131\u015ft\u0131r. S\u00f6z konusu de\u011fi\u015fikliklerde ( C ) Grubu B\u00fcy\u00fck\u015fehir \u0130l\u00e7e Belediyeleri Norm Kadro Standartlar\u0131 Cetvelinde Belediye Ba\u015fkanl\u0131\u011f\u0131m\u0131z\u0131n yer ald\u0131\u011f\u0131 C\u00ad7 grubu Belediyelerde &#8220;Afet \u0130\u015fleri M\u00fcd\u00fcrl\u00fc\u011f\u00fc&#8221; kurulmas\u0131n\u0131n zorunlu hale gelmi\u015ftir. 5393 Say\u0131l\u0131 Belediye Kanunun Meclisin G\u00f6rev ve Yetkileri Madde 18&#8217;in L) bendi: Norm kadro \u00e7er\u00e7evesinde belediyenin ve ba\u011fl\u0131 kurulu\u015flar\u0131n\u0131n kadrolar\u0131n\u0131n ihdas, iptal ve de\u011fi\u015ftirilmesine karar vermek Belediye Meclisinin g\u00f6rev ve yetkileri aras\u0131nda say\u0131lmaktad\u0131r. 09 Nisan 2023 Tarih ve 32158 Say\u0131l\u0131 Resmi Gazetede yay\u0131mlanan Y\u00f6netmeli\u011fe ve 5393 Say\u0131l\u0131 Belediye Kanunun 18 maddesinin L) bendine istinaden Belediyemiz Norm Kadrosunda 2\u2019ci derece Afet \u0130\u015fleri M\u00fcd\u00fcrl\u00fc\u011f\u00fc Kurulmas\u0131 i\u00e7in ile ilgili teklifi komisyonumuzca g\u00f6r\u00fc\u015f\u00fclerek uygun bulunmu\u015f olup, teklifin m\u00fcd\u00fcrl\u00fc\u011f\u00fcnden geldi\u011fi gibi kabul edilmesine, Belediyemiz Meclisince g\u00f6r\u00fc\u015f\u00fclmek \u00fczere sunulmas\u0131na oy birli\u011fi ile karar verildi. Gere\u011fi i\u00e7in \u0130nsan Kaynaklar\u0131 ve E\u011fitim M\u00fcd\u00fcrl\u00fc\u011f\u00fc<\/td>\n<\/tr>\n<tr>\n<td>KARAR 44<\/td>\n<\/tr>\n<tr>\n<td>Belediyemiz Plan B\u00fct\u00e7e M\u00fc\u015fterek Komisyonun Bor\u00e7lanma i\u00e7in Belediye Ba\u015fkan\u0131 Saadettin ASLAN&#8217;a yetki verilmesi ile ilgili komisyon raporunun g\u00f6r\u00fc\u015f\u00fclmesi ve onay\u0131 i\u00e7in Belediyemiz Meclisine havalesini Olurlar\u0131n\u0131za arz ederim. Denilmekte olup okunan komisyon raporunda aynen &#8221; Belediyemiz Meclisince komisyonumuzda g\u00f6r\u00fc\u015f\u00fclmek \u00fczere havale edilen Belediyemiz Mali Hizmetler M\u00fcd\u00fcrl\u00fc\u011f\u00fcn\u00fcn 29\/05\/2023 tarih ve E.9210 say\u0131l\u0131 yaz\u0131lar\u0131nda Belediyemiz 2023 y\u0131l\u0131 i\u00e7erisinde emekli olan 14 i\u015f\u00e7i personellerimizin toplam 1.467.000\u00adTL (B\u0130RM\u0130LYOND\u00d6RTY\u00dcZALTMI\u015eYED\u0130B\u0130NT\u00dcRKL\u0130RASI) tazminatlar\u0131n\u0131n \u00f6denmesi i\u00e7in kredi kullan\u0131lmas\u0131 hususunda belediye ba\u015fkan\u0131m\u0131z Saadettin ASLAN&#8217;a yetki verilmesine komisyonumuzca oy birli\u011fi ile karar verilmi\u015f olup Belediyemiz Meclisince g\u00f6r\u00fc\u015f\u00fclmek \u00fczere sunulmas\u0131na oy birli\u011fi ile karar verildi. Denilmekte olup okunan komisyon raporu oylamaya sunuldu. Yap\u0131lan oylama neticesinde okunan komisyon raporunun kabul\u00fcne oy birli\u011fi ile karar verildi. GERE\u011e\u0130 \u0130\u00c7\u0130N \u0130NSAN KAYNAKLARI VE E\u011e\u0130T\u0130M M\u00dcD\u00dcRL\u00dc\u011e\u00dcNE GERE\u011e\u0130 \u0130\u00c7\u0130N MAL\u0130 H\u0130ZMETLER M\u00dcD\u00dcRL\u00dc\u011e\u00dc<\/td>\n<\/tr>\n<tr>\n<td>KARAR 45<\/td>\n<\/tr>\n<tr>\n<td>Meclisince komisyonumuzda g\u00f6r\u00fc\u015f\u00fclmek \u00fczere havale edilen\u037e \u0130l\u00e7emiz K\u0131ralan Mahallesi, Muhtar\u0131 Bekir YILMAZ&#8217;\u0131n K\u0131ralan Mahallesinin Hac\u0131k\u0131r\u0131 mahallesi olarak isim de\u011fi\u015fikli\u011fi ile ilgili dilek\u00e7esi Belediyemiz Meclisince 5393 Say\u0131l\u0131 Belediye Kanununun 9. maddesi gere\u011fince isim de\u011fi\u015fikli\u011fi yap\u0131lmas\u0131 i\u00e7in ile ilgili teklif komisyonumuzca g\u00f6r\u00fc\u015f\u00fclerek uygun bulunmu\u015f olup, Belediyemiz Meclisinde g\u00f6r\u00fc\u015f\u00fclmek \u00fczere Meclis Ba\u015fkanl\u0131\u011f\u0131na g\u00f6nderilmesine oy birli\u011fi ile karar verildi. Denilmekte olup okunan komisyon raporu oylamaya sunuldu. Yap\u0131lan oylama neticesinde komisyon raporunun komisyondan geldi\u011fi gibi kabul edilmesine \u0130l\u00e7emiz K\u0131ralan Mahallesi, Muhtar\u0131 Bekir YILMAZ&#8217;\u0131n ve mahalle halk\u0131n\u0131n imzal\u0131 dilek\u00e7eli taleplerine istinaden Adana ili Karaisal\u0131 il\u00e7esi K\u0131ralan Mahallesinin 5393 say\u0131l\u0131 Belediye Kanununun 9. maddesine istinaden Hac\u0131k\u0131r\u0131 Mahallesi olarak de\u011fi\u015ftirilmesine oy birli\u011fi ile karar verildi.<\/td>\n<\/tr>\n<tr>\n<td>KARAR 46<\/td>\n<\/tr>\n<tr>\n<td>Belediyemiz \u0130mar ve \u015eehircilik M\u00fc\u015fterek Komisyonun Kuzgun Mahallesinde 6 adet Bilirki\u015fi belirlenmesi ilgili komisyon raporunun g\u00f6r\u00fc\u015f\u00fclmesi ve onay\u0131 i\u00e7in Belediyemiz Meclisine havalesini Olurlar\u0131n\u0131za arz ederim. Denilmekte olup okunan komisyon raporunda aynen &#8221; Belediyemiz Meclisinin komisyonumuzda g\u00f6r\u00fc\u015f\u00fclmek \u00fczere havale etti\u011fi\u037e Karaisal\u0131 Belediyesi Yaz\u0131 \u0130\u015fleri M\u00fcd\u00fcrl\u00fc\u011f\u00fcn\u00fcn 31\/05\/2023 tarih ve 9240 say\u0131l\u0131 yaz\u0131s\u0131 ve Adana Valili\u011fi Kadastro M\u00fcd\u00fcrl\u00fc\u011f\u00fcn\u00fcn 30\/05\/2023 tarih ve 17022752 say\u0131l\u0131 yaz\u0131lar\u0131nda \u0130stenilen Kuzgun Mahallesinde 3402 say\u0131l\u0131 Kadastro kanunun h\u00fck\u00fcmlerince yap\u0131lacak olan Kadastro ekibinde bilirki\u015fi olarak g\u00f6rev yapmak \u00fczere a\u015fa\u011f\u0131da \u0130sim, TC kimlik numaralar\u0131 ve Telefon numaral\u0131 yaz\u0131l\u0131 6 ki\u015finin belirlenmesine komisyonumuzca oy birli\u011fi ile karar verili.<\/td>\n<\/tr>\n<tr>\n<td>KARAR 47<\/td>\n<\/tr>\n<tr>\n<td>Belediyemiz Mali Hizmetler M\u00fcd\u00fcrl\u00fc\u011f\u00fcn\u00fcn 08\/06\/2023 tarih ve 9378 say\u0131l\u0131 yaz\u0131lar\u0131 ile ola\u011fan\u00fcst\u00fc g\u00fcndeme al\u0131nan\u037e Belediye ba\u015fkanl\u0131\u011f\u0131m\u0131za ait i\u015f makinalar\u0131n\u0131n ta\u015f\u0131nmas\u0131 amac\u0131yla kullan\u0131lmak \u00fczere Fen \u0130\u015fleri M\u00fcd\u00fcrl\u00fc\u011f\u00fcn\u00fcn 08.06.2023 tarih ve 9376 say\u0131l\u0131 yaz\u0131lar\u0131na istinaden Belediyemiz ara\u00e7lar\u0131n\u0131n ve i\u015f makinalar\u0131n\u0131n bak\u0131m ve onar\u0131m\u0131 i\u00e7in 1.000.000,00\u00adTL kredi kullan\u0131lmas\u0131 hususunda belediye ba\u015fkan\u0131m\u0131z Saadettin ASLAN&#8217;a yetki verilmesi hususunda\u037e Belediye Meclisine havalesini Olurlar\u0131n\u0131za arz ederim. Denilmekte olup teklif oylamaya sunuldu. Yap\u0131lan oylama neticesinde Belediyemiz hizmetlerinde kullan\u0131lmakta olan ara\u00e7 ve i\u015f makinalar\u0131n\u0131n bak\u0131m ve onar\u0131m\u0131nda kullan\u0131lmak \u00fczere 1.000.000\u00adTL (B\u0130RM\u0130LYONT\u00dcRKL\u0130RASI) kredi kullan\u0131lmas\u0131 i\u00e7in Belediye Ba\u015fkan\u0131m\u0131z Saadettin ASLAN&#8217; a yetki verilmesine oy birli\u011fi ile karar verildi. GERE\u011e\u0130 \u0130\u00c7\u0130N MAL\u0130 H\u0130ZMETLER M\u00dcD\u00dcRL\u00dc\u011e\u00dc<\/td>\n<\/tr>\n<\/tbody>\n<\/table>\n","protected":false},"excerpt":{"rendered":"<p>KARAR 39 Belediyemiz \u0130nsan Kaynaklar\u0131 ve E\u011fitim M\u00fcd\u00fcrl\u00fc\u011f\u00fcn\u00fcn 29\/05\/2023 tarih ve 9203 say\u0131l\u0131 yaz\u0131lar\u0131 ile g\u00fcndeme al\u0131nan\u037e 09 Nisan 2023 tarihli ve 32158 Say\u0131l\u0131 Resmi Gazetede yay\u0131mlanan Belediye ve Ba\u011fl\u0131 Kurulu\u015flar\u0131 ile Mahalli \u0130dare Birlikleri Norm Kadro \u0130lke ve Standartlar\u0131na Dair Y\u00f6netmelik ile Belediye ve Ba\u011fl\u0131 Kurulu\u015flar\u0131 ile Mahalli \u0130dare Birlikleri Norm Kadro \u0130lke ve [&hellip;]<\/p>\n","protected":false},"author":10,"featured_media":0,"parent":11002,"menu_order":202306,"comment_status":"closed","ping_status":"closed","template":"","meta":{"footnotes":""},"class_list":["post-11103","page","type-page","status-publish","hentry"],"_links":{"self":[{"href":"https:\/\/www.karaisali.bel.tr\/index.php?rest_route=\/wp\/v2\/pages\/11103","targetHints":{"allow":["GET"]}}],"collection":[{"href":"https:\/\/www.karaisali.bel.tr\/index.php?rest_route=\/wp\/v2\/pages"}],"about":[{"href":"https:\/\/www.karaisali.bel.tr\/index.php?rest_route=\/wp\/v2\/types\/page"}],"author":[{"embeddable":true,"href":"https:\/\/www.karaisali.bel.tr\/index.php?rest_route=\/wp\/v2\/users\/10"}],"replies":[{"embeddable":true,"href":"https:\/\/www.karaisali.bel.tr\/index.php?rest_route=%2Fwp%2Fv2%2Fcomments&post=11103"}],"version-history":[{"count":1,"href":"https:\/\/www.karaisali.bel.tr\/index.php?rest_route=\/wp\/v2\/pages\/11103\/revisions"}],"predecessor-version":[{"id":11104,"href":"https:\/\/www.karaisali.bel.tr\/index.php?rest_route=\/wp\/v2\/pages\/11103\/revisions\/11104"}],"up":[{"embeddable":true,"href":"https:\/\/www.karaisali.bel.tr\/index.php?rest_route=\/wp\/v2\/pages\/11002"}],"wp:attachment":[{"href":"https:\/\/www.karaisali.bel.tr\/index.php?rest_route=%2Fwp%2Fv2%2Fmedia&parent=11103"}],"curies":[{"name":"wp","href":"https:\/\/api.w.org\/{rel}","templated":true}]}}