{"id":11100,"date":"2023-11-30T16:37:37","date_gmt":"2023-11-30T13:37:37","guid":{"rendered":"https:\/\/www.karaisali.bel.tr\/?page_id=11100"},"modified":"2023-11-30T16:37:59","modified_gmt":"2023-11-30T13:37:59","slug":"mayis-2024-meclis-kararlari","status":"publish","type":"page","link":"https:\/\/www.karaisali.bel.tr\/?page_id=11100","title":{"rendered":"May\u0131s 2023 Meclis Kararlar\u0131"},"content":{"rendered":"<table>\n<tbody>\n<tr>\n<td>KARAR 35<\/td>\n<\/tr>\n<tr>\n<td>Belediyemiz Mali Hizmetler M\u00fcd\u00fcrl\u00fc\u011f\u00fcn\u00fcn 28\/04\/2023 tarih ve 8889 say\u0131l\u0131 yaz\u0131lar\u0131 ile g\u00fcndeme al\u0131nan\u037e Belediye ba\u015fkanl\u0131\u011f\u0131m\u0131z Belediye kanunu 5393 say\u0131l\u0131 Belediye kanunun 64. maddesi gere\u011fince 2022 y\u0131l\u0131 Kesin Hesaplar\u0131 haz\u0131rlanm\u0131\u015f yaz\u0131m\u0131z ekinde sunulmu\u015f olup Belediyemiz meclisince g\u00f6r\u00fc\u015f\u00fclmek \u00fczere havalesi hususunda\u037e Olurlar\u0131n\u0131za arz ederim. Denilmekte olup \u00dcyelerden Cemal DEM\u0130RDA\u011e s\u00f6z ald\u0131. Teklifin Plan B\u00fct\u00e7e ve M\u00fc\u015fterek Komisyonunda g\u00f6r\u00fc\u015f\u00fclmek \u00fczere havale edilmesini teklif ediyorum. Dedi. Teklif oylamaya sunuldu. Yap\u0131lan oylama neticesinde teklifin kabul\u00fcne oy birli\u011fi ile karar verildi.<\/td>\n<\/tr>\n<tr>\n<td>KARAR 36<\/td>\n<\/tr>\n<tr>\n<td>Belediyemiz Fen \u0130\u015fleri M\u00fcd\u00fcrl\u00fc\u011f\u00fcn\u00fcn 02\/05\/2023 tarih ve 8900 say\u0131l\u0131 yaz\u0131lar\u0131 ile g\u00fcndeme al\u0131nan\u037e \u0130l\u00e7emiz merkezine y\u00f6nelik yakla\u015f\u0131k 500 hektar alanda Adana B\u00fcy\u00fck\u015fehir Belediyesi taraf\u0131ndan yap\u0131lan 1\/5000 \u00f6l\u00e7ekli Naz\u0131m \u0130mar Plan\u0131 Adana B\u00fcy\u00fck\u015fehir Belediyesi Meclisinin 20.07.2022 tarih ve 140 say\u0131l\u0131 karar\u0131 ile onaylanm\u0131\u015ft\u0131r. Belediyemizce haz\u0131rlanan 1\/1000 \u00f6l\u00e7ekli Uygulama \u0130mar Plan\u0131 1\/5000 \u00f6l\u00e7ekli Naz\u0131m \u0130mar Plan\u0131na uygun olarak haz\u0131rlanm\u0131\u015f olup, Belediyemiz Meclisince g\u00f6r\u00fc\u015f\u00fclerek gerekli Meclis Karar\u0131 al\u0131nmas\u0131 hususunda \u037e Olurlar\u0131n\u0131za Arz ederim. Denilmekte olup, \u00fcyelerden Cemal DEKM\u0130RDA\u011e s\u00f6z ald\u0131. Teklifin \u0130mar ve \u015eehircilik M\u00fc\u015fterek Komisyonunda g\u00f6r\u00fc\u015f\u00fclmek \u00fczere havale edilmesini teklif ediyorum. Dedi. Teklif oylamaya sunuldu. Yap\u0131lan oylama neticesinde teklifin kabul\u00fcne oy birli\u011fi ile karar verildi.<\/td>\n<\/tr>\n<tr>\n<td>KARAR 37<\/td>\n<\/tr>\n<tr>\n<td>Belediyemiz Plan B\u00fct\u00e7e ve M\u00fc\u015fterek Komisyonunun 2022 y\u0131l\u0131 Kesin Hesaplar\u0131 ile ilgili komisyon raporunun g\u00f6r\u00fc\u015f\u00fclmesine ge\u00e7ildi. Komisyon raporunda aynen &#8221; Belediyemiz Meclisince komisyonumuzda g\u00f6r\u00fc\u015f\u00fclmek \u00fczere havale edilen; 5393 sayl\u0131 Belediye Kanununun 64. maddesi uyar\u0131nca haz\u0131rlanan Belediyemiz 2022 y\u0131l\u0131 Kesin Hesab\u0131 maddeler halinde tek tek okunarak yap\u0131lan inceleme neticesinde 2022 y\u0131l\u0131 b\u00fct\u00e7esi 75.000.000,00\u00adTL olup, 2022 y\u0131l\u0131 net geliri 53.498.830,72\u00adTL olup, ger\u00e7ekle\u015fme oran\u0131 %71,33 , gider hesab\u0131 63.480.631,53\u00adTL olup, ger\u00e7ekle\u015fme oran\u0131 % 84,64 oldu\u011fu ,Gelirin gideri kar\u015f\u0131lama oran\u0131 % 84,27 oldu\u011fu incelenmi\u015f, komisyonumuzca uygun bulunmu\u015f olup, Belediyemiz Meclisine sunulmas\u0131na oy birli\u011fi ile karar verildi. Denilmekte olup, okunan komisyon raporu oylamaya sunuldu. Yap\u0131lan oylama neticesinde komisyon raporunun komisyondan geldi\u011fi gibi kabul edilmesine oy birli\u011fi ile karar verildi. GERE\u011e\u0130 \u0130\u00c7\u0130N MAL\u0130 H\u0130ZMETLER M\u00dcD\u00dcRL\u00dc\u011e\u00dc<\/td>\n<\/tr>\n<tr>\n<td>KARAR 38<\/td>\n<\/tr>\n<tr>\n<td>Belediye Ba\u015fkanl\u0131\u011f\u0131m\u0131z\u0131n 02\/05\/2023 tarih ve 8903 say\u0131l\u0131 yaz\u0131lar\u0131 ile g\u00fcndeme al\u0131nan \u037e Belediye Ba\u015fkanl\u0131\u011f\u0131m\u0131z\u0131n ortak olarak giri\u015fiminde bulundu\u011fu Pozant\u0131 Belediyesi taraf\u0131ndan y\u00fcr\u00fct\u00fclen T\u00fcrkiye ve AB Aras\u0131nda \u015eehir E\u015fle\u015ftirme\u00adII (Ye\u015fil Gelecek i\u00e7in \u015eehir E\u015fle\u015ftirme) Hibe Program\u0131 (TTGS\u00adII) kapsam\u0131nda Pozant\u0131 Belediyesi taraf\u0131ndan sunulan \u201cIncreasing Resilience of Local Authorities for Forest Protection and Wildfires\u00ad Orman Koruma ve Yang\u0131nlara Kar\u015f\u0131 Yerel Y\u00f6netimlerin Dayan\u0131kl\u0131l\u0131\u011f\u0131n\u0131 Art\u0131rma\u201d ba\u015fl\u0131kl\u0131 ve TTGS\u00adII\/125 referans numaral\u0131 Projeye Kurulu\u015fumuzun e\u015f ba\u015fvuran olarak kat\u0131lmas\u0131na ve projenin hibe almaya hak kazanmas\u0131 durumunda uygulanmas\u0131na karar verilmi\u015f\u037e bahsi ge\u00e7en Proje kapsam\u0131nda Kurulu\u015fumuzu temsil ve ilzama, ve gerekli t\u00fcm belgeleri imzalamaya Belediye Ba\u015fkan\u0131m\u0131z Saadettin ASLAN &#8216;a yetki verilmesine oy birli\u011fi ile karar verildi.<\/td>\n<\/tr>\n<\/tbody>\n<\/table>\n","protected":false},"excerpt":{"rendered":"<p>KARAR 35 Belediyemiz Mali Hizmetler M\u00fcd\u00fcrl\u00fc\u011f\u00fcn\u00fcn 28\/04\/2023 tarih ve 8889 say\u0131l\u0131 yaz\u0131lar\u0131 ile g\u00fcndeme al\u0131nan\u037e Belediye ba\u015fkanl\u0131\u011f\u0131m\u0131z Belediye kanunu 5393 say\u0131l\u0131 Belediye kanunun 64. maddesi gere\u011fince 2022 y\u0131l\u0131 Kesin Hesaplar\u0131 haz\u0131rlanm\u0131\u015f yaz\u0131m\u0131z ekinde sunulmu\u015f olup Belediyemiz meclisince g\u00f6r\u00fc\u015f\u00fclmek \u00fczere havalesi hususunda\u037e Olurlar\u0131n\u0131za arz ederim. Denilmekte olup \u00dcyelerden Cemal DEM\u0130RDA\u011e s\u00f6z ald\u0131. Teklifin Plan B\u00fct\u00e7e ve [&hellip;]<\/p>\n","protected":false},"author":10,"featured_media":0,"parent":11002,"menu_order":202305,"comment_status":"closed","ping_status":"closed","template":"","meta":{"footnotes":""},"class_list":["post-11100","page","type-page","status-publish","hentry"],"_links":{"self":[{"href":"https:\/\/www.karaisali.bel.tr\/index.php?rest_route=\/wp\/v2\/pages\/11100","targetHints":{"allow":["GET"]}}],"collection":[{"href":"https:\/\/www.karaisali.bel.tr\/index.php?rest_route=\/wp\/v2\/pages"}],"about":[{"href":"https:\/\/www.karaisali.bel.tr\/index.php?rest_route=\/wp\/v2\/types\/page"}],"author":[{"embeddable":true,"href":"https:\/\/www.karaisali.bel.tr\/index.php?rest_route=\/wp\/v2\/users\/10"}],"replies":[{"embeddable":true,"href":"https:\/\/www.karaisali.bel.tr\/index.php?rest_route=%2Fwp%2Fv2%2Fcomments&post=11100"}],"version-history":[{"count":2,"href":"https:\/\/www.karaisali.bel.tr\/index.php?rest_route=\/wp\/v2\/pages\/11100\/revisions"}],"predecessor-version":[{"id":11102,"href":"https:\/\/www.karaisali.bel.tr\/index.php?rest_route=\/wp\/v2\/pages\/11100\/revisions\/11102"}],"up":[{"embeddable":true,"href":"https:\/\/www.karaisali.bel.tr\/index.php?rest_route=\/wp\/v2\/pages\/11002"}],"wp:attachment":[{"href":"https:\/\/www.karaisali.bel.tr\/index.php?rest_route=%2Fwp%2Fv2%2Fmedia&parent=11100"}],"curies":[{"name":"wp","href":"https:\/\/api.w.org\/{rel}","templated":true}]}}