{"id":11091,"date":"2023-11-09T09:58:09","date_gmt":"2023-11-09T06:58:09","guid":{"rendered":"https:\/\/www.karaisali.bel.tr\/?page_id=11091"},"modified":"2023-11-30T16:30:07","modified_gmt":"2023-11-30T13:30:07","slug":"nisan-2023-meclis-kararlari","status":"publish","type":"page","link":"https:\/\/www.karaisali.bel.tr\/?page_id=11091","title":{"rendered":"Nisan 2023 Meclis Kararlar\u0131"},"content":{"rendered":"<table>\n<tbody>\n<tr>\n<td>KARAR 25<\/td>\n<\/tr>\n<tr>\n<td>Belediye Ba\u015fkanl\u0131\u011f\u0131m\u0131z\u0131n 31\/03\/2023 tarih ve 8517 say\u0131l\u0131 yaz\u0131lar\u0131 ile g\u00fcndeme al\u0131nan\u037e 5393 Say\u0131l\u0131 Belediye Kanunun 33\/b maddesinde\u037e Madde 33\/b\u037e Di\u011fer belediyelerde, belediye meclisinin her y\u0131l kendi \u00fcyeleri aras\u0131ndan bir y\u0131l i\u00e7in gizli oyla se\u00e7ece\u011fi iki \u00fcye, mal\u00ee hizmetler birim amiri ve belediye ba\u015fkan\u0131n\u0131n birim amirleri aras\u0131ndan bir y\u0131l i\u00e7in se\u00e7ece\u011fi bir \u00fcye olmak \u00fczere be\u015f ki\u015fiden olu\u015fur&#8221; Denilmekte olup, Belediyemiz Enc\u00fcmeninde g\u00f6rev yapmak \u00fczere 2 adet Enc\u00fcmen \u00dcyesi se\u00e7imi i\u00e7in teklifimizin Belediyemiz Meclisine havalesini arz ederim. Denilmekte olup, Yap\u0131lan gizli oylama sonucunda Belediyemiz Meclis \u00dcyelerinden \u00d6zlem Bilgen (16) oy, Turgay BULUT (16) oy alarak 1 y\u0131l Enc\u00fcmen \u00dcyesi olarak g\u00f6rev yapmak \u00fczere se\u00e7ildiler.\n<\/td>\n<\/tr>\n<tr>\n<td>KARAR 26<\/td>\n<\/tr>\n<tr>\n<td>Belediye Ba\u015fkanl\u0131\u011f\u0131m\u0131z\u0131n 31\/03\/2023 tarih ve 8542 say\u0131l\u0131 yaz\u0131lar\u0131 ile g\u00fcndeme al\u0131nan\u037e 5393 Say\u0131l\u0131 Belediye Kanununun 24. maddesi gere\u011fince Belediye Ba\u015fkanl\u0131\u011f\u0131m\u0131z Plan ve B\u00fct\u00e7e Komisyonunda g\u00f6rev yapmak \u00fczere 5 adet \u00fcye se\u00e7ilmesi i\u00e7in teklifimizin Belediyemiz Meclisince g\u00f6r\u00fc\u015f\u00fclmek \u00fczere havalesini Olurlar\u0131n\u0131za arz ederim. Denilmekte olup, yap\u0131lan a\u00e7\u0131k oylama sonucunda Belediyemiz Plan ve B\u00fct\u00e7e Komisyonunda 1 y\u0131l g\u00f6rev yapmak \u00fczere \u00fcyelerden Abdullah KA\u00c7AR (16) oy, Mustafa EK\u0130C\u0130 (16) OY, Celalettin S\u00dcRME (16) oy, Rifat K\u00d6RO\u011eLU (16) oy, Ayhan I\u015eIK (16) Oy alarak Belediyemiz Plan ve B\u00fct\u00e7e Komisyonunda g\u00f6rev yapmak \u00fczere se\u00e7ildiler.\n<\/td>\n<\/tr>\n<tr>\n<td>KARAR 27<\/td>\n<\/tr>\n<tr>\n<td>Belediye Ba\u015fkanl\u0131\u011f\u0131m\u0131z\u0131n 31\/03\/2023 tarih ve 8539 say\u0131l\u0131 yaz\u0131lar\u0131 ile g\u00fcndeme al\u0131nan , 5393 Say\u0131l\u0131 Belediye Kanununun 24. maddesi gere\u011fince Belediye Ba\u015fkanl\u0131\u011f\u0131m\u0131z \u0130mar ve Bay\u0131nd\u0131rl\u0131k Komisyonunda g\u00f6rev yapmak \u00fczere 5 adet \u00fcye se\u00e7ilmesi i\u00e7in teklifimizin Belediyemiz Meclisince g\u00f6r\u00fc\u015f\u00fclmek \u00fczere havalesini Olurlar\u0131n\u0131za arz ederim. Denilmekte olup, yap\u0131lan a\u00e7\u0131k oylama neticesinde Meclis \u00dcyelerimizden Celalettin S\u00dcRME (16) OY, Recep KOCA (16) oy, Saniye USTA (16) oy. Kudret DEM\u0130RC\u0130O\u011eLU (16) OY, Esat K\u00d6SE (16) oy alarak 1 y\u0131l boyunca Belediyemiz \u0130mar ve \u015eehircilik Komisyonunda g\u00f6rev yapmak \u00fczere se\u00e7ildiler.\n<\/td>\n<\/tr>\n<tr>\n<td>KARAR 28<\/td>\n<\/tr>\n<tr>\n<td>Belediye Ba\u015fkanl\u0131\u011f\u0131m\u0131z\u0131n 31\/03\/2023 tarih ve 8540 say\u0131l\u0131 yaz\u0131lar\u0131 ile g\u00fcndeme al\u0131nan\u037e 5393 Say\u0131l\u0131 Belediye Kanununun 24. maddesi gere\u011fince Belediye Ba\u015fkanl\u0131\u011f\u0131m\u0131z E\u011ft. K\u00fclt\u00fcr ve Spor Komisyonunda g\u00f6rev yapmak \u00fczere 5 adet \u00fcye se\u00e7ilmesi i\u00e7in teklifimizin Belediyemiz Meclisince g\u00f6r\u00fc\u015f\u00fclmek \u00fczere havalesini Olurlar\u0131n\u0131za arz ederim. Denilmekte olup, yap\u0131lan a\u00e7\u0131k oylama sonucunda Belediyemiz Meclis \u00fcyelerinden \u00d6zlem B\u0130LGEN (16) oy , Recep KOCA (16) oy, Rifat K\u00d6RO\u011eLU (16) oy, Saniye USTA (16) oy, Turgay BULUT (16)oy alarak 1 y\u0131l boyunca E\u011fitim K\u00fclt\u00fcr ve Spor Komisyonunda g\u00f6rev yapmak \u00fczere se\u00e7ildiler.\n<\/td>\n<\/tr>\n<tr>\n<td>KARAR 29<\/td>\n<\/tr>\n<tr>\n<td>Belediye Ba\u015fkanl\u0131\u011f\u0131m\u0131z\u0131n 31\/03\/2023 tarih ve 8538 say\u0131l\u0131 yaz\u0131lar\u0131 ile g\u00fcndeme al\u0131nan\u037e 5393 Say\u0131l\u0131 Belediye Kanununun 24. maddesi gere\u011fince Belediye Ba\u015fkanl\u0131\u011f\u0131m\u0131z Tar\u0131m Orman ve Mahalle Komisyonunda g\u00f6rev yapmak \u00fczere 5 adet \u00fcye se\u00e7ilmesi i\u00e7in teklifimizin Belediyemiz Meclisince g\u00f6r\u00fc\u015f\u00fclmek \u00fczere havalesini Olurlar\u0131n\u0131za arz ederim. Denilmekte olup, yap\u0131lan a\u00e7\u0131k oylama neticesinde Belediyemiz Meclis \u00dcyelerinden Cemal DEM\u0130RDA\u011e (16) oy, Osman KURDAK (16) oy, Ayhan I\u015eIK (16) oy, Kudret DEM\u0130RC\u0130O\u011eLU (16) oy, Ahmet GELEN (16) oy alarak 1 y\u0131l boyunca Tar\u0131m Orman ve Mahalle Komisyonunda g\u00f6rev yapmak \u00fczere se\u00e7ildiler.\n<\/td>\n<\/tr>\n<tr>\n<td>KARAR 30<\/td>\n<\/tr>\n<tr>\n<td>\nBelediye Ba\u015fkanl\u0131\u011f\u0131m\u0131z\u0131n 31\/03\/2023 tarih ve 8541 say\u0131l\u0131 yaz\u0131lar\u0131 ile g\u00fcndeme al\u0131nan\u037e 5393 Say\u0131l\u0131 Belediye Kanununun 24. maddesi gere\u011fince Belediye Ba\u015fkanl\u0131\u011f\u0131m\u0131z \u00c7evre Sa\u011fl\u0131k Komisyonunda g\u00f6rev yapmak \u00fczere 5 adet \u00fcye se\u00e7ilmesi i\u00e7in teklifimizin Belediyemiz Meclisince g\u00f6r\u00fc\u015f\u00fclmek \u00fczere havalesini Olurlar\u0131n\u0131za arz ederim. Denilmekte olup, yap\u0131lan a\u00e7\u0131k oylama neticesinde Belediyemiz Meclis \u00dcyelerinden \u00d6zlem B\u0130LGEN (16) OY, Ayd\u0131n NERG\u0130Z (16) oy. Ayhan I\u015eIK (16) oy, Turgay BULUT (16) OY, AHmet GELEN (16) oy alarak 1 y\u0131l boyunca \u00c7evre ve Sa\u011fl\u0131k Komisyonunda g\u00f6rev yapmak \u00fczere se\u00e7ildiler.<\/td>\n<\/tr>\n<tr>\n<td>KARAR 31<\/td>\n<\/tr>\n<tr>\n<td>Belediye Ba\u015fkanl\u0131\u011f\u0131m\u0131zca 2022 y\u0131l\u0131 faaliyet raporunun g\u00f6r\u00fc\u015f\u00fclmek \u00fczere meclisimize havalesini arz ederim. Denilmekte olup, \u00dcyelerden Cemal DEM\u0130RDA\u011e s\u00f6z ald\u0131 . Teklifin Plan B\u00fct\u00e7e ve M\u00fc\u015fterek Komisyonda g\u00f6r\u00fc\u015f\u00fclmek \u00fczere havale edilmesini teklif ediyorum. Dedi. Teklif oylamaya sunuldu. Yap\u0131lan oylama neticesinde teklifin kabul\u00fcne oy birli\u011fi ile karar verildi.\n<\/td>\n<\/tr>\n<tr>\n<td>KARAR 32<\/td>\n<\/tr>\n<tr>\n<td>Belediye Ba\u015fkanl\u0131\u011f\u0131m\u0131zca 2022 y\u0131l\u0131 \u0130\u00e7 denetim raporunun g\u00f6r\u00fc\u015f\u00fclmek \u00fczere meclisimize havalesini arz ederim. Denilmekte olup \u00fcyelerden Cemal DEM\u0130RDA\u011e s\u00f6z ald\u0131. Teklifin Plan B\u00fct\u00e7e ve M\u00fc\u015fterek Komisyonda g\u00f6r\u00fc\u015f\u00fclmek \u00fczere havalesini teklif ediyorum. Dedi. Teklif oylamaya sunuldu. Yap\u0131lan oylama neticesinde teklifin kabul\u00fcne oy birli\u011fi ile karar verildi. <\/p>\n<\/td>\n<\/tr>\n<tr>\n<td>KARAR 33<\/td>\n<\/tr>\n<tr>\n<td>Belediyemiz Plan B\u00fct\u00e7e M\u00fc\u015fterek Komisyonunun Faaliyet Raporu ile ilgili komisyon raporunun g\u00f6r\u00fc\u015f\u00fclmesi ve onay\u0131 i\u00e7in Belediyemiz Meclisine havalesini Olurlar\u0131n\u0131za arz ederim. Denilmekte olup Belediye Meclis \u00c7al\u0131\u015fma Y\u00f6netmeli\u011finin 9. maddesi gere\u011fince Belediye Ba\u015fkan\u0131 Meclis Ba\u015fkanl\u0131\u011f\u0131ndan ayr\u0131larak yerine Meclis 2. Ba\u015fkan Vekili Osman KURDAK Meclis Ba\u015fkanl\u0131\u011f\u0131na ge\u00e7ti. Komisyon raporunda aynen &#8220;Belediyemiz Mali Hizmetler M\u00fcd\u00fcrl\u00fc\u011f\u00fcn\u00fcn 31\/03\/2023 tarih ve 8525 say\u0131l\u0131 yaz\u0131lar\u0131 ile g\u00fcndeme al\u0131nan \u037eBelediye Meclisimizce komisyonumuza havale edilen 2022 y\u0131l\u0131 Faaliyet Raporu komisyonumuzca tek tek g\u00f6r\u00fc\u015f\u00fclm\u00fc\u015f komisyonumuzca uygun bulunmu\u015f olup, karar\u0131m\u0131z\u0131n Belediyemiz Meclisine sunulmas\u0131na oy birli\u011fi ile karar verildi. Denilmekte olup okunan komisyon raporu oylamaya sunuldu. Yap\u0131lan oylama neticesinde komisyon raporunun komisyondan geldi\u011fi gibi kabul edilmesine 2022 y\u0131l\u0131 Faaliyet Raporunun kabul\u00fcne oy birli\u011fi ile karar verildi.\n<\/td>\n<\/tr>\n<tr>\n<td>KARAR 34<\/td>\n<\/tr>\n<tr>\n<td>  Belediyemiz Plan B\u00fct\u00e7e M\u00fc\u015fterek Komisyonunun 2022 Y\u0131l\u0131 \u0130\u00e7 Denetim Raporu ile ilgili komisyon raporunun g\u00f6r\u00fc\u015f\u00fclmesi ve onay\u0131 i\u00e7in<br \/>\nBelediyemiz Meclisine havalesini Olurlar\u0131n\u0131za arz ederim. Denilmekte olup komisyon raporunda aynen &#8221; Belediyemiz Mali Hizmetler<br \/>\nM\u00fcd\u00fcrl\u00fc\u011f\u00fcn\u00fcn 31\/03\/2023 tarih ve 8526 say\u0131l\u0131 yaz\u0131lar\u0131 ile g\u00fcndeme al\u0131nan \u037eBelediye Meclisimizce komisyonumuza havale edilen 2022 y\u0131l\u0131<br \/>\nDenetim Raporu komisyonumuzca g\u00f6r\u00fc\u015f\u00fclm\u00fc\u015f komisyonumuzca uygun bulunmu\u015f olup, karar\u0131m\u0131z\u0131n Belediyemiz Meclisine sunulmas\u0131na oy<br \/>\nbirli\u011fi ile karar verildi. Denilmekte olup okunan komisyon raporu oylamaya sunuldu. 2022 y\u0131l\u0131 denetim raporu tek tek g\u00f6r\u00fc\u015f\u00fcld\u00fc. Yap\u0131lan<br \/>\noylama neticesinde komisyon raporunun komisyondan geldi\u011fi gibi kabul edilmesine oy birli\u011fi ile karar verildi.\n<\/td>\n<\/tr>\n<\/tbody>\n<\/table>\n","protected":false},"excerpt":{"rendered":"<p>KARAR 25 Belediye Ba\u015fkanl\u0131\u011f\u0131m\u0131z\u0131n 31\/03\/2023 tarih ve 8517 say\u0131l\u0131 yaz\u0131lar\u0131 ile g\u00fcndeme al\u0131nan\u037e 5393 Say\u0131l\u0131 Belediye Kanunun 33\/b maddesinde\u037e Madde 33\/b\u037e Di\u011fer belediyelerde, belediye meclisinin her y\u0131l kendi \u00fcyeleri aras\u0131ndan bir y\u0131l i\u00e7in gizli oyla se\u00e7ece\u011fi iki \u00fcye, mal\u00ee hizmetler birim amiri ve belediye ba\u015fkan\u0131n\u0131n birim amirleri aras\u0131ndan bir y\u0131l i\u00e7in se\u00e7ece\u011fi bir \u00fcye olmak [&hellip;]<\/p>\n","protected":false},"author":10,"featured_media":0,"parent":11002,"menu_order":202304,"comment_status":"closed","ping_status":"closed","template":"","meta":{"footnotes":""},"class_list":["post-11091","page","type-page","status-publish","hentry"],"_links":{"self":[{"href":"https:\/\/www.karaisali.bel.tr\/index.php?rest_route=\/wp\/v2\/pages\/11091","targetHints":{"allow":["GET"]}}],"collection":[{"href":"https:\/\/www.karaisali.bel.tr\/index.php?rest_route=\/wp\/v2\/pages"}],"about":[{"href":"https:\/\/www.karaisali.bel.tr\/index.php?rest_route=\/wp\/v2\/types\/page"}],"author":[{"embeddable":true,"href":"https:\/\/www.karaisali.bel.tr\/index.php?rest_route=\/wp\/v2\/users\/10"}],"replies":[{"embeddable":true,"href":"https:\/\/www.karaisali.bel.tr\/index.php?rest_route=%2Fwp%2Fv2%2Fcomments&post=11091"}],"version-history":[{"count":6,"href":"https:\/\/www.karaisali.bel.tr\/index.php?rest_route=\/wp\/v2\/pages\/11091\/revisions"}],"predecessor-version":[{"id":11099,"href":"https:\/\/www.karaisali.bel.tr\/index.php?rest_route=\/wp\/v2\/pages\/11091\/revisions\/11099"}],"up":[{"embeddable":true,"href":"https:\/\/www.karaisali.bel.tr\/index.php?rest_route=\/wp\/v2\/pages\/11002"}],"wp:attachment":[{"href":"https:\/\/www.karaisali.bel.tr\/index.php?rest_route=%2Fwp%2Fv2%2Fmedia&parent=11091"}],"curies":[{"name":"wp","href":"https:\/\/api.w.org\/{rel}","templated":true}]}}