{"id":11042,"date":"2023-04-17T10:31:11","date_gmt":"2023-04-17T07:31:11","guid":{"rendered":"https:\/\/www.karaisali.bel.tr\/?page_id=11042"},"modified":"2023-04-17T10:31:11","modified_gmt":"2023-04-17T07:31:11","slug":"mart-2023-meclis-kararlari","status":"publish","type":"page","link":"https:\/\/www.karaisali.bel.tr\/?page_id=11042","title":{"rendered":"Mart 2023 Meclis Kararlar\u0131"},"content":{"rendered":"<table>\n<tbody>\n<tr>\n<td>KARAR 23<\/td>\n<\/tr>\n<tr>\n<td>Belediyemiz \u0130mar ve \u015eehircilik M\u00fcd\u00fcrl\u00fc\u011f\u00fcn\u00fcn 27\/02\/2023 tarih ve 8158 say\u0131l\u0131 yaz\u0131lar\u0131 g\u00fcndeme al\u0131nan\u037e Toroslar Elektrik Da\u011f\u0131t\u0131m<br \/>\nA.\u015e\u2019nin 20.12.2022 Tarih ve 5559 Say\u0131l\u0131 yaz\u0131s\u0131n da \u037e \u0130l\u00e7emiz Karap\u0131nar Mahallesinde ve Selamp\u0131nar Mahallesinde 2 adet alanda yatay\u00addikey<br \/>\nyap\u0131la\u015fmalardan dolay\u0131 artan enerji ihtiyac\u0131n\u0131n sa\u011fl\u0131kl\u0131 ve devaml\u0131 bir \u015fekilde kar\u015f\u0131lanabilmesi ve direk \u00fcst\u00fc trafolar\u0131n yetersiz kalmas\u0131<br \/>\nnedeniyle, mevcut direk \u00fcst\u00fc trafolar\u0131n 34,5 KV\u2019l\u0131k monoblok k\u00f6\u015fk (kompact tip)trafoya d\u00f6n\u00fc\u015ft\u00fcr\u00fclerek enerji ihtiyac\u0131n\u0131n yeniden<br \/>\nd\u00fczenlenebilmesi amac\u0131yla trafo yerine ihtiya\u00e7 duyulmaktad\u0131r. Bu nedenle elektrik \u015febekesinin fiziki durumu g\u00f6z \u00f6n\u00fcnde bulundurularak<br \/>\nzeminde ve planda yap\u0131lan inceleme neticesinde tespit edilen ve teknik olarak trafo tesisine uygun alan belirlenmi\u015ftir. Ekte planda g\u00f6sterilen<br \/>\nalana \u015eirketimizce haz\u0131rlanan alt yap\u0131 yat\u0131r\u0131m projeleri kapsam\u0131nda trafo yap\u0131lmas\u0131 \u00f6ng\u00f6r\u00fclmekte ve bu do\u011frultuda trafo yeri olarak talep<br \/>\nedilmektedir. 3194 Say\u0131l\u0131 \u0130mar Kanununun ilgili maddeleri gere\u011fince gerekli kontrollerin yap\u0131larak trafo yeri olarak plana i\u015flenmesinin<br \/>\nuygunlu\u011funun kontrol edilmesi uygun g\u00f6r\u00fcld\u00fc\u011f\u00fc taktirde plan tadilat\u0131n\u0131n yap\u0131larak trafo yeri olarak tahsis edilmesi talep edilmektedir,<br \/>\ndenilmektedir.<br \/>\n                S\u00f6z konusu olan \u0130l\u00e7emiz Karap\u0131nar Mahallesi 277 ada i\u00e7erisinde imar plan\u0131nda park alan\u0131 olarak kullan\u0131lan ve Selamp\u0131nar<br \/>\nMahallesi 429 ada 1 parselde  yap\u0131lmas\u0131 planlanan 2 adet trafo tesisi i\u00e7in haz\u0131rlanan dosya ve paftalar M\u00fcd\u00fcrl\u00fc\u011f\u00fcm\u00fczce incelenmi\u015ftir. Yap\u0131lan<br \/>\nincelemeler sonucun da trafolar\u0131n yap\u0131lmas\u0131nda sak\u0131nca bulunmam\u0131\u015ft\u0131r. \u0130l\u00e7emiz Karap\u0131nar Mahallesi 277 ada i\u00e7erisinde imar plan\u0131nda park<br \/>\nalan\u0131 olarak kullan\u0131lan ve Selamp\u0131nar Mahallesi 429 ada 1 parsel de yap\u0131lmas\u0131 planlanan 2 adet trafo monoblok k\u00f6\u015fk ( kompact tip)<br \/>\nyap\u0131labilmesi i\u00e7in gerekli Meclis Karar\u0131 al\u0131nmas\u0131n\u0131 Olurlar\u0131n\u0131za arz ederim. Denilmekte olup, \u00dcyelerden Cemal DEM\u0130RDA\u011e s\u00f6z ad\u0131. Teklifin<br \/>\n\u0130mar \u015eehircilik ve M\u00fc\u015fterek Komisyonda g\u00f6r\u00fc\u015f\u00fclmek \u00fczere havalesini teklif ediyorum. Dedi. Teklif oylamaya sunuldu. Yap\u0131lan oylama<br \/>\nneticesinde teklifin kabul\u00fcne oy birli\u011fi ile karar verildi.\n<\/td>\n<\/tr>\n<tr>\n<td>KARAR 24<\/td>\n<\/tr>\n<tr>\n<td>Belediyemiz \u0130mar ve \u015eehircilik M\u00fc\u015fterek Komisyonunun Trafo yeri tahsisi ile ilgili komisyon raporunun g\u00f6r\u00fc\u015f\u00fclmesi ve onay\u0131 i\u00e7in<br \/>\nBelediyemiz Meclisine havalesini Olurlar\u0131n\u0131za arz ederim. Denilmekte olup, okunan komisyon raporunda aynen \u037e Belediyemiz Meclisince<br \/>\nkomisyonumuza g\u00f6r\u00fc\u015f\u00fclmek \u00fczere sevk edilen\u037e Toroslar Elektrik Da\u011f\u0131t\u0131m A.\u015e\u2019nin 20.12.2022 Tarih ve 5559 Say\u0131l\u0131 yaz\u0131s\u0131n da \u037e \u0130l\u00e7emiz Karap\u0131nar<br \/>\nMahallesinde ve Selamp\u0131nar Mahallesinde 2 adet alanda yatay\u00addikey yap\u0131la\u015fmalardan dolay\u0131 artan enerji ihtiyac\u0131n\u0131n sa\u011fl\u0131kl\u0131 ve devaml\u0131 bir \u015fekilde<br \/>\nkar\u015f\u0131lanabilmesi ve direk \u00fcst\u00fc trafolar\u0131n yetersiz kalmas\u0131 nedeniyle, mevcut direk \u00fcst\u00fc trafolar\u0131n 34,5 KV\u2019l\u0131k monoblok k\u00f6\u015fk (kompact tip)trafoya<br \/>\nd\u00f6n\u00fc\u015ft\u00fcr\u00fclerek enerji ihtiyac\u0131n\u0131n yeniden d\u00fczenlenebilmesi amac\u0131yla trafo yerine ihtiya\u00e7 duyulmaktad\u0131r. Bu nedenle elektrik \u015febekesinin fiziki<br \/>\ndurumu g\u00f6z \u00f6n\u00fcnde bulundurularak zeminde ve planda yap\u0131lan inceleme neticesinde tespit edilen ve teknik olarak trafo tesisine uygun alan<br \/>\nbelirlenmi\u015ftir. Ekte planda g\u00f6sterilen alana \u015eirketimizce haz\u0131rlanan alt yap\u0131 yat\u0131r\u0131m projeleri kapsam\u0131nda trafo yap\u0131lmas\u0131 \u00f6ng\u00f6r\u00fclmekte ve bu<br \/>\ndo\u011frultuda trafo yeri olarak talep edilmektedir. 3194 Say\u0131l\u0131 \u0130mar Kanununun ilgili maddeleri gere\u011fince gerekli kontrollerin yap\u0131larak trafo yeri<br \/>\nolarak plana i\u015flenmesinin uygunlu\u011funun kontrol edilmesi uygun g\u00f6r\u00fcld\u00fc\u011f\u00fc taktirde plan tadilat\u0131n\u0131n yap\u0131larak trafo yeri olarak tahsis edilmesi talep<br \/>\nedilmektedir, denilmektedir.<br \/>\n               \u0130l\u00e7emiz Karap\u0131nar Mahallesi 277 ada i\u00e7erisinde imar plan\u0131nda park alan\u0131 olarak kullan\u0131lan ve Selamp\u0131nar Mahallesi 429 ada 1<br \/>\nparselde  yap\u0131lmas\u0131 planlanan 2 adet trafo tesisi i\u00e7in haz\u0131rlanan dosya ve paftalar M\u00fcd\u00fcrl\u00fc\u011f\u00fcm\u00fczce incelenmi\u015ftir. Yap\u0131lan incelemeler sonucun<br \/>\nda trafolar\u0131n yap\u0131lmas\u0131nda sak\u0131nca bulunmam\u0131\u015ft\u0131r. \u0130l\u00e7emiz Karap\u0131nar Mahallesi 277 ada i\u00e7erisinde imar plan\u0131nda park alan\u0131 olarak kullan\u0131lan ve<br \/>\nSelamp\u0131nar Mahallesi 429 ada 1 parsel de yap\u0131lmas\u0131 planlanan 2 adet trafo monoblok k\u00f6\u015fk ( kompact tip) yap\u0131labilmesi i\u00e7in gerekli Meclis<br \/>\nKarar\u0131 al\u0131nmas\u0131n\u0131 Olurlar\u0131n\u0131za arz ederim. Denilmekte olup,  teklif komisyonumuzca g\u00f6r\u00fc\u015f\u00fclm\u00fc\u015f,  teklifin idareden geldi\u011fi gibi kabul<br \/>\nedilmesine, Belediyemiz Meclisine sunulmas\u0131na  komisyonumuzca oy birli\u011fi ile karar verilmi\u015ftir. Denilmekte olup , okunan komisyon raporu<br \/>\noylamaya sunuldu. Yap\u0131lan oylama neticesinde teklifin komisyondan geldi\u011fi gibi kabul edilmesine oy birli\u011fi ile karar verildi.\n<\/td>\n<\/tr>\n<\/tbody>\n<\/table>\n","protected":false},"excerpt":{"rendered":"<p>KARAR 23 Belediyemiz \u0130mar ve \u015eehircilik M\u00fcd\u00fcrl\u00fc\u011f\u00fcn\u00fcn 27\/02\/2023 tarih ve 8158 say\u0131l\u0131 yaz\u0131lar\u0131 g\u00fcndeme al\u0131nan\u037e Toroslar Elektrik Da\u011f\u0131t\u0131m A.\u015e\u2019nin 20.12.2022 Tarih ve 5559 Say\u0131l\u0131 yaz\u0131s\u0131n da \u037e \u0130l\u00e7emiz Karap\u0131nar Mahallesinde ve Selamp\u0131nar Mahallesinde 2 adet alanda yatay\u00addikey yap\u0131la\u015fmalardan dolay\u0131 artan enerji ihtiyac\u0131n\u0131n sa\u011fl\u0131kl\u0131 ve devaml\u0131 bir \u015fekilde kar\u015f\u0131lanabilmesi ve direk \u00fcst\u00fc trafolar\u0131n yetersiz kalmas\u0131 nedeniyle, [&hellip;]<\/p>\n","protected":false},"author":10,"featured_media":0,"parent":11002,"menu_order":202303,"comment_status":"closed","ping_status":"closed","template":"","meta":{"footnotes":""},"class_list":["post-11042","page","type-page","status-publish","hentry"],"_links":{"self":[{"href":"https:\/\/www.karaisali.bel.tr\/index.php?rest_route=\/wp\/v2\/pages\/11042","targetHints":{"allow":["GET"]}}],"collection":[{"href":"https:\/\/www.karaisali.bel.tr\/index.php?rest_route=\/wp\/v2\/pages"}],"about":[{"href":"https:\/\/www.karaisali.bel.tr\/index.php?rest_route=\/wp\/v2\/types\/page"}],"author":[{"embeddable":true,"href":"https:\/\/www.karaisali.bel.tr\/index.php?rest_route=\/wp\/v2\/users\/10"}],"replies":[{"embeddable":true,"href":"https:\/\/www.karaisali.bel.tr\/index.php?rest_route=%2Fwp%2Fv2%2Fcomments&post=11042"}],"version-history":[{"count":2,"href":"https:\/\/www.karaisali.bel.tr\/index.php?rest_route=\/wp\/v2\/pages\/11042\/revisions"}],"predecessor-version":[{"id":11092,"href":"https:\/\/www.karaisali.bel.tr\/index.php?rest_route=\/wp\/v2\/pages\/11042\/revisions\/11092"}],"up":[{"embeddable":true,"href":"https:\/\/www.karaisali.bel.tr\/index.php?rest_route=\/wp\/v2\/pages\/11002"}],"wp:attachment":[{"href":"https:\/\/www.karaisali.bel.tr\/index.php?rest_route=%2Fwp%2Fv2%2Fmedia&parent=11042"}],"curies":[{"name":"wp","href":"https:\/\/api.w.org\/{rel}","templated":true}]}}