{"id":11007,"date":"2023-01-10T16:13:23","date_gmt":"2023-01-10T13:13:23","guid":{"rendered":"https:\/\/www.karaisali.bel.tr\/?page_id=11007"},"modified":"2023-04-17T10:19:17","modified_gmt":"2023-04-17T07:19:17","slug":"ocak-2023-meclis-kararlari","status":"publish","type":"page","link":"https:\/\/www.karaisali.bel.tr\/?page_id=11007","title":{"rendered":"Ocak 2023 Meclis Kararlar\u0131"},"content":{"rendered":"<table>\n<tbody>\n<tr>\n<td>KARAR 1<\/td>\n<\/tr>\n<tr>\n<td>Belediyemiz \u0130nsan Kaynaklar\u0131 ve E\u011fitim M\u00fcd\u00fcrl\u00fc\u011f\u00fcn\u00fcn 28\/12\/2022 tarih ve 7312 say\u0131l\u0131 yaz\u0131lar\u0131 ile g\u00fcndeme al\u0131nan\u037e<br \/>\nBelediye Ba\u015fkanl\u0131\u011f\u0131m\u0131z b\u00fcnyesinde 2022 y\u0131l\u0131nda 5393 say\u0131l\u0131 Belediye kanununun 49. maddesi gere\u011fince M\u00fchendis<br \/>\nkadrosunda tam zamanl\u0131 olarak \u00e7al\u0131\u015ft\u0131r\u0131lmakta olan personelin 2023 y\u0131l\u0131 \u00fccretinin Belediyemiz Meclisince belirlenmesi<br \/>\nhususunda  Olurlar\u0131n\u0131za arz ederim. Denilmekte olup Meclis Ba\u015fkan\u0131  teklifin Plan ve B\u00fct\u00e7e M\u00fc\u015fterek komisyonunda<br \/>\ng\u00f6r\u00fc\u015f\u00fclmek \u00fczere havalesini teklif etti. Teklif oylamaya sunuldu. Yap\u0131lan oylama neticesinde teklifin kabul\u00fcne oy<br \/>\nbirli\u011fi ile karar verildi. <\/td>\n<\/tr>\n<tr>\n<td>KARAR 2<\/td>\n<\/tr>\n<tr>\n<td>Belediyemiz \u0130nsan Kaynaklar\u0131 ve E\u011fitim M\u00fcd\u00fcrl\u00fc\u011f\u00fcn\u00fcn 28\/12\/2022 tarih ve 7319 say\u0131l\u0131 yaz\u0131lar\u0131 ile g\u00fcndeme al\u0131nan\u037e<br \/>\nBelediye Ba\u015fkanl\u0131\u011f\u0131m\u0131z b\u00fcnyesinde 2022 y\u0131l\u0131nda 5393 say\u0131l\u0131 Belediye kanununun 49. maddesi gere\u011fince E\u011fitmen<br \/>\nkadrosunda tam zamanl\u0131 olarak \u00e7al\u0131\u015ft\u0131r\u0131lmakta olan personelin 2023 y\u0131l\u0131 \u00fccretinin Belediyemiz Meclisince belirlenmesi<br \/>\nhususunda  Olurlar\u0131n\u0131za arz ederim. Denilmekte olup Meclis Ba\u015fkan\u0131  teklifin Plan ve B\u00fct\u00e7e M\u00fc\u015fterek komisyonunda<br \/>\ng\u00f6r\u00fc\u015f\u00fclmek \u00fczere havalesini teklif etti. Teklif oylamaya sunuldu. Yap\u0131lan oylama neticesinde teklifin kabul\u00fcne oy<br \/>\nbirli\u011fi ile karar verildi. <\/td>\n<\/tr>\n<tr>\n<td>KARAR 3<\/td>\n<\/tr>\n<tr>\n<td>Belediyemiz \u0130nsan Kaynaklar\u0131 ve E\u011fitim M\u00fcd\u00fcrl\u00fc\u011f\u00fcn\u00fcn 28\/12\/2022 tarih ve 7317 say\u0131l\u0131 yaz\u0131lar\u0131 ile g\u00fcndeme al\u0131nan\u037e<br \/>\nBelediye Ba\u015fkanl\u0131\u011f\u0131m\u0131z b\u00fcnyesinde 2022 y\u0131l\u0131nda 5393 say\u0131l\u0131 Belediye kanununun 49. maddesi gere\u011fince Peyzaj<br \/>\nMimar\u0131 kadrosunda tam zamanl\u0131 olarak \u00e7al\u0131\u015ft\u0131r\u0131lmakta olan personelin 2023 y\u0131l\u0131 \u00fccretinin Belediyemiz Meclisince<br \/>\nbelirlenmesi hususunda  Olurlar\u0131n\u0131za arz ederim. Denilmekte olup Meclis Ba\u015fkan\u0131  teklifin Plan ve B\u00fct\u00e7e M\u00fc\u015fterek<br \/>\nkomisyonunda g\u00f6r\u00fc\u015f\u00fclmek \u00fczere havalesini teklif etti. Teklif oylamaya sunuldu. Yap\u0131lan oylama neticesinde teklifin<br \/>\nkabul\u00fcne oy birli\u011fi ile karar verildi. <\/td>\n<\/tr>\n<tr>\n<td>KARAR 4<\/td>\n<\/tr>\n<tr>\n<td>Belediyemiz \u0130nsan Kaynaklar\u0131 ve E\u011fitim M\u00fcd\u00fcrl\u00fc\u011f\u00fcn\u00fcn 28\/12\/2022 tarih ve 7317 say\u0131l\u0131 yaz\u0131lar\u0131 ile g\u00fcndeme al\u0131nan\u037e<br \/>\nBelediye Ba\u015fkanl\u0131\u011f\u0131m\u0131z b\u00fcnyesinde 2022 y\u0131l\u0131nda 5393 say\u0131l\u0131 Belediye kanununun 49. maddesi gere\u011fince Peyzaj<br \/>\nMimar\u0131 kadrosunda tam zamanl\u0131 olarak \u00e7al\u0131\u015ft\u0131r\u0131lmakta olan personelin 2023 y\u0131l\u0131 \u00fccretinin Belediyemiz Meclisince<br \/>\nbelirlenmesi hususunda  Olurlar\u0131n\u0131za arz ederim. Denilmekte olup Meclis Ba\u015fkan\u0131  teklifin Plan ve B\u00fct\u00e7e M\u00fc\u015fterek<br \/>\nkomisyonunda g\u00f6r\u00fc\u015f\u00fclmek \u00fczere havalesini teklif etti. Teklif oylamaya sunuldu. Yap\u0131lan oylama neticesinde teklifin<br \/>\nkabul\u00fcne oy birli\u011fi ile karar verildi. <\/td>\n<\/tr>\n<tr>\n<td>KARAR 5<\/td>\n<\/tr>\n<tr>\n<td>Belediyemiz \u0130nsan Kaynaklar\u0131 ve E\u011fitim M\u00fcd\u00fcrl\u00fc\u011f\u00fcn\u00fcn 28\/12\/2022 tarih ve 7315 say\u0131l\u0131 yaz\u0131lar\u0131 ile g\u00fcndeme al\u0131nan\u037e<br \/>\nBelediye Ba\u015fkanl\u0131\u011f\u0131m\u0131z b\u00fcnyesinde 2022 y\u0131l\u0131nda 5393 say\u0131l\u0131 Belediye kanununun 49. maddesi gere\u011fince Kimyager<br \/>\nkadrosunda tam zamanl\u0131 olarak \u00e7al\u0131\u015ft\u0131r\u0131lmakta olan personelin 2023 y\u0131l\u0131 \u00fccretinin Belediyemiz Meclisince belirlenmesi<br \/>\nhususunda  Olurlar\u0131n\u0131za arz ederim. Denilmekte olup Meclis Ba\u015fkan\u0131  teklifin Plan ve B\u00fct\u00e7e M\u00fc\u015fterek komisyonunda<br \/>\ng\u00f6r\u00fc\u015f\u00fclmek \u00fczere havalesini teklif etti. Teklif oylamaya sunuldu. Yap\u0131lan oylama neticesinde teklifin kabul\u00fcne oy<br \/>\nbirli\u011fi ile karar verildi.\n<\/td>\n<\/tr>\n<tr>\n<td>KARAR 6<\/td>\n<\/tr>\n<tr>\n<td>Belediyemiz \u0130nsan Kaynaklar\u0131 ve E\u011fitim M\u00fcd\u00fcrl\u00fc\u011f\u00fcn\u00fcn 28\/12\/2022 tarih ve 7314 say\u0131l\u0131 yaz\u0131lar\u0131 ile g\u00fcndeme al\u0131nan\u037e<br \/>\nBelediye Ba\u015fkanl\u0131\u011f\u0131m\u0131z b\u00fcnyesinde 2022 y\u0131l\u0131nda 5393 say\u0131l\u0131 Belediye kanununun 49. maddesi gere\u011fince Ekonomist<br \/>\nkadrosunda tam zamanl\u0131 olarak \u00e7al\u0131\u015ft\u0131r\u0131lmakta olan personelin 2023 y\u0131l\u0131 \u00fccretinin Belediyemiz Meclisince belirlenmesi<br \/>\nhususunda  Olurlar\u0131n\u0131za arz ederim. Denilmekte olup Meclis Ba\u015fkan\u0131  teklifin Plan ve B\u00fct\u00e7e M\u00fc\u015fterek komisyonunda<br \/>\ng\u00f6r\u00fc\u015f\u00fclmek \u00fczere havalesini teklif etti. Teklif oylamaya sunuldu. Yap\u0131lan oylama neticesinde teklifin kabul\u00fcne oy<br \/>\nbirli\u011fi ile karar verildi. <\/td>\n<\/tr>\n<tr>\n<td>KARAR 7<\/td>\n<\/tr>\n<tr>\n<td>Belediyemiz \u0130nsan Kaynaklar\u0131 ve E\u011fitim M\u00fcd\u00fcrl\u00fc\u011f\u00fcn\u00fcn 28\/12\/2022 tarih ve 7318 say\u0131l\u0131 yaz\u0131lar\u0131 ile g\u00fcndeme al\u0131nan\u037e<br \/>\nBelediye Ba\u015fkanl\u0131\u011f\u0131m\u0131z b\u00fcnyesinde 2022 y\u0131l\u0131nda 5393 say\u0131l\u0131 Belediye kanununun 49. maddesi gere\u011fince Tekniker<br \/>\nkadrosunda tam zamanl\u0131 olarak \u00e7al\u0131\u015ft\u0131r\u0131lmakta olan personelin 2023 y\u0131l\u0131 \u00fccretinin Belediyemiz Meclisince belirlenmesi<br \/>\nhususunda  Olurlar\u0131n\u0131za arz ederim. Denilmekte olup Meclis Ba\u015fkan\u0131  teklifin Plan ve B\u00fct\u00e7e M\u00fc\u015fterek komisyonunda<br \/>\ng\u00f6r\u00fc\u015f\u00fclmek \u00fczere havalesini teklif etti. Teklif oylamaya sunuldu. Yap\u0131lan oylama neticesinde teklifin kabul\u00fcne oy<br \/>\nbirli\u011fi ile karar verildi.\n<\/td>\n<\/tr>\n<tr>\n<td>KARAR 8<\/td>\n<\/tr>\n<tr>\n<td>Belediyemiz \u0130nsan Kaynaklar\u0131 ve E\u011fitim M\u00fcd\u00fcrl\u00fc\u011f\u00fcn\u00fcn 28\/12\/2022 tarih ve 7311 say\u0131l\u0131 yaz\u0131lar\u0131 ile g\u00fcndeme al\u0131nan\u037e<br \/>\nBelediye Ba\u015fkanl\u0131\u011f\u0131m\u0131z b\u00fcnyesinde 2022 y\u0131l\u0131nda 5393 say\u0131l\u0131 Belediye kanununun 49. maddesi gere\u011fince Bilgisayar<br \/>\nProgramc\u0131s\u0131 kadrosunda tam zamanl\u0131 olarak \u00e7al\u0131\u015ft\u0131r\u0131lmakta olan personelin 2023 y\u0131l\u0131 \u00fccretinin Belediyemiz Meclisince<br \/>\nbelirlenmesi hususunda  Olurlar\u0131n\u0131za arz ederim. Denilmekte olup Meclis Ba\u015fkan\u0131  teklifin Plan ve B\u00fct\u00e7e M\u00fc\u015fterek<br \/>\nkomisyonunda g\u00f6r\u00fc\u015f\u00fclmek \u00fczere havalesini teklif etti. Teklif oylamaya sunuldu. Yap\u0131lan oylama neticesinde teklifin<br \/>\nkabul\u00fcne oy birli\u011fi ile karar verildi.\n<\/td>\n<\/tr>\n<tr>\n<td>KARAR 9<\/td>\n<\/tr>\n<tr>\n<td>Belediyemiz \u0130nsan Kaynaklar\u0131 ve E\u011fitim M\u00fcd\u00fcrl\u00fc\u011f\u00fcn\u00fcn 28\/12\/2022 tarih ve 7309 say\u0131l\u0131 yaz\u0131lar\u0131 ile g\u00fcndeme al\u0131nan\u037e<br \/>\nBelediye Ba\u015fkanl\u0131\u011f\u0131m\u0131z b\u00fcnyesinde 2022 y\u0131l\u0131nda 5393 say\u0131l\u0131 Belediye kanununun 49. maddesi gere\u011fince Avukat<br \/>\nkadrosunda k\u0131smi zamanl\u0131 olarak \u00e7al\u0131\u015ft\u0131r\u0131lmakta olan personelin 2023 y\u0131l\u0131 \u00fccretinin Belediyemiz Meclisince<br \/>\nbelirlenmesi hususunda  Olurlar\u0131n\u0131za arz ederim. Denilmekte olup Meclis Ba\u015fkan\u0131  teklifin Plan ve B\u00fct\u00e7e M\u00fc\u015fterek<br \/>\nkomisyonunda g\u00f6r\u00fc\u015f\u00fclmek \u00fczere havalesini teklif etti. Teklif oylamaya sunuldu. Yap\u0131lan oylama neticesinde teklifin<br \/>\nkabul\u00fcne oy birli\u011fi ile karar verildi. <\/td>\n<\/tr>\n<tr>\n<td>KARAR 10<\/td>\n<\/tr>\n<tr>\n<td>Belediyemiz \u0130nsan Kaynaklar\u0131 ve E\u011fitim M\u00fcd\u00fcrl\u00fc\u011f\u00fcn\u00fcn 28\/12\/2022 tarih ve 7310 say\u0131l\u0131 yaz\u0131lar\u0131 ile g\u00fcndeme al\u0131nan\u037e<br \/>\nBelediye Ba\u015fkanl\u0131\u011f\u0131m\u0131z b\u00fcnyesinde 2022 y\u0131l\u0131nda 5393 say\u0131l\u0131 Belediye kanununun 49. maddesi gere\u011fince Veteriner<br \/>\nHekim  kadrosunda k\u0131smi  zamanl\u0131 olarak \u00e7al\u0131\u015ft\u0131r\u0131lmakta olan personelin 2023 y\u0131l\u0131 \u00fccretinin Belediyemiz Meclisince<br \/>\nbelirlenmesi hususunda  Olurlar\u0131n\u0131za arz ederim. Denilmekte olup Meclis Ba\u015fkan\u0131  teklifin Plan ve B\u00fct\u00e7e M\u00fc\u015fterek<br \/>\nkomisyonunda g\u00f6r\u00fc\u015f\u00fclmek \u00fczere havalesini teklif etti. Teklif oylamaya sunuldu. Yap\u0131lan oylama neticesinde teklifin<br \/>\nkabul\u00fcne oy birli\u011fi ile karar verildi.\n<\/td>\n<\/tr>\n<tr>\n<td>KARAR 11<\/td>\n<\/tr>\n<tr>\n<td>Belediye Ba\u015fkanl\u0131\u011f\u0131m\u0131z\u0131n 29\/12\/2022 tarih ve 7361 say\u0131l\u0131 yaz\u0131lar\u0131 ile g\u00fcndeme al\u0131nan \u037e 2023 Y\u0131l\u0131nda Denetim<br \/>\nKomisyonunda g\u00f6rev yapmak \u00fczere 5 adet Denetim Komisyonu \u00dcyeli\u011fi se\u00e7imi Belediyemiz meclisince se\u00e7ilmesi<br \/>\nhususunda olurlar\u0131n\u0131za arz ederim. Denilmekte olup, Yap\u0131lan gizli oylama neticesinde Meclis \u00dcyelerinden Esat<br \/>\nK\u00d6SE 14 Oy,  \u00d6zlem B\u0130LGEN 14 oy,  Celalettin S\u00dcRME 14 Oy,  Ahmet GELEN 14 Oy,  Ayhan I\u015eIK 14 Oy<br \/>\nalarak 2023 y\u0131l\u0131nda \u0130\u00e7 Denetim Komisyonunda g\u00f6rev yapmak \u00fczere se\u00e7ildiler.\n<\/td>\n<\/tr>\n<tr>\n<td>KARAR 12<\/td>\n<\/tr>\n<tr>\n<td>Belediye Ba\u015fkanl\u0131\u011f\u0131m\u0131z \u0130nsan Kaynaklar\u0131 ve E\u011fitim M\u00fcd\u00fcrl\u00fc\u011f\u00fcn\u00fcn 02\/01\/2023 tarih ve 7428 say\u0131l\u0131 yaz\u0131lar\u0131 ile<br \/>\ng\u00fcndeme al\u0131nan\u037e Belediye Ba\u015fkanl\u0131\u011f\u0131m\u0131z ile T\u00fcrk Yerel Hizmet\u00adSen ve Belediye \u0130\u015f Sendikas\u0131 aras\u0131nda  Sendika<br \/>\nS\u00f6zle\u015fmelerini yapmak \u00fczere Belediye Ba\u015fkan\u0131 Saadettin ASLAN&#8217;a yetki verilmesi i\u00e7in Belediyemiz Meclisince karar<br \/>\nal\u0131nmas\u0131 hususunda Olurlar\u0131n\u0131z\u0131  arz ederim. Denilmekte olup, Meclis \u00dcyelerinden Esat K\u00d6SE s\u00f6z ald\u0131. Teklifin<br \/>\nM\u00fcd\u00fcrl\u00fc\u011f\u00fcnden geldi\u011fi gibi kabul edilmesini teklif ediyorum. Dedi. Teklif oylamaya sunuldu. Yap\u0131lan Oylama<br \/>\nneticesinde teklifin m\u00fcd\u00fcrl\u00fc\u011f\u00fcnden geldi\u011fi gibi kabul edilmesine\u037e Belediye Ba\u015fkanl\u0131\u011f\u0131m\u0131z ile T\u00fcrk Yerel Hizmet\u00adSen<br \/>\nve Belediye \u0130\u015f Sendikas\u0131 aras\u0131nda  Sendika S\u00f6zle\u015fmelerini yapmak \u00fczere Belediye Ba\u015fkan\u0131 Saadettin ASLAN&#8217; a yetki<br \/>\nverilmesine oy birli\u011fi ile karar verildi.\n<\/td>\n<\/tr>\n<tr>\n<td>KARAR 13<\/td>\n<\/tr>\n<tr>\n<td>Belediyemiz Plan B\u00fct\u00e7e ve M\u00fc\u015fterek Komisyonun 2023 Y\u0131l\u0131nda \u00e7al\u0131\u015ft\u0131r\u0131lmaya devam olunacak olan tam zamanl\u0131 ve<br \/>\nk\u0131smi zamanl\u0131  s\u00f6zle\u015fmeli Personellere \u00f6denecek \u00fccretlerin belirlenmesi ile ilgili komisyon raporunun g\u00f6r\u00fc\u015f\u00fclmesi. ile<br \/>\nilgili Teklifin G\u00f6r\u00fc\u015f\u00fclmesine ge\u00e7ildi. Komisyon raporunda aynen\u037e<br \/>\nBelediyemiz Meclisince komisyonumuzda g\u00f6r\u00fc\u015f\u00fclmek \u00fczere havale edilen \u037e Belediyemizce 2023 y\u0131l\u0131 i\u00e7erisinde<br \/>\n5393 say\u0131l\u0131 Belediye kanununun 49. Maddesi gere\u011fince \u00e7al\u0131\u015ft\u0131r\u0131lmaya devam olunacak olan Tam Zamanl\u0131 ve k\u0131smi<br \/>\nzamanl\u0131 S\u00f6zle\u015fmeli Personellere \u00f6denecek \u00fccretlerin belirlenmesi ile ilgili teklif komisyonumuzca g\u00f6r\u00fc\u015f\u00fcld\u00fc.<br \/>\nYap\u0131lan g\u00f6r\u00fc\u015fme neticesinde Belediye Ba\u015fkanl\u0131\u011f\u0131m\u0131zca 2023 y\u0131l\u0131nda 5393 Say\u0131l\u0131 Belediye Kanununun 49. Maddesi<br \/>\ngere\u011fince \u00e7al\u0131\u015ft\u0131r\u0131lmaya devam edilecek olan Tam zamanl\u0131 s\u00f6zle\u015fmeli personellere ek \u00f6deme hari\u00e7 olmak \u00fczere \u037e<br \/>\nM\u00fchendislere ayl\u0131k net 8,506,80-TL(SEK\u0130ZB\u0130NBE\u015eY\u00dcZALTIT\u00dcRKL\u0130RASISEKSENKURU\u015e<br \/>\nTeknikerlere ayl\u0131k net  8,506,80-TL(SEK\u0130ZB\u0130NBE\u015eY\u00dcZALTIT\u00dcRKL\u0130RASISEKSENKURU\u015e<br \/>\nProgramc\u0131laraayl\u0131kne 8,506,80\u00adTL(SEK\u0130ZB\u0130NBE\u015eY\u00dcZALTIT\u00dcRKL\u0130RASISEKSENKURU\u015e)<br \/>\nEkonomistlere ayl\u0131k net  9.390,00\u00adTL (DOKUZB\u0130N\u00dc\u00c7Y\u00dcZDOKSANT\u00dcRKL\u0130RASI)<br \/>\nKimyagerlere ayl\u0131k net 8.860,00\u00adTL(SEK\u0130NB\u0130NSEK\u0130ZY\u00dcZALTMI\u015eT\u00dcRKL\u0130RASI)<br \/>\nPeyzaj Mimar\u0131na ayl\u0131k net 8,506,80\u00adTL(SEK\u0130ZB\u0130NBE\u015eY\u00dcZALTIT\u00dcRKL\u0130RASISEKSENKURU\u015e<br \/>\nMimarlara ayl\u0131k net 8,506,80-TL(SEK\u0130ZB\u0130NBE\u015eY\u00dcZALTIT\u00dcRKL\u0130RASISEKSENKURU\u015e Belediye Ba\u015fkanl\u0131\u011f\u0131m\u0131zca<br \/>\n2023 y\u0131l\u0131nda 5393 Say\u0131l\u0131 Belediye Kanununun 49. Maddesi gere\u011fince \u00e7al\u0131\u015ft\u0131r\u0131lmaya devam edilecek olan k\u0131smi<br \/>\nzamanl\u0131 s\u00f6zle\u015fmeli personellerden\u037e<br \/>\nAvukatlara net 5.000\u00adTL (BE\u015eB\u0130NT\u00dcRKL\u0130RASI) + KDV,<br \/>\nVeteriner 5.000\u00adTL (BE\u015eB\u0130NT\u00dcRKL\u0130RASI) + KDV, \u00f6denmesi komisyonumuzca uygun bulunmu\u015ftur.<br \/>\nDenilmekte olup, okunan komisyon raporu oylamaya sunuldu. Yap\u0131lan oylama neticesinde komisyon raporunun<br \/>\nkomisyondan geldi\u011fi gibi kabul\u00fcne  oy birli\u011fi ile karar verildi.\n<\/td>\n<\/tr>\n<tr>\n<td>KARAR 14<\/td>\n<\/tr>\n<tr>\n<td> Belediyemiz \u0130mar ve \u015eehircilik M\u00fc\u015fterek Komisyonunun Mezarl\u0131k yeri tahsisi ile ilgili komisyon raporunun<br \/>\ng\u00f6r\u00fc\u015f\u00fclmesi ve onay\u0131 i\u00e7in Belediyemiz Meclisine havalesini Olurlar\u0131n\u0131za arz ederim. Denilmekte olup, Komisyon<br \/>\nRaporunda aynen; Belediyemiz Meclisince komisyonumuza g\u00f6r\u00fc\u015f\u00fclmek \u00fczere sevk edilen\u037e Adana B\u00fcy\u00fck\u015fehir<br \/>\nBelediye Ba\u015fkanl\u0131\u011f\u0131, Emlak ve \u0130stimlak Dairesi Ba\u015fkanl\u0131\u011f\u0131n\u0131n 17.11.2022 tarih ve 275893 say\u0131l\u0131 yaz\u0131s\u0131nda s\u00f6z konusu<br \/>\nolan ; M\u00fclkiyeti Belediye Ba\u015fkanl\u0131\u011f\u0131m\u0131za ait olan, Adan \u0130li, Karaisal\u0131 \u0130l\u00e7esi, Selamp\u0131nar Mahallesi 1965 ada 2 parsel<br \/>\nsay\u0131l\u0131 7.554,35 m2 y\u00fcz\u00f6l\u00e7\u00fcml\u00fc ta\u015f\u0131nmaz\u0131n mezarl\u0131k olarak kullan\u0131lmas\u0131 i\u00e7in tahsisi talep edilmektedir. Kamu<br \/>\nidarelerine ait ta\u015f\u0131nmazlar\u0131n tahsis ve devri hakk\u0131nda y\u00f6netmeli\u011finin 5393 say\u0131l\u0131 Belediye Kanununun 15 inci<br \/>\nmaddesinin (h) bendine g\u00f6re S\u00f6z konusu 1965 ada 2 parsel say\u0131l\u0131 ta\u015f\u0131nmaz\u0131n Mezarl\u0131k olarak tahsisi yap\u0131labilmesi  ile<br \/>\nilgili teklif komisyonumuzca g\u00f6r\u00fc\u015f\u00fcld\u00fc.  Yap\u0131lan g\u00f6r\u00fc\u015fme neticesinde teklifin m\u00fcd\u00fcrl\u00fc\u011f\u00fcnden geldi\u011fi gibi kabul<br \/>\nedilmesine, M\u00fclkiyeti Belediye Ba\u015fkanl\u0131\u011f\u0131m\u0131za ait Adana ili Karaisal\u0131 il\u00e7esi Selamp\u0131nar Mahallesi 1965 ada 2 parselde<br \/>\nkay\u0131tl\u0131 ta\u015f\u0131nmaz\u0131n mezarl\u0131k olarak kullan\u0131lmak \u00fczere Adana B\u00fcy\u00fck\u015fehir Belediyesine tahsisine oy birli\u011fi ile karar<br \/>\nverildi. Denilmekte olup, okunan komisyon raporu oylamaya sunuldu. Yap\u0131lan oylama neticesinde okunan komisyon<br \/>\nraporunun komisyondan geldi\u011fi gibi kabul edilmesine oy birli\u011fi ile karar verildi.<\/td>\n<\/tr>\n<tr>\n<td>KARAR 15<\/td>\n<\/tr>\n<tr>\n<td>Belediyemiz Plan B\u00fct\u00e7e ve M\u00fc\u015fterek Komisyon raporunun  5393 say\u0131l\u0131 Belediye Kanununun 49. maddesi<br \/>\ngere\u011fince atamas\u0131 yap\u0131lan Belediye Ba\u015fkan Yard\u0131mc\u0131s\u0131n\u0131n 2023 y\u0131l\u0131nda alaca\u011f\u0131 maa\u015f\u0131n Belirlenmesi ile ilgili komisyon<br \/>\nraporunun g\u00f6r\u00fc\u015f\u00fclmesine ge\u00e7ildi. Komisyon Raporunda aynen \u037e 2023 y\u0131l\u0131nda Meclis \u00dcyesi Belediye Ba\u015fkan<br \/>\nYard\u0131mc\u0131l\u0131\u011f\u0131 g\u00f6revine atanan Belediye Ba\u015fkan Yard\u0131mc\u0131lar\u0131na ayl\u0131k 5393 Say\u0131l\u0131 Belediye Kanunun 49. Maddesinde<br \/>\nNorm kadrosunda belediye ba\u015fkan yard\u0131mc\u0131s\u0131 bulunan belediyelerde norm kadro say\u0131s\u0131na ba\u011fl\u0131 kal\u0131nmaks\u0131z\u0131n\u037e<br \/>\nbelediye ba\u015fkan\u0131, zorunlu g\u00f6rd\u00fc\u011f\u00fc takdirde, n\u00fcfusu 50.000&#8217;e kadar olan belediyelerde bir, n\u00fcfusu 50.001\u00ad200.000<br \/>\naras\u0131nda olan belediyelerde iki, n\u00fcfusu 200.001\u00ad500.000 aras\u0131nda olan belediyelerde \u00fc\u00e7, n\u00fcfusu 500.000 ve fazla olan<br \/>\nbelediyelerde d\u00f6rt belediye meclis \u00fcyesini belediye ba\u015fkan yard\u0131mc\u0131s\u0131 olarak g\u00f6revlendirebilir. Bu \u015fekilde<br \/>\ng\u00f6revlendirilen meclis \u00fcyelerine belediye ba\u015fkan\u0131na verilen \u00f6dene\u011fin 2\/3&#8217;\u00fcn\u00fc a\u015fmamak \u00fczere belediye meclisi<br \/>\ntaraf\u0131ndan belirlenecek ayl\u0131k \u00f6denek verilir ve taleplerine g\u00f6re bir sosyal g\u00fcvenlik kurumu ile ili\u015fkilendirilir.<br \/>\nDenilmekte olup, an\u0131lan  kanun do\u011frultusunda ayl\u0131k \u00f6deme yap\u0131lmas\u0131 komisyonumuzca uygun bulunmu\u015ftur.<br \/>\nDenilmekte olup, okunan komisyon raporu oylamaya sunuldu. Yap\u0131lan oylama neticesinde komisyon raporunun<br \/>\nkomisyondan geldi\u011fi gibi kabul edilmesine oy birli\u011fi ile karar verildi.<\/td>\n<\/tr>\n<\/tbody>\n<\/table>\n","protected":false},"excerpt":{"rendered":"<p>KARAR 1 Belediyemiz \u0130nsan Kaynaklar\u0131 ve E\u011fitim M\u00fcd\u00fcrl\u00fc\u011f\u00fcn\u00fcn 28\/12\/2022 tarih ve 7312 say\u0131l\u0131 yaz\u0131lar\u0131 ile g\u00fcndeme al\u0131nan\u037e Belediye Ba\u015fkanl\u0131\u011f\u0131m\u0131z b\u00fcnyesinde 2022 y\u0131l\u0131nda 5393 say\u0131l\u0131 Belediye kanununun 49. maddesi gere\u011fince M\u00fchendis kadrosunda tam zamanl\u0131 olarak \u00e7al\u0131\u015ft\u0131r\u0131lmakta olan personelin 2023 y\u0131l\u0131 \u00fccretinin Belediyemiz Meclisince belirlenmesi hususunda Olurlar\u0131n\u0131za arz ederim. Denilmekte olup Meclis Ba\u015fkan\u0131 teklifin Plan ve B\u00fct\u00e7e [&hellip;]<\/p>\n","protected":false},"author":10,"featured_media":0,"parent":11002,"menu_order":202301,"comment_status":"closed","ping_status":"closed","template":"","meta":{"footnotes":""},"class_list":["post-11007","page","type-page","status-publish","hentry"],"_links":{"self":[{"href":"https:\/\/www.karaisali.bel.tr\/index.php?rest_route=\/wp\/v2\/pages\/11007","targetHints":{"allow":["GET"]}}],"collection":[{"href":"https:\/\/www.karaisali.bel.tr\/index.php?rest_route=\/wp\/v2\/pages"}],"about":[{"href":"https:\/\/www.karaisali.bel.tr\/index.php?rest_route=\/wp\/v2\/types\/page"}],"author":[{"embeddable":true,"href":"https:\/\/www.karaisali.bel.tr\/index.php?rest_route=\/wp\/v2\/users\/10"}],"replies":[{"embeddable":true,"href":"https:\/\/www.karaisali.bel.tr\/index.php?rest_route=%2Fwp%2Fv2%2Fcomments&post=11007"}],"version-history":[{"count":2,"href":"https:\/\/www.karaisali.bel.tr\/index.php?rest_route=\/wp\/v2\/pages\/11007\/revisions"}],"predecessor-version":[{"id":11039,"href":"https:\/\/www.karaisali.bel.tr\/index.php?rest_route=\/wp\/v2\/pages\/11007\/revisions\/11039"}],"up":[{"embeddable":true,"href":"https:\/\/www.karaisali.bel.tr\/index.php?rest_route=\/wp\/v2\/pages\/11002"}],"wp:attachment":[{"href":"https:\/\/www.karaisali.bel.tr\/index.php?rest_route=%2Fwp%2Fv2%2Fmedia&parent=11007"}],"curies":[{"name":"wp","href":"https:\/\/api.w.org\/{rel}","templated":true}]}}