{"id":11000,"date":"2023-01-10T15:59:27","date_gmt":"2023-01-10T12:59:27","guid":{"rendered":"https:\/\/www.karaisali.bel.tr\/?page_id=11000"},"modified":"2023-01-10T15:59:27","modified_gmt":"2023-01-10T12:59:27","slug":"aralik-2022-meclis-kararlari","status":"publish","type":"page","link":"https:\/\/www.karaisali.bel.tr\/?page_id=11000","title":{"rendered":"Aral\u0131k 2022 Meclis Kararlar\u0131"},"content":{"rendered":"<table>\n<tbody>\n<tr>\n<td>KARAR 91<\/td>\n<\/tr>\n<tr>\n<td>Belediyemiz Zab\u0131ta M\u00fcd\u00fcrl\u00fc\u011f\u00fcn\u00fcn 29\/11\/2022 tarih ve  6875 say\u0131l\u0131 yaz\u0131lar\u0131 ile g\u00fcndeme al\u0131nan\u037e G\u00f6revi gere\u011fi<br \/>\nZab\u0131ta Hizmetlerinin s\u00fcreklili\u011fini sa\u011flamak i\u00e7in Ulusal Bayram, Genel Tatil, Hafta Tatili ve g\u00fcn\u00fcn 24 saatinde s\u00fcrekli<br \/>\nhizmet veren zab\u0131tan\u0131n \u00e7al\u0131\u015fma s\u00fcresi ve saatleri 657 Devlet Memurlar\u0131 Kanununda belirtilen \u00e7al\u0131\u015fma s\u00fcresi ve<br \/>\nsaatlerine ba\u011fl\u0131 kalmaks\u0131z\u0131n hizmetin aksat\u0131lmadan y\u00fcr\u00fct\u00fclmesini sa\u011flayacak \u015fekilde d\u00fczenlenmi\u015ftir. Zab\u0131ta<br \/>\nHizmetlerinde g\u00f6rev yapan personele, B\u00fct\u00e7e Kanununun &#8220;K cetveli&#8221; ile belirlenen &#8220;Ayl\u0131k Maktu Fazla \u00c7al\u0131\u015fma<br \/>\n\u00dccreti&#8221; \u00f6denmektedir.    Belediyemiz emrinde 657 say\u0131l\u0131 Devlet Memurlar\u0131 Kanununa tabi olarak g\u00f6rev yapan zab\u0131ta<br \/>\npersoneline 2023 y\u0131l\u0131 i\u00e7in \u00f6denecek mesai \u00fccretinin Bakanlar Kurulunun belirleyece\u011fi tavan \u00fczerinden \u00f6denmesi i\u00e7in<br \/>\n5393 say\u0131l\u0131 Belediye Kanununun 51.maddesi gere\u011fince Belediye Meclisince gerekli karar\u0131n al\u0131nmas\u0131 hususunu arz<br \/>\nederim. Denilmekte olup teklif hakk\u0131nda \u00fcyelerden Mustafa EK\u0130C\u0130 s\u00f6z ald\u0131 . Teklifin Belediyemiz Plan B\u00fct\u00e7e ve<br \/>\nM\u00fc\u015fterek Komisyonunda g\u00f6r\u00fc\u015f\u00fclmek \u00fczere havalesini teklif ediyorum. Dedi. Teklif oylamaya sunuldu. Yap\u0131lan<br \/>\noylama neticesinde teklifin kabul\u00fcne oy birli\u011fi ile karar verildi.\n<\/td>\n<\/tr>\n<tr>\n<td>KARAR 92<\/td>\n<\/tr>\n<tr>\n<td>Belediyemiz Plan B\u00fct\u00e7e M\u00fc\u015fterek Komisyonunun Zab\u0131ta Personeline 2023 y\u0131l\u0131 i\u00e7in \u00f6denecek mesai \u00fccreti ile<br \/>\nilgili komisyon raporunun g\u00f6r\u00fc\u015f\u00fclmesi ve onay\u0131 i\u00e7in Belediyemiz Meclisine havalesini Olurlar\u0131n\u0131za arz ederim.<br \/>\nDenilmekte olup, Komisyon raporunda aynen &#8221; Belediyemiz Zab\u0131ta M\u00fcd\u00fcrl\u00fc\u011f\u00fcn\u00fcn 29\/11\/2022 tarih ve 6875 say\u0131l\u0131<br \/>\nyaz\u0131lar\u0131nda G\u00f6revi gere\u011fi Zab\u0131ta Hizmetlerinin s\u00fcreklili\u011fini sa\u011flamak i\u00e7in Ulusal Bayram, Genel Tatil, Hafta Tatili ve<br \/>\ng\u00fcn\u00fcn 24 saatinde s\u00fcrekli hizmet veren zab\u0131tan\u0131n \u00e7al\u0131\u015fma s\u00fcresi ve saatleri 657 Devlet Memurlar\u0131 Kanununda<br \/>\nbelirtilen \u00e7al\u0131\u015fma s\u00fcresi ve saatlerine ba\u011fl\u0131 kalmaks\u0131z\u0131n hizmetin aksat\u0131lmadan y\u00fcr\u00fct\u00fclmesini sa\u011flayacak \u015fekilde<br \/>\nd\u00fczenlenmi\u015ftir. Zab\u0131ta Hizmetlerinde g\u00f6rev yapan personele, B\u00fct\u00e7e Kanununun &#8220;K cetveli&#8221; ile belirlenen &#8220;Ayl\u0131k<br \/>\nMaktu Fazla \u00c7al\u0131\u015fma \u00dccreti&#8221; \u00f6denmektedir.   Belediyemiz emrinde 657 say\u0131l\u0131 Devlet Memurlar\u0131 Kanununa tabi<br \/>\nolarak g\u00f6rev yapan zab\u0131ta personeline 2023 y\u0131l\u0131 i\u00e7in \u00f6denecek mesai \u00fccretinin Bakanlar Kurulunun belirleyece\u011fi tavan<br \/>\n\u00fczerinden \u00f6denmesi  ilgili teklifi komisyonumuzca g\u00f6r\u00fc\u015f\u00fclerek uygun bulunmu\u015f olup, teklifin m\u00fcd\u00fcrl\u00fc\u011f\u00fcnden geldi\u011fi<br \/>\ngibi kabul edilmesine, Belediyemiz Meclisince g\u00f6r\u00fc\u015f\u00fclmek \u00fczere sunulmas\u0131na oy birli\u011fi ile karar verildi. Denilmekte<br \/>\nolup okunan komisyon raporu oylamaya sunuldu. Yap\u0131lan oylama neticesinde komisyon raporunun komisyondan<br \/>\ngeldi\u011fi gibi kabul edilmesine oy birli\u011fi ile karar verildi.\n<\/td>\n<\/tr>\n<tr>\n<td>KARAR 93<\/td>\n<\/tr>\n<tr>\n<td>Belediyemiz Emlak ve \u0130stimlak M\u00fcd\u00fcrl\u00fc\u011f\u00fcn\u00fcn 02\/12\/2022 tarih ve 6931 say\u0131l\u0131 yaz\u0131lar\u0131nda \u037e Adana B\u00fcy\u00fck\u015fehir<br \/>\nBelediye Ba\u015fkanl\u0131\u011f\u0131, Emlak ve \u0130stimlak Dairesi Ba\u015fkanl\u0131\u011f\u0131n\u0131n 17.11.2022 tarih ve 275893 say\u0131l\u0131 yaz\u0131s\u0131nda s\u00f6z konusu<br \/>\nolan \u037e  M\u00fclkiyeti Belediye Ba\u015fkanl\u0131\u011f\u0131m\u0131za ait olan, Adan \u0130li, Karaisal\u0131 \u0130l\u00e7esi, Selamp\u0131nar Mahallesi 1965 ada 2 parsel<br \/>\nsay\u0131l\u0131 7.554,35 m2 y\u00fcz\u00f6l\u00e7\u00fcml\u00fc ta\u015f\u0131nmaz\u0131n mezarl\u0131k olarak kullan\u0131lmas\u0131 i\u00e7in tahsisi talep edilmektedir.        Kamu<br \/>\nidarelerine ait ta\u015f\u0131nmazlar\u0131n tahsis ve devri hakk\u0131nda y\u00f6netmeli\u011finin 5393 say\u0131l\u0131 Belediye Kanununun 15 inci<br \/>\nmaddesinin (h) bendine g\u00f6re S\u00f6z konusu 1965 ada 2 parsel say\u0131l\u0131 ta\u015f\u0131nmaz\u0131n Mezarl\u0131k olarak tahsisi yap\u0131labilmesi i\u00e7in<br \/>\nBelediye Ba\u015fkanl\u0131\u011f\u0131m\u0131z Meclisinde g\u00f6r\u00fc\u015f\u00fclerek Meclis karar\u0131 al\u0131nmas\u0131 hususunda Olurlar\u0131n\u0131za arz ederim. Denilmekte<br \/>\nolup \u00fcyelerden Mustafa EK\u0130C\u0130 s\u00f6z ald\u0131. Okunan teklifin Belediyemiz \u0130mar ve \u015eehircilik M\u00fc\u015fterek Komisyonunda<br \/>\ng\u00f6r\u00fc\u015f\u00fclmek \u00fczere havalesini talep ediyorum. Dedi. Teklif oylamaya sunuldu. Yap\u0131lan oylama neticesinde teklifin<br \/>\nkabul\u00fcne oy birli\u011fi ile karar verildi.\n<\/td>\n<\/tr>\n<\/tbody>\n<\/table>\n","protected":false},"excerpt":{"rendered":"<p>KARAR 91 Belediyemiz Zab\u0131ta M\u00fcd\u00fcrl\u00fc\u011f\u00fcn\u00fcn 29\/11\/2022 tarih ve 6875 say\u0131l\u0131 yaz\u0131lar\u0131 ile g\u00fcndeme al\u0131nan\u037e G\u00f6revi gere\u011fi Zab\u0131ta Hizmetlerinin s\u00fcreklili\u011fini sa\u011flamak i\u00e7in Ulusal Bayram, Genel Tatil, Hafta Tatili ve g\u00fcn\u00fcn 24 saatinde s\u00fcrekli hizmet veren zab\u0131tan\u0131n \u00e7al\u0131\u015fma s\u00fcresi ve saatleri 657 Devlet Memurlar\u0131 Kanununda belirtilen \u00e7al\u0131\u015fma s\u00fcresi ve saatlerine ba\u011fl\u0131 kalmaks\u0131z\u0131n hizmetin aksat\u0131lmadan y\u00fcr\u00fct\u00fclmesini sa\u011flayacak \u015fekilde [&hellip;]<\/p>\n","protected":false},"author":10,"featured_media":0,"parent":9924,"menu_order":202212,"comment_status":"closed","ping_status":"closed","template":"","meta":{"footnotes":""},"class_list":["post-11000","page","type-page","status-publish","hentry"],"_links":{"self":[{"href":"https:\/\/www.karaisali.bel.tr\/index.php?rest_route=\/wp\/v2\/pages\/11000","targetHints":{"allow":["GET"]}}],"collection":[{"href":"https:\/\/www.karaisali.bel.tr\/index.php?rest_route=\/wp\/v2\/pages"}],"about":[{"href":"https:\/\/www.karaisali.bel.tr\/index.php?rest_route=\/wp\/v2\/types\/page"}],"author":[{"embeddable":true,"href":"https:\/\/www.karaisali.bel.tr\/index.php?rest_route=\/wp\/v2\/users\/10"}],"replies":[{"embeddable":true,"href":"https:\/\/www.karaisali.bel.tr\/index.php?rest_route=%2Fwp%2Fv2%2Fcomments&post=11000"}],"version-history":[{"count":1,"href":"https:\/\/www.karaisali.bel.tr\/index.php?rest_route=\/wp\/v2\/pages\/11000\/revisions"}],"predecessor-version":[{"id":11001,"href":"https:\/\/www.karaisali.bel.tr\/index.php?rest_route=\/wp\/v2\/pages\/11000\/revisions\/11001"}],"up":[{"embeddable":true,"href":"https:\/\/www.karaisali.bel.tr\/index.php?rest_route=\/wp\/v2\/pages\/9924"}],"wp:attachment":[{"href":"https:\/\/www.karaisali.bel.tr\/index.php?rest_route=%2Fwp%2Fv2%2Fmedia&parent=11000"}],"curies":[{"name":"wp","href":"https:\/\/api.w.org\/{rel}","templated":true}]}}