{"id":10996,"date":"2023-01-10T15:50:51","date_gmt":"2023-01-10T12:50:51","guid":{"rendered":"https:\/\/www.karaisali.bel.tr\/?page_id=10996"},"modified":"2023-01-10T15:50:51","modified_gmt":"2023-01-10T12:50:51","slug":"ekim-2022-meclis-kararlari","status":"publish","type":"page","link":"https:\/\/www.karaisali.bel.tr\/?page_id=10996","title":{"rendered":"Ekim 2022 Meclis Kararlar\u0131"},"content":{"rendered":"<table>\n<tbody>\n<tr>\n<td>KARAR 83<\/td>\n<\/tr>\n<tr>\n<td>  Belediyemiz Mali Hizmetler M\u00fcd\u00fcrl\u00fc\u011f\u00fcn\u00fcn 30\/09\/2022 tarih ve 5256 say\u0131l\u0131 yaz\u0131lar ile g\u00fcndeme al\u0131nan\u037e Belediye Ba\u015fkanl\u0131\u011f\u0131m\u0131z 2023 y\u0131l\u0131 b\u00fct\u00e7esi gelir ve gider tablosu yaz\u0131m\u0131z ekinde sunulmu\u015f olup 5393 say\u0131l\u0131 Belediye Kanunu 18\/n maddesi gere\u011fince Belediyemiz Meclisince g\u00f6r\u00fc\u015f\u00fclmek \u00fczere havalesini\u037e        Olurlar\u0131n\u0131za arz ederim. Denilmekte olup teklif hakk\u0131nda s\u00f6z isteyen olup olmad\u0131\u011f\u0131 soruldu. \u00dcyelerden Mustafa EK\u0130C\u0130 s\u00f6z ald\u0131. Arkada\u015flar teklifin Plan B\u00fct\u00e7e ve M\u00fc\u015fterek Komisyonunda g\u00f6r\u00fc\u015f\u00fclmek \u00fczere havalesini teklif ediyorum. Dedi. Teklif oylamaya sunuldu. Yap\u0131lan oylama neticesinde teklifin kabul\u00fcne oy birli\u011fi ile karar verildi.<\/td>\n<\/tr>\n<tr>\n<td>KARAR 84<\/td>\n<\/tr>\n<tr>\n<td>Belediyemiz Mali Hizmetler M\u00fcd\u00fcrl\u00fc\u011f\u00fcn\u00fcn 30\/09\/2022 tarih ve 6258 say\u0131l\u0131 yaz\u0131lar\u0131 ile g\u00fcndeme al\u0131nan\u037e Mali Hizmetler M\u00fcd\u00fcrl\u00fc\u011f\u00fcnce 2023 y\u0131l\u0131 fiyat tarifesi haz\u0131rlanm\u0131\u015f olup yaz\u0131m\u0131z ekinde sunulmu\u015ftur. Belediyemiz Meclisince g\u00f6r\u00fc\u015f\u00fclmek \u00fczere Belediye Meclisine havalesini Olurlar\u0131n\u0131za arz ederim. Denilmekte olup, Teklif hakk\u0131nda s\u00f6z isteyen olup olmad\u0131\u011f\u0131 soruldu. \u00dcyelerden Mustafa EK\u0130C\u0130 s\u00f6z ald\u0131. Arkada\u015flar teklifin Plan B\u00fctce ve M\u00fc\u015fterek Komisyonda g\u00f6r\u00fc\u015f\u00fclmek \u00fczere havalesini teklif ediyorum. Dedi. Teklif oylamaya sunuldu. Yap\u0131lan oylama neticesinde teklifin kabul\u00fcne oy birli\u011fi ile karar verildi.<\/td>\n<\/tr>\n<tr>\n<td>KARAR 85<\/td>\n<\/tr>\n<tr>\n<td>Belediyemiz Fen \u0130\u015fleri M\u00fcd\u00fcrl\u00fc\u011f\u00fcn\u00fcn 29\/09\/2022 tarih ve 6242 say\u0131l\u0131 yaz\u0131lar\u0131 ile g\u00fcndeme al\u0131nan\u037e  \u0130l\u00e7emiz orman sahas\u0131 yo\u011funlu\u011fu bak\u0131m\u0131ndan b\u00fcy\u00fck bir co\u011frafi yap\u0131ya sahiptir. Belediyemizce meydana gelen orman yang\u0131nlar\u0131na ve orman k\u00f6ylerinde bulunan ev yang\u0131nlar\u0131na  her zaman Orman \u0130\u015fletme M\u00fcd\u00fcrl\u00fc\u011f\u00fcne ba\u011fl\u0131 yang\u0131n s\u00f6nd\u00fcrme ve so\u011futma ekipleri ile  beraber 1 adet  su tankeri ile yang\u0131nlara m\u00fcdahale etmekteyiz.  Orman b\u00f6lgesinin \u00e7ok olmas\u0131 sebebiyle  1 adet su tankeri yetersiz gelmektedir. Olas\u0131 orman ve ev yang\u0131nlar\u0131na daha sa\u011fl\u0131kl\u0131 ve h\u0131zl\u0131 bir \u015fekilde hizmet vermek amac\u0131  ile 1 adet araz\u00f6z (arazili 4&#215;4) ile 1 adet pikab\u0131n (arazili 4&#215;4) Orman Genel M\u00fcd\u00fcrl\u00fc\u011f\u00fcnce Belediye Ba\u015fkanl\u0131\u011f\u0131m\u0131za hibe edilmesi , hibe edilemedi\u011fi takdirde sat\u0131n alma yolu ile al\u0131nmas\u0131 i\u00e7in Belediyemiz Meclisince g\u00f6r\u00fc\u015f\u00fclmek \u00fczere havalesini Olurlar\u0131n\u0131za arz ederim. Denilmekte olup, teklif oylamaya sunuldu. Yap\u0131lan Oylama neticesinde Teklifin M\u00fcd\u00fcrl\u00fc\u011f\u00fcnden geldi\u011fi gibi kabul edilmesine , hibe veya sat\u0131n alma i\u015flemlerini yapmak \u00fczere Belediye Ba\u015fkan\u0131 Saadettin ASLAN &#8216;a yetki verilmesine oy birli\u011fi ile karar verildi. GERE\u011e\u0130 \u0130\u00c7\u0130 FEN \u0130\u015eLER\u0130 M\u00dcD\u00dcRL\u00dc\u011e\u00dc<\/td>\n<\/tr>\n<tr>\n<td>KARAR 86<\/td>\n<\/tr>\n<tr>\n<td>Belediyemiz Plan B\u00fct\u00e7e M\u00fc\u015fterek Komisyonunun 2023 y\u0131l\u0131 B\u00fct\u00e7esi ile ilgili komisyon raporunun g\u00f6r\u00fc\u015f\u00fclmesi ve onay\u0131 i\u00e7in Belediyemiz Meclisine havalesini Olurlar\u0131n\u0131za arz ederim. Denilmekte olup komisyon raporunda aynen &#8220;Belediyemiz Meclisince komisyonumuzda g\u00f6r\u00fc\u015f\u00fclmek \u00fczere havale edilen Belediyemiz Mali Hizmetler M\u00fcd\u00fcrl\u00fc\u011f\u00fcn\u00fcn 28\/09\/2021 tarih ve E.2343 say\u0131l\u0131 yaz\u0131lar\u0131 ekinde komisyonumuza sunulan   2022 y\u0131l\u0131  B\u00fct\u00e7esi gelir ve gider tablosu komisyonumuzca g\u00f6r\u00fc\u015f\u00fclmek \u00fczere Belediyemiz Meclis Toplant\u0131 salonunda 06\/10\/2022 tarihinde toplanm\u0131\u015f olup,   2023 Y\u0131l\u0131 B\u00fct\u00e7esi gelir ve gider tablolar\u0131 tek tek incelenerek 75.000.000,00\u00adTL \u2018lik (YETM\u0130\u015eBE\u015eM\u0130LYONT\u00dcRKL\u0130RASI)  b\u00fct\u00e7enin uygunlu\u011funa, karar\u0131m\u0131z\u0131n Belediyemiz Meclisine sunulmas\u0131na oy birli\u011fi ile karar verildi. Denilmekte olup okunan komisyon raporu oylamaya sunuldu. Yap\u0131lan oylama neticesinde komisyon raporunun komisyondan geldi\u011fi gibi kabul edilmesine oy birli\u011fi ile karar verildi.<\/td>\n<\/tr>\n<\/tbody>\n<\/table>\n","protected":false},"excerpt":{"rendered":"<p>KARAR 83 Belediyemiz Mali Hizmetler M\u00fcd\u00fcrl\u00fc\u011f\u00fcn\u00fcn 30\/09\/2022 tarih ve 5256 say\u0131l\u0131 yaz\u0131lar ile g\u00fcndeme al\u0131nan\u037e Belediye Ba\u015fkanl\u0131\u011f\u0131m\u0131z 2023 y\u0131l\u0131 b\u00fct\u00e7esi gelir ve gider tablosu yaz\u0131m\u0131z ekinde sunulmu\u015f olup 5393 say\u0131l\u0131 Belediye Kanunu 18\/n maddesi gere\u011fince Belediyemiz Meclisince g\u00f6r\u00fc\u015f\u00fclmek \u00fczere havalesini\u037e Olurlar\u0131n\u0131za arz ederim. Denilmekte olup teklif hakk\u0131nda s\u00f6z isteyen olup olmad\u0131\u011f\u0131 soruldu. \u00dcyelerden Mustafa EK\u0130C\u0130 [&hellip;]<\/p>\n","protected":false},"author":10,"featured_media":0,"parent":9924,"menu_order":202210,"comment_status":"closed","ping_status":"closed","template":"","meta":{"footnotes":""},"class_list":["post-10996","page","type-page","status-publish","hentry"],"_links":{"self":[{"href":"https:\/\/www.karaisali.bel.tr\/index.php?rest_route=\/wp\/v2\/pages\/10996","targetHints":{"allow":["GET"]}}],"collection":[{"href":"https:\/\/www.karaisali.bel.tr\/index.php?rest_route=\/wp\/v2\/pages"}],"about":[{"href":"https:\/\/www.karaisali.bel.tr\/index.php?rest_route=\/wp\/v2\/types\/page"}],"author":[{"embeddable":true,"href":"https:\/\/www.karaisali.bel.tr\/index.php?rest_route=\/wp\/v2\/users\/10"}],"replies":[{"embeddable":true,"href":"https:\/\/www.karaisali.bel.tr\/index.php?rest_route=%2Fwp%2Fv2%2Fcomments&post=10996"}],"version-history":[{"count":1,"href":"https:\/\/www.karaisali.bel.tr\/index.php?rest_route=\/wp\/v2\/pages\/10996\/revisions"}],"predecessor-version":[{"id":10997,"href":"https:\/\/www.karaisali.bel.tr\/index.php?rest_route=\/wp\/v2\/pages\/10996\/revisions\/10997"}],"up":[{"embeddable":true,"href":"https:\/\/www.karaisali.bel.tr\/index.php?rest_route=\/wp\/v2\/pages\/9924"}],"wp:attachment":[{"href":"https:\/\/www.karaisali.bel.tr\/index.php?rest_route=%2Fwp%2Fv2%2Fmedia&parent=10996"}],"curies":[{"name":"wp","href":"https:\/\/api.w.org\/{rel}","templated":true}]}}