{"id":10984,"date":"2022-12-01T17:06:24","date_gmt":"2022-12-01T14:06:24","guid":{"rendered":"https:\/\/www.karaisali.bel.tr\/?page_id=10984"},"modified":"2022-12-16T14:11:53","modified_gmt":"2022-12-16T11:11:53","slug":"etik-kurulu","status":"publish","type":"page","link":"https:\/\/www.karaisali.bel.tr\/?page_id=10984","title":{"rendered":"Etik Kurulu"},"content":{"rendered":"<p><strong>ET\u0130K KURULU<\/strong><\/p>\n<p><strong>KARA\u0130SALI BELED\u0130YE BA\u015eKANLI\u011eI ET\u0130K KOM\u0130SYONU KURULMASI<\/strong><\/p>\n<p><strong>KAMU G\u00d6REVL\u0130LER\u0130 ET\u0130K KURULU KURULMASI HAKKINDA<\/strong><\/p>\n<p>5176 say\u0131l\u0131 Kamu G\u00f6revlileri Etik Kurulu Kurulmas\u0131 ve Baz\u0131 Kanunlarda De\u011fi\u015fiklik Yap\u0131lmas\u0131 Hakk\u0131nda Kanun 8 Haziran 2004 tarih ve 25486 say\u0131l\u0131, Etik Kurulu\u2019nun Ba\u015fkan ve \u00dcyelerinin atanmas\u0131na ili\u015fkin 2004\/7791 say\u0131l\u0131 Bakanlar Kurulu Karar\u0131 9 Eyl\u00fcl 2004 tarih ve 25578 say\u0131l\u0131, Kamu G\u00f6revlileri Etik Davran\u0131\u015f \u0130lkeleri ile Ba\u015fvuru ve Esaslar\u0131 Hakk\u0131nda Y\u00f6netmelik ise 13 Nisan 2005 tarih ve 25785 say\u0131l\u0131 Resmi Gazetelerde yay\u0131mlanarak y\u00fcr\u00fcrl\u00fc\u011fe girmi\u015ftir.<\/p>\n<p>Bu y\u00f6netmeli\u011fin amac\u0131; kamuda etik k\u00fclt\u00fcr\u00fcn\u00fc yerle\u015ftirmek, kamu g\u00f6revlilerinin g\u00f6revlerini y\u00fcr\u00fct\u00fcrken uymalar\u0131 gereken etik davran\u0131\u015f ilkelerini belirlemek, bu ilkelere uygun davran\u0131\u015f g\u00f6stermeleri a\u00e7\u0131s\u0131ndan onlara yard\u0131mc\u0131 olmak ve g\u00f6revlerin yerine getirilmesinde adalet, d\u00fcr\u00fcstl\u00fck, saydaml\u0131k ve tarafs\u0131zl\u0131k ilkelerine zarar veren ve toplumda g\u00fcvensizlik yaratan durumlar\u0131 ortadan kald\u0131rmak suretiyle kamu y\u00f6netimine halk\u0131n g\u00fcvenini art\u0131rmak toplumu kamu g\u00f6revlilerinden beklemeye hakk\u0131 oldu\u011fu davran\u0131\u015flar konusunda bilgilendirmek ve kurula ba\u015fvuru usul ve esaslar\u0131n\u0131 d\u00fczenlemektir.<\/p>\n<p><strong>ET\u0130K KOM\u0130SYONUMUZUN TE\u015eK\u0130L\u0130 VE G\u00d6REVLER\u0130<\/strong><\/p>\n<p>13.04.2005 tarih ve 25785 Say\u0131l\u0131 Resmi Gazetede yay\u0131nlanarak y\u00fcr\u00fcrl\u00fc\u011fe giren Kamu G\u00f6revlileri Etik Davran\u0131\u015f \u0130lkeleri ile Ba\u015fvuru Usul ve Esaslar\u0131 Hakk\u0131nda Y\u00f6netmeli\u011fin 29 \u00fcnc\u00fc maddesi gere\u011fince Belediye Ba\u015fkanl\u0131\u011f\u0131m\u0131zca Etik Komisyon olu\u015fturulmu\u015ftur.<\/p>\n<p>Etik Komisyonunun g\u00f6revi kurum ve kurulu\u015flarda, etik k\u00fclt\u00fcr\u00fcn\u00fc yerle\u015ftirmek ve geli\u015ftirmek, personelin etik davran\u0131\u015f ilkeleri konusunda kar\u015f\u0131la\u015ft\u0131klar\u0131 sorunlarla ilgili olarak tavsiyelerde ve y\u00f6nlendirmede bulunmak ve etik uygulamalar\u0131 de\u011ferlendirmektir.<\/p>\n<p>Etik Komisyonu \u00fcyelerinin ne kadar s\u00fcreyle g\u00f6rev yapaca\u011f\u0131 ve di\u011fer hususlar, Belediye Ba\u015fkan\u0131m\u0131z taraf\u0131ndan belirlenir. Etik komisyonu, Kamu G\u00f6revlileri Etik Kurulu ile i\u015fbirli\u011fi i\u00e7inde \u00e7al\u0131\u015fmaktad\u0131r.<\/p>\n<p>Kamu G\u00f6revlileri Etik Kurulu\u2019nca 2008 y\u0131l\u0131ndan itibaren her y\u0131l 25 May\u0131s g\u00fcn\u00fcn\u00fcn \u00fclke genelinde\u00a0 \u201c Etik G\u00fcn\u00fc\u201d , ayn\u0131 g\u00fcn\u00fcn yer ald\u0131\u011f\u0131 haftan\u0131n da \u201cEtik Haftas\u0131\u201d olarak kutlanmas\u0131n\u0131n kararla\u015ft\u0131r\u0131lm\u0131\u015ft\u0131r.<\/p>\n<p><strong>ET\u0130K TANIMI:<\/strong><\/p>\n<p><strong>\u00a0<\/strong>Etik, genellikle haklar, y\u00fck\u00fcml\u00fcl\u00fckler, topluma yararlar\u0131, adalet veya belirli erdemler anlam\u0131nda insanlar\u0131n yapmas\u0131 gerekenleri belirleyen k\u00f6kl\u00fc do\u011fru ve yanl\u0131\u015f standartlara dayan\u0131r.<\/p>\n<p>&nbsp;<\/p>\n<p>&nbsp;<\/p>\n<p><strong>\u00a0<\/strong><\/p>\n<p><strong>ET\u0130K K\u00dcLT\u00dcR\u00dc NED\u0130R<\/strong><\/p>\n<p>Hesap verebilirlik, y\u00f6netime kat\u0131lma, bilgi edinme ve saydaml\u0131k, g\u00fcven ve vatanda\u015f memnuniyeti gibi ilke ve de\u011ferler, vatanda\u015flar\u0131n kamu y\u00f6netimi kar\u015f\u0131s\u0131ndaki konumunu daha da g\u00fc\u00e7lendirmi\u015f bulunmaktad\u0131r. Bu ilke ve de\u011ferler, ayn\u0131 zamanda etik davran\u0131\u015f ilkelerini olu\u015fturmaktad\u0131r.<\/p>\n<p><strong>ET\u0130K KAVRAMI<\/strong><\/p>\n<p>Etik, bireylerin gruplarla, toplumla, \u00f6rg\u00fctlerle ve birbirleriyle do\u011fru ili\u015fkiler kurma y\u00f6ntemlerini ara\u015ft\u0131ran ve bunlarla ilgilenen bir disiplin dal\u0131d\u0131r. Etik, ki\u015finin davran\u0131\u015flar\u0131na temel olan ahlak ilkelerinin t\u00fcm\u00fc olarak ifade edilebilir. Ba\u015fka bir ifade ile etik, insanlara \u2018\u2018i\u015flerin nas\u0131l yap\u0131lmas\u0131 gerekti\u011fini\u2019\u2019 belirlemede yard\u0131mc\u0131 olan yol g\u00f6sterici de\u011ferler, ilkeler ve standartlard\u0131r.<\/p>\n<p>Ki\u015finin davran\u0131\u015flar\u0131na temel olan ahlak ilkelerinin t\u00fcm\u00fc olarak ifade edilmektedir.<\/p>\n<p><strong>Etik Davran\u0131\u015f \u0130lkeleri<\/strong><\/p>\n<p><strong>1.<\/strong>G\u00f6revin Yerine Getirilmesinde Kamu Hizmeti Bilinci<\/p>\n<p><strong>2.<\/strong>Halka Hizmet Bilinci<\/p>\n<p><strong>3.<\/strong>Hizmet Standartlar\u0131na Uyma<\/p>\n<p><strong>4.<\/strong>Ama\u00e7 ve Misyona Ba\u011fl\u0131l\u0131k<\/p>\n<p><strong>5.<\/strong>D\u00fcr\u00fcstl\u00fck ve Tarafs\u0131zl\u0131k<\/p>\n<p><strong>6.<\/strong>Cinsiyet E\u015fitli\u011fi Bilinci<\/p>\n<p><strong>7.<\/strong>Sayg\u0131nl\u0131k ve G\u00fcven<\/p>\n<p><strong>8.<\/strong>Nezaket ve Sayg\u0131<\/p>\n<p><strong>9.<\/strong>Yetkili Makamlara Bildirim<\/p>\n<p><strong>10.<\/strong>\u00c7\u0131kar \u00c7at\u0131\u015fmas\u0131ndan Ka\u00e7\u0131nma<\/p>\n<p><strong>11.<\/strong>G\u00f6rev ve Yetkilerin Menfaat Sa\u011flamak Amac\u0131yla Kullan\u0131lmamas\u0131<\/p>\n<p><strong>12.<\/strong>Hediye Alma ve Menfaat Sa\u011flama Yasa\u011f\u0131<\/p>\n<p><strong>13.<\/strong>Kamu Mallar\u0131 ve Kaynaklar\u0131n\u0131n Kullan\u0131m\u0131 Esaslar\u0131<\/p>\n<p><strong>14.<\/strong>Bilgi ve Belgelerin Muhafazas\u0131 Gizlili\u011fin Korunmas\u0131 Ba\u011flay\u0131c\u0131 A\u00e7\u0131klama Yapmama ve Ger\u00e7ek D\u0131\u015f\u0131<\/p>\n<p><strong>15.<\/strong>Beyanda Bulunmama<\/p>\n<p><strong>16.<\/strong>Bilgi Verme Saydaml\u0131k Ve Kat\u0131l\u0131mc\u0131l\u0131k<\/p>\n<p><strong>17.<\/strong>Y\u00f6netim Sorumlulu\u011fu \u00c7er\u00e7evesinde Hesap Verme<\/p>\n<p><strong>18.<\/strong>Eski Kamu G\u00f6revlileriyle \u0130li\u015fkiler<\/p>\n<p><strong>19.<\/strong>Mal Bildiriminde Bulunma<\/p>\n<p><strong>20.<\/strong>Adil \u0130\u015f Y\u00fck\u00fc Da\u011f\u0131l\u0131m\u0131<\/p>\n<p><strong>21.<\/strong>\u0130\u00e7 Mevzuat H\u00fck\u00fcmlerine Uyma<\/p>\n<p><strong>22.<\/strong>K\u0131l\u0131k ve K\u0131yafetle \u0130lgili Kurallar<\/p>\n<p><strong>23.<\/strong>\u00c7al\u0131\u015fma Ortam\u0131<\/p>\n<p><strong>24.<\/strong>\u0130dare Personeli Hakk\u0131ndaki \u015eik\u00e2yetler ve Personelin Ki\u015fisel Sayg\u0131nl\u0131\u011f\u0131n\u0131n Korunmas\u0131<\/p>\n<p><strong>\u00a0<\/strong><\/p>\n<p><strong>\u00a0<\/strong><\/p>\n<p><strong>MEVZUAT<\/strong><\/p>\n<p><strong>1-\u00a0<\/strong>Etik Kurulunun Ba\u015fkan ve \u00dcyelerinin atanmas\u0131na ili\u015fkin 2004\/7791 say\u0131l\u0131 Bakanlar Kurulu Karar\u0131 9 Eyl\u00fcl 2004 tarih ve 25578 say\u0131l\u0131 Resmi Gazetede yay\u0131mlanarak y\u00fcr\u00fcrl\u00fc\u011fe girmi\u015ftir.<\/p>\n<p><strong>2-<\/strong>5176 Say\u0131l\u0131 Kamu G\u00f6revlileri Etik Kurulu Kurulmas\u0131 ve Baz\u0131 Kanunlarda De\u011fi\u015fiklik Yap\u0131lmas\u0131 Hakk\u0131nda Kanunu, 8 Haziran 2004 tarih ve 25486 say\u0131l\u0131 Resmi Gazetede yay\u0131mlanarak y\u00fcr\u00fcrl\u00fc\u011fe girmi\u015ftir.<\/p>\n<p><strong>3-<\/strong>Kamu G\u00f6revlileri Etik Davran\u0131\u015f \u0130lkeleri \u0130le Ba\u015fvuru Usul Ve Esaslar\u0131 Hakk\u0131nda Y\u00f6netmeli\u011fi, 13 Nisan 2005 tarih ve 25785 say\u0131l\u0131 Resmi Gazetede yay\u0131mlanarak y\u00fcr\u00fcrl\u00fc\u011fe girmi\u015ftir.<\/p>\n<p>&nbsp;<\/p>\n<p><strong>ET\u0130K KOM\u0130SYONU \u00dcYELER\u0130<\/strong><\/p>\n<p>Ba\u015fkanl\u0131k Makam\u0131n\u0131n 25.11.2022 tarih ve E-6849 say\u0131l\u0131 OLUR\u2019lar\u0131 ile kurulmu\u015ftur.<\/p>\n<p><strong>1-<\/strong>\u00a0Hamdi \u00c7OPUR &#8211; Ba\u015fkan Yard\u0131mc\u0131s\u0131<\/p>\n<p><strong>2-<\/strong>\u00a0Nurettin BULUT &#8211; Temizlik \u0130\u015fleri M\u00fcd\u00fcr\u00fc<\/p>\n<p><strong>3-<\/strong>\u00a0Cumali I\u015eIK &#8211; \u0130nsan Kaynaklar\u0131 ve E\u011fitim M\u00fcd\u00fcr\u00fc<\/p>\n<p>&nbsp;<\/p>\n<p>Etik Komisyonu ilk yap\u0131lacak mahalli idareler genel se\u00e7imlerine kadar g\u00f6revlerini s\u00fcrd\u00fcrecektir.<\/p>\n<p><strong>Etik Komisyonunun G\u00d6REVLER\u0130<\/strong><\/p>\n<p><strong>1-<\/strong>Kurum i\u00e7i etik seminerleri vermek,<\/p>\n<p><strong>2-<\/strong>Etik k\u00fclt\u00fcr\u00fcn\u00fc yerle\u015ftirmek ve geli\u015ftirmek,<\/p>\n<p><strong>3-<\/strong>Personelin etik davran\u0131\u015f ilkeleri konusunda kar\u015f\u0131la\u015ft\u0131klar\u0131 sorunlarla ilgili olarak tavsiyelerde ve y\u00f6nlendirmelerde bulunmak,<\/p>\n<p><strong>4-<\/strong>Etik uygulamalar\u0131 de\u011ferlendirmek,<\/p>\n<p><strong>ET\u0130K KOM\u0130SYONUMUZUN TE\u015eK\u0130L\u0130 VE G\u00d6REVLER\u0130<\/strong><\/p>\n<p>13.04.2005 tarih ve 25785 Say\u0131l\u0131 Resmi Gazetede yay\u0131nlanarak y\u00fcr\u00fcrl\u00fc\u011fe giren Kamu G\u00f6revlileri Etik Davran\u0131\u015f \u0130lkeleri ile Ba\u015fvuru Usul ve Esaslar\u0131 Hakk\u0131nda Y\u00f6netmeli\u011fin 29 \u00fcnc\u00fc maddesi gere\u011fince Belediye Ba\u015fkanl\u0131\u011f\u0131m\u0131zca Etik Komisyon olu\u015fturulmu\u015ftur.<\/p>\n<p>Etik Komisyonunun g\u00f6revi kurum ve kurulu\u015flarda, etik k\u00fclt\u00fcr\u00fcn\u00fc yerle\u015ftirmek ve geli\u015ftirmek, personelin etik davran\u0131\u015f ilkeleri konusunda kar\u015f\u0131la\u015ft\u0131klar\u0131 sorunlarla ilgili olarak tavsiyelerde ve y\u00f6nlendirmede bulunmak ve etik uygulamalar\u0131 de\u011ferlendirmektir.<\/p>\n<p>Etik Komisyonu \u00fcyelerinin ne kadar s\u00fcreyle g\u00f6rev yapaca\u011f\u0131 ve di\u011fer hususlar, Belediye Ba\u015fkan\u0131m\u0131z taraf\u0131ndan belirlenir. Etik komisyonu, Ba\u015fbakanl\u0131k Kamu G\u00f6revlileri Etik Kurulu ile i\u015fbirli\u011fi i\u00e7inde \u00e7al\u0131\u015fmaktad\u0131r.<\/p>\n<p>Kamu G\u00f6revlileri Etik Kurulu\u2019nca 2008 y\u0131l\u0131ndan itibaren her y\u0131l 25 May\u0131s g\u00fcn\u00fcn\u00fcn \u00fclke genelinde\u00a0 \u201c Etik G\u00fcn\u00fc\u201d , ayn\u0131 g\u00fcn\u00fcn yer ald\u0131\u011f\u0131 haftan\u0131n da \u201cEtik Haftas\u0131\u201d olarak kutlanmas\u0131n\u0131n kararla\u015ft\u0131r\u0131lm\u0131\u015ft\u0131r.<\/p>\n<p><strong>FAAL\u0130YETLER\u0130<\/strong><\/p>\n<p>Kamu G\u00f6revlileri Etik Davran\u0131\u015f \u0130lkeleri ile ba\u015fvuru usul ve esaslar\u0131 hakk\u0131ndaki Y\u00f6netmelik y\u00fcr\u00fcrl\u00fc\u011fe girdi\u011fi tarihten sonra Ek: 1 Kamu G\u00f6revlileri Etik S\u00f6zle\u015fmesi t\u00fcm personele imzalat\u0131larak \u00f6zl\u00fck dosyalar\u0131na konulmu\u015ftur. G\u00f6reve yeni ba\u015flayan personellere de g\u00f6revine ba\u015flad\u0131\u011f\u0131 tarihten itibaren imzalat\u0131larak \u00f6zl\u00fck dosyalar\u0131na konulmaktad\u0131r.<\/p>\n<p>Ayr\u0131ca yeni g\u00f6reve ba\u015flayan Aday Memurlara \u201cAdayl\u0131k s\u00fcresinde verilen hizmeti\u00e7i e\u011fitimlerde\u201d Kamu G\u00f6revlileri Etik Davran\u0131\u015f \u0130lkeleri ile ilgili e\u011fitim verilmektedir.<\/p>\n<ol>\n<li>25.5.2004 tarihli ve 5176 say\u0131l\u0131 Kamu G\u00f6revlileri Etik Kurulu Kurulmas\u0131 ve Baz\u0131 Kanunlarda De\u011fi\u015fiklik Yap\u0131lmas\u0131 Hakk\u0131nda Kanunun 3 ve 7 inci maddelerine dayan\u0131larak haz\u0131rlan\u0131p 13.04.2005 tarihli Resmi Gazetede yay\u0131mlanarak y\u00fcr\u00fcrl\u00fc\u011fe giren Kamu G\u00f6revlileri Etik Davran\u0131\u015f \u0130lkeleri ile Ba\u015fvuru Usul ve Esaslar\u0131 Hakk\u0131nda Y\u00f6netmeli\u011fin Kurumsal Etik \u0130lkeleri ba\u015fl\u0131kl\u0131 26 \u0131nci Maddesi gere\u011fince y\u00fcr\u00fctmekte oldu\u011fumuz hizmetle ilgili olarak etik davran\u0131\u015f ilkelerinin tespitine y\u00f6nelik Ba\u015fkanl\u0131\u011f\u0131m\u0131z birimlerinin g\u00f6r\u00fc\u015f ve \u00f6nerilerini almak \u00fczere belediyemizde \u00e7al\u0131\u015fma ba\u015flat\u0131lm\u0131\u015ft\u0131r.<\/li>\n<li>Belediye Ba\u015fkanl\u0131\u011f\u0131m\u0131zda \u00e7al\u0131\u015fan t\u00fcm personelin Kamu G\u00f6revlileri Etik Davran\u0131\u015f \u0130lkeleri ile Ba\u015fvuru Usul ve Esaslar\u0131 Hakk\u0131nda Y\u00f6netmelikte belirtilen esas ve usullerin en iyi \u015fekilde uygulanabilmesini sa\u011flamak ve ayn\u0131 zamanda Etik Davran\u0131\u015f ilkeleri ile ilgili bir kurum k\u00fclt\u00fcr\u00fc olu\u015fturmak amac\u0131yla \u0130nsan Kaynaklar ve E\u011fitim M\u00fcd\u00fcrl\u00fc\u011f\u00fc b\u00fcnyesinde, Belediyemiz \u00e7al\u0131\u015fanlar\u0131na y\u00f6nelik hizmet i\u00e7i e\u011fitim seminer ve programlar\u0131n\u0131n d\u00fczenlenmesi \u00e7al\u0131\u015fmas\u0131 yap\u0131lacakt\u0131r.<\/li>\n<\/ol>\n<p>&nbsp;<\/p>\n<p>&nbsp;<\/p>\n<p>&nbsp;<\/p>\n<p><strong>EK<\/strong><strong>: 1<\/strong><\/p>\n<p><strong>KARA\u0130SALI\u00a0 BELED\u0130YE BA\u015eKANLI\u011eI<\/strong><\/p>\n<p><strong>KAMU G\u00d6REVL\u0130LER\u0130 ET\u0130K S\u00d6ZLE\u015eMES\u0130<\/strong><\/p>\n<p>Kamu hizmetlerinin her t\u00fcrl\u00fc \u00f6zel \u00e7\u0131kar\u0131n \u00fczerinde oldu\u011fu ve kamu g\u00f6revlisinin halk\u0131n hizmetinde bulundu\u011fu bilin\u00e7 ve anlay\u0131\u015f\u0131yla;<\/p>\n<p><strong>1-<\/strong>\u00a0Halk\u0131n g\u00fcnl\u00fck ya\u015fam\u0131n\u0131 kolayla\u015ft\u0131rmak, ihtiya\u00e7lar\u0131n\u0131 en etkin, h\u0131zl\u0131 ve verimli bi\u00e7imde kar\u015f\u0131lamak, hizmet kalitesini y\u00fckseltmek ve toplumun memnuniyetini art\u0131rmak i\u00e7in \u00e7al\u0131\u015fmay\u0131,<\/p>\n<p><strong>2-<\/strong>\u00a0G\u00f6revimi insan haklar\u0131na sayg\u0131, saydaml\u0131k, kat\u0131l\u0131mc\u0131l\u0131k, d\u00fcr\u00fcstl\u00fck, hesap verebilirlik, kamu yarar\u0131n\u0131 g\u00f6zetme ve hukukun \u00fcst\u00fcnl\u00fc\u011f\u00fc ilkeleri do\u011frultusunda yerine getirmeyi,<\/p>\n<p><strong>3-<\/strong>\u00a0Dil, din, felsefi inan\u00e7, siyasi d\u00fc\u015f\u00fcnce, \u0131rk, ya\u015f, bedensel engelli ve cinsiyet ayr\u0131m\u0131 yapmadan, f\u0131rsat e\u015fitli\u011fini engelleyici davran\u0131\u015f ve uygulamalara meydan vermeden tarafs\u0131zl\u0131k i\u00e7erisinde hizmet gereklerine uygun davranmay\u0131,<\/p>\n<p><strong>4-<\/strong>\u00a0G\u00f6revimi, g\u00f6revle ili\u015fkisi bulunan hi\u00e7bir ger\u00e7ek veya t\u00fczel ki\u015fiden hediye almadan, maddi ve manevi fayda veya bu nitelikte herhangi bir \u00e7\u0131kar sa\u011flamadan, herhangi bir \u00f6zel menfaat beklentisi i\u00e7inde olmadan yerine getirmeyi,<\/p>\n<p><strong>5-<\/strong>\u00a0Kamu mallar\u0131 ve kaynaklar\u0131n\u0131 kamusal ama\u00e7lar ve hizmet gerekleri d\u0131\u015f\u0131nda kullanmamay\u0131 ve kulland\u0131rmamay\u0131, bu mal ve kaynaklar\u0131 israf etmemeyi,<\/p>\n<p><strong>6-<\/strong>\u00a0Ki\u015filerin dilek\u00e7e, bilgi edinme, \u015fik\u00e2yet ve dava a\u00e7ma haklar\u0131na sayg\u0131l\u0131 davranmay\u0131, hizmetten yararlananlara, \u00e7al\u0131\u015fma arkada\u015flar\u0131ma ve di\u011fer muhataplar\u0131ma kar\u015f\u0131 ilgili, nazik, \u00f6l\u00e7\u00fcl\u00fc ve sayg\u0131l\u0131 hareket etmeyi,<\/p>\n<p>7-Kamu G\u00f6revlileri Etik Kurulunca haz\u0131rlanan y\u00f6netmeliklerle belirlenen etik davran\u0131\u015f ilke ve de\u011ferlerine ba\u011fl\u0131 olarak g\u00f6rev yapmay\u0131 ve hizmet sunmay\u0131 taahh\u00fct ederim.<\/p>\n<p>&nbsp;<\/p>\n<p>&nbsp;<\/p>\n<p>Ad\u0131 :\u00a0\u00a0\u00a0\u00a0\u00a0\u00a0\u00a0\u00a0\u00a0\u00a0\u00a0\u00a0\u00a0\u00a0\u00a0\u00a0\u00a0\u00a0\u00a0\u00a0\u00a0\u00a0\u00a0\u00a0\u00a0\u00a0\u00a0\u00a0\u00a0\u00a0\u00a0\u00a0\u00a0\u00a0\u00a0\u00a0\u00a0\u00a0\u00a0\u00a0\u00a0\u00a0\u00a0\u00a0\u00a0\u00a0\u00a0\u00a0\u00a0\u00a0\u00a0\u00a0\u00a0\u00a0\u00a0\u00a0\u00a0\u00a0\u00a0\u00a0\u00a0\u00a0\u00a0\u00a0\u00a0\u00a0\u00a0\u00a0\u00a0\u00a0\u00a0\u00a0\u00a0\u00a0\u00a0\u00a0\u00a0\u00a0\u00a0\u00a0\u00a0\u00a0\u00a0\u00a0\u00a0\u00a0 \u00a0\u00a0\u00a0\u00a0\u00a0\u00a0\u00a0\u00a0\u00a0\u00a0\u00a0\u00a0\u00a0\u00a0\u00a0\u00a0\u00a0Tarih : &#8230;.. \/&#8230;.. \/ &#8230;&#8230;..<\/p>\n<p>Soyad\u0131:<\/p>\n<p>\u0130mza:<\/p>\n<p>Sicil No:<\/p>\n<p><strong>\u00a0<\/strong><\/p>\n<p>&nbsp;<\/p>\n<p><strong>EK:2<\/strong><\/p>\n<p><strong>\u015e\u0130KAYET BA\u015eVURU \u015eARTLARI<\/strong><\/p>\n<p>&nbsp;<\/p>\n<p>Karaisal\u0131 Belediyesi Etik Komisyonuna ba\u015fvuru, Karaisal\u0131 Belediyesi \u0130nsan Kaynaklar\u0131 ve E\u011fitim M\u00fcd\u00fcrl\u00fc\u011f\u00fcne dilek\u00e7e ile yap\u0131l\u0131r. Ba\u015fvurunuzu, 5176 say\u0131l\u0131 Kanun ile bu Kanuna dayan\u0131larak haz\u0131rlanan Kamu G\u00f6revlileri Etik Davran\u0131\u015f \u0130lkeleri ile Ba\u015fvuru Usul ve Esaslar\u0131 Hakk\u0131nda Y\u00f6netmelik h\u00fck\u00fcmlerine uygun olarak yapabilmek i\u00e7in a\u015fa\u011f\u0131daki hususlara dikkat edilmesi gerekmektedir.<\/p>\n<p>&nbsp;<\/p>\n<p>1- 3071 say\u0131l\u0131 Dilek\u00e7e Hakk\u0131n\u0131n Kullan\u0131lmas\u0131na \u0130li\u015fkin Kanunda belirlenen esaslara g\u00f6re, medeni haklar\u0131 kullanma ehliyetine sahip T\u00fcrkiye Cumhuriyeti vatanda\u015flar\u0131 ile T\u00fcrkiye&#8217;de oturan yabanc\u0131 ger\u00e7ek ki\u015filer ba\u015fvuruda bulunabilirler.<\/p>\n<p>2- Ba\u015fvuruda bulunabilmek i\u00e7in ba\u015fvuran\u0131n menfaatinin etkilenmesi ko\u015fulu aranmaz.<\/p>\n<p>3- Etik davran\u0131\u015f ilkelerine ayk\u0131r\u0131 uygulamalarda bulundu\u011fu iddias\u0131yla, Belediyemiz kamu g\u00f6revlileri hakk\u0131nda etik ihlal ba\u015fvurular\u0131n\u0131z\u0131, kurum yetkili disiplin kurullar\u0131na y\u00f6neltilmek \u00fczere Karaisal\u0131 Belediyesi \u0130nsan Kaynaklar\u0131 ve E\u011fitim M\u00fcd\u00fcrl\u00fc\u011f\u00fcne yap\u0131n\u0131z.<\/p>\n<p>4- \u0130nceleme s\u0131ras\u0131nda yarg\u0131ya intikal etti\u011fi anla\u015f\u0131lan ba\u015fvurular i\u015fleme konulmayacakt\u0131r.<\/p>\n<p>5- Kamu g\u00f6revlilerini karalama amac\u0131 g\u00fcden, hakl\u0131 bir gerek\u00e7eye dayanmayan, ba\u015fvuru konusuyla ilgili yeterli bilgi ve belge sunulmam\u0131\u015f ba\u015fvurular i\u015fleme al\u0131nmayacakt\u0131r.<\/p>\n<p>6- Etik davran\u0131\u015f ilkelerine ayk\u0131r\u0131 uygulama oldu\u011fu iddian\u0131z\u0131; ki\u015fi (Unvan\u0131yla birlikte), zaman ve yer belirterek somut bi\u00e7imde g\u00f6steriniz. \u0130ddian\u0131z\u0131 destekleyen mevcut bilgi ve belgeleri ba\u015fvurunuzu ekleyiniz.<\/p>\n<p>7- T\u00fczel ki\u015filer taraf\u0131ndan yap\u0131lan ba\u015fvurular i\u015fleme al\u0131nmayacakt\u0131r.<\/p>\n<p>8- Olu\u015ftu\u011fu tarihten itibaren 2 y\u0131l i\u00e7inde yap\u0131lmayan etik ilkelere ayk\u0131r\u0131 davran\u0131\u015flar hakk\u0131ndaki ba\u015fvurular i\u015fleme al\u0131nmayacakt\u0131r.<\/p>\n<p>9- Ba\u015fvuru yaparken kimli\u011finizin gizli tutulmas\u0131n\u0131 istedi\u011finiz takdirde bunu belirtiniz.<\/p>\n<p><strong>\u0130LET\u0130\u015e\u0130M<\/strong><\/p>\n<p>Karaisal\u0131 Belediye Ba\u015fkanl\u0131\u011f\u0131 Etik Komisyonu ileti\u015fim bilgileri<\/p>\n<p>Tel \u00a0\u00a0: 0322 551 32 80 \u2013 81<\/p>\n<p>Faxs : 0322 551 32 87<\/p>\n<p><strong>Saadettin ASLAN<\/strong><\/p>\n<p><strong>\u00a0 \u00a0 \u00a0 \u00a0 \u00a0 \u00a0 \u00a0 \u00a0 \u00a0 \u00a0 \u00a0 \u00a0 \u00a0 \u00a0 Belediye Ba\u015fkan\u0131<\/strong><\/p>\n","protected":false},"excerpt":{"rendered":"<p>ET\u0130K KURULU KARA\u0130SALI BELED\u0130YE BA\u015eKANLI\u011eI ET\u0130K KOM\u0130SYONU KURULMASI KAMU G\u00d6REVL\u0130LER\u0130 ET\u0130K KURULU KURULMASI HAKKINDA 5176 say\u0131l\u0131 Kamu G\u00f6revlileri Etik Kurulu Kurulmas\u0131 ve Baz\u0131 Kanunlarda De\u011fi\u015fiklik Yap\u0131lmas\u0131 Hakk\u0131nda Kanun 8 Haziran 2004 tarih ve 25486 say\u0131l\u0131, Etik Kurulu\u2019nun Ba\u015fkan ve \u00dcyelerinin atanmas\u0131na ili\u015fkin 2004\/7791 say\u0131l\u0131 Bakanlar Kurulu Karar\u0131 9 Eyl\u00fcl 2004 tarih ve 25578 say\u0131l\u0131, Kamu [&hellip;]<\/p>\n","protected":false},"author":10,"featured_media":0,"parent":0,"menu_order":0,"comment_status":"closed","ping_status":"closed","template":"","meta":{"footnotes":""},"class_list":["post-10984","page","type-page","status-publish","hentry"],"_links":{"self":[{"href":"https:\/\/www.karaisali.bel.tr\/index.php?rest_route=\/wp\/v2\/pages\/10984","targetHints":{"allow":["GET"]}}],"collection":[{"href":"https:\/\/www.karaisali.bel.tr\/index.php?rest_route=\/wp\/v2\/pages"}],"about":[{"href":"https:\/\/www.karaisali.bel.tr\/index.php?rest_route=\/wp\/v2\/types\/page"}],"author":[{"embeddable":true,"href":"https:\/\/www.karaisali.bel.tr\/index.php?rest_route=\/wp\/v2\/users\/10"}],"replies":[{"embeddable":true,"href":"https:\/\/www.karaisali.bel.tr\/index.php?rest_route=%2Fwp%2Fv2%2Fcomments&post=10984"}],"version-history":[{"count":4,"href":"https:\/\/www.karaisali.bel.tr\/index.php?rest_route=\/wp\/v2\/pages\/10984\/revisions"}],"predecessor-version":[{"id":10990,"href":"https:\/\/www.karaisali.bel.tr\/index.php?rest_route=\/wp\/v2\/pages\/10984\/revisions\/10990"}],"wp:attachment":[{"href":"https:\/\/www.karaisali.bel.tr\/index.php?rest_route=%2Fwp%2Fv2%2Fmedia&parent=10984"}],"curies":[{"name":"wp","href":"https:\/\/api.w.org\/{rel}","templated":true}]}}