{"id":10958,"date":"2022-09-27T14:46:39","date_gmt":"2022-09-27T11:46:39","guid":{"rendered":"https:\/\/www.karaisali.bel.tr\/?page_id=10958"},"modified":"2022-09-27T14:46:39","modified_gmt":"2022-09-27T11:46:39","slug":"mayis-2022-meclis-kararlari","status":"publish","type":"page","link":"https:\/\/www.karaisali.bel.tr\/?page_id=10958","title":{"rendered":"May\u0131s 2022 Meclis Kararlar\u0131"},"content":{"rendered":"<table>\n<tbody>\n<tr>\n<td>KARAR 61<\/td>\n<\/tr>\n<tr>\n<td>Belediyemiz Mali Hizmetler M\u00fcd\u00fcrl\u00fc\u011f\u00fcn\u00fcn 05\/05\/2022 tarih ve 4252 say\u0131l\u0131 yaz\u0131lar\u0131 ile g\u00fcndeme al\u0131nan\u037e 5393 say\u0131l\u0131 Belediye<br \/>\nkanunun 64. maddesi gere\u011fince 2021 y\u0131l\u0131  Kesin Hesaplar\u0131 haz\u0131rlanarak  yaz\u0131m\u0131z ekinde sunulmu\u015f olup Belediyemiz meclisince g\u00f6r\u00fc\u015f\u00fclmek<br \/>\n\u00fczere havalesi hususunda,    Olurlar\u0131n\u0131za arz ederim. Denilmekte olup, Teklif hakk\u0131nda s\u00f6z isteyen olup olmad\u0131\u011f\u0131 soruldu. \u00dcyelerden Mustafa<br \/>\nEK\u0130C\u0130 s\u00f6z ald\u0131. Arkada\u015flar teklifin Belediyemiz Plan B\u00fct\u00e7e ve M\u00fc\u015fterek Komisyonunda g\u00f6r\u00fc\u015f\u00fclmek \u00fczere havalesini teklif ediyorum. Dedi.<br \/>\nTeklif oylamaya sunuldu. Yap\u0131lan oylama sonucu teklifin kabul\u00fcne oy birli\u011fi ile karar verildi.\n<\/td>\n<\/tr>\n<tr>\n<td>KARAR 62<\/td>\n<\/tr>\n<tr>\n<td>Belediyemiz Mali Hizmetler M\u00fcd\u00fcrl\u00fc\u011f\u00fcn\u00fcn 03\/05\/2022 tarih ve 4250 say\u0131l\u0131 yaz\u0131lar\u0131 ile g\u00fcndeme al\u0131nan\u037e Belediye Ba\u015fkanl\u0131\u011f\u0131m\u0131z petrol<br \/>\nistasyonunda akaryak\u0131t al\u0131m\u0131nda kullan\u0131lmak \u00fczere \u0130ller Bankas\u0131 A.\u015e. den 300.000,00\u00adTL  (\u00dc\u00c7Y\u00dcZB\u0130NT\u00dcRKL\u0130RASI) tutar\u0131nda s\u00fcresiz<br \/>\nteminat mektubu al\u0131nmas\u0131 hususunda Belediye Ba\u015fkan\u0131m\u0131z Saadettin ASLAN&#8217;a yetki verilmesi ile ilgili teklif g\u00f6r\u00fc\u015f\u00fcld\u00fc. Teklif hakk\u0131nda s\u00f6z<br \/>\nisteyen olup olmad\u0131\u011f\u0131 soruldu. \u00dcyelerden Cemal DEM\u0130RDA\u011e s\u00f6z alarak teklifin Plan B\u00fct\u00e7e ve M\u00fc\u015fterek Komisyonda g\u00f6r\u00fc\u015f\u00fclmek \u00fczere<br \/>\nhavale edilmesini teklif etti. Teklif oylamaya sunuldu. Yap\u0131lan oylama neticesinde teklifin kabul\u00fcne oy birli\u011fi ile karar verildi.\n<\/td>\n<\/tr>\n<tr>\n<td>KARAR 63<\/td>\n<\/tr>\n<tr>\n<td>Belediye Ba\u015fkanl\u0131\u011f\u0131m\u0131z\u0131n 09\/05\/2022 tarih ve 4292 say\u0131l\u0131 yaz\u0131lar\u0131 ile g\u00fcndeme al\u0131nan\u037e Belediyemiz Meclis \u00dcyesi Mustafa \u00d6ZKAYA&#8217; n\u0131n<br \/>\nistifas\u0131ndan dolay\u0131 bo\u015falan katip \u00fcye yerine yeni katip \u00fcye belirlenmesi hususunda gere\u011fini Olurlar\u0131n\u0131za arz ederim. Denilmekte olup, Yap\u0131lan<br \/>\ngizli oylama sonucunda \u00dcyelerden Abdullah KA\u00c7AR (14) oy alarak Belediye Meclis Katip \u00dcyeli\u011fine se\u00e7ildi.\n<\/td>\n<\/tr>\n<tr>\n<td>KARAR 64<\/td>\n<\/tr>\n<tr>\n<td>Belediye Ba\u015fkanl\u0131\u011f\u0131m\u0131z\u0131n 09\/05\/2022 tarih ve 4283 say\u0131l\u0131 yaz\u0131lar\u0131 ile g\u00fcndeme al\u0131nan\u037e Belediyemiz Plan ve B\u00fct\u00e7e Komisyonunun 2021<br \/>\ny\u0131l\u0131 kesin hesab\u0131 ilgili komisyon raporunun g\u00f6r\u00fc\u015f\u00fclmek \u00fczere Belediyemiz Meclisine havalesini Olurlar\u0131n\u0131za arz ederim. Denilmekte olup,<br \/>\nkomisyon karar\u0131nda aynen &#8220;Belediyemiz Meclisince komisyonumuzda g\u00f6r\u00fc\u015f\u00fclmek \u00fczere havale edilen\u037e Belediyemiz Mali Hizmetler<br \/>\nM\u00fcd\u00fcrl\u00fc\u011f\u00fcnce haz\u0131rlanan 2021 Y\u0131l\u0131 Kesin Hesaplar\u0131 komisyonumuzca tek tek okunarak incelenmi\u015ftir. Okunan 2021 Y\u0131l\u0131 Kesin Hesab\u0131<br \/>\nKomisyonumuzca uygun bulunmu\u015f olup, Belediyemiz Meclisince g\u00f6r\u00fc\u015f\u00fclmek \u00fczere sunulmas\u0131na oy birli\u011fi ile karar verildi.&#8221; Denilmekte<br \/>\nokunan komisyon karar\u0131 oylamaya sunuldu. Yap\u0131lan oylama neticesinde okunan komisyon raporunun komisyondan geldi\u011fi gibi kabul<br \/>\nedilmesine oy birli\u011fi ile karar verildi.<\/td>\n<\/tr>\n<tr>\n<td>KARAR 65<\/td>\n<\/tr>\n<tr>\n<td>Belediye Ba\u015fkanl\u0131\u011f\u0131m\u0131z\u0131n 09\/05\/2022 tarih ve 4284 say\u0131l\u0131 yaz\u0131lar\u0131 ile g\u00fcndeme al\u0131nan\u037e Belediyemiz Plan ve B\u00fct\u00e7e Komisyonunun<br \/>\nBelediye Ba\u015fkan\u0131 Saadettin ASLAN &#8216;a yetki verilmesi ile ilgili komisyon raporunun g\u00f6r\u00fc\u015f\u00fclmek \u00fczere Belediyemiz Meclisine havalesini<br \/>\nOlurlar\u0131n\u0131za arz ederim. Denilmekte olup, komisyon raporunda aynen &#8221; Belediyemiz Meclisince komisyonumuzda g\u00f6r\u00fc\u015f\u00fclmek \u00fczere havale<br \/>\nedilen\u037e Belediye Ba\u015fkanl\u0131\u011f\u0131m\u0131za ait petrol istasyonunda akaryak\u0131t al\u0131m\u0131nda kullan\u0131lmak \u00fczere \u0130ller Bankas\u0131 A.\u015e. den 300.000,00\u00adTL<br \/>\n(\u00dc\u00c7Y\u00dcZB\u0130NT\u00dcRKL\u0130RASI) tutar\u0131nda s\u00fcresiz teminat mektubu al\u0131nmas\u0131 ile ilgili Belediye Ba\u015fkan\u0131m\u0131z Saadettin ASLAN \u2018a yetki verilmesi ile<br \/>\nilgili teklif komisyonumuzca g\u00f6r\u00fc\u015f\u00fclm\u00fc\u015f olup, teklifin m\u00fcd\u00fcrl\u00fc\u011f\u00fcnden geldi\u011fi gibi kabul edilmesine, Belediyemiz Meclisince g\u00f6r\u00fc\u015f\u00fclmek \u00fczere<br \/>\nsunulmas\u0131na oy birli\u011fi ile karar verildi. Denilmekte olup, okunan komisyon raporu oylamaya sunuldu. Yap\u0131lan oylama sonucu komisyon<br \/>\nraporunun kabul\u00fcne oy birli\u011fi ile karar verildi<\/td>\n<\/tr>\n<\/tbody>\n<\/table>\n","protected":false},"excerpt":{"rendered":"<p>KARAR 61 Belediyemiz Mali Hizmetler M\u00fcd\u00fcrl\u00fc\u011f\u00fcn\u00fcn 05\/05\/2022 tarih ve 4252 say\u0131l\u0131 yaz\u0131lar\u0131 ile g\u00fcndeme al\u0131nan\u037e 5393 say\u0131l\u0131 Belediye kanunun 64. maddesi gere\u011fince 2021 y\u0131l\u0131 Kesin Hesaplar\u0131 haz\u0131rlanarak yaz\u0131m\u0131z ekinde sunulmu\u015f olup Belediyemiz meclisince g\u00f6r\u00fc\u015f\u00fclmek \u00fczere havalesi hususunda, Olurlar\u0131n\u0131za arz ederim. Denilmekte olup, Teklif hakk\u0131nda s\u00f6z isteyen olup olmad\u0131\u011f\u0131 soruldu. \u00dcyelerden Mustafa EK\u0130C\u0130 s\u00f6z ald\u0131. Arkada\u015flar [&hellip;]<\/p>\n","protected":false},"author":10,"featured_media":0,"parent":9924,"menu_order":202205,"comment_status":"closed","ping_status":"closed","template":"","meta":{"footnotes":""},"class_list":["post-10958","page","type-page","status-publish","hentry"],"_links":{"self":[{"href":"https:\/\/www.karaisali.bel.tr\/index.php?rest_route=\/wp\/v2\/pages\/10958","targetHints":{"allow":["GET"]}}],"collection":[{"href":"https:\/\/www.karaisali.bel.tr\/index.php?rest_route=\/wp\/v2\/pages"}],"about":[{"href":"https:\/\/www.karaisali.bel.tr\/index.php?rest_route=\/wp\/v2\/types\/page"}],"author":[{"embeddable":true,"href":"https:\/\/www.karaisali.bel.tr\/index.php?rest_route=\/wp\/v2\/users\/10"}],"replies":[{"embeddable":true,"href":"https:\/\/www.karaisali.bel.tr\/index.php?rest_route=%2Fwp%2Fv2%2Fcomments&post=10958"}],"version-history":[{"count":1,"href":"https:\/\/www.karaisali.bel.tr\/index.php?rest_route=\/wp\/v2\/pages\/10958\/revisions"}],"predecessor-version":[{"id":10959,"href":"https:\/\/www.karaisali.bel.tr\/index.php?rest_route=\/wp\/v2\/pages\/10958\/revisions\/10959"}],"up":[{"embeddable":true,"href":"https:\/\/www.karaisali.bel.tr\/index.php?rest_route=\/wp\/v2\/pages\/9924"}],"wp:attachment":[{"href":"https:\/\/www.karaisali.bel.tr\/index.php?rest_route=%2Fwp%2Fv2%2Fmedia&parent=10958"}],"curies":[{"name":"wp","href":"https:\/\/api.w.org\/{rel}","templated":true}]}}