{"id":10956,"date":"2022-09-27T14:42:14","date_gmt":"2022-09-27T11:42:14","guid":{"rendered":"https:\/\/www.karaisali.bel.tr\/?page_id=10956"},"modified":"2022-09-27T14:42:14","modified_gmt":"2022-09-27T11:42:14","slug":"haziran-2022-meclis-kararlari","status":"publish","type":"page","link":"https:\/\/www.karaisali.bel.tr\/?page_id=10956","title":{"rendered":"Haziran 2022 Meclis Kararlar\u0131"},"content":{"rendered":"<table>\n<tbody>\n<tr>\n<td>KARAR 66<\/td>\n<\/tr>\n<tr>\n<td> Belediyemiz \u0130nsan Kaynaklar\u0131 ve E\u011fitim M\u00fcd\u00fcrl\u00fc\u011f\u00fcn\u00fcn 24\/05\/2022 tarih ve 4397 say\u0131l\u0131 yaz\u0131lar\u0131 ile g\u00fcndeme al\u0131nan\u037e Belediye<br \/>\nBa\u015fkanl\u0131\u011f\u0131m\u0131z b\u00fcnyesinde 5393 say\u0131l\u0131 Belediye kanununun 49. maddesi gere\u011fince E\u011fitmen  kadrosunda  tam zamanl\u0131 olarak \u00e7al\u0131\u015ft\u0131r\u0131lmak<br \/>\n\u00fczere al\u0131nacak olan personellerin 2022 y\u0131l\u0131 \u00fccretlerinin Belediyemiz Meclisince belirlenmesi hususunda, gere\u011fini arz ederim. Denilmekte olup,<br \/>\nteklif hakk\u0131nda s\u00f6z isteyen olup olmad\u0131\u011f\u0131 soruldu. \u00dcyelerden Mustafa EK\u0130C\u0130 s\u00f6z ald\u0131. Arkada\u015flar teklifin Plan B\u00fct\u00e7e ve M\u00fc\u015fterek<br \/>\nKomisyonunda g\u00f6r\u00fc\u015f\u00fclmek \u00fczere havalesini teklif ediyorum. Dedi. Teklif oylamaya sunuldu. Yap\u0131lan oylama neticesinde teklifin kabul\u00fcne oy<br \/>\nbirli\u011fi ile karar verildi.<\/td>\n<\/tr>\n<tr>\n<td>KARAR 67<\/td>\n<\/tr>\n<tr>\n<td>Belediye Ba\u015fkanl\u0131\u011f\u0131m\u0131z\u0131n 27\/05\/2022 tarih ve 4431 say\u0131l\u0131 yaz\u0131lar\u0131nda\u037e Adana Kadastro M\u00fcd\u00fcrl\u00fc\u011f\u00fcn\u00fcn 23\/05\/2022 tarih ve 5049991 say\u0131l\u0131 yaz\u0131lar\u0131<br \/>\nile  K\u0131r\u0131kl\u0131 Mahallesinde 3402 say\u0131l\u0131 Kadastro kanunun h\u00fck\u00fcmlerince yap\u0131lacak olan Kadastro ekibinde bilirki\u015fi olarak g\u00f6rev yapmak \u00fczere iki(2)<br \/>\nadet(ki\u015fi) bilirki\u015fi belirlenmesi i\u00e7in Belediyemiz Meclisince g\u00f6r\u00fc\u015f\u00fclmek \u00fczere havalesini Olurlar\u0131n\u0131za arz ederim.   Denilmekte olup, teklif hakk\u0131nda s\u00f6z<br \/>\nisteyen olup olmad\u0131\u011f\u0131 soruldu. \u00dcyelerden Mustafa EK\u0130C\u0130 s\u00f6z ald\u0131. Arkada\u015flar teklifin Belediyemiz \u0130mar \u015eehircilik ve M\u00fc\u015fterek Komisyonlar\u0131nda<br \/>\ng\u00f6r\u00fc\u015f\u00fclmek \u00fczere havalesini teklif ediyorum. Teklif oylamaya sunuldu. Yap\u0131lan oylama neticesinde teklifin kabul\u00fcne oy birli\u011fi ile karar verildi.\n<\/td>\n<\/tr>\n<tr>\n<td>KARAR 68<\/td>\n<\/tr>\n<tr>\n<td>Belediye Ba\u015fkanl\u0131\u011f\u0131m\u0131z\u0131n 30\/05\/2022 tarih ve 4455 say\u0131l\u0131 yaz\u0131lar\u0131 ile g\u00fcndeme al\u0131nan\u037e Belediyemiz  Meclis \u00dcyesi Mustafa<br \/>\n\u00d6ZKAYA&#8217; \u0131n istifas\u0131ndan dolay\u0131 bo\u015falan komisyonlara yeni komisyon \u00fcyesi belirlenmesi hususunda gere\u011fini Olurlar\u0131n\u0131za arz ederim.<br \/>\nDenilmekte olup, Belediyemiz Meclisince yap\u0131lan se\u00e7im sonucunda Meclis \u00dcyesi Mustafa \u00d6ZKAYA&#8217; n\u0131n g\u00f6rev yapt\u0131\u011f\u0131 bo\u015falan  ihtisas<br \/>\nkomisyonlar\u0131 ile \u00c7ukurova Belediyeler Birli\u011fi Birlik \u00fcyeli\u011fine meclis \u00fcyesi \u00d6zlem B\u0130LGEN &#8216;in se\u00e7ilmesine Belediyemiz Meclisinde oy birli\u011fi ile<br \/>\nkarar verildi.\n<\/td>\n<\/tr>\n<tr>\n<td>KARAR 69<\/td>\n<\/tr>\n<tr>\n<td>Belediyemiz \u0130mar ve \u015eehircilik M\u00fcd\u00fcrl\u00fc\u011f\u00fcn\u00fcn 30\/05\/2022 tarih ve 4461 say\u0131l\u0131 yaz\u0131lar\u0131 ile g\u00fcndeme al\u0131nan \u037e Toroslar Elektrik Da\u011f\u0131t\u0131m<br \/>\nA.\u015e\u2019nin 09.05.2022 Tarih ve 1921 Say\u0131l\u0131 yaz\u0131s\u0131n da \u037e \u0130l\u00e7emiz Karap\u0131nar  Mahallesinde 1 Selamp\u0131nar Mahallesinde 1 adet alanda yatay\u00addikey<br \/>\nyap\u0131la\u015fmalardan dolay\u0131 artan enerji ihtiyac\u0131n\u0131n sa\u011fl\u0131kl\u0131 ve devaml\u0131 bir \u015fekilde kar\u015f\u0131lanabilmesi ve direk \u00fcst\u00fc trafolar\u0131n yetersiz kalmas\u0131<br \/>\nnedeniyle, mevcut direk \u00fcst\u00fc trafolar\u0131n 34,5 KV\u2019l\u0131k monoblok k\u00f6\u015fk (kompact tip)trafoya d\u00f6n\u00fc\u015ft\u00fcr\u00fclerek enerji ihtiyac\u0131n\u0131n yeniden<br \/>\nd\u00fczenlenebilmesi amac\u0131yla trafo yerine ihtiya\u00e7 duyulmaktad\u0131r. Bu nedenle elektrik \u015febekesinin fiziki durumu g\u00f6z \u00f6n\u00fcnde bulundurularak<br \/>\nzeminde ve planda yap\u0131lan inceleme neticesinde tespit edilen ve teknik olarak trafo tesisine uygun alan belirlenmi\u015ftir. Ekte planda g\u00f6sterilen<br \/>\nalana \u015eirketimizce haz\u0131rlanan alt yap\u0131 yat\u0131r\u0131m projeleri kapsam\u0131nda trafo yap\u0131lmas\u0131 \u00f6ng\u00f6r\u00fclmekte ve bu do\u011frultuda trafo yeri olarak talep<br \/>\nedilmektedir. 3194 Say\u0131l\u0131 \u0130mar Kanununun ilgili maddeleri gere\u011fince gerekli kontrollerin yap\u0131larak trafo yeri olarak plana i\u015flenmesinin<br \/>\nuygunlu\u011funun kontrol edilmesi uygun g\u00f6r\u00fcld\u00fc\u011f\u00fc taktirde plan tadilat\u0131n\u0131n yap\u0131larak trafo yeri olarak tahsis edilmesi talep edilmektedir,<br \/>\ndenilmekte olup ,<br \/>\n                S\u00f6z konusu olan \u0130l\u00e7emiz Karap\u0131nar Mahallesi 32 ada 65 parselin do\u011fusunda kalan Park an\u0131nda ITRF\u00ad96<br \/>\nY:416467.78 X:4125527.23 Y:416469.34 X:4125517.91 Y:416461.45 X: 4125516.59 Y:416459.91 X:4125525.76<br \/>\nkoordinatlar\u0131 i\u00e7erisinde ve Selamp\u0131nar Mahallesi 309 ada 2 parselin tamam\u0131 i\u00e7erisine   yap\u0131lmas\u0131 planlanan 2 adet trafo tesisi<br \/>\ni\u00e7in haz\u0131rlanan dosya ve paftalar M\u00fcd\u00fcrl\u00fc\u011f\u00fcm\u00fczce incelenmi\u015ftir. Yap\u0131lan incelemeler sonucun da trafolar\u0131n yap\u0131lmas\u0131nda sak\u0131nca<br \/>\nbulunmam\u0131\u015ft\u0131r. \u0130l\u00e7emiz Karap\u0131nar Mahallesi 32 ada 65 parselin do\u011fusunda park alan\u0131nda kalan ve 309 ada 2 parselin tamam\u0131 \u00fczerine<br \/>\nyap\u0131lmas\u0131 planlanan 2 adet trafo monoblok k\u00f6\u015fk ( kompact tip) yap\u0131labilmesi i\u00e7in 01.04.2022 Tarih ve 52 Say\u0131l\u0131 Belediyemiz Meclis<br \/>\nKarar\u0131n\u0131n iptal edilmesi ve yeniden  gerekli Meclis Karar\u0131 al\u0131nmas\u0131n\u0131 Olurlar\u0131n\u0131za arz ederim. Denilmekte olup, teklif hakk\u0131nda s\u00f6z isteyen olup<br \/>\nolmad\u0131\u011f\u0131 soruldu. \u00dcyelerden Mustafa EK\u0130C\u0130 s\u00f6z ald\u0131. Teklifin \u0130mar ve \u015eehircilik  Komisyonu Ba\u015fkanl\u0131\u011f\u0131nda m\u00fc\u015fterek komisyonlarda<br \/>\ng\u00f6r\u00fc\u015f\u00fclmek \u00fczere havalesini teklif ediyorum. Dedi. Teklif oylamaya sunuldu. Yap\u0131lan oylama neticesinde teklifin kabul\u00fcne oy birli\u011fi ile karar<br \/>\nverildi.\n<\/td>\n<\/tr>\n<tr>\n<td>KARAR 70<\/td>\n<\/tr>\n<tr>\n<td> Belediyemiz Mali Hizmetler M\u00fcd\u00fcrl\u00fc\u011f\u00fcn\u00fcn 01\/06\/2022 tarih ve 4480 say\u0131l\u0131 yaz\u0131lar\u0131nda \u037e  Belediye Ba\u015fkanl\u0131\u011f\u0131m\u0131za  ait d\u00fc\u011f\u00fcn salonu ve<br \/>\ntoplant\u0131 salonunun  fiyat\u0131n\u0131n yeniden belirlenmesi hususunda \u037e Gere\u011fini arz ederim. Denilmekte olup, teklif hakk\u0131nda s\u00f6z isteyen olup olmad\u0131\u011f\u0131<br \/>\nsoruldu. \u00dcyelerden Mustafa EK\u0130C\u0130 teklifin Plan B\u00fct\u00e7e ve M\u00fc\u015fterek Komisyonlarda g\u00f6r\u00fc\u015f\u00fclmek \u00fczere havalesini teklif ediyorum. Dedi. Teklif<br \/>\noylamaya sunuldu. Yap\u0131lan oylama neticesi teklifin kabul\u00fcne oy birli\u011fi ile karar verildi.<\/td>\n<\/tr>\n<tr>\n<td>KARAR 71<\/td>\n<\/tr>\n<tr>\n<td> Belediyemiz Plan B\u00fct\u00e7e Komisyonunun  E\u011fitmen kadrosunda tam zamanl\u0131 \u00e7al\u0131\u015ft\u0131racak olan S\u00f6zle\u015fmeli<br \/>\npersonelin \u00fccretinin  belirlenmesi ile ilgili komisyon raporunu g\u00f6r\u00fc\u015f\u00fclmesi ve onay\u0131 i\u00e7in Belediyemiz Meclisine<br \/>\nhavalesini Olurlar\u0131n\u0131za arz ederim. Denilmekte olup, komisyon raporunda aynen\u037e &#8220;Belediyemiz Meclisince<br \/>\nkomisyonumuzda g\u00f6r\u00fc\u015f\u00fclmek \u00fczere havale edilen\u037e Belediye Ba\u015fkanl\u0131\u011f\u0131m\u0131z norm kadrosunda m\u00fcnhal bulunan<br \/>\ne\u011fitmen kadrosunda tam zamanl\u0131 olarak \u00e7al\u0131\u015ft\u0131r\u0131lacak olan personelin ayl\u0131k \u00fccretinin belirlenmesi ile ilgili teklif<br \/>\nkomisyonumuzca g\u00f6r\u00fc\u015f\u00fclm\u00fc\u015f olup , ayl\u0131k net 4.800,00\u00adTL (D\u00dcRTB\u0130NSEK\u0130ZY\u00dcZT\u00dcRKL\u0130RASI (Ek \u00f6deme hari\u00e7)<br \/>\n\u00fccret \u00f6denmesine , 1 TEMMUZ 2022 memurlara yap\u0131lacak maa\u015f art\u0131\u015flar\u0131ndan da faydaland\u0131r\u0131lmalar\u0131na ,  komisyon<br \/>\nraporunun Belediyemiz Meclisince g\u00f6r\u00fc\u015f\u00fclmek \u00fczere sunulmas\u0131na oy birli\u011fi ile karar verildi. Denilmekte olup,<br \/>\nokunan komisyon raporu oylamaya sunuldu. Yap\u0131lan oylama neticesinde komisyon raporunun komisyondan geldi\u011fi<br \/>\ngibi kabul edilmesine oy birli\u011fi ile karar verildi.<\/td>\n<\/tr>\n<tr>\n<td>KARAR 72<\/td>\n<\/tr>\n<tr>\n<td>Belediyemiz \u0130mar ve \u015eehircilik Komisyonunun  K\u0131r\u0131kl\u0131 Mahallesinde 3402 say\u0131l\u0131 Kadastro kanunun h\u00fck\u00fcmlerince<br \/>\nyap\u0131lacak olan Kadastro ekibinde bilirki\u015fi olarak g\u00f6rev yapmak \u00fczere iki(2) adet(ki\u015fi) bilirki\u015fi belirlenmesi ile ilgili<br \/>\nkomisyon raporunu g\u00f6r\u00fc\u015f\u00fclmesi ve onay\u0131 i\u00e7in Belediyemiz Meclisine havalesini Olurlar\u0131n\u0131za arz ederim. Denilmekte<br \/>\nolup, komisyon raporunda aynen &#8221; Belediyemiz Meclisince komisyonumuzda g\u00f6r\u00fc\u015f\u00fclmek \u00fczere havale edilen\u037e<br \/>\nAdana Kadastro M\u00fcd\u00fcrl\u00fc\u011f\u00fcn\u00fcn 23\/05\/2022 tarih ve 5049991 say\u0131l\u0131 yaz\u0131lar\u0131nda \u037e Adana ili Karaisal\u0131 il\u00e7esi<br \/>\nK\u0131r\u0131kl\u0131 Mahallesi s\u0131n\u0131rlar\u0131 i\u00e7erisinde 3402 say\u0131l\u0131 Kadastro Kanununun h\u00fck\u00fcmlerince yap\u0131lacak olan \u00e7al\u0131\u015fmalarda<br \/>\nbilirki\u015fi olarak g\u00f6rev yapmak \u00fczere a\u015fa\u011f\u0131da a\u00e7\u0131k kimli\u011fi ve ileti\u015fim numaralar\u0131 yaz\u0131l\u0131 ki\u015filerin bilirki\u015fi olarak g\u00f6rev<br \/>\nyapmalar\u0131na komisyonumuzca oy birli\u011fi ile karar verilmi\u015ftir. Denilmekte olup, okunan komisyon raporu oylamaya<br \/>\nsunuldu. Yap\u0131lan oylama neticesinde komisyon raporunun komisyondan geldi\u011fi gibi kabul edilmesine oy birli\u011fi ile<br \/>\nkarar verildi.<br \/>\nADI SOYADI TC NO ADRES\u0130 TELEFON NO<br \/>\nMUSA AYDIN 2036XXX1862 K\u0131r\u0131kl\u0131 Mahallesi \/KARA\u0130SALI  5327406252<br \/>\n\u015e\u00dcKR\u00dc BEKMEZC\u0130 1339XXX4016 K\u0131r\u0131kl\u0131 Mahallesi\/ KARA\u0130SALI  5396169867<\/td>\n<\/tr>\n<tr>\n<td>KARAR 73<\/td>\n<\/tr>\n<tr>\n<td> Belediyemiz \u0130mar ve \u015eehircilik Komisyonunun  Trafo yeri tahsisi ile ilgili komisyon raporunu g\u00f6r\u00fc\u015f\u00fclmesi ve onay\u0131<br \/>\ni\u00e7in Belediyemiz Meclisine havalesini Olurlar\u0131n\u0131za arz ederim. Denilmekte olup, komisyon karar\u0131nda aynen \u037e<br \/>\nBelediyemiz Meclisince komisyonumuzda g\u00f6r\u00fc\u015f\u00fclmek \u00fczere havale edilen\u037eBelediyemiz imar ve \u015eehircilik<br \/>\nM\u00fcd\u00fcrl\u00fc\u011f\u00fcn\u00fcn 30\/05\/2022 tarih ve 4461 say\u0131l\u0131 yaz\u0131lar\u0131nda\u037e Toroslar Elektrik Da\u011f\u0131t\u0131m A.\u015e\u2019nin 09.05.2022 Tarih ve<br \/>\n1921 Say\u0131l\u0131 yaz\u0131s\u0131n da \u037e \u0130l\u00e7emiz Karap\u0131nar Mahallesinde 1 Selamp\u0131nar Mahallesinde 1 adet alanda yatay\u00addikey<br \/>\nyap\u0131la\u015fmalardan dolay\u0131 artan enerji ihtiyac\u0131n\u0131n sa\u011fl\u0131kl\u0131 ve devaml\u0131 bir \u015fekilde kar\u015f\u0131lanabilmesi ve direk \u00fcst\u00fc trafolar\u0131n<br \/>\nyetersiz kalmas\u0131 nedeniyle, mevcut direk \u00fcst\u00fc trafolar\u0131n 34,5 KV\u2019l\u0131k monoblok k\u00f6\u015fk (kompact tip)trafoya<br \/>\nd\u00f6n\u00fc\u015ft\u00fcr\u00fclerek enerji ihtiyac\u0131n\u0131n yeniden d\u00fczenlenebilmesi amac\u0131yla trafo yerine ihtiya\u00e7 duyulmaktad\u0131r. Bu nedenle<br \/>\nelektrik \u015febekesinin fiziki durumu g\u00f6z \u00f6n\u00fcnde bulundurularak zeminde ve planda yap\u0131lan inceleme neticesinde tespit<br \/>\nedilen ve teknik olarak trafo tesisine uygun alan belirlenmi\u015ftir. Ekte planda g\u00f6sterilen alana \u015eirketimizce haz\u0131rlanan alt<br \/>\nyap\u0131 yat\u0131r\u0131m projeleri kapsam\u0131nda trafo yap\u0131lmas\u0131 \u00f6ng\u00f6r\u00fclmekte ve bu do\u011frultuda trafo yeri olarak talep edilmektedir.<br \/>\n3194 Say\u0131l\u0131 \u0130mar Kanununun ilgili maddeleri gere\u011fince gerekli kontrollerin yap\u0131larak trafo yeri olarak plana<br \/>\ni\u015flenmesinin uygunlu\u011funun kontrol edilmesi uygun g\u00f6r\u00fcld\u00fc\u011f\u00fc taktirde plan tadilat\u0131n\u0131n yap\u0131larak trafo yeri olarak tahsis<br \/>\nedilmesi talep edilmektedir, denilmekte olup ,<br \/>\n                S\u00f6z konusu olan \u0130l\u00e7emiz Karap\u0131nar Mahallesi 32 ada 65 parselin do\u011fusunda kalan Park an\u0131nda<br \/>\nITRF-96 Y:416467.78 X:4125527.23 Y:416469.34 X:4125517.91 Y:416461.45 X: 4125516.59 Y:416459.91<br \/>\nX:4125525.76 koordinatlar\u0131 i\u00e7erisinde ve Selamp\u0131nar Mahallesi 309 ada 2 parselin tamam\u0131 i\u00e7erisine   yap\u0131lmas\u0131<br \/>\nplanlanan 2 adet trafo tesisi i\u00e7in haz\u0131rlanan dosya ve paftalar M\u00fcd\u00fcrl\u00fc\u011f\u00fcm\u00fczce incelenmi\u015ftir. Yap\u0131lan incelemeler<br \/>\nsonucun da trafolar\u0131n yap\u0131lmas\u0131nda sak\u0131nca bulunmam\u0131\u015ft\u0131r. \u0130l\u00e7emiz Karap\u0131nar Mahallesi 32 ada 65 parselin do\u011fusunda<br \/>\npark alan\u0131nda kalan ve 309 ada 2 parselin tamam\u0131 \u00fczerine yap\u0131lmas\u0131 planlanan 2 adet trafo monoblok k\u00f6\u015fk ( kompact<br \/>\ntip) yap\u0131labilmesi i\u00e7in 01.04.2022 Tarih ve 52 Say\u0131l\u0131 Belediyemiz Meclis Karar\u0131n\u0131n iptal edilmesi ve yeniden  gerekli<br \/>\nMeclis Karar\u0131 al\u0131nmas\u0131n\u0131 Olurlar\u0131n\u0131za Arz ederim. Denilmekte olup, teklif komisyonumuzca g\u00f6r\u00fc\u015f\u00fclm\u00fc\u015f olup, teklifin<br \/>\nidareden geldi\u011fi gibi kabul edilmesine , 01.04.2022 Tarih ve 52 Say\u0131l\u0131 Belediyemiz Meclis Karar\u0131n\u0131n iptal edilmesine ,<br \/>\nkomisyon raporumuzun Belediyemiz Meclisince g\u00f6r\u00fc\u015f\u00fclmek \u00fczere havale edilmesine komisyonumuzca oy birli\u011fi ile<br \/>\nkarar verildi. Denilmekte olup, okunan komisyon raporu oylamaya sunuldu. Yap\u0131lan oylama neticesinde komisyon<br \/>\nraporunun komisyondan geldi\u011fi gibi kabul edilmesine oy birli\u011fi ile karar verildi.\n<\/td>\n<\/tr>\n<tr>\n<td>KARAR 74<\/td>\n<\/tr>\n<tr>\n<td>  Belediyemiz Plan B\u00fct\u00e7e Komisyonunun  Belediye Ba\u015fkanl\u0131\u011f\u0131m\u0131za ait Toplant\u0131 ve D\u00fc\u011f\u00fcn salonunun fiyat\u0131n\u0131n<br \/>\nbelirlenmesi ile ilgili komisyon raporunu g\u00f6r\u00fc\u015f\u00fclmesi ve onay\u0131 i\u00e7in Belediyemiz Meclisine havalesini Olurlar\u0131n\u0131za arz<br \/>\nederim. Denilmekte olup, komisyon karar\u0131nda aynen &#8221; Belediyemiz Meclisince komisyonumuzda g\u00f6r\u00fc\u015f\u00fclmek \u00fczere<br \/>\nhavale edilen\u037e Belediye Ba\u015fkanl\u0131\u011f\u0131m\u0131za ait d\u00fc\u011f\u00fcn ve toplant\u0131 salonunun \u00fccretinin yeniden belirlenmesi ile ilgili teklif<br \/>\nkomisyonumuzca g\u00f6r\u00fc\u015f\u00fclm\u00fc\u015f olup, tek organizasyon, (d\u00fc\u011f\u00fcn, ni\u015fan , k\u0131na vb.)i\u00e7in 2.000\u00adTL iki organizasyon<br \/>\n(d\u00fc\u011f\u00fcn, ni\u015fan , k\u0131na vb.) i\u00e7in 3.000\u00adTL olarak g\u00fcncellenmesine , resmi kurum ve kurulu\u015flar ile siyasi parti<br \/>\norganizasyonlar\u0131ndan \u00fccret al\u0131nmamas\u0131na,  komisyon raporunun Belediyemiz Meclisince g\u00f6r\u00fc\u015f\u00fclmek \u00fczere<br \/>\nsunulmas\u0131na oy birli\u011fi ile karar verildi. Denilmekte olup okunan komisyon karar\u0131 oylamaya sunuldu. Yap\u0131lan oylama<br \/>\nsonucunda komisyon karar\u0131n\u0131n kabul\u00fcne oy birli\u011fi ile karar verildi.<br \/>\nGERE\u011e\u0130 \u0130\u00c7\u0130N MAL\u0130 H\u0130ZMETLER M\u00dcD\u00dcRL\u00dc\u011e\u00dc\n<\/td>\n<\/tr>\n<\/tbody>\n<\/table>\n","protected":false},"excerpt":{"rendered":"<p>KARAR 66 Belediyemiz \u0130nsan Kaynaklar\u0131 ve E\u011fitim M\u00fcd\u00fcrl\u00fc\u011f\u00fcn\u00fcn 24\/05\/2022 tarih ve 4397 say\u0131l\u0131 yaz\u0131lar\u0131 ile g\u00fcndeme al\u0131nan\u037e Belediye Ba\u015fkanl\u0131\u011f\u0131m\u0131z b\u00fcnyesinde 5393 say\u0131l\u0131 Belediye kanununun 49. maddesi gere\u011fince E\u011fitmen kadrosunda tam zamanl\u0131 olarak \u00e7al\u0131\u015ft\u0131r\u0131lmak \u00fczere al\u0131nacak olan personellerin 2022 y\u0131l\u0131 \u00fccretlerinin Belediyemiz Meclisince belirlenmesi hususunda, gere\u011fini arz ederim. Denilmekte olup, teklif hakk\u0131nda s\u00f6z isteyen olup olmad\u0131\u011f\u0131 [&hellip;]<\/p>\n","protected":false},"author":10,"featured_media":0,"parent":9924,"menu_order":202206,"comment_status":"closed","ping_status":"closed","template":"","meta":{"footnotes":""},"class_list":["post-10956","page","type-page","status-publish","hentry"],"_links":{"self":[{"href":"https:\/\/www.karaisali.bel.tr\/index.php?rest_route=\/wp\/v2\/pages\/10956","targetHints":{"allow":["GET"]}}],"collection":[{"href":"https:\/\/www.karaisali.bel.tr\/index.php?rest_route=\/wp\/v2\/pages"}],"about":[{"href":"https:\/\/www.karaisali.bel.tr\/index.php?rest_route=\/wp\/v2\/types\/page"}],"author":[{"embeddable":true,"href":"https:\/\/www.karaisali.bel.tr\/index.php?rest_route=\/wp\/v2\/users\/10"}],"replies":[{"embeddable":true,"href":"https:\/\/www.karaisali.bel.tr\/index.php?rest_route=%2Fwp%2Fv2%2Fcomments&post=10956"}],"version-history":[{"count":1,"href":"https:\/\/www.karaisali.bel.tr\/index.php?rest_route=\/wp\/v2\/pages\/10956\/revisions"}],"predecessor-version":[{"id":10957,"href":"https:\/\/www.karaisali.bel.tr\/index.php?rest_route=\/wp\/v2\/pages\/10956\/revisions\/10957"}],"up":[{"embeddable":true,"href":"https:\/\/www.karaisali.bel.tr\/index.php?rest_route=\/wp\/v2\/pages\/9924"}],"wp:attachment":[{"href":"https:\/\/www.karaisali.bel.tr\/index.php?rest_route=%2Fwp%2Fv2%2Fmedia&parent=10956"}],"curies":[{"name":"wp","href":"https:\/\/api.w.org\/{rel}","templated":true}]}}