{"id":10954,"date":"2022-09-27T14:37:13","date_gmt":"2022-09-27T11:37:13","guid":{"rendered":"https:\/\/www.karaisali.bel.tr\/?page_id=10954"},"modified":"2022-09-27T14:37:13","modified_gmt":"2022-09-27T11:37:13","slug":"temmuz-2022-meclis-kararlari","status":"publish","type":"page","link":"https:\/\/www.karaisali.bel.tr\/?page_id=10954","title":{"rendered":"Temmuz 2022 Meclis Kararlar\u0131"},"content":{"rendered":"<table>\n<tbody>\n<tr>\n<td>KARAR 75<\/td>\n<\/tr>\n<tr>\n<td>  Belediyemiz Mali Hizmetler M\u00fcd\u00fcrl\u00fc\u011f\u00fcn\u00fcn 28\/06\/2022 tarih ve 4768 nolu yaz\u0131lar\u0131 ile g\u00fcndeme al\u0131nan\u037e<br \/>\nBelediye Ba\u015fkanl\u0131\u011f\u0131m\u0131z petrol istasyonunda akaryak\u0131t al\u0131m\u0131nda kullan\u0131lmak \u00fczere daha \u00f6nce al\u0131nan teminat mektubu<br \/>\nakaryak\u0131t fiyatlar\u0131na gelen zamlar dolas\u0131y\u0131 ile yetersiz gelmektedir. Akaryak\u0131t al\u0131mlar\u0131nda ma\u011fdur olmamak ve<br \/>\nbelediyemiz hizmetlerinin aksamamas\u0131 amac\u0131 ile \u0130ller Bankas\u0131 A.\u015e. den 300.000,00\u00adTL tutar\u0131nda s\u00fcresiz ek teminat<br \/>\nmektubu al\u0131nmas\u0131 hususunda Belediye Ba\u015fkan\u0131m\u0131z Saadettin ASLAN&#8217;a yetki verilmesi hususunda\u037e        Gere\u011fini arz<br \/>\nederim. Denilmekte olup, teklif hakk\u0131nda s\u00f6z isteyen olup olmad\u0131\u011f\u0131 soruldu. \u00dcyelerden Esat K\u00d6SE s\u00f6z ald\u0131<br \/>\nArkada\u015flar teklifin Plan B\u00fct\u00e7e ve M\u00fc\u015fterek Komisyonunda g\u00f6r\u00fc\u015f\u00fclmek \u00fczere havalesini teklif ediyorum. Dedi. Teklif<br \/>\noylamaya sunuldu. Yap\u0131lan oylama neticesinde teklifin kabul\u00fcne oy birli\u011fi ile karar verildi.<\/td>\n<\/tr>\n<tr>\n<td>KARAR 76<\/td>\n<\/tr>\n<tr>\n<td>G\u00fcndemde bulunan madde gere\u011fi  \u037e Belediyemiz Plan B\u00fct\u00e7e ve M\u00fc\u015fterek Komisyonunun 04\/07\/2022 tarih ve<br \/>\n12 nolu Komisyon Raporunun g\u00f6r\u00fc\u015f\u00fclmesine ge\u00e7ildi. Komisyon Raporunda aynen &#8221; Belediyemiz Meclisince<br \/>\nkomisyonumuzda g\u00f6r\u00fc\u015f\u00fclmek \u00fczere havale edilen Belediye Ba\u015fkanl\u0131\u011f\u0131m\u0131z petrol istasyonunda akaryak\u0131t al\u0131m\u0131nda<br \/>\nkullan\u0131lmak \u00fczere daha \u00f6nce al\u0131nan teminat mektubu akaryak\u0131t fiyatlar\u0131na gelen zamlar dolay\u0131s\u0131 ile yetersiz<br \/>\ngelmektedir. Akaryak\u0131t al\u0131mlar\u0131nda ma\u011fdur olmamak ve belediyemiz hizmetlerinin aksamamas\u0131 amac\u0131 ile \u0130ller Bankas\u0131<br \/>\nA.\u015e. den  300.000,00\u00adTL  (\u00dc\u00c7Y\u00dcZB\u0130NT\u00dcRKL\u0130RASI) tutar\u0131nda s\u00fcresiz teminat mektubu al\u0131nmas\u0131 hususunda<br \/>\nBelediye Ba\u015fkan\u0131m\u0131z  Saadettin ASLAN\u2019a yetki verilmesi hususunda gere\u011fini arz ederim. Denilmekte olup,<br \/>\nBelediyemiz Meclisince okunan komisyon raporu g\u00f6r\u00fc\u015f\u00fcld\u00fc. Komisyon raporu hakk\u0131nda s\u00f6z isteyen olup olmad\u0131\u011f\u0131<br \/>\nsoruldu. \u00dcyelerden Esat K\u00d6SE s\u00f6z ald\u0131 . Arkada\u015flar okunan komisyon raporunun komisyondan geldi\u011fi gibi<br \/>\nonaylanmas\u0131 istiyorum. Dedi. Teklif oylamaya sunuldu. Yap\u0131lan oylama neticesinde teklifin kabul\u00fcne \u037e<br \/>\n Belediye Ba\u015fkanl\u0131\u011f\u0131m\u0131z petrol istasyonunda akaryak\u0131t al\u0131m\u0131nda kullan\u0131lmak \u00fczere daha \u00f6nce al\u0131nan teminat mektubu<br \/>\nakaryak\u0131t fiyatlar\u0131na gelen zamlar dolay\u0131s\u0131 ile yetersiz geldi\u011finden . akaryak\u0131t   al\u0131mlar\u0131nda ma\u011fdur olmamak ve<br \/>\nbelediyemiz hizmetlerinin aksamamas\u0131 amac\u0131 ile \u0130ller Bankas\u0131 A.\u015e. den  300.000,00\u00adTL<br \/>\n(\u00dc\u00c7Y\u00dcZB\u0130NT\u00dcRKL\u0130RASI) tutar\u0131nda s\u00fcresiz ek teminat mektubu al\u0131nmas\u0131 i\u00e7in   Belediye Ba\u015fkan\u0131m\u0131z  Saadettin<br \/>\nASLAN\u2019a yetki verilmesine oy birli\u011fi ile karar verildi.<br \/>\n GERE\u011e\u0130 \u0130\u00c7\u0130N MAL\u0130 H\u0130ZMETLER M\u00dcD\u00dcRL\u00dc\u011e\u00dcNE\n<\/td>\n<\/tr>\n<\/tbody>\n<\/table>\n","protected":false},"excerpt":{"rendered":"<p>KARAR 75 Belediyemiz Mali Hizmetler M\u00fcd\u00fcrl\u00fc\u011f\u00fcn\u00fcn 28\/06\/2022 tarih ve 4768 nolu yaz\u0131lar\u0131 ile g\u00fcndeme al\u0131nan\u037e Belediye Ba\u015fkanl\u0131\u011f\u0131m\u0131z petrol istasyonunda akaryak\u0131t al\u0131m\u0131nda kullan\u0131lmak \u00fczere daha \u00f6nce al\u0131nan teminat mektubu akaryak\u0131t fiyatlar\u0131na gelen zamlar dolas\u0131y\u0131 ile yetersiz gelmektedir. Akaryak\u0131t al\u0131mlar\u0131nda ma\u011fdur olmamak ve belediyemiz hizmetlerinin aksamamas\u0131 amac\u0131 ile \u0130ller Bankas\u0131 A.\u015e. den 300.000,00\u00adTL tutar\u0131nda s\u00fcresiz ek teminat [&hellip;]<\/p>\n","protected":false},"author":10,"featured_media":0,"parent":9924,"menu_order":202207,"comment_status":"closed","ping_status":"closed","template":"","meta":{"footnotes":""},"class_list":["post-10954","page","type-page","status-publish","hentry"],"_links":{"self":[{"href":"https:\/\/www.karaisali.bel.tr\/index.php?rest_route=\/wp\/v2\/pages\/10954","targetHints":{"allow":["GET"]}}],"collection":[{"href":"https:\/\/www.karaisali.bel.tr\/index.php?rest_route=\/wp\/v2\/pages"}],"about":[{"href":"https:\/\/www.karaisali.bel.tr\/index.php?rest_route=\/wp\/v2\/types\/page"}],"author":[{"embeddable":true,"href":"https:\/\/www.karaisali.bel.tr\/index.php?rest_route=\/wp\/v2\/users\/10"}],"replies":[{"embeddable":true,"href":"https:\/\/www.karaisali.bel.tr\/index.php?rest_route=%2Fwp%2Fv2%2Fcomments&post=10954"}],"version-history":[{"count":1,"href":"https:\/\/www.karaisali.bel.tr\/index.php?rest_route=\/wp\/v2\/pages\/10954\/revisions"}],"predecessor-version":[{"id":10955,"href":"https:\/\/www.karaisali.bel.tr\/index.php?rest_route=\/wp\/v2\/pages\/10954\/revisions\/10955"}],"up":[{"embeddable":true,"href":"https:\/\/www.karaisali.bel.tr\/index.php?rest_route=\/wp\/v2\/pages\/9924"}],"wp:attachment":[{"href":"https:\/\/www.karaisali.bel.tr\/index.php?rest_route=%2Fwp%2Fv2%2Fmedia&parent=10954"}],"curies":[{"name":"wp","href":"https:\/\/api.w.org\/{rel}","templated":true}]}}