{"id":10952,"date":"2022-09-27T14:34:30","date_gmt":"2022-09-27T11:34:30","guid":{"rendered":"https:\/\/www.karaisali.bel.tr\/?page_id=10952"},"modified":"2022-09-27T14:34:30","modified_gmt":"2022-09-27T11:34:30","slug":"agustos-2022-meclis-kararlari","status":"publish","type":"page","link":"https:\/\/www.karaisali.bel.tr\/?page_id=10952","title":{"rendered":"A\u011fustos 2022 Meclis Kararlar\u0131"},"content":{"rendered":"<table>\n<tbody>\n<tr>\n<td>KARAR 77<\/td>\n<\/tr>\n<tr>\n<td>Belediyemiz Fen \u0130\u015fleri M\u00fcd\u00fcrl\u00fc\u011f\u00fcn\u00fcn 25\/07\/2022 tarih ve 4974 say\u0131l\u0131 yaz\u0131lar\u0131 ile g\u00fcndeme al\u0131nan \u037e 5 Temmuz 2022 Sal\u0131 G\u00fcn\u00fc Resmi<br \/>\nGazete de yay\u0131nlanan DEVLET MEMURLARI KANUNU \u0130LE BAZI KANUNLARDA VE 375 SAYILI KANUN H\u00dcKM\u00dcNDE<br \/>\nKARARNAMEDE DE\u011e\u0130\u015e\u0130KL\u0130K YAPILMASINA DA\u0130R KANUN\u2019UN 7417 Say\u0131l\u0131 Kanunun 39. Maddesinde \u037e MADDE 39\u00ad<br \/>\n3\/5\/1985 tarihli ve 3194 say\u0131l\u0131 \u0130mar Kanununun ge\u00e7ici 11 inci maddesinin birinci f\u0131kras\u0131nda yer alan \u201cBu maddenin y\u00fcr\u00fcrl\u00fc\u011fe girdi\u011fi tarihe<br \/>\nkadar\u201d ibaresi \u201c1\/7\/2022 tarihine kadar\u201d \u015feklinde, f\u0131krada yer alan \u201c12\/10\/2004\u201d ibaresi \u201c31\/12\/2021\u201d \u015feklinde de\u011fi\u015ftirilmi\u015ftir.<br \/>\nDenilmektedir. Belediye Ba\u015fkanl\u0131\u011f\u0131m\u0131zca yukar\u0131da belirtilen kanuna istinaden adres tespit \u00ad Elektrik ve Su Aboneli\u011fi yaz\u0131s\u0131n\u0131n<br \/>\nverilebilmesi i\u00e7in gerekli tahakkuk bedelinin 500 TL (BE\u015eY\u00dcZT\u00dcRKL\u0130RASI) olarak belirlenebilmesi i\u00e7in gerekli Meclis Karar\u0131n\u0131n<br \/>\nal\u0131nmas\u0131n\u0131 Olurlar\u0131n\u0131za arz ederim. Denilmekte olup teklif hakk\u0131nda s\u00f6z isteyen olup olmad\u0131\u011f\u0131 soruldu. \u00dcyelerden Cemal Demirda\u011f s\u00f6z ald\u0131.<br \/>\nArkada\u015flar teklifin imar ve \u015fehircilik m\u00fc\u015fterek komisyonunda g\u00f6r\u00fc\u015f\u00fclmek \u00fczere havale edilmesini teklif ediyorum. Dedi. Teklif oylamaya<br \/>\nsunuldu. yap\u0131lan oylama neticesinde teklifin kabul\u00fcne oy birli\u011fi ile karar verildi.<\/td>\n<\/tr>\n<tr>\n<td>KARAR 78<\/td>\n<\/tr>\n<tr>\n<td>Belediyemiz Mali Hizmetler M\u00fcd\u00fcrl\u00fc\u011f\u00fcn\u00fcn 29\/07\/2022 tarih ve 5160 say\u0131l\u0131 yaz\u0131lar\u0131 ile g\u00fcndeme al\u0131nan\u037e Belediye Ba\u015fkanl\u0131\u011f\u0131m\u0131z 2022 y\u0131l\u0131<br \/>\nb\u00fct\u00e7esi olu\u015fan enflasyondan kaynakl\u0131 art\u0131\u015flardan dolay\u0131 (akaryak\u0131t giderleri, personel giderleri, ta\u015f\u0131t bak\u0131m ve onar\u0131m giderleri, malzeme al\u0131m\u0131<br \/>\ngiderleri), 2022 y\u0131l\u0131 b\u00fct\u00e7esine 35.000.000,00 TL ek b\u00fct\u00e7e talebimizin Belediyemiz meclisince g\u00f6r\u00fc\u015f\u00fclmek \u00fczere\u037e Belediye Meclisine<br \/>\nhavalesini arz ederim. Denilmekte olup, teklif hakk\u0131nda s\u00f6z isteyen olup, olmad\u0131\u011f\u0131 soruldu. \u00dcyelerden Cemal Demirda\u011f s\u00f6z ald\u0131. Arkada\u015flar<br \/>\nteklifin Plan B\u00fct\u00e7e ve M\u00fc\u015fterek komisyonunda g\u00f6r\u00fc\u015f\u00fclmek \u00fczere havalesini teklif ediyorum. Dedi. Teklif oylamaya sunuldu. Yap\u0131lan oylama<br \/>\nneticesinde teklifin kabul\u00fcne oy birli\u011fi ile karar verildi.<\/td>\n<\/tr>\n<tr>\n<td>KARAR 79<\/td>\n<\/tr>\n<tr>\n<td>Belediyemiz \u0130mar ve \u015eehircilik M\u00fc\u015fterek 02\/08\/2022 tarih ve 10 say\u0131l\u0131 Komisyonunun Adres Tespiti \u2013 Elektrik ve Su Aboneli\u011fi<br \/>\nYaz\u0131s\u0131n\u0131n verilebilmesi i\u00e7in tahakkuk bedelinin 1000 TL (B\u0130NT\u00dcRKL\u0130RASI) olarak belirlenmesi ile ilgili komisyon raporunu g\u00f6r\u00fc\u015f\u00fclmesi ve<br \/>\nonay\u0131 i\u00e7in Belediyemiz Meclisine havalesini Olurlar\u0131n\u0131za arz ederim. Denilmekte olup, komisyon raporunda aynen &#8221; 5 Temmuz 2022 Sal\u0131 G\u00fcn\u00fc<br \/>\nResmi Gazete de yay\u0131nlanan DEVLET MEMURLARI KANUNU \u0130LE BAZI KANUNLARDA VE 375 SAYILI KANUN H\u00dcKM\u00dcNDE<br \/>\nKARARNAMEDE DE\u011e\u0130\u015e\u0130KL\u0130K YAPILMASINA DA\u0130R KANUN\u2019UN 7417 Say\u0131l\u0131 Kanunun 39. Maddesinde \u037e MADDE 39-<br \/>\n351985 tarihli ve 3194 say\u0131l\u0131 \u0130mar Kanununun ge\u00e7ici 11 inci maddesinin birinci f\u0131kras\u0131nda yer alan \u201cBu maddenin y\u00fcr\u00fcrl\u00fc\u011fe girdi\u011fi tarihe<br \/>\nkadar\u201d ibaresi \u201c172022 tarihine kadar\u201d \u015feklinde, f\u0131krada yer alan \u201c12102004\u201d ibaresi \u201c31122021\u201d \u015feklinde de\u011fi\u015ftirilmi\u015ftir.<br \/>\nDenilmektedir. Belediye Ba\u015fkanl\u0131\u011f\u0131m\u0131zca yukar\u0131da belirtilen kanuna istinaden adres tespit \u00ad Elektrik ve Su Aboneli\u011fi yaz\u0131s\u0131n\u0131n<br \/>\nverilebilmesi i\u00e7in gerekli tahakkuk bedelinin 1000 TL (B\u0130NT\u00dcRKL\u0130RASI) olarak belirlenebilmesi i\u00e7in gerekli Meclis Karar\u0131n\u0131n al\u0131nmas\u0131n\u0131<br \/>\nOlurlar\u0131n\u0131za arz ederim. Denilmekte olup, komisyonumuzca g\u00f6r\u00fc\u015f\u00fcld\u00fc. Yap\u0131lan g\u00f6r\u00fc\u015fme neticesinde teklifin m\u00fcd\u00fcrl\u00fc\u011f\u00fcnden geldi\u011fi gibi kabul<br \/>\nedilmesine oy birli\u011fi ile karar verildi. Denilmekte olup, okunan komisyon raporu oylamaya sunuldu. Yap\u0131lan oylama neticesinde komisyon<br \/>\nraporunun komisyondan geldi\u011fi gibi kabul edilmesine oy birli\u011fi ile karar verildi.<\/td>\n<\/tr>\n<tr>\n<td>KARAR 80<\/td>\n<\/tr>\n<tr>\n<td>Belediyemiz Plan B\u00fct\u00e7e M\u00fc\u015fterek Komisyonun 02\/08\/2022 tarih ve 13 say\u0131l\u0131 Ek b\u00fct\u00e7e artar\u0131m\u0131 ile ilgili komisyon raporunun<br \/>\ng\u00f6r\u00fc\u015f\u00fclmesi ve onay\u0131 i\u00e7in Belediyemiz Meclisine havalesini Olurlar\u0131n\u0131za arz ederim. Denilmekte olup komisyon raporunda aynen &#8221; Belediyemiz<br \/>\nMeclisince komisyonumuzda g\u00f6r\u00fc\u015f\u00fclmek \u00fczere havale edilen; Belediye Ba\u015fkanl\u0131\u011f\u0131m\u0131z 2022 y\u0131l\u0131 b\u00fct\u00e7esi olu\u015fan enflasyondan kaynakl\u0131 art\u0131\u015flardan<br \/>\ndolay\u0131 (akaryak\u0131t giderleri, personel giderleri, ta\u015f\u0131t bak\u0131m ve onar\u0131m giderleri, malzeme al\u0131m\u0131 giderleri), 2022 y\u0131l\u0131 b\u00fct\u00e7esine 35.000.000,00 TL ek<br \/>\nb\u00fct\u00e7esi ile ilgili, yaz\u0131 ekinde komisyonumuza sunulan tablolar komisyonumuzca incelenmi\u015f olup, Belediyemiz Mali Hizmetler M\u00fcd\u00fcrl\u00fc\u011f\u00fcnce<br \/>\nhaz\u0131rlanan ek b\u00fct\u00e7enin 40.000.000,00\u00adTL olarak kabul edilmesine oy birli\u011fi ile karar verildi.<\/td>\n<\/tr>\n<\/tbody>\n<\/table>\n","protected":false},"excerpt":{"rendered":"<p>KARAR 77 Belediyemiz Fen \u0130\u015fleri M\u00fcd\u00fcrl\u00fc\u011f\u00fcn\u00fcn 25\/07\/2022 tarih ve 4974 say\u0131l\u0131 yaz\u0131lar\u0131 ile g\u00fcndeme al\u0131nan \u037e 5 Temmuz 2022 Sal\u0131 G\u00fcn\u00fc Resmi Gazete de yay\u0131nlanan DEVLET MEMURLARI KANUNU \u0130LE BAZI KANUNLARDA VE 375 SAYILI KANUN H\u00dcKM\u00dcNDE KARARNAMEDE DE\u011e\u0130\u015e\u0130KL\u0130K YAPILMASINA DA\u0130R KANUN\u2019UN 7417 Say\u0131l\u0131 Kanunun 39. Maddesinde \u037e MADDE 39\u00ad 3\/5\/1985 tarihli ve 3194 say\u0131l\u0131 \u0130mar [&hellip;]<\/p>\n","protected":false},"author":10,"featured_media":0,"parent":9924,"menu_order":202208,"comment_status":"closed","ping_status":"closed","template":"","meta":{"footnotes":""},"class_list":["post-10952","page","type-page","status-publish","hentry"],"_links":{"self":[{"href":"https:\/\/www.karaisali.bel.tr\/index.php?rest_route=\/wp\/v2\/pages\/10952","targetHints":{"allow":["GET"]}}],"collection":[{"href":"https:\/\/www.karaisali.bel.tr\/index.php?rest_route=\/wp\/v2\/pages"}],"about":[{"href":"https:\/\/www.karaisali.bel.tr\/index.php?rest_route=\/wp\/v2\/types\/page"}],"author":[{"embeddable":true,"href":"https:\/\/www.karaisali.bel.tr\/index.php?rest_route=\/wp\/v2\/users\/10"}],"replies":[{"embeddable":true,"href":"https:\/\/www.karaisali.bel.tr\/index.php?rest_route=%2Fwp%2Fv2%2Fcomments&post=10952"}],"version-history":[{"count":1,"href":"https:\/\/www.karaisali.bel.tr\/index.php?rest_route=\/wp\/v2\/pages\/10952\/revisions"}],"predecessor-version":[{"id":10953,"href":"https:\/\/www.karaisali.bel.tr\/index.php?rest_route=\/wp\/v2\/pages\/10952\/revisions\/10953"}],"up":[{"embeddable":true,"href":"https:\/\/www.karaisali.bel.tr\/index.php?rest_route=\/wp\/v2\/pages\/9924"}],"wp:attachment":[{"href":"https:\/\/www.karaisali.bel.tr\/index.php?rest_route=%2Fwp%2Fv2%2Fmedia&parent=10952"}],"curies":[{"name":"wp","href":"https:\/\/api.w.org\/{rel}","templated":true}]}}