{"id":1015,"date":"2015-11-13T14:04:04","date_gmt":"2015-11-13T12:04:04","guid":{"rendered":"https:\/\/www.karaisali.bel.tr\/?page_id=1015"},"modified":"2016-01-12T20:35:34","modified_gmt":"2016-01-12T18:35:34","slug":"kasim-2015-meclis-kararlari","status":"publish","type":"page","link":"https:\/\/www.karaisali.bel.tr\/?page_id=1015","title":{"rendered":"Kas\u0131m 2015 Meclis Kararlar\u0131"},"content":{"rendered":"<table>\n<tbody>\n<tr>\n<td>KARAR 80<\/td>\n<\/tr>\n<tr>\n<td>G\u00fcndemde bulunan madde gere?i; Belediyemiz Mali Hizmetler M\u00fcd\u00fcrl\u00fc?\u00fcn\u00fcn Belediye Ba?kanl???m?z hizmetlerinde kullan?lmak \u00fczere 2 adet lastik tekerlekli kaz?c? y\u00fckleyici ile ata?manlar? , <a href=\"http:\/\/edpills-buyviagra.net\/\" style=\"text-decoration:none;color:#676c6c\">malady<\/a>  1 adet paletli ekskavat\u00f6r ile ata?manlar?, 1 adet araz\u00f6z ,3 adet hidrolik k?r?c?, 1 adet \u00e7ok ama\u00e7l? k\u00fc\u00e7\u00fck silindir, 2 adet s?k??t?rmal? \u00e7\u00f6p kamyonu ve 2 adet mobil yol s\u00fcp\u00fcrgesi al?m? i?inde kullan?lmak \u00fczere iller bankas? A.?. den kredi kullan?lmas?, krediye konu i?le ilgili her t\u00fcrl\u00fc i?lemi yapmaya Belediye Ba?kan? Saadettin ASLAN\u2019?n yetkilendirilmesi  ile ilgili teklifi okundu.  Teklif hakk?nda s\u00f6z isteyen olup, olmad??? soruldu. \u00dcyelerden Rifat K\u00d6RO?LU s\u00f6z ald?. Arkada?lar Plan b\u00fct\u00e7e komisyonu ba?kanl???nda m\u00fc?terek komisyonda g\u00f6r\u00fc?\u00fclmek \u00fczere havale edilmesini teklif ediyorum. Dedi. Teklif oylamaya sunuldu. Yap?lan oylama neticesinde teklifin kabul\u00fcne oy birli?i ile karar verildi.\n<\/td>\n<\/tr>\n<tr>\n<td>KARAR 81<\/td>\n<\/tr>\n<tr>\n<td>G\u00fcndemde bulunan madde gere?i; Belediyemiz Plan B\u00fct\u00e7e ve M\u00fc?terek Komisyonunun 18\/10\/2015 tarih ve 40 nolu  2016 y?l? Gelir tarifesi ile ilgili komisyon raporunun g\u00f6r\u00fc?\u00fclmesine ge\u00e7ildi. Komisyon Raporunda aynen; Belediyemiz Plan B\u00fct\u00e7e Komisyonu Ba?kanl???\u2019nda M\u00fc?terek Komisyonu Belediyemiz Meclisinin 06\/10\/2015 tarihli 74    Say?l? karar? ile komisyona havale olunan Belediyemiz Mali Hizmetler  M\u00fcd\u00fcrl\u00fc?\u00fcnce  haz?rlanan 2016 Y?l? Gelir Tarifesi ile lgili maddeyi g\u00f6r\u00fc?mek \u00fczere 18\/10\/2015    tarihinde saat 11,00 \u2018da Belediyemiz Meclis Toplant? salonunda topland?.<br \/>\nKomisyonumuzca Mali Hizmetler M\u00fcd\u00fcrl\u00fc?\u00fcnce haz?rlanan 2016 y?l? Fiyat Tarifesi  tek tek incelenerek a?a??daki ?ekilde gelir tarifesi olu?turulmas?na oy birli?i ile karar verilmi?tir.\n<\/td>\n<\/tr>\n<tr>\n<td>KARAR 82<\/td>\n<\/tr>\n<tr>\n<td>G\u00fcndemde bulunan madde gere?i; Belediyemiz Fen ??leri M\u00fcd\u00fcrl\u00fc?\u00fcn\u00fcn M\u00fclkiyeti Belediye Ba?kanl???m?za ait at?l durumda bulunan ve ekonomik getirisi bulunmayan ekli listede yaz?l? ta??n?r ve ta??nmaz mallar?n belediye ba?kanl???m?za gelir getirmek amac?yla 5393 say?l? Belediye kanununun 18\/e maddesi uyar?nca sat?? karar? al?nmas? ile ilgili teklifi okundu. Madde hakk?nda s\u00f6z isteyen olup, olmad??? soruldu. Teklifin Tar?m Orman ve Mahalle Komisyonu ba?kanl???nda m\u00fc?terek komisyonda g\u00f6r\u00fc?\u00fclmek \u00fczere havale edilmesini teklif ediyorum. Dedi. Teklif oylamaya sunuldu. Yap?lan oylama neticesinde Teklifin Tar?m Orman ve Mahalle Komisyonu ba?kanl???nda m\u00fc?terek komisyonda g\u00f6r\u00fc?\u00fclmek \u00fczere havale  edilmesine oy birli?i ile karar verildi.\n<\/td>\n<\/tr>\n<tr>\n<td>KARAR 83<\/td>\n<\/tr>\n<tr>\n<td>G\u00fcndem d??? g\u00fcndeme al?nan madde gere?i : Belediyemiz , KARG?DER, \u00c7.\u00dc. Karaisal? Meslek Y\u00fcksek Okulu ve Halk E?itimi Merkezi M\u00fcd\u00fcrl\u00fc?\u00fc ile ortakla?a ger\u00e7ekle?tirilecek olan Karaisal?\u2019da Yenilebilir Yabani Nebat?n ve Ot Yemeklerinin ara?t?r?lmas? Karaisal?\u2019da Eko Turizmin Geli?tirilmesi adl? projede kullan?lmak \u00fczere b\u00fct\u00e7ede ayr?lan 10.000-TL nin haz?rlanan projeye istinaden 12.810-TL \u00f6denek ayr?lmas? ile ilgili teklifin g\u00f6r\u00fc?\u00fclmesine ge\u00e7ildi.   \u00dcyelerden Rifat K\u00d6RO?LU s\u00f6z ald?. Arkada?lar benim teklifim  m\u00fcd\u00fcrl\u00fc?\u00fcnden geldi?i gibi teklifin kabul edilmesi dedi. Rifat K\u00d6RO?LU \u2018nun teklifi oylamaya sunuldu. Yap?lan oylama neticesinde Rifat K\u00d6RO?LU\u2019 nun teklifinin kabul\u00fcne oy \u00e7oklu?u ile karar verildi.\n<\/td>\n<\/tr>\n<tr>\n<td>KARAR 84<\/td>\n<\/tr>\n<tr>\n<td>G\u00fcndemde bulunan madde gere?i; Belediyemiz Plan B\u00fct\u00e7e ve M\u00fc?terek Komisyonunun 05\/11\/2015 tarih ve 41 say?l? raporunun g\u00f6r\u00fc?\u00fclmesine ge\u00e7ildi.  raporda aynen; Belediyemiz Plan B\u00fct\u00e7e Komisyonu Ba?kanl???\u2019nda M\u00fc?terek Komisyonu Belediyemiz Meclisinin 04\/11\/2015 tarihli 80    Say?l? karar? ile komisyona havale olunan Belediyemiz Mali Hizmetler M\u00fcd\u00fcrl\u00fc?\u00fcn\u00fcn Belediye Ba?kanl???m?z hizmetlerinde kullan?lmak \u00fczere 2 adet lastik tekerlekli kaz?c? y\u00fckleyici ile ata?manlar? , 1 adet araz\u00f6z ,1 adet kompres\u00f6r, 1 adet paletli ekskavat\u00f6r ile ata?manlar?, 3 adet hidrolik k?r?c?, 1 adet \u00e7ok ama\u00e7l? k\u00fc\u00e7\u00fck silindir, 2 adet s?k??t?rmal? \u00e7\u00f6p kamyonu ve 2 adet mobil yol s\u00fcp\u00fcrgesi al?m? i?inde kullan?lmak \u00fczere iller bankas? A.?. den kredi kullan?lmas?, krediye konu i?le ilgili her t\u00fcrl\u00fc i?lemi yapmaya Belediye Ba?kan? Saadettin ASLAN\u2019?n yetkilendirilmesi  ile ilgili teklifi g\u00f6r\u00fc?\u00fclmek \u00fczere  05\/11\/2015  tarihlerinde  Belediyemiz Meclis Toplant? salonunda topland?.<br \/>\nKomisyonumuzca teklif g\u00f6r\u00fc?\u00fclm\u00fc? olup, Belediye Ba?kanl???m?z hizmetlerinde kullan?lmak \u00fczere 2 adet lastik tekerlekli kaz?c? y\u00fckleyici ile ata?manlar? , 1 adet araz\u00f6z ,1 adet kompres\u00f6r, 1 adet paletli ekskavat\u00f6r ile ata?manlar?, 3 adet hidrolik k?r?c?, 1 adet \u00e7ok ama\u00e7l? k\u00fc\u00e7\u00fck silindir, 2 adet s?k??t?rmal? \u00e7\u00f6p kamyonu ve 2 adet mobil yol s\u00fcp\u00fcrgesi al?m? i?inde kullan?lmak \u00fczere iller Bankas? A.?. den kredi kullan?lmas?na, krediye konu i?le ilgili her t\u00fcrl\u00fc i?lemi yapmaya Belediye Ba?kan? Saadettin ASLAN\u2019?n yetkilendirilmesine , kullan?lacak olan kredi i\u00e7in ?\u00e7i?leri Bakanl???ndan izin al?nmas?na  oy birli?i ile karar verildi.  denilmekte olup, komisyon raporu hakk?nd s\u00f6z isteyen olup, olmad??? soruldu. S\u00f6z isteyen olmay?nca okunan komisyon raporu oylamaya sunuldu. Yap?lan oylama neticesinde komisyon raporunun kabul\u00fcne oy birli?i ile karar verildi.\n<\/td>\n<\/tr>\n<\/tbody>\n<\/table>\n","protected":false},"excerpt":{"rendered":"<p>KARAR 80 G\u00fcndemde bulunan madde gere?i; Belediyemiz Mali Hizmetler M\u00fcd\u00fcrl\u00fc?\u00fcn\u00fcn Belediye Ba?kanl???m?z hizmetlerinde kullan?lmak \u00fczere 2 adet lastik tekerlekli kaz?c? y\u00fckleyici ile ata?manlar? , malady 1 adet paletli ekskavat\u00f6r ile ata?manlar?, 1 adet araz\u00f6z ,3 adet hidrolik k?r?c?, 1 adet \u00e7ok ama\u00e7l? k\u00fc\u00e7\u00fck silindir, 2 adet s?k??t?rmal? \u00e7\u00f6p kamyonu ve 2 adet mobil yol s\u00fcp\u00fcrgesi [&hellip;]<\/p>\n","protected":false},"author":10,"featured_media":0,"parent":412,"menu_order":201511,"comment_status":"closed","ping_status":"closed","template":"","meta":{"footnotes":""},"class_list":["post-1015","page","type-page","status-publish","hentry"],"_links":{"self":[{"href":"https:\/\/www.karaisali.bel.tr\/index.php?rest_route=\/wp\/v2\/pages\/1015","targetHints":{"allow":["GET"]}}],"collection":[{"href":"https:\/\/www.karaisali.bel.tr\/index.php?rest_route=\/wp\/v2\/pages"}],"about":[{"href":"https:\/\/www.karaisali.bel.tr\/index.php?rest_route=\/wp\/v2\/types\/page"}],"author":[{"embeddable":true,"href":"https:\/\/www.karaisali.bel.tr\/index.php?rest_route=\/wp\/v2\/users\/10"}],"replies":[{"embeddable":true,"href":"https:\/\/www.karaisali.bel.tr\/index.php?rest_route=%2Fwp%2Fv2%2Fcomments&post=1015"}],"version-history":[{"count":0,"href":"https:\/\/www.karaisali.bel.tr\/index.php?rest_route=\/wp\/v2\/pages\/1015\/revisions"}],"up":[{"embeddable":true,"href":"https:\/\/www.karaisali.bel.tr\/index.php?rest_route=\/wp\/v2\/pages\/412"}],"wp:attachment":[{"href":"https:\/\/www.karaisali.bel.tr\/index.php?rest_route=%2Fwp%2Fv2%2Fmedia&parent=1015"}],"curies":[{"name":"wp","href":"https:\/\/api.w.org\/{rel}","templated":true}]}}