{"id":10019,"date":"2022-02-28T16:32:39","date_gmt":"2022-02-28T13:32:39","guid":{"rendered":"https:\/\/www.karaisali.bel.tr\/?page_id=10019"},"modified":"2022-02-28T16:32:39","modified_gmt":"2022-02-28T13:32:39","slug":"subat-2022-meclis-kararlari","status":"publish","type":"page","link":"https:\/\/www.karaisali.bel.tr\/?page_id=10019","title":{"rendered":"\u015eubat 2022 Meclis Kararlar\u0131"},"content":{"rendered":"<table>\n<tbody>\n<tr>\n<td>KARAR 30<\/td>\n<\/tr>\n<tr>\n<td>M\u00fclkiyeti Belediye Ba\u015fkanl\u0131\u011f\u0131m\u0131za ait \u0130l\u00e7emiz Karap\u0131nar Mahallesi 238 ada 6 parselde Belediye Ba\u015fkanl\u0131\u011f\u0131m\u0131zca kurulacak olan 153,6 kWp<br \/>\nG\u00fcne\u015f enerji Santrali ve Santralin kurulaca\u011f\u0131 y\u00fcksek \u00e7elik sehpan\u0131n kurulumu i\u00e7in \u0130ller Bankas\u0131 A.\u015e.&#8217; den 5.500.000,00 ( Be\u015f Milyon Be\u015fy\u00fcz Bin) TL<br \/>\nKredi kullan\u0131lmas\u0131 i\u00e7in, krediden kaynaklanacak anapara, faiz, denetim giderleri, komisyon, vergi, resim, har\u00e7, \u00fccret, v.s. \u00f6demelerin \u0130ller Bankas\u0131<br \/>\nA.\u015e. ce teminat olarak al\u0131nacak Belediyemiz gelirlerinden ve \u0130ller Bankas\u0131 A.\u015e. ile Hazine ve Maliye Bakanl\u0131\u011f\u0131nca da\u011f\u0131t\u0131lan yasal paylar\u0131m\u0131z\u0131n<br \/>\nmevzuattan kaynaklanan herhangi bir kesinti oran\u0131na ba\u011fl\u0131 kalmaks\u0131z\u0131n tamam\u0131ndan ( %40&#8217;\u0131n d\u0131\u015f\u0131nda ve %100&#8217;\u00fcne kadar ) kar\u015f\u0131lanmas\u0131na, kredi<br \/>\nteminat\u0131na konu gelirlerden krediye ili\u015fkin \u00f6demelerin kar\u015f\u0131lanamamas\u0131 halinde, bu krediyle elde edilen tesis, in\u015faat ve her nevi gayrimenkul ile ara\u00e7,<br \/>\ngere\u00e7 ve malzemenin , \u0130ller Bankas\u0131 A.\u015e.ce talep edildi\u011fi taktirde ayn\u0131 \u015fartlarda ve talep tarihinde \u0130ller Bankas\u0131 A.\u015e. ad\u0131na ipotek ve ya rehin<br \/>\nedilmesine, \u0130ller Bankas\u0131 A.\u015e. ce Belediyemize kulland\u0131r\u0131lacak krediye ili\u015fkin olarak her t\u00fcrl\u00fc s\u00f6zle\u015fmeyi ve evrak\u0131 imzalamaya ve kredi ile ilgili devam<br \/>\neden i\u015flemleri y\u00fcr\u00fctmeye , Belediyemiz m\u00fclkiyetindeki her t\u00fcrl\u00fc gayri menkul\u00fc \u0130ller Bankas\u0131 A.\u015e.ye ipotek vermeye, Belediyemizin her t\u00fcrl\u00fc gelir, hak<br \/>\nve alacaklar\u0131n\u0131 \u0130ller Bankas\u0131 A.\u015e. ye terhin ve temlik etmeye, Belediyemize ait her t\u00fcrl\u00fc ticari i\u015fletmeyi \u0130ller Bankas\u0131 A.\u015e. ye rehin vermeye , \u0130ller<br \/>\nBankas\u0131 A.\u015e&#8217;nin mevcut mevzuat\u0131 ve bunda meydana gelebilecek her t\u00fcrl\u00fc de\u011fi\u015fiklik \u00e7er\u00e7evesinde, 5393 say\u0131l\u0131 Belediye Kanunu&#8217;nun 68.Maddesinde<br \/>\nyer alan alan ko\u015fullar\u0131n\u0131n yerine getirilmesi kayd\u0131yla krediye konu i\u015fle ilgili her t\u00fcrl\u00fc i\u015flemi yapmaya Belediye Ba\u015fkan\u0131 Saadettin ASLAN &#8216;a yetki<br \/>\nverilmesi hususun da gerekli Meclis Karar\u0131 al\u0131nmas\u0131n\u0131 Olurlar\u0131n\u0131za arz ederim. Denilmekte olup, teklif hakk\u0131nda s\u00f6z isteyen olup olmad\u0131\u011f\u0131 soruldu.<br \/>\n\u00dcyelerden Cemal DEM\u0130RDA\u011e s\u00f6z ald\u0131. Arkada\u015flar Teklifin Plan B\u00fct\u00e7e ve M\u00fc\u015fterek Komisyonunda g\u00f6r\u00fc\u015f\u00fclmek \u00fczere havalesini teklif ediyorum.<br \/>\nDedi. Teklif oylamaya sunuldu. Yap\u0131lan oylama neticesinde teklifin kabul\u00fcne oy birli\u011fi ile karar verildi.<\/td>\n<\/tr>\n<tr>\n<td>KARAR 31<\/td>\n<\/tr>\n<tr>\n<td>Belediyemiz Meclis \u00dcyesi Cemal DEM\u0130RDA\u011e &#8216;\u0131n \u0130l\u00e7emiz Selamp\u0131nar Mahallesi i\u00e7erisinde bulunan daha \u00f6nce H\u00fck\u00fcmet Kona\u011f\u0131<br \/>\nSoka\u011f\u0131 olarak isim verilen soka\u011f\u0131n Orgeneral Ali \u00c7ARDAK\u00c7I Pa\u015fa Caddesi olarak de\u011fi\u015ftirilmesi ile ilgili teklifinin Belediyemiz<br \/>\nMeclisince g\u00f6r\u00fc\u015f\u00fclmek \u00fczere Havalesini Olurlar\u0131n\u0131za arz ederim. Denilmekte olup, teklif hakk\u0131nda s\u00f6z isteyen olup olmad\u0131\u011f\u0131 soruldu.<br \/>\n\u00dcyelerden Cemal DEM\u0130RDA\u011e s\u00f6z ald\u0131. Arkada\u015flar teklifin \u0130mar ve \u015eehircilik Komisyonunda g\u00f6r\u00fc\u015f\u00fclmek \u00fczere havalesini teklif<br \/>\nediyorum. Dedi. Teklif oylamaya sunuldu. Yap\u0131lan oylama neticesinde teklifin kabul\u00fcne oy birli\u011fi ile karar verildi.<\/td>\n<\/tr>\n<tr>\n<td>KARAR 32<\/td>\n<\/tr>\n<tr>\n<td>Avrupa Birli\u011fi taraf\u0131ndan finanse edilen ve T\u00fcrkiye Belediyeler Birli\u011finin ana faydalan\u0131c\u0131s\u0131 oldu\u011fu T\u00fcrkiye ve AB Aras\u0131nda \u015eehir E\u015fle\u015ftirmeII:<br \/>\nYe\u015fil Bir Gelecek i\u00e7in E\u015fle\u015ftirme Hibe Program\u0131 (T\u00fcrkiye ve AB Aras\u0131nda \u015eehir E\u015fle\u015ftirmeII<br \/>\n(Ye\u015fil Gelecek i\u00e7in \u015eehir E\u015fle\u015ftirme) Hibe Program\u0131<br \/>\n(TTGS-II) (CFCU\/ TR2020\/DG\/01\/A2-01 &#8211; EuropeAid\/173144\/ID\/ACT\/T)R te)k lif \u00e7a\u011fr\u0131s\u0131 kapsam\u0131nda belediyemizin bu \u00e7a\u011fr\u0131ya bir proje ile<br \/>\nkat\u0131l\u0131m sa\u011flamas\u0131 i\u00e7in yap\u0131lacak olan proje ortakl\u0131klar\u0131nda Belediyemizi temsile ve ilzama Belediye Ba\u015fkan\u0131m\u0131z Saadettin ASLAN\u2019a yetki verilmesi<br \/>\nhususunda Belediyemiz Meclisine havalesini Olurlar\u0131n\u0131za arz ederim. Denilmekte olup okunan teklif hakk\u0131nda s\u00f6z isteyen olup olmad\u0131\u011f\u0131 soruldu.<br \/>\n\u00dcyelerden Mustafa EK\u0130C\u0130 s\u00f6z ald\u0131. Arkada\u015flar teklifin Plan B\u00fct\u00e7e ve M\u00fc\u015fterek Komisyonda g\u00f6r\u00fc\u015f\u00fclmek \u00fczere havalesini teklif ediyorum. Dedi.<br \/>\nTeklif oylamaya sunuldu. Yap\u0131lan oylama neticesinde teklifin kabul\u00fcne oy birli\u011fi ile karar verildi.<br \/>\nT.C.<br \/>\nADANA KARA\u0130SALI \u0130L\u00c7E BELED\u0130YES\u0130<br \/>\nBELED\u0130YE MECL\u0130S\u0130<br \/>\nD\u00f6nem(Y\u0131l) : 4(2019)<br \/>\nToplant\u0131 : 2<br \/>\nBirle\u015fim : 1<br \/>\nOturum : 1<br \/>\nKarar Tarihi : 01.02.2022<br \/>\nKarar No : 32<br \/>\nKarar \u00d6zeti: Belediye Ba\u015fkan\u0131 Saadettin ASLAN &#8216;a yetki verilmesi.<br \/>\nBa\u015fkan<br \/>\nSaadettin ASLAN<br \/>\nBelediye Ba\u015fkan\u0131<br \/>\nKatip<br \/>\nTurgay BULUT<br \/>\nBelediye Meclisi<\/td>\n<\/tr>\n<tr>\n<td>KARAR 33<\/td>\n<\/tr>\n<tr>\n<td>Belediyemiz Plan B\u00fct\u00e7e ve M\u00fc\u015fterek Komisyonunun GES Enerjisi i\u00e7in \u0130ller Banaks\u0131 A. \u015e. den Kredi kullan\u0131lmas\u0131 ve Belediye Ba\u015fkan\u0131 Saadettin<br \/>\nASLAN a yetki verilmesi ile ilgili komisyon karar\u0131n\u0131n Belediyemiz Meclisince g\u00f6r\u00fc\u015f\u00fclmek \u00fczere havalesini Olurlar\u0131n\u0131za arz ederim. Denilmekte olup,<br \/>\nKomisyon Raporunda aynen &#8220;Belediyemiz Meclisince komisyonumuzda g\u00f6r\u00fc\u015f\u00fclmek \u00fczere havale edilen\u037e M\u00fclkiyeti Belediye Ba\u015fkanl\u0131\u011f\u0131m\u0131za ait<br \/>\n\u0130l\u00e7emiz Karap\u0131nar Mahallesi 238 ada 6 parselde Belediye Ba\u015fkanl\u0131\u011f\u0131m\u0131zca kurulacak olan 153,6 kWp G\u00fcne\u015f enerji Santrali veSantralin kurulaca\u011f\u0131<br \/>\ny\u00fcksek \u00e7elik sehpan\u0131n kurulumu i\u00e7in \u0130ller Bankas\u0131 A.\u015e.&#8217; den 5.500.000,00 ( Be\u015f Milyon Be\u015fy\u00fcz Bin) TL Kredi kullan\u0131lmas\u0131 i\u00e7in, krediden<br \/>\nkaynaklanacak anapara, faiz, denetim giderleri, komisyon, vergi, resim, har\u00e7, \u00fccret, v.s. \u00f6demelerin \u0130ller Bankas\u0131 A.\u015e. ce teminat olarak al\u0131nacak<br \/>\nBelediyemiz gelirlerinden ve \u0130ller Bankas\u0131 A.\u015e. ile Hazine ve Maliye Bakanl\u0131\u011f\u0131nca da\u011f\u0131t\u0131lan yasal paylar\u0131m\u0131z\u0131n mevzuattan kaynaklanan herhangi bir<br \/>\nkesinti oran\u0131na ba\u011fl\u0131 kalmaks\u0131z\u0131n tamam\u0131ndan ( %40&#8217;\u0131n d\u0131\u015f\u0131nda ve %100&#8217;\u00fcne kadar ) kar\u015f\u0131lanmas\u0131na, kredi teminat\u0131na konu gelirlerden krediye ili\u015fkin<br \/>\n\u00f6demelerin kar\u015f\u0131lanamamas\u0131 halinde, bu krediyle elde edilen tesis, in\u015faat ve her nevi gayrimenkul ile ara\u00e7, gere\u00e7 ve malzemenin , \u0130ller Bankas\u0131 A.\u015e.ce<br \/>\ntalep edildi\u011fi taktirde ayn\u0131 \u015fartlarda ve talep tarihinde \u0130ller Bankas\u0131 A.\u015e. ad\u0131na ipotek ve ya rehin edilmesine, \u0130ller Bankas\u0131 A.\u015e. ce Belediyemize<br \/>\nkulland\u0131r\u0131lacak krediye ili\u015fkin olarak her t\u00fcrl\u00fc s\u00f6zle\u015fmeyi ve evrak\u0131 imzalamaya ve kredi ile ilgili devam eden i\u015flemleri y\u00fcr\u00fctmeye , Belediyemiz<br \/>\nm\u00fclkiyetindeki her t\u00fcrl\u00fc gayri menkul\u00fc \u0130ller Bankas\u0131 A.\u015e.ye ipotek vermeye, Belediyemizin her t\u00fcrl\u00fc gelir, hak ve alacaklar\u0131n\u0131 \u0130ller Bankas\u0131 A.\u015e. ye<br \/>\nterhin ve temlik etmeye, Belediyemize ait her t\u00fcrl\u00fc ticari i\u015fletmeyi \u0130ller Bankas\u0131 A.\u015e. ye rehin vermeye , \u0130ller Bankas\u0131 A.\u015e&#8217;nin mevcut mevzuat\u0131 ve<br \/>\nbunda meydana gelebilecek her t\u00fcrl\u00fc de\u011fi\u015fiklik \u00e7er\u00e7evesinde, 5393 say\u0131l\u0131 Belediye Kanunu&#8217;nun 68.Maddesinde yer alan ko\u015fullar\u0131n\u0131n yerine getirilmesi<br \/>\nkayd\u0131yla krediye konu i\u015fle ilgili her t\u00fcrl\u00fc i\u015flemi yapmaya Belediye Ba\u015fkan\u0131 Saadettin ASLAN &#8216;a yetki verilmesi komisyonumuzca uygun bulunmu\u015f<br \/>\nolup, Belediyemiz Meclisinde g\u00f6r\u00fc\u015f\u00fclmek \u00fczere Meclis Ba\u015fkanl\u0131\u011f\u0131na g\u00f6nderilmesine oy birli\u011fi ile karar verildi. Denilmekte olup, okunan komisyon<br \/>\nraporu olamaya sunuldu. Yap\u0131lan oylama neticesinde komisyon karar\u0131n\u0131n aynen kabul\u00fcne oy birli\u011fi ile karar verildi.<\/td>\n<\/tr>\n<tr>\n<td>KARAR 34<\/td>\n<\/tr>\n<tr>\n<td>Belediyemiz Meclis \u00dcyesi Cemal DEM\u0130RDA\u011e &#8216;\u0131n \u0130l\u00e7emiz Selamp\u0131nar Mahallesi i\u00e7erisinde bulunan daha \u00f6nce H\u00fck\u00fcmet Kona\u011f\u0131 Caddesi olarak<br \/>\nisim verilen caddesin Jandarma Orgeneral Ali \u00c7ARDAK\u00c7I Pa\u015fa Caddesi olarak de\u011fi\u015ftirilmesi ile ilgili komisyon raporunun g\u00f6r\u00fc\u015f\u00fclmesine ge\u00e7ildi.<br \/>\nKomisyon Raporunda aynen &#8220;Belediyemiz Meclis \u00dcyesi Cemal DEM\u0130RDA\u011e &#8216;\u0131n \u0130l\u00e7emiz Selamp\u0131nar Mahallesi i\u00e7erisinde bulunan daha \u00f6nce<br \/>\nH\u00fck\u00fcmet Kona\u011f\u0131 Sokak olarak isim verilen soka\u011f\u0131n 31\/07\/2006 tarih ve 26245 say\u0131l\u0131 Resmi Gazetede yay\u0131nlanan Adres ve Numaralamaya \u0130li\u015fkin<br \/>\nY\u00f6netmeli\u011fin 4. maddesinin e f\u0131kras\u0131na g\u00f6re uzun ve geni\u015f yol olarak tarif edildi\u011finden s\u00f6z konusu H\u00dcK\u00dcMET SOKA\u011eI isminin ORGENERAL<br \/>\nAL\u0130 \u00c7ARDAK\u00c7I PA\u015eA CADDES\u0130 olarak de\u011fi\u015ftirilmesi ile ilgili teklkifomisyonumuzca g\u00f6r\u00fc\u015f\u00fclerek uygun bulunmu\u015f olup, Belediyemiz Meclisinde<br \/>\ng\u00f6r\u00fc\u015f\u00fclmek \u00fczere Meclis Ba\u015fkanl\u0131\u011f\u0131na g\u00f6nderilmesine oy birli\u011fi ile karar verildi. Denilmekte olup, okunan komisyon karar\u0131 oylamaya sunuldu. Yap\u0131lan<br \/>\noylama neticesinde komisyon raporunun aynen kabul\u00fcne oy birli\u011fi ile karar verildi.<\/td>\n<\/tr>\n<tr>\n<td>KARAR 35<\/td>\n<\/tr>\n<tr>\n<td>Belediyemiz Plan ve B\u00fct\u00e7e M\u00fc\u015fterek Komisyonunun Belediye Ba\u015fkan\u0131 Saadettin ASLAN\u2019a yetki verilmesi ile ilgili komisyon karar\u0131n\u0131n<br \/>\ng\u00f6r\u00fc\u015f\u00fclmesine ge\u00e7ildi. Komisyon raporunda aynen &#8221; Belediyemiz Meclisince komisyonumuzda g\u00f6r\u00fc\u015f\u00fclmek \u00fczere havale edilen\u037e Avrupa Birli\u011fi<br \/>\ntaraf\u0131ndan finanse edilen ve T\u00fcrkiye Belediyeler Birli\u011finin ana faydalan\u0131c\u0131s\u0131 oldu\u011fu T\u00fcrkiye ve AB Aras\u0131nda \u015eehir E\u015fle\u015ftirmeII:<br \/>\nYe\u015fil Bir Gelecek i\u00e7in<br \/>\nE\u015fle\u015ftirme Hibe Program\u0131 (T\u00fcrkiye ve AB Aras\u0131nda \u015eehir E\u015fle\u015ftirmeII<br \/>\n(Ye\u015fil Gelecek i\u00e7in \u015eehir E\u015fle\u015ftirme) Hibe Program\u0131 (TTGSII)<br \/>\n(CFCU\/<br \/>\nTR2020\/DG\/01\/A2-01 &#8211; EuropeAid\/173144\/ID\/ACT\/TR)) teklif \u00e7a\u011fr\u0131s\u0131 kapsam\u0131nda belediyemizin bu \u00e7a\u011fr\u0131ya bir proje ile kat\u0131l\u0131m sa\u011flamas\u0131 i\u00e7in<br \/>\nyap\u0131lacak olan proje ortakl\u0131klar\u0131nda Belediyemizi temsile ve ilzama Belediye Ba\u015fkan\u0131m\u0131z Saadettin ASLAN\u2019a yetki verilmesi komisyonumuzca uygun<br \/>\nbulunmu\u015f olup, Belediyemiz Meclisinde g\u00f6r\u00fc\u015f\u00fclmek \u00fczere Meclis Ba\u015fkanl\u0131\u011f\u0131na g\u00f6nderilmesine oy birli\u011fi ile karar verildi. Denilmekte olup, okunan<br \/>\nkomisyon raporu oylamaya sunuldu. Yap\u0131lan oylama neticesinde komisyon raporunun aynen kabul\u00fcne oy birli\u011fi ile karar verildi.<\/td>\n<\/tr>\n<\/tbody>\n<\/table>\n","protected":false},"excerpt":{"rendered":"<p>KARAR 30 M\u00fclkiyeti Belediye Ba\u015fkanl\u0131\u011f\u0131m\u0131za ait \u0130l\u00e7emiz Karap\u0131nar Mahallesi 238 ada 6 parselde Belediye Ba\u015fkanl\u0131\u011f\u0131m\u0131zca kurulacak olan 153,6 kWp G\u00fcne\u015f enerji Santrali ve Santralin kurulaca\u011f\u0131 y\u00fcksek \u00e7elik sehpan\u0131n kurulumu i\u00e7in \u0130ller Bankas\u0131 A.\u015e.&#8217; den 5.500.000,00 ( Be\u015f Milyon Be\u015fy\u00fcz Bin) TL Kredi kullan\u0131lmas\u0131 i\u00e7in, krediden kaynaklanacak anapara, faiz, denetim giderleri, komisyon, vergi, resim, har\u00e7, \u00fccret, [&hellip;]<\/p>\n","protected":false},"author":10,"featured_media":0,"parent":9924,"menu_order":202202,"comment_status":"closed","ping_status":"closed","template":"","meta":{"footnotes":""},"class_list":["post-10019","page","type-page","status-publish","hentry"],"_links":{"self":[{"href":"https:\/\/www.karaisali.bel.tr\/index.php?rest_route=\/wp\/v2\/pages\/10019","targetHints":{"allow":["GET"]}}],"collection":[{"href":"https:\/\/www.karaisali.bel.tr\/index.php?rest_route=\/wp\/v2\/pages"}],"about":[{"href":"https:\/\/www.karaisali.bel.tr\/index.php?rest_route=\/wp\/v2\/types\/page"}],"author":[{"embeddable":true,"href":"https:\/\/www.karaisali.bel.tr\/index.php?rest_route=\/wp\/v2\/users\/10"}],"replies":[{"embeddable":true,"href":"https:\/\/www.karaisali.bel.tr\/index.php?rest_route=%2Fwp%2Fv2%2Fcomments&post=10019"}],"version-history":[{"count":0,"href":"https:\/\/www.karaisali.bel.tr\/index.php?rest_route=\/wp\/v2\/pages\/10019\/revisions"}],"up":[{"embeddable":true,"href":"https:\/\/www.karaisali.bel.tr\/index.php?rest_route=\/wp\/v2\/pages\/9924"}],"wp:attachment":[{"href":"https:\/\/www.karaisali.bel.tr\/index.php?rest_route=%2Fwp%2Fv2%2Fmedia&parent=10019"}],"curies":[{"name":"wp","href":"https:\/\/api.w.org\/{rel}","templated":true}]}}